{"id":18,"date":"2011-11-04T22:10:33","date_gmt":"2011-11-04T22:10:33","guid":{"rendered":"https:\/\/web.ciidiroaxaca.ipn.mx\/gamartinezg\/formacion-de-recursos-humanos-nivel-posgrado\/"},"modified":"2025-10-27T16:36:50","modified_gmt":"2025-10-27T22:36:50","slug":"tesis","status":"publish","type":"page","link":"https:\/\/web.ciidiroaxaca.ipn.mx\/gamartinezg\/tesis\/","title":{"rendered":"Tesis"},"content":{"rendered":"\n<h3 class=\"wp-block-heading\"><strong>DIRECCI\u00d3N DE TESIS<\/strong><\/h3>\n\n\n\n<h4 class=\"wp-block-heading\"><strong>Doctorado en Ciencias<\/strong><\/h4>\n\n\n\n<ul class=\"wp-block-list\">\n<li>Adonicam Santiago Mart\u00ednez. Aporte de los agaves en la alimentaci\u00f3n y salud en comunidades mixtecas del Distrito de Nochixtl\u00e1n, Oaxaca. Doctorado en Ciencias en Conservaci\u00f3n y Aprovechamiento de los Recursos Naturales. CIIDIR-IPN-Oaxaca. 2024.<\/li>\n\n\n\n<li>Sergio Enrique Gonz\u00e1lez Venegas. Cambios de mercado y resiliencia de los peque\u00f1os productores de agave en el estado de Oaxaca. Doctorado en Ciencias en Conservaci\u00f3n y Aprovechamiento de los Recursos Naturales. CIIDIR-IPN-Oaxaca. 2023.<\/li>\n\n\n\n<li>Edwin A. Zelaya Benavidez. Evaluaci\u00f3n de biodigestores para la obtenci\u00f3n de biog\u00e1s y biofertilizantes a partir de las vinazas del mezcal. Doctorado en Ciencias en Conservaci\u00f3n y Aprovechamiento de los Recursos Naturales. CIIDIR-IPN-Oaxaca. 2022<\/li>\n\n\n\n<li>Oscar Roberto Cruz Andr\u00e9s. Manejo Intensivo del Chile de agua en ambientes protegidos, para mejorar su rendimiento, la calidad y propiedades nutricionales del fruto<strong>.&nbsp;<\/strong>Doctorado en Ciencias en Conservaci\u00f3n y Aprovechamiento de lo Recursos Naturales CIIDIR-IPN-OAXACA. 2019<\/li>\n\n\n\n<li>Antonio Mart\u00ednez Ruiz. <em>Modelos matematicos de la absorci\u00f3n de agua y nutrimentos en cultivos de jitomate bajo invernader<\/em>o. Doctorado en Ciencias. Universidad Autonoma chapingo. Lector&nbsp;externo. 2017.<\/li>\n\n\n\n<li>Bernab\u00e9 Ignacio Ramos L\u00f3pez. <em>Crecimiento y rendimiento de genotipos de Physalis ixocarpa Brot. ex Hornem. en invernadero de porte bajo<\/em>.&nbsp;Doctorado en Ciencias en Conservaci\u00f3n y Aprovechamiento de lo Recursos Naturales CIIDIR-IPN-OAXACA. 2017.<\/li>\n\n\n\n<li>Roberto L\u00f3pez Pozos. <em>Evaluaci\u00f3n de la oxigenaci\u00f3n radicular de lechuga y tomate en sistema hidrop\u00f3nico recirculante.<\/em> Doctorado en Ciencias en Conservaci\u00f3n y Aprovechamiento de lo Recursos Naturales CIIDIR-IPN-OAX. 2009-2012.<\/li>\n<\/ul>\n\n\n\n<h4 class=\"wp-block-heading rtejustify\"><strong>Maestr\u00eda en Ciencias&nbsp;<\/strong><\/h4>\n\n\n\n<ul class=\"wp-block-list\">\n<li>Daniel Corres Antonio. <em>Evaluaci\u00f3n de sustratos en la propagaci\u00f3n sexual y asexual de la pitahaya (Hylocerus spp).<\/em> Conservaci\u00f3n y Aprovechamiento de los Recursos Naturales CIIDIR-IPN U. OAX. 2005.<\/li>\n\n\n\n<li>Graciela \u00c1lvarez Altamirano. <em>Evaluaci\u00f3n del polvo de coco como sustrato en el cultivo bajo invernadero de mel\u00f3n (Cucumis melo L.).<\/em> Conservaci\u00f3n y Aprovechamiento de los Recursos Naturales CIIDIR-IPN U. OAX. 2006.<\/li>\n\n\n\n<li>Lourdes Vasquez Vasquez. <em>Efecto de soluciones nutritivas y sombreo en la producci\u00f3n y calidad del berro (nasturtium officinale r. br.) hidrop\u00f3nico en la sierra norte de Oaxaca.<\/em>&nbsp;Conservaci\u00f3n y Aprovechamiento de los Recursos Naturales CIIDIR-IPN U. OAX. 2008.<\/li>\n\n\n\n<li>Manuel Mart\u00ednez Palma. <em>Evaluaci\u00f3n de Portainjertos Silvestres de tomate (Lycopersicum sp.).&nbsp;<\/em>Conservaci\u00f3n y Aprovechamiento de los Recursos Naturales CIIDIR-IPN-U.OAXACA. 2008.<\/li>\n\n\n\n<li>Javier Antonio Garc\u00eda. <em>Evaluaci\u00f3n de la cascarilla de caf\u00e9 &nbsp;para utilizarse como sustrato en cultivo sin suelo de hortalizas.<\/em> Conservaci\u00f3n y Aprovechamiento de los Recursos Naturales CIIDIR-IPN U. OAX 2008.<\/li>\n\n\n\n<li>Paulina Alejandra Flores R\u00edos. <em>Compostaje del bagazo tequilero provenientes de dos m\u00e9todos de extracci\u00f3n.<\/em> &nbsp;Conservaci\u00f3n y Aprovechamiento de los Recursos Naturales CIIDIR-IPN U. OAX. 2010.<\/li>\n\n\n\n<li>Lucia Armin Langle Arguello. <em>Evaluaci\u00f3n de intensidades de poda y densidades de poblaci\u00f3n sobre el rendimiento y calidad del chile huacle.<\/em> Conservaci\u00f3n y Aprovechamiento de los Recursos Naturales CIIDIR-IPN U. OAX. 2011.<\/li>\n\n\n\n<li>Mariana Espinoza Rodr\u00edguez. <em>Respuesta del chile huacle (Capsicum spp) a cuatro soluciones nutritivas en cultivo sin suelo y bajo invernadero<\/em>. Conservaci\u00f3n y Aprovechamiento de los Recursos Naturales CIIDIR-IPN U. OAX. 2011.<\/li>\n\n\n\n<li>Gricelda Ju\u00e1rez Luis. <em>El rol de las estrategias comerciales en la relaci\u00f3n recursos &#8211; desempe\u00f1o en las unidades de producci\u00f3n de tomate de invernadero de Oaxaca.<\/em>&nbsp;Conservaci\u00f3n y Aprovechamiento de los Recursos Naturales CIIDIR-IPN U. OAX. 2012.<\/li>\n\n\n\n<li>Bernab\u00e9 Ignacio Ramos L\u00f3pez. <em>Estimaci\u00f3n del consumo de agua en plantas de tomate cultivadas bajo invernadero.<\/em>&nbsp;Conservaci\u00f3n y Aprovechamiento de los Recursos Naturales CIIDIR-IPN U. OAX. 2012.<\/li>\n\n\n\n<li>Estefania Cruz Garc\u00eda. Evaluaci\u00f3n de subproductos vegetales semi-compostados para el cultivo de pleurotus ostreatus. Conservaci\u00f3n y Aprovechamiento de los Recursos Naturales. CIIDIR IPN OAXACA. 2015.<\/li>\n\n\n\n<li>Federico Velasco L\u00f3pez. Caracterizaci\u00f3n clim\u00e1tica y producci\u00f3n intensiva de fresa (Fragaria spp) en contenedores escaleriformes&nbsp; bajo invernadero.&nbsp;Conservaci\u00f3n y Aprovechamiento de los Recursos Naturales. CIIDIR IPN OAXACA. 2017<\/li>\n\n\n\n<li>Hugo Luis De Los Santos L\u00f3pez. Efecto de la Luz artificial sobre el crecimiento y contenido de fructanos de Agave Potatorum Zucc. Conservaci\u00f3n y Aprovechamiento de los Recursos Naturales. CIIDIR IPN OAXACA. 2019.<\/li>\n\n\n\n<li>H\u00e9ctor Aguilar Herrera. Zonificaci\u00f3n edafoclim\u00e1tica del c\u00e1\u00f1amo (Cannabis sativa L.) para su cultivo con fines industriales en Oaxaca. CIIDIR IPN OAXACA. 2023.<\/li>\n\n\n\n<li>Joaqu\u00edn Adolfo Poblete Avenda\u00f1o. Actores para la integraci\u00f3n de la ruta del mezcal ancestral y artesanal en los distritos de Zimatl\u00e1n y Sola de Vega del estado de Oaxaca. CIIDIR IPN OAXACA. 2024.<\/li>\n<\/ul>\n\n\n\n<h3 class=\"wp-block-heading rtejustify\"><strong>Licenciatura<\/strong><\/h3>\n\n\n\n<ul class=\"wp-block-list\">\n<li>C\u00e9sar Aguilar Fern\u00e1ndez. <em>Comportamiento fenol\u00f3gico de cuatro variedades de azucena&nbsp;(Lilium longiflorum ) y su respuesta a la aplicaci\u00f3n de giberelinas.<\/em> Instituto Tecnol\u00f3gico del Valle de Oaxaca. 2008.<\/li>\n\n\n\n<li>Armin Luc\u00eda Langle Arguello. <em>Evaluaci\u00f3n del bagazo de Maguey Mezcalero (Agave spp) como sustrato para la producci\u00f3n de tomate (Lycopersicon esculentum Mill.) bajo invernadero.<\/em> Unioversidad Aut\u00f3noma de Chapingo. 2010.<\/li>\n\n\n\n<li>Hern\u00e1ndez Vasquez Gabriela <em>Edad de la pl\u00e1ntula de tomate y su efecto en la producci\u00f3n y calidad del fruto.<\/em>&nbsp;Instituto Tecnol\u00f3gico del Valle de Oaxaca. 2011.<\/li>\n\n\n\n<li>Hern\u00e1ndez Aguilar Uriel. <em>Edad de la pl\u00e1ntula de tomate y su efecto en la producci\u00f3n y calidad del fruto.&nbsp;<\/em>Instituto Tecnol\u00f3gico del Valle de Oaxaca. 2011.<\/li>\n\n\n\n<li>Joaqu\u00edn P\u00e9rez Velasco.&nbsp;<em>Evaluaci\u00f3n de Nuevas Tecnolog\u00edas en el cultivo intensivo de jitomate (Solanum lycopersicum L.).&nbsp;<\/em>Conservaci\u00f3n y Aprovechamiento de los Recursos Naturales CIIDIR-IPN U. OAX. 2012.<\/li>\n\n\n\n<li>Edel L\u00f3pez Martinez.&nbsp;Rendimiento y Calidad de genotipos arvences de Physalis spp proveniente de cruzas y autopolinizaciones. Agosto 2018.<\/li>\n\n\n\n<li>Gabriela Robles Rodriguez. Evaluaci\u00f3n del efecto de un biofertilizante a base de vinazas del mezcal tratadas con digesti\u00f3n anaer\u00f3bica en hortalizas. UNSIS. 2020.<\/li>\n\n\n\n<li>Jos\u00e9 Francisco Cuevas Rodriguez.Evaluaci\u00f3n de la adaptaci\u00f3n y crecimiento de plantulas reproducidas por semilla de distintas especies de Agave bajo malla sombra. UTVCO. 2021.<\/li>\n\n\n\n<li>Francisco Sebasti\u00e1n Reyes Mendez. Monitoreo de la producci\u00f3n de biogas derivados de las vinazas del mezcal en co digesti\u00f3n con esti\u00e9rcol de bovino. UTVCO. 2021<\/li>\n\n\n\n<li>Adolfo Cruz Cruz. \u201cPRODUCCI\u00d3N DE BIOPOLIMERO EXTRACELULAR DE LA CIANOBACTERIA Nostoc sp. Y SU APLICACI\u00d3N COMO CUBIERTA PARA SEMILLAS DE Agave americana. UABJO. 2024.<\/li>\n<\/ul>\n\n\n\n<h3 class=\"wp-block-heading rtejustify\"><strong>ESTANCIAS DE INVESTIGACI\u00d3N CIENT\u00cdFICA<\/strong><\/h3>\n\n\n\n<ul class=\"wp-block-list\">\n<li>Annecy Elsa R\u00edos Agudo. \u00abDin\u00e1mica del compostaje bagaza vinaza y su evaluaci\u00f3n como abono y biofertilizante en ma\u00edz (Sea ma\u00edz L.)\u00bb.  Bajo proyecto SIP: 20231308,Enero-Abril, 2024.<\/li>\n\n\n\n<li>C\u00e9sar Abraham L\u00f3pez Garc\u00eda. EVALUACI\u00d3N DEL POTENCIAL DE BIOG\u00c1S DE VINAZAS DEL MEZCAL EN CO-DIGESTI\u00d3N CON ESTI\u00c9RCOL BOVINO Y SISTEMATIZACI\u00d3N DEL DESEMPE\u00d1O DE UN BIODIGESTOR DE BOLSA EN CAMPO\u201d. 2021<\/li>\n\n\n\n<li>Aceves Suriano Claudia Elizabeth. Estancia I. Verano de la Invesrigaci\u00f3n Cient\u00edfica y Tecnol\u00f3gica del Pac\u00edfico. <em>Proyecto: Evaluaci\u00f3n del fitoplasma de Physalis ixocarpa Brot., su fisiolog\u00eda, nutrici\u00f3n y manejo para optimizar el rendimiento.<\/em> SIP 20130042. Junio- Agosto 2013<\/li>\n\n\n\n<li>Aceves Suriano Claudia Elizabeth. Estancia II. <em>Biofertilizaci\u00f3n de Hortalizas Cultivadas en Invernadero utilizando subproductos agroindustriales para el desarrollo sustentable de tres regiones del estado de Oaxaca. <\/em>SIP 20120828. Agosto 2012.<\/li>\n<\/ul>\n\n\n\n<h3 class=\"wp-block-heading rtejustify\"><strong>RESIDENCIAS PROFESIONALES&nbsp;<\/strong><\/h3>\n\n\n\n<ul class=\"wp-block-list\">\n<li>MARTINEZ RUIZ CARMEN LLAMILET. \u00abCaracterizaci\u00f3n y germinaci\u00f3n de semillas de agaves (Agaves SPP) y su crecimiento bajo condiciones de invernadero \u00ab, SIP: 20210442.  Enero-Abril 2022.<\/li>\n\n\n\n<li>Reyes M\u00e9ndez Francisco Sebasti\u00e1n. \u00abMonitoreo de la producci\u00f3n de biog\u00e1s derivado de las vinazas del mezcal en co-digesti\u00f3n con esti\u00e9rcol de bovino del biodigestor de bolsa en Tlacolula de Matamoros, Oaxaca. 2021.<\/li>\n\n\n\n<li>Jos\u00e9 Cuevas Rodr\u00edguez. Evaluaci\u00f3n de la adaptaci\u00f3n y crecimiento de pl\u00e1ntulas reproducidas de distintas semillas d eagave bajo malla sombra. sIP:20210442. 2021.<\/li>\n\n\n\n<li>Gabriela Robles Rodr\u00edguez. Evaluaci\u00f3n de las vinazas del mezcal en la nutrici\u00f3n de hortalizas. Proyecto SIP: 20194969. Enero-Abril de 2020.<\/li>\n\n\n\n<li>Almadelia Cervantes. \u00abEfecto de Soluciones Nutritivas, Sobre el Crecimiento y Contenido de Fructanos de Plantas J\u00f3venes de Agave Potatorum Zucc\u00bb, dentro del proyecto de investigaci\u00f3n: \u00abNutrici\u00f3n Hidrop\u00f3nica, Propagaci\u00f3n y Uso del Bagazo de Agave Potatorum\u00bb, con clave SIP 20180457. Agosto-diciembre de 2018.<\/li>\n\n\n\n<li>Virgen Zenaida Mart\u00ednez. Efecto de diferentes concentraciones de citocinina en en la multiplicai\u00f3n de genotipos de 2 especies end\u00e9micos de agaves. SIP:20180457. Septiembre-diciembre de 2018. <\/li>\n\n\n\n<li>Marisela Ramirez R. \u00abPropagaci\u00f3n Asexual y Sexual de Agave potatorum Zucc.\u00bb, dentro del proyecto de investigaci\u00f3n: \u00abNutrici\u00f3n Hidrop\u00f3nica, Propagaci\u00f3n y Uso del Bagazo de Agave potarorum\u00bb, con clave SIP 20180457. Julio-Octubre de 2018.<\/li>\n\n\n\n<li>Jos\u00e9 Misael Antonio Mart\u00ednez. Residencia Profesional: Rendimiento y Calidad de genotipos arvences de Physalis spp proveniente de cruzas y autopolinizaciones.\u00a0Dentro del proyecto.\u00a0Uso y conocimiento de Physalis ixocarpa para su cultivo intensivo en ambientes protegidos y campo, SIP 2015\/RE\/123. Agosto Diciembre 2017.<\/li>\n\n\n\n<li>Edel L\u00f3pez Martinez. Residencia Profesional: Rendimiento y Calidad de genotipos arvences de Physalis spp proveniente de cruzas y autopolinizaciones.&nbsp;Dentro del proyecto.&nbsp;Uso y conocimiento de Physalis ixocarpa para su cultivo intensivo en ambientes protegidos y campo, SIP 2015\/RE\/123. Agosto Diciembre 2017.<\/li>\n\n\n\n<li>Sanchez Velazco Abraham Gerardo. Residencia Profesional. Efecto de los colores de malla sobre la producci\u00f3n y entomofauna en tomate de c\u00e1scara (Physalis ixocarpa Brot. Ex hornem). Dentro del proyecto.&nbsp;Uso y conocimiento de Physalis ixocarpa para su cultivo intensivo en ambientes protegidos y campo, Conacyt 248261. Agosto Diciembre 2015.<\/li>\n\n\n\n<li>Maldonado Patolzin Jose Antonio. Residencia Profesional. Efecto de los colores de malla sobre la producci\u00f3n y entomofauna en tomate de c\u00e1scara (Physalis ixocarpa Brot. Ex hornem). Dentro del proyecto.&nbsp;Uso y conocimiento de Physalis ixocarpa para su cultivo intensivo en ambientes protegidos y campo, Conacyt 248261. Agosto Diciembre 2015.<\/li>\n\n\n\n<li>Bautista L\u00f3pez Lucia. Residencia Profesional. Tema: Nutrici\u00f3n mineral y org\u00e1nica de genotipos de tomate de cascara (Physalis ixocarpa Brot.) en cultivos sin suelo. Dentro del proyecto: Uso y conocimiento de Physalis ixocarpa para su cultivo intensivo en ambientes protegidos y campo, Conacyt 248261. Agosto &#8211; Diciembre 2015.<\/li>\n\n\n\n<li>Cruz Cisneros Georgina. Residencia Profesional. Tema: Nutrici\u00f3n mineral y org\u00e1nica de genotipos de tomate de cascara (Physalis ixocarpa Brot.) en cultivos sin suelo. Dentro del proyecto: Uso y conocimiento de Physalis ixocarpa para su cultivo intensivo en ambientes protegidos y campo, Conacyt 248261. Agosto &#8211; Diciembre 2015.<\/li>\n\n\n\n<li>Cruz Hern\u00e1ndez Eduardo. Reisdencia Profesional.&nbsp;<em>Tema: Efecto del uso de contenedores ocultos y densidades sobre la producci\u00f3n y calidad de tomate&nbsp;<\/em>&nbsp;dentro del proyecto de investigaci\u00f3n: \u00abGeneraci\u00f3n de paquetes tecnol\u00f3gicos del cultivo de tomate de invernadero\u00bb. SIP 20110309. Agosto 2011 &#8211; Marzo 2012.<\/li>\n\n\n\n<li>P\u00e9rez Aranda Marisol. Residencia Profesional.&nbsp;<em>Tema:Efecto del uso de contenedores ocultos y densidades sobre producci\u00f3n y calidad de tomate&nbsp;<\/em>dentro del proyecto de investigaci\u00f3n: \u00abGeneraci\u00f3n de paquetes tecnol\u00f3gicos del cultivo de tomate en invernadero\u00bb: SIP20110309. Agosto 2011 &#8211; Marzo 2012<\/li>\n\n\n\n<li>Agustin Francisco Jos\u00e9 Roberto. Residencia Porfesional.&nbsp;<em>Tema: Optimizaci\u00f3n del riesgo en tomate (Solanum lycopersicum) de invernadero, utilizando la tensi\u00f3n matrica del suelo&nbsp;<\/em>dentro del programa: \u00abBiofertilizaci\u00f3n de hortalizas cultivadas en invernadero utilizando subproductos agroindustriales para el desarollo sustentable de tres regiones del Estado de Oaxaca\u00bb. SIP 20120828. Jullio 2012 &#8211; Marzo 2013<\/li>\n\n\n\n<li>P\u00e9rez Gonz\u00e1lez C\u00e9sar- Residencia Profesional.&nbsp;<em>Tema: Asociaci\u00f3n y rotaci\u00f3n de cultivos hort\u00edcolas para el uso intensivo de invernadero&nbsp;<\/em>dentro del proyecto de investigaci\u00f3n: \u00abGeneraci\u00f3n de paquetes tecnol\u00f3gicos del cultivo de tomate en invernadero\u00bb. SIP 20110309. Agosto 2011 &#8211; Marzo 2012.<\/li>\n\n\n\n<li>Hern\u00e1ndez Pablo Enrique. Reisdencia Profesional.&nbsp;<em>Tema: Evaluaci\u00f3n del volumen de contenedor y tiempo en semillero sobre la producci\u00f3n y calidad de Physalis spp&nbsp;<\/em>dentro del proyecto de investigaci\u00f3n: \u00abEvaluaci\u00f3n del germoplasma de Physalis ixocarpa Brot., su fisiolog\u00eda, nutrici\u00f3n y manejo, para optimizar el rendimiento. Abril &#8211; Sep. 2013<\/li>\n<\/ul>\n\n\n\n<p><\/p>\n","protected":false},"excerpt":{"rendered":"<p>DIRECCI\u00d3N DE TESIS Doctorado en Ciencias Maestr\u00eda en Ciencias&nbsp; Licenciatura ESTANCIAS DE INVESTIGACI\u00d3N CIENT\u00cdFICA RESIDENCIAS PROFESIONALES&nbsp;<\/p>\n","protected":false},"author":48,"featured_media":0,"parent":0,"menu_order":0,"comment_status":"closed","ping_status":"closed","template":"","meta":{"_swt_meta_header_display":false,"_swt_meta_footer_display":false,"_swt_meta_site_title_display":false,"_swt_meta_sticky_header":false,"_swt_meta_transparent_header":false,"footnotes":""},"class_list":["post-18","page","type-page","status-publish","hentry"],"_links":{"self":[{"href":"https:\/\/web.ciidiroaxaca.ipn.mx\/gamartinezg\/wp-json\/wp\/v2\/pages\/18","targetHints":{"allow":["GET"]}}],"collection":[{"href":"https:\/\/web.ciidiroaxaca.ipn.mx\/gamartinezg\/wp-json\/wp\/v2\/pages"}],"about":[{"href":"https:\/\/web.ciidiroaxaca.ipn.mx\/gamartinezg\/wp-json\/wp\/v2\/types\/page"}],"author":[{"embeddable":true,"href":"https:\/\/web.ciidiroaxaca.ipn.mx\/gamartinezg\/wp-json\/wp\/v2\/users\/48"}],"replies":[{"embeddable":true,"href":"https:\/\/web.ciidiroaxaca.ipn.mx\/gamartinezg\/wp-json\/wp\/v2\/comments?post=18"}],"version-history":[{"count":21,"href":"https:\/\/web.ciidiroaxaca.ipn.mx\/gamartinezg\/wp-json\/wp\/v2\/pages\/18\/revisions"}],"predecessor-version":[{"id":198,"href":"https:\/\/web.ciidiroaxaca.ipn.mx\/gamartinezg\/wp-json\/wp\/v2\/pages\/18\/revisions\/198"}],"wp:attachment":[{"href":"https:\/\/web.ciidiroaxaca.ipn.mx\/gamartinezg\/wp-json\/wp\/v2\/media?parent=18"}],"curies":[{"name":"wp","href":"https:\/\/api.w.org\/{rel}","templated":true}]}}