{"id":17,"date":"2011-11-04T22:06:32","date_gmt":"2011-11-04T22:06:32","guid":{"rendered":"https:\/\/web.ciidiroaxaca.ipn.mx\/gamartinezg\/proyectos-de-investigacion\/"},"modified":"2025-10-27T12:51:42","modified_gmt":"2025-10-27T18:51:42","slug":"proyectos-de-investigacion","status":"publish","type":"page","link":"https:\/\/web.ciidiroaxaca.ipn.mx\/gamartinezg\/proyectos-de-investigacion\/","title":{"rendered":"Proyectos de investigaci\u00f3n"},"content":{"rendered":"\n<ul class=\"wp-block-list\">\n<li>Caracterizaci\u00f3n y Evaluaci\u00f3n Agron\u00f3mica del Bagazo Residual de la Industria del Mezcal como Sustrato en Cultivo sin Suelo.. Parte I. Caracterizaci\u00f3n f\u00edsica y fisicoqu\u00edmica. 2005. Financiamiento SIP-IPN-20051234&nbsp;<\/li>\n\n\n\n<li>Caracterizaci\u00f3n y Evaluaci\u00f3n Agron\u00f3mica del Bagazo Residual de la Industria del Mezcal como Sustrato en Cultivo sin Suelo. Parte II. Evaluaci\u00f3n Agron\u00f3mica. 2006-2007. SIP-IPN-20060425 \/&nbsp;SIP-IPN-20070496<\/li>\n\n\n\n<li>Estudios para el Aprovechamientos de los Residuos del Maguey y de la Copra en el Estado de Oaxaca. 2007-2008. Financiamiento; Fundaci\u00f3n Alfredo Harp Elu.&nbsp;<\/li>\n\n\n\n<li>Determinaci\u00f3n de las condiciones clim\u00e1ticas en el interior de los invernaderos en tres ambientes del estado de Oaxaca. 2008-2009. SIP-IPN-20082787 \/SIP-IPN-20090656<\/li>\n\n\n\n<li>Evaluaci\u00f3n clim\u00e1tica en el interior de los invernaderos y su efecto en la producci\u00f3n de tomate (L. esculentum Mill.) en tres ambientes del estado de Oaxaca. 2010. SIP-IPN-20100294<\/li>\n\n\n\n<li>Creaci\u00f3n de un modelo de invernadero autosuficiente energ\u00e9tica e h\u00eddricamente. Proyecto presentado a Conacyt Proinnova. 2010<\/li>\n\n\n\n<li>Reducci\u00f3n de ciclos improductivos a trav\u00e9s de la redefinici\u00f3n, mejora y automatizaci\u00f3n de procesos de producci\u00f3n de tomate. IPN 2010<\/li>\n\n\n\n<li>Generaci\u00f3n de Paquetes Tecnol\u00f3gicos del Cultivo de Tomate en Invernadero Para el Estado de Oaxaca. 2011. SIP-IPN- 20110309.<\/li>\n\n\n\n<li>Biofertilizaci\u00f3n de hortalizas cultivadas en invernadero utilizando subproductos agroindustriales para el desarrollo sustentable de tres regiones del estado de Oaxaca. 2012. SIP-IPN -20120828<\/li>\n\n\n\n<li>Evaluaci\u00f3n del germoplasma de Physalis ixocarpa Brot., su fisiolog\u00eda, nutrici\u00f3n y manejo, para optimizar el rendimiento.&nbsp;2013. SIP-IPN-20130042<\/li>\n\n\n\n<li>Evaluaci\u00f3n del germoplasma de Physalis ixocarpa Brot., su fisiolog\u00eda, nutrici\u00f3n y manejo, para optimizar el rendimiento. &nbsp;Industrias Alimentarias de Oaxaca (Inalim S.A. de C.). 2014. SIP-IPN 20140511<\/li>\n\n\n\n<li>Estudio ecofisiol\u00f3gico y molecular de&nbsp;Physalis ixocarpa Brot.. 2014. Clave:&nbsp;1559.&nbsp;SIP-IPN-20140180.<\/li>\n\n\n\n<li>Uso y conocimiento de Physalis ssp para su cultivo intensivo en ambientes protegidos y campo. SIP-2015-RE\/123.<\/li>\n\n\n\n<li>Nutrici\u00f3n y ecofisiolog\u00eda de Agave spp en condiciones protegidas, hidrop\u00f3nicas y campo. 2015. Clave SIP -IPN. 20150053.\u00a0<\/li>\n\n\n\n<li>Evaluaci\u00f3n socio econ\u00f3mica de invernaderos de bajo costo para el cultivo intensivo de especies nativas de Oaxaca 2015. Clave SIP IPN 20151415<\/li>\n\n\n\n<li>Nutrici\u00f3n y ecofisiolog\u00eda de Agave spp en condiciones protegidas, hidrop\u00f3nicas y campo. 2016. Clave SIP IPN. 20160437.\u00a0<\/li>\n\n\n\n<li>Nutrici\u00f3n Hidrop\u00f3nica, Propagaci\u00f3n y uso del bagazo de Agave potatorum 2017. SIP IPN 20170188.<\/li>\n\n\n\n<li>Diagnostico, Propagaci\u00f3n, Plagas y Enfermedades y contenido de fructanos de Agave potatorum Zucc. en Invernadero y campo. Proyecto Multidisciplinario 2017 2018. Clave SIP 1848.<\/li>\n\n\n\n<li>Tecnicas de producci\u00f3n intensiva de pl\u00e1ntulas de agaves silvestres SIP 20180259. Participante. 2018<\/li>\n\n\n\n<li>Uso y Conocimiento de Physalis spp. Para su cultivo intensivo en ambientes protegidos y campo. 2018. Conacyt. Direcci\u00f3n de Investigaci\u00f3n Cient\u00edfica Basica. Proyecto. 248261.&nbsp;<\/li>\n\n\n\n<li>Caracterizaci\u00f3n de los sistemas de obtenci\u00f3n de las vinazas y el bagazo de&nbsp;agave mezcalero y evaluaci\u00f3n de la electr\u00f3lisis microbiana en la codigesti\u00f3n&nbsp;anaer\u00f3bica. SIP 20194969.<\/li>\n\n\n\n<li>Proyectos De Diagn\u00f3stico, Transferencia De Tecnolog\u00eda Y Soporte T\u00e9cnico Para Atender Necesidades De Los PRODETER, Regi\u00f3n Pueblos Mancomunados PDR-ITT-IIEI-00022-2019.\u00a0 SIP: -2019-RE\/085.<\/li>\n\n\n\n<li>Caracterizaci\u00f3n de los sistemas de obtenci\u00f3n de las vinazas y el bagazo de agave mezcalero y evaluaci\u00f3n de la electr\u00f3lisis microbiana en la co-digesti\u00f3n anaer\u00f3bica. SIP -20200681<\/li>\n\n\n\n<li>Caracterizaci\u00f3n de los sistemas de obtenci\u00f3n de las vinazas y del bagazo de agave mezcalero y evaluaci\u00f3n de la electr\u00f3lisis microbiana en la co-digesti\u00f3n. SIP -20210442.<\/li>\n\n\n\n<li>Caracterizaci\u00f3n de los sistemas de obtenci\u00f3n de las vinazas y del bagazo de agave mezcalero y evaluaci\u00f3n de la electr\u00f3lisis microbiana en la co-digesti\u00f3n. SIP -20210442.<\/li>\n\n\n\n<li>Evaluaci\u00f3n de las vinazas del mezcal y propagaci\u00f3n por semilla de agaves silvestres. SIP: -20221230.<\/li>\n\n\n\n<li>Evaluaci\u00f3n de las vinazas del mezcal y propagaci\u00f3n por semilla de agaves silvestres. SIP: -20221230.<\/li>\n\n\n\n<li>Evaluaci\u00f3n de las vinazas del mezcal y propagaci\u00f3n por semilla de agaves silvestres. SIP: -20221230.<\/li>\n\n\n\n<li>Din\u00e1mica del compostaje bagazo-vinaza y su evaluaci\u00f3n como abono y biofertilizante en maiz (Zea maiz l.). SIP: -20231308.<\/li>\n\n\n\n<li>Evaluaci\u00f3n del compost y vinazas de la agroindustria del mezcal, para la producci\u00f3n de pl\u00e1ntulas de agave. SIP: -20240234.<\/li>\n\n\n\n<li>Evaluaci\u00f3n del compost y vinazas de la agroindustria del mezcal, para la producci\u00f3n de pl\u00e1ntulas de agave. SIP: &#8211; 20250528\u00a0<\/li>\n<\/ul>\n\n\n\n<p><\/p>\n","protected":false},"excerpt":{"rendered":"","protected":false},"author":48,"featured_media":0,"parent":0,"menu_order":0,"comment_status":"closed","ping_status":"closed","template":"","meta":{"_swt_meta_header_display":false,"_swt_meta_footer_display":false,"_swt_meta_site_title_display":false,"_swt_meta_sticky_header":false,"_swt_meta_transparent_header":false,"footnotes":""},"class_list":["post-17","page","type-page","status-publish","hentry"],"_links":{"self":[{"href":"https:\/\/web.ciidiroaxaca.ipn.mx\/gamartinezg\/wp-json\/wp\/v2\/pages\/17","targetHints":{"allow":["GET"]}}],"collection":[{"href":"https:\/\/web.ciidiroaxaca.ipn.mx\/gamartinezg\/wp-json\/wp\/v2\/pages"}],"about":[{"href":"https:\/\/web.ciidiroaxaca.ipn.mx\/gamartinezg\/wp-json\/wp\/v2\/types\/page"}],"author":[{"embeddable":true,"href":"https:\/\/web.ciidiroaxaca.ipn.mx\/gamartinezg\/wp-json\/wp\/v2\/users\/48"}],"replies":[{"embeddable":true,"href":"https:\/\/web.ciidiroaxaca.ipn.mx\/gamartinezg\/wp-json\/wp\/v2\/comments?post=17"}],"version-history":[{"count":8,"href":"https:\/\/web.ciidiroaxaca.ipn.mx\/gamartinezg\/wp-json\/wp\/v2\/pages\/17\/revisions"}],"predecessor-version":[{"id":156,"href":"https:\/\/web.ciidiroaxaca.ipn.mx\/gamartinezg\/wp-json\/wp\/v2\/pages\/17\/revisions\/156"}],"wp:attachment":[{"href":"https:\/\/web.ciidiroaxaca.ipn.mx\/gamartinezg\/wp-json\/wp\/v2\/media?parent=17"}],"curies":[{"name":"wp","href":"https:\/\/api.w.org\/{rel}","templated":true}]}}