{"id":5,"date":"2011-10-14T17:13:52","date_gmt":"2011-10-14T17:13:52","guid":{"rendered":"https:\/\/web.ciidiroaxaca.ipn.mx\/fsanchez\/dr-rafael-f-del-castillo-sanchez\/"},"modified":"2025-09-17T17:19:03","modified_gmt":"2025-09-17T17:19:03","slug":"dr-rafael-f-del-castillo-sanchez","status":"publish","type":"page","link":"https:\/\/web.ciidiroaxaca.ipn.mx\/fsanchez\/","title":{"rendered":"Dr. Rafael F. del Castillo S\u00e1nchez"},"content":{"rendered":"\n<figure class=\"wp-block-image aligncenter is-resized\"><img loading=\"lazy\" decoding=\"async\" width=\"1200\" height=\"800\" src=\"https:\/\/web.ciidiroaxaca.ipn.mx\/fsanchez\/wp-content\/uploads\/sites\/31\/2011\/10\/IMG_6740.jpg\" alt=\"\" class=\"wp-image-4\" style=\"width:501px;height:auto\" srcset=\"https:\/\/web.ciidiroaxaca.ipn.mx\/fsanchez\/wp-content\/uploads\/sites\/31\/2011\/10\/IMG_6740.jpg 1200w, https:\/\/web.ciidiroaxaca.ipn.mx\/fsanchez\/wp-content\/uploads\/sites\/31\/2011\/10\/IMG_6740-300x200.jpg 300w, https:\/\/web.ciidiroaxaca.ipn.mx\/fsanchez\/wp-content\/uploads\/sites\/31\/2011\/10\/IMG_6740-1024x683.jpg 1024w, https:\/\/web.ciidiroaxaca.ipn.mx\/fsanchez\/wp-content\/uploads\/sites\/31\/2011\/10\/IMG_6740-768x512.jpg 768w\" sizes=\"auto, (max-width: 1200px) 100vw, 1200px\" \/><\/figure>\n\n\n\n<p class=\"rtecenter\"><\/p>\n\n\n\n<h4 class=\"wp-block-heading has-text-align-center rtecenter\">Ph.D. Duke University (Durham, NC, USA)<\/h4>\n\n\n\n<p class=\"has-text-align-center rtecenter\">M.C. Colegio de Postgraduados\u00a0 (Montecillo, CREZAS, Mexico)<\/p>\n\n\n\n<p class=\"has-text-align-center rtecenter\">Bi\u00f3logo UNAM (FEZ Iztacala, M\u00e9xico)<\/p>\n\n\n\n<p class=\"has-text-align-center rtecenter\">Primer lugar Certamen de Tesis Profesionales (9\u00ba Congreso Mexicano de Bot\u00e1nica)<\/p>\n\n\n\n<h4 class=\"wp-block-heading has-text-align-center rtecenter\">Sistema Nacional de Investigadores nivel III<\/h4>\n\n\n\n<p class=\"has-text-align-center rtecenter\">Academia Mexicana de Ciencia<\/p>\n\n\n\n<p class=\"rtecenter\"><strong>\u00c1reas de inter\u00e9s<\/strong>:<\/p>\n\n\n\n<p class=\"rtecenter\">Ecolog\u00eda de bosques y matorrales, Sistemas agroforestales tradicionales, Biolog\u00eda de poblaciones (gen\u00e9tica y ecolog\u00eda), Sistemas de cruzamiento, Biolog\u00eda de la conservaci\u00f3n, Biodiversidad<\/p>\n\n\n\n<p class=\"has-text-align-center rtecenter\">e-mail: fsanchez@ipn.mx\u00a0 Ext. 82780<\/p>\n\n\n\n<p class=\"rtecenter\">&nbsp;<\/p>\n","protected":false},"excerpt":{"rendered":"<p>Ph.D. Duke University (Durham, NC, USA) M.C. Colegio de Postgraduados\u00a0 (Montecillo, CREZAS, Mexico) Bi\u00f3logo UNAM (FEZ Iztacala, M\u00e9xico) Primer lugar Certamen de Tesis Profesionales (9\u00ba Congreso Mexicano de Bot\u00e1nica) Sistema Nacional de Investigadores nivel III Academia Mexicana de Ciencia \u00c1reas de inter\u00e9s: Ecolog\u00eda de bosques y matorrales, Sistemas agroforestales tradicionales, Biolog\u00eda de poblaciones (gen\u00e9tica y [&hellip;]<\/p>\n","protected":false},"author":36,"featured_media":0,"parent":0,"menu_order":0,"comment_status":"closed","ping_status":"closed","template":"","meta":{"_swt_meta_header_display":false,"_swt_meta_footer_display":false,"_swt_meta_site_title_display":false,"_swt_meta_sticky_header":false,"_swt_meta_transparent_header":false,"footnotes":""},"class_list":["post-5","page","type-page","status-publish","hentry"],"_links":{"self":[{"href":"https:\/\/web.ciidiroaxaca.ipn.mx\/fsanchez\/wp-json\/wp\/v2\/pages\/5","targetHints":{"allow":["GET"]}}],"collection":[{"href":"https:\/\/web.ciidiroaxaca.ipn.mx\/fsanchez\/wp-json\/wp\/v2\/pages"}],"about":[{"href":"https:\/\/web.ciidiroaxaca.ipn.mx\/fsanchez\/wp-json\/wp\/v2\/types\/page"}],"author":[{"embeddable":true,"href":"https:\/\/web.ciidiroaxaca.ipn.mx\/fsanchez\/wp-json\/wp\/v2\/users\/36"}],"replies":[{"embeddable":true,"href":"https:\/\/web.ciidiroaxaca.ipn.mx\/fsanchez\/wp-json\/wp\/v2\/comments?post=5"}],"version-history":[{"count":2,"href":"https:\/\/web.ciidiroaxaca.ipn.mx\/fsanchez\/wp-json\/wp\/v2\/pages\/5\/revisions"}],"predecessor-version":[{"id":42,"href":"https:\/\/web.ciidiroaxaca.ipn.mx\/fsanchez\/wp-json\/wp\/v2\/pages\/5\/revisions\/42"}],"wp:attachment":[{"href":"https:\/\/web.ciidiroaxaca.ipn.mx\/fsanchez\/wp-json\/wp\/v2\/media?parent=5"}],"curies":[{"name":"wp","href":"https:\/\/api.w.org\/{rel}","templated":true}]}}