{"id":16,"date":"2011-10-17T17:29:18","date_gmt":"2011-10-17T17:29:18","guid":{"rendered":"https:\/\/web.ciidiroaxaca.ipn.mx\/fsanchez\/actividades-academicas\/"},"modified":"2025-09-17T17:18:03","modified_gmt":"2025-09-17T17:18:03","slug":"actividades-academicas","status":"publish","type":"page","link":"https:\/\/web.ciidiroaxaca.ipn.mx\/fsanchez\/actividades-academicas\/","title":{"rendered":"Actividades acad\u00e9micas"},"content":{"rendered":"\n<h3 class=\"wp-block-heading\">Bases gen\u00e9ticas para la conservaci\u00f3n de la biodiversidad<\/h3>\n\n\n\n<p>Dirigido a estudiantes graduados interesados en la conservaci\u00f3n de la biodiversidad<\/p>\n\n\n\n<p>La diversidad gen\u00e9tica es la materia prima para el cambio evolutivo.\u00a0 Por eso, el estudio de las leyes y principios que rigen la diversidad gen\u00e9tica es esencial para fundamentar la conservaci\u00f3n y el manejo de la biodiversidad.\u00a0 Por si fuera poco, la gen\u00e9tica de poblaciones proporciona nuevas tecnolog\u00edas para el estudio de la biolog\u00eda de los organismos.<\/p>\n\n\n\n<p>El curso es introductorio e inicia con un repaso de conceptos b\u00e1sicos de gen\u00e9tica mendeliana y molecular, para posteriormente presentar temas de gen\u00e9tica de poblaciones aplicados a la conservaci\u00f3n incluidos la selecci\u00f3n de marcadores gen\u00e9ticos, estimadores de diversidad gen\u00e9tica, mediciones de estructura gen\u00e9tica, deriva gen\u00e9tica y selecci\u00f3n natural. Se presentan ejemplos de aplicaciones pr\u00e1cticas de la gen\u00e9tica de poblacional para el estudio de los organismos.<\/p>\n\n\n\n<p>Sesiones te\u00f3ricas, lecturas,\u00a0 pr\u00e1cticas de laboratorio y simulaciones en computadora.<\/p>\n\n\n\n<p><\/p>\n","protected":false},"excerpt":{"rendered":"<p>Bases gen\u00e9ticas para la conservaci\u00f3n de la biodiversidad Dirigido a estudiantes graduados interesados en la conservaci\u00f3n de la biodiversidad La diversidad gen\u00e9tica es la materia prima para el cambio evolutivo.\u00a0 Por eso, el estudio de las leyes y principios que rigen la diversidad gen\u00e9tica es esencial para fundamentar la conservaci\u00f3n y el manejo de la [&hellip;]<\/p>\n","protected":false},"author":36,"featured_media":0,"parent":0,"menu_order":0,"comment_status":"closed","ping_status":"closed","template":"","meta":{"_swt_meta_header_display":false,"_swt_meta_footer_display":false,"_swt_meta_site_title_display":false,"_swt_meta_sticky_header":false,"_swt_meta_transparent_header":false,"footnotes":""},"class_list":["post-16","page","type-page","status-publish","hentry"],"_links":{"self":[{"href":"https:\/\/web.ciidiroaxaca.ipn.mx\/fsanchez\/wp-json\/wp\/v2\/pages\/16","targetHints":{"allow":["GET"]}}],"collection":[{"href":"https:\/\/web.ciidiroaxaca.ipn.mx\/fsanchez\/wp-json\/wp\/v2\/pages"}],"about":[{"href":"https:\/\/web.ciidiroaxaca.ipn.mx\/fsanchez\/wp-json\/wp\/v2\/types\/page"}],"author":[{"embeddable":true,"href":"https:\/\/web.ciidiroaxaca.ipn.mx\/fsanchez\/wp-json\/wp\/v2\/users\/36"}],"replies":[{"embeddable":true,"href":"https:\/\/web.ciidiroaxaca.ipn.mx\/fsanchez\/wp-json\/wp\/v2\/comments?post=16"}],"version-history":[{"count":3,"href":"https:\/\/web.ciidiroaxaca.ipn.mx\/fsanchez\/wp-json\/wp\/v2\/pages\/16\/revisions"}],"predecessor-version":[{"id":41,"href":"https:\/\/web.ciidiroaxaca.ipn.mx\/fsanchez\/wp-json\/wp\/v2\/pages\/16\/revisions\/41"}],"wp:attachment":[{"href":"https:\/\/web.ciidiroaxaca.ipn.mx\/fsanchez\/wp-json\/wp\/v2\/media?parent=16"}],"curies":[{"name":"wp","href":"https:\/\/api.w.org\/{rel}","templated":true}]}}