{"id":15,"date":"2011-10-17T17:23:52","date_gmt":"2011-10-17T17:23:52","guid":{"rendered":"https:\/\/web.ciidiroaxaca.ipn.mx\/fsanchez\/tesis\/"},"modified":"2025-10-08T18:41:01","modified_gmt":"2025-10-08T18:41:01","slug":"tesis","status":"publish","type":"page","link":"https:\/\/web.ciidiroaxaca.ipn.mx\/fsanchez\/tesis\/","title":{"rendered":"Tesis"},"content":{"rendered":"\n<h3 class=\"wp-block-heading\">Tesis de doctorado concluidas recientes&nbsp;<\/h3>\n\n\n\n<ul class=\"wp-block-list\">\n<li>RAM\u00cdREZ VELASCO, MIRIAM.\u00a0 An\u00e1lisis social, ecol\u00f3gico y molecular de la invasi\u00f3n del helecho <em>Pteridium<\/em> sp. y propuestas parta rehabilitar terrenos agr\u00edcolas en La Luz, Sierra Norte de Oaxaca. Tesis de Maestr\u00eda en Ciencias en Conservaci\u00f3n y Aprovechamiento de Recursos Naturales (biodiversidad en el neotr\u00f3pico). Instituto Polit\u00e9cnico Nacional. 4 de marzo, 2025<\/li>\n\n\n\n<li>DE LOS SANTOS REYES, ERNESTO. 2024. Spatial Analvsis in Cloud Forests and the Relation with Social Factors in Sierra Norte. Oaxaca. Mexico. Doctorado en Ciencias en Conservaci\u00f3n y Aprovechamiento de los Recursos Naturales Instituto Polit\u00e9cnico Nacional 15 de enero de 2024<\/li>\n\n\n\n<li>ORT\u00cdZ MART\u00cdNEZ LUIS EDER. Variabilidad morfol\u00f3gica, hibridaci\u00f3n y biolog\u00eda reproductiva de <em>Opuntia <\/em>en la Reserva de la Bi\u00f3sfera de Mapim\u00ed, Durango. Doctorado en Ciencias en Conservaci\u00f3n y Aprovechamiento de los Recursos Naturales Instituto Polit\u00e9cnico Nacional. (12 de julio de 2023) En colaboraci\u00f3n con M. del Carmen Mandujano (UNAM)<\/li>\n\n\n\n<li>TRUJILLO ARGUETA SONIA. Desarrollo de un c\u00f3digo de barras de ADN para helechos de un bosque mes\u00f3filo de monta\u00f1a poco explorado del estado de Oaxaca. Instituto Tecnol\u00f3gico de Oaxaca (30 de junio 2022).<\/li>\n\n\n\n<li>VELASCO MURGUIA ABRIL. Sucesi\u00f3n secundaria del bosque templado h\u00famedo de San Miguel Cuevas, municipio de Santiago Juxtlahuaca, Oaxaca. Doctorado en Ciencias en Conservaci\u00f3n y Aprovechamiento de los Recursos Naturales Instituto Polit\u00e9cnico Nacional (28 de enero de 2022)<\/li>\n\n\n\n<li>ALVAREZ -LOPEZTELLO, J. Las micorrizas arbusculares como moduladoras de la din\u00e1mica y estructura de la vegetaci\u00f3n, entre los l\u00edmites de la selva alta perennifolia y la sabana, en el Bajo Mixe (Oaxaca M\u00e9xico). Doctorado en Ciencias en Conservaci\u00f3n y Aprovechamiento de los Recursos Naturales Instituto Polit\u00e9cnico Nacional (10 de diciembre de 2019)<\/li>\n\n\n\n<li>P\u00c9REZ-GARC\u00cdA, O.&nbsp; Efecto de la sedentarizaci\u00f3n de la milpa en la agrobiodiversidad y diversidad flor\u00edstica de bosques secundarios asociados con el bosque de niebla.&nbsp; Doctorado en Ciencias en Conservaci\u00f3n y Aprovechamiento de los Recursos Naturales Instituto Polit\u00e9cnico Nacional&nbsp; (16 de enero de 2017)<\/li>\n\n\n\n<li>DOROTEO CASTILLEJOS, RUB\u00c9N. Din\u00e1mica de la interacci\u00f3n nucleocitopl\u00e1smica.&nbsp; Tesis de Doctorado en Ciencias en Conservaci\u00f3n y Aprovechamiento de los Recursos Naturales Instituto Polit\u00e9cnico Nacional&nbsp; (Codirecci\u00f3n con Jose Antonio Vargas Mendoza) 5 marzo 2014<\/li>\n\n\n\n<li><div>V\u00c1ZQUEZ MENDOZA SADOTH.&nbsp; Patrones ecol\u00f3gicos de macromicetos&nbsp; lign\u00edcolas respecto a la altitud en el sur der M\u00e9xico.&nbsp; Tesis de Doctorado en Ciencias en Conservaci\u00f3n y Aprovechamiento de los Recursos Naturales Instituto Polit\u00e9cnico Nacional (11 de enero de 2013).<\/div><\/li>\n\n\n\n<li><p>AGUILAR SANTELISIS REMEDIOS.&nbsp; Evaluaci\u00f3n del deterioro de la vegataci\u00f3n le\u00f1osa y de la cultura tradicional en el bosque templado de la Mixteca Alta Oaxaque\u00f1a. Tesis de Doctorado en Ciencias en Conservaci\u00f3n y Aprovechamiento de los Recursos Naturales Instituto Polit\u00e9cnico Nacional (11 de enero de 2013).<\/p><\/li>\n<\/ul>\n\n\n\n<h3 class=\"wp-block-heading\">Tesis de maestr\u00eda concluidas<\/h3>\n\n\n\n<ul class=\"wp-block-list\">\n<li>HERN\u00c1NDEZ CUEVAS, MIGUEL Determinaci\u00f3n de patrones de uso de suelo mediante teledetecci\u00f3n para diferentes bosques templados h\u00famedos de Oaxaca. Tesis de Maestr\u00eda en Ciencias en Conservaci\u00f3n y Aprovechamiento de Recursos Naturales (biodiversidad en el neotr\u00f3pico). Instituto Polit\u00e9cnico Nacional (27 de enero de 2022)<\/li>\n\n\n\n<li>MART\u00cdNEZ VELASCO, HERMILIO&nbsp; Aspectos demogr\u00e1ficos de Magnolia dealbata Zucc., en El Rinc\u00f3n, Sierra Norte, Oaxaca. Tesis de Maestr\u00eda en Ciencias en Conservaci\u00f3n y Aprovechamiento de Recursos Naturales (biodiversidad en el neotr\u00f3pico). Instituto Polit\u00e9cnico Nacional (3 de agosto de 2018)<\/li>\n\n\n\n<li>PACHECO HERN\u00c1NDEZ, YESENIA&nbsp; Estructura y diersidad gen\u00e9tica de Malacomeles denticulata asociada a diferentes tipos de vegetaci\u00f3n en Oaxaca. Tesis Maestr\u00eda en Ciencias en conservaci\u00f3n y aprovechamiento de recursos naturales. Instituto Polit\u00e9cnico Nacional (24 de julio de 2015).<\/li>\n\n\n\n<li>S\u00c1NCHEZ-GARC\u00cdA, GERARDO. Estructura gen\u00e9tica Pinus patula Schl. Et Schm.&nbsp; en un gradiente altitudinal\u201d Tesis Maestr\u00eda en Ciencias en conservaci\u00f3n y aprovechamiento de recursos naturales. Instituto Polit\u00e9cnico Nacional (10 de julio de 2015).<\/li>\n\n\n\n<li>ALVAREZ-L\u00d3PEZ TELLO, J. Regeneraci\u00f3n de una selva alta perennifolia, en el Bajo Mixe, Oaxaca, utilizando plantaciones de Pinus caribaea var. hondurensis como facilitadoras\u201dTesis Maestr\u00eda en Ciencias en conservaci\u00f3n y aprovechamiento de recursos naturales. Instituto Polit\u00e9cnico Nacional ( de 2014).<\/li>\n\n\n\n<li>BAUTISTA COLMENARES&nbsp; NANCY&nbsp; IRAIS Estudio aloenzim\u00e1tico en poblaciones de Malacomeles denticulata en la regi\u00f3n central de Oaxaca M\u00e9xico Tesis Maestr\u00eda en Ciencias en conservaci\u00f3n y aprovechamiento de recursos naturales. Instituto Polit\u00e9cnico Nacional (15 de enero de 2013).<\/li>\n\n\n\n<li><div>DE&nbsp; LOS SANTOS REYES ERNESTO&nbsp; Cambios en la cobertura de&nbsp; Bosques mes\u00f3filos de mota\u00f1a y su relaci\u00f3n con factores sociales en regiones prioritarias de la Sierra Norte de Oaxaca Tesis Maestr\u00eda en Ciencias en conservaci\u00f3n y aprovechamiento de recursos naturales. Instituto Polit\u00e9cnico Nacional (15 de enero de 2013).<\/div><\/li>\n\n\n\n<li><div>URIBE VILLAVICENCIO, DAVID. 2011. An\u00e1lisis multicriterio para la identificaci\u00f3n de \u00e1reas prioritarias de resturaci\u00f3n del paisaje forestal en la Mixteca Alta Oaxaque\u00f1a. Tesis Maestr\u00eda en Ciencias en conservaci\u00f3n y aprovechamiento de recursos naturales. Instituto Polit\u00e9cnico Nacional (30 junio 2011). Menci\u00f3n Honor\u00edfica<\/div><\/li>\n\n\n\n<li>ZACAR\u00cdAS ESLAVA, YUNHU\u00c9. 2009. Composici\u00f3n y Estructura del Bosque Templado de Santa Catarina Ixtepeji, Oaxaca, a lo largo de un Gradiente Altitudinal. Tesis Maestr\u00eda en Ciencias en conservaci\u00f3n y aprovechamiento de recursos naturales. Instituto Polit\u00e9cnico Nacional (23 enero 2009).<\/li>\n\n\n\n<li>RAM\u00cdREZ LUIS, J. I. 2009. Variabilidad gen\u00e9tica en poblaciones de Amelanchier denticulata Tesis Maestr\u00eda en Ciencias en conservaci\u00f3n y aprovechamiento de recursos naturales. Instituto Polit\u00e9cnico Nacional (23 enero 2009).<\/li>\n\n\n\n<li>V\u00c1ZQUEZ MENDOZA SADOTH. Ecolog\u00eda de Comunidades de Macromicetos a lo largo de un gradiente Altitudinal en Santa Catarina Ixtepeji, Oaxaca. en conservaci\u00f3n y aprovechamiento de recursos naturales (Tesis Maestr\u00eda en Ciencias del 27 de junio del 2008)<\/li>\n\n\n\n<li>Aguilar Santelisis Remedios.&nbsp; Etnobot\u00e1nica cuantitativa de una regi\u00f3n de bosque de niebla de Sierra Norte, Oaxaca.&nbsp; Tesis maestr\u00eda en Ciencias en conservaci\u00f3n y aprovechamiento de recursos naturales (Biodiversidad del neotr\u00f3pico). (19 de diciembre de 2007) CIIDIR OAXACA<\/li>\n\n\n\n<li>Zaneli G\u00f3mez Ocampo. Diversidad gen\u00e9tica de una bromelia de importancia comercial Tesis Tesis maestr\u00eda en Ciencias en conservaci\u00f3n y aprovechamiento de recursos naturales (Biodiversidad del neotr\u00f3pico). (16 de noviembre de 2007) CIIDIR OAXACA (en coodirecci\u00f3n con M.C. Sonia Trujillo Argueta).<\/li>\n\n\n\n<li>Adela P\u00e9rez R\u00edos.&nbsp; 2006. Dispersi\u00f3n y remoci\u00f3n de semilla en un \u00e1rea de bosque de niebla en el Rinc\u00f3n, Sierra Norte Tesis Maestr\u00eda en Ciencias Tesis Maestr\u00eda en Ciencias. CIIDIR OAXACA&nbsp; (19 de diciembre de 2006)<\/li>\n\n\n\n<li>Ram\u00edrez Toro, W. 2005.&nbsp; Estudio de la estructura gen\u00e9tica de Pinus chiapensis en una poblaci\u00f3n fragmentada de la Sierra Juarez, Oaxaca Tesis Maestr\u00eda en Ciencias. Instituto Tecnol\u00f3gico de Oaxaca, Oaxaca de Ju\u00e1rez, Oaxaca. (19 de agosto de 2005)<\/li>\n\n\n\n<li>S\u00e1nchez Vargas, Nahum Modesto. 1999. Modelos de crecimiento para Pinus chiapensis (Mart.) Andersen en el Rinc\u00f3n Oaxaca, M\u00e9xico.&nbsp; Tesis Maestr\u00eda en Ciencias. Centro de Gen\u00e9tica Forestal, Universidad Veracruzana, Xalapa Veracruz, M\u00e9xico. (Oct. 1999)<\/li>\n\n\n\n<li>Hern\u00e1ndez P\u00e9rez, V. 2001. Influencia del suelo en el crecimiento de cuatro especies arb\u00f3reas a lo largo de un gradiente sucesional de un bosque mes\u00f3filo de monta\u00f1a, Sierra Norte, Oaxaca. UNAM. Tesis Profesional, Licenciatura de Biolog\u00eda Izacala, M\u00e9xico.(Ago. 2001)<\/li>\n\n\n\n<li>Blanco Mac\u00edas, A. 2001.&nbsp; An\u00e1lisis sucesional en el bosque mes\u00f3filo de monta\u00f1a en el Rinc\u00f3n, Sierra Norte de Oaxaca ENEP Izacala UNAM.&nbsp; Tesis Profesional, Licenciatura de Biolog\u00eda, Iztacala M\u00e9xico. (Agosto 2001)<\/li>\n\n\n\n<li>Vel\u00e1zquez Arag\u00f3n,&nbsp; Alberto. 2000. Mineralizaci\u00f3n del nitr\u00f3geno en suelos de bosque mes\u00f3filo en la regi\u00f3n de El Rinc\u00f3n, Sierra Norte, Oaxaca, ern Tesis Profesional.&nbsp; Escuela de Ciencias Qu\u00edmicas.&nbsp; Universidad Aut\u00f3noma Benito Ju\u00e1rez de Oaxaca, Oaxaca, Oax. 2000. (Dic 2000)<\/li>\n\n\n\n<li>Garc\u00eda Casas, Mar\u00eda del Carmen.&nbsp; 2000. Estudio de la variaci\u00f3n gen\u00e9tica de Pinus chiapensis (Mart.) Andresen a trav\u00e9s de m\u00e9todos electrofor\u00e9ticos. Tesis Profesional. Benem\u00e9rita Universidad Aut\u00f3noma de Puebla, Facultad de Ciencias Qu\u00edmicas, Puebla, Pue.(31 Octubre 2000)<\/li>\n\n\n\n<li>Hern\u00e1ndez Alvarez, Graciela de Jes\u00fas.&nbsp; 1995. Factores ed\u00e1ficos que determinan el crecimiento de Pinus chiapensis&nbsp; en la Sierra Norte de Oaxaca. Tesis de licenciatura.&nbsp; Escuela de Ciencis Qu\u00edmicas.&nbsp; Universidad Aut\u00f3noma Benito Ju\u00e1rez de Oaxaca. (Agosto 1995)<\/li>\n<\/ul>\n","protected":false},"excerpt":{"rendered":"<p>Tesis de doctorado concluidas recientes&nbsp; Tesis de maestr\u00eda concluidas<\/p>\n","protected":false},"author":36,"featured_media":0,"parent":0,"menu_order":0,"comment_status":"closed","ping_status":"closed","template":"","meta":{"_swt_meta_header_display":false,"_swt_meta_footer_display":false,"_swt_meta_site_title_display":false,"_swt_meta_sticky_header":false,"_swt_meta_transparent_header":false,"footnotes":""},"class_list":["post-15","page","type-page","status-publish","hentry"],"_links":{"self":[{"href":"https:\/\/web.ciidiroaxaca.ipn.mx\/fsanchez\/wp-json\/wp\/v2\/pages\/15","targetHints":{"allow":["GET"]}}],"collection":[{"href":"https:\/\/web.ciidiroaxaca.ipn.mx\/fsanchez\/wp-json\/wp\/v2\/pages"}],"about":[{"href":"https:\/\/web.ciidiroaxaca.ipn.mx\/fsanchez\/wp-json\/wp\/v2\/types\/page"}],"author":[{"embeddable":true,"href":"https:\/\/web.ciidiroaxaca.ipn.mx\/fsanchez\/wp-json\/wp\/v2\/users\/36"}],"replies":[{"embeddable":true,"href":"https:\/\/web.ciidiroaxaca.ipn.mx\/fsanchez\/wp-json\/wp\/v2\/comments?post=15"}],"version-history":[{"count":8,"href":"https:\/\/web.ciidiroaxaca.ipn.mx\/fsanchez\/wp-json\/wp\/v2\/pages\/15\/revisions"}],"predecessor-version":[{"id":67,"href":"https:\/\/web.ciidiroaxaca.ipn.mx\/fsanchez\/wp-json\/wp\/v2\/pages\/15\/revisions\/67"}],"wp:attachment":[{"href":"https:\/\/web.ciidiroaxaca.ipn.mx\/fsanchez\/wp-json\/wp\/v2\/media?parent=15"}],"curies":[{"name":"wp","href":"https:\/\/api.w.org\/{rel}","templated":true}]}}