{"id":14,"date":"2011-10-17T17:13:44","date_gmt":"2011-10-17T17:13:44","guid":{"rendered":"https:\/\/web.ciidiroaxaca.ipn.mx\/fsanchez\/proyectos-de-investigacion\/"},"modified":"2025-10-15T12:03:21","modified_gmt":"2025-10-15T18:03:21","slug":"proyectos-de-investigacion","status":"publish","type":"page","link":"https:\/\/web.ciidiroaxaca.ipn.mx\/fsanchez\/proyectos-de-investigacion\/","title":{"rendered":"Proyectos de investigaci\u00f3n"},"content":{"rendered":"\n<h4 class=\"wp-block-heading\"><strong>Din\u00e1mica de sistemas biol\u00f3gicos en paisajes de monta\u00f1a fuertemente antropizados<\/strong><\/h4>\n\n\n\n<p>Desde el nivel gen\u00e9tico hasta el paisaj\u00edstico las actividades humanas han modificado fuertemente a los seres vivos. M\u00e9xico y el sureste en particular, no es la excepci\u00f3n. Esta regi\u00f3n ha sido fuertemente poblada desde tiempos milenarios.&nbsp; Estoy trabajando para entender de qu\u00e9 manera esas actividades est\u00e1n alterando a las plantas y su paisaje, en particular los paisajes de monta\u00f1a. Nuestros estudios muestran que estos paisajes son muy din\u00e1micas y que la vegetaci\u00f3n y sus componentes responden de diversas maneras no siempre obvias ante estos cambios.&nbsp; Hemos encontrado que la mayor parte de los ecosistemas de monta\u00f1a de Oaxaca han sido alterados en el pasado y que la vegetaci\u00f3n actual es el resultado de esas alteraciones.&nbsp; Contrariamente al dictado com\u00fan en conservaci\u00f3n de no tocar y excluir al humano, nuestros estudios muestran que niveles de moderados de perturbaci\u00f3n como los causados para la milpa tradicional pueden favorecer una gran diversidad desde nivel de paisaje hasta el gen\u00e9tico.&nbsp; Para ello estamos usando una gran variedad de herramientas y sistemas desde el uso de sensores remotos como sat\u00e9lites y drones (en colaboraci\u00f3n con Matthias Ros y Ra\u00fal Rivera, laboratorio de SIG) estudios sucesionales de la vegetaci\u00f3n y el uso de especies indicadores como el Pinus chiapensis cuya presencia y abundancia y diversidad gen\u00e9tica est\u00e1 fuertemente asociada con las milpas abandonadas en bosques h\u00famedos de monta\u00f1a. Abril Velasco Murgu\u00eda estudiante de doctorado estudi\u00f3 recientemente la din\u00e1mica sucesional de bosques h\u00famedos templados en la Mixteca en milpas abandonadas y Miguel Hern\u00e1ndez Cuevas, la din\u00e1mica en paisajes montanos h\u00famedos. Miriam Ram\u00edrez , estudio las relaciones que existen entre la invasi\u00f3n del helecho <em>Pteridium<\/em> <em>esculentum <\/em>subsp<em>. arachnoideum<\/em> en terrenos cultivados de ma\u00edz en \u00e1reas de&nbsp; bosque mes\u00f3filo de monta\u00f1a. Esta especie no s\u00f3lo afecta la agricultura, sino parece estar impediendo la regeneraci\u00f3n natural del bosque en \u00e1reas de cultivo en barbecho. Tambien hemos identificado este helecho molecularmente usando c\u00f3digo de barras de ADN <\/p>\n\n\n\n<h4 class=\"wp-block-heading\"><strong>C\u00f3digo de barras gen\u00e9tico<\/strong><\/h4>\n\n\n\n<p>En mi laboratorio estamos iniciando una nueva l\u00ednea de investigaci\u00f3n para colaborar con el proyecto c\u00f3digo de barras de organismos mexicanos con especies de plantas de plantas vasculares de ecosistemas de monta\u00f1a del sureste de M\u00e9xico.&nbsp; Para ello, trabajo con la Doctora Sonia Trujillo Argueta, encargada del Laboratorio de Ecolog\u00eda y Gen\u00e9tica Vegetal del CIIDIR Oaxaca y directora de este proyecto. Hasta ahora hemos tenido \u00e9xito con RBCL y los primeros resultados de este proyecto ya fueron subidos a la p\u00e1gina BOLD y GENEBANK y publicados.&nbsp; Por ahora estamos probando con MATK y el espaciador interg\u00e9nico psbA-trnH. Adem\u00e1s, estamos colaborando con el Dr. Daniel Tejero Di\u00e9z (UNAM) en el grupo de helechos. Tambien hemos iniciado un trabajo colaborativo con el equipo de Matthias Ross<\/p>\n\n\n\n<h4 class=\"wp-block-heading\"><strong>&nbsp;Evoluci\u00f3n de sistemas de cruzamiento en plantas<\/strong><\/h4>\n\n\n\n<p>Las fuerzas evolutivas que mantienen los sistemas de cruzamiento y el polimorfismo sexual en plantas, permanecen siendo una inc\u00f3gnita, a pesar de la gran trascendencia que tienen para la subsistencia de estas especies y sus efectos pr\u00e1cticos.&nbsp; Estamos desarrollando modelos para tratar de entender estas variaciones usando a Opuntia robusta, una planta sexualmente polim\u00f3rfica, como modelo de estudio.&nbsp; Uno de los resultados sorprendentes es que las actividades humanas est\u00e1n jugando un papel muy importante al favorecer el polimorfismo sexual de esta especie.&nbsp; Al mismo tiempo, trabajamos en colaboraci\u00f3n con la Dra. Mar\u00eda del Carmen Mandujano (UNAM) y el alumno de doctorado Eder Ort\u00edz Mart\u00ednez para explorar los efectos de la hibridaci\u00f3n en Opuntia.<\/p>\n\n\n\n<h4 class=\"wp-block-heading\"><strong>Biodiversidad en el \u00e1rea circundante al sitio arqueol\u00f3gico de Monte Alb\u00e1n<\/strong><\/h4>\n\n\n\n<p>Las ruinas de Monte Alb\u00e1n son, sin duda, un gran atractivo de Oaxaca y una de las&nbsp; expresiones la magnificencia de las culturas ind\u00edgenas de M\u00e9xico.&nbsp; No obstante, poco se sabe acerca de la biodiversidad del \u00e1rea que circunda este sitio que pr\u00e1cticamente se est\u00e1 atrincherando ante el ingente crecimiento urbano y los monocultivos de agave para mezcal. Junto con la Dra. Sonia Trujillo Argueta. Estamos elaborando un inventario de la biodiversidad incluidas plantas, aves, insectos, nem\u00e1todos, moluscos, mam\u00edferos, hongos y l\u00edquenes que puedan ser captados fotogr\u00e1ficamente y elaborando una gu\u00eda ilustrada. Al mismo tiempo, estoy captando&nbsp; numerosos procesos y manifestaciones evolutivas y ecol\u00f3gicas como: depredaci\u00f3n, parasitismo, enfermedades ven\u00e9reas, dispersi\u00f3n, polinizaci\u00f3n, aposematismo, mimetismo, convergencias evolutivas. El objetivo es mostrar la capacidad del uso de la fotograf\u00eda digital para difundir la biodiversidad y sus procesos, establecer una memoria fotogr\u00e1fica de lo que hay en los albores de la tercera d\u00e9cada del siglo XXI en este lugar, estimular a otras personas a que hagan lo mismo, y ampliar el conocimiento sobre las redes tr\u00f3ficas que ah\u00ed se perviven y que contribuyen a mantener este amenazado ecosistema.<\/p>\n\n\n\n<h4 class=\"wp-block-heading\"><strong>Conservaci\u00f3n de la guacamaya verde Ara militaris<\/strong><\/h4>\n\n\n\n<p>El cambio clim\u00e1tico parece haber estar afectando los atributos demogr\u00e1ficos de la emblem\u00e1tica guacamaya verde en la regi\u00f3n de la Ca\u00f1ada, Oaxaca. Queremos probar la efectividad del \u00edndice NVDI y&nbsp; t\u00e9cnicas biocronol\u00f3gicas para tratar de asociar los cambios demogr\u00e1ficos observados por la estudiante de doctorado la M.C. Gladys Reyes Macedo en la guacamaya con los cambios hist\u00f3ricos en la productividad de la vegetaci\u00f3n y registrados en el crecimiento de especies vegetales a trav\u00e9s de anillos de crecimiento y otras marcas en plantas. En este ambicioso y multidisciplinario proyecto trabajamos en colaboraci\u00f3n con el Dr. Victor Adr\u00edan P\u00e9rez Crespo (UNAM) y el Dr. Alejandro Melgoza Salinas&nbsp; (Universidad Michoacana de San Nicol\u00e1s de Hidalgo).<\/p>\n\n\n\n<p>&nbsp;<\/p>\n","protected":false},"excerpt":{"rendered":"<p>Din\u00e1mica de sistemas biol\u00f3gicos en paisajes de monta\u00f1a fuertemente antropizados Desde el nivel gen\u00e9tico hasta el paisaj\u00edstico las actividades humanas han modificado fuertemente a los seres vivos. M\u00e9xico y el sureste en particular, no es la excepci\u00f3n. Esta regi\u00f3n ha sido fuertemente poblada desde tiempos milenarios.&nbsp; Estoy trabajando para entender de qu\u00e9 manera esas actividades [&hellip;]<\/p>\n","protected":false},"author":36,"featured_media":0,"parent":0,"menu_order":0,"comment_status":"closed","ping_status":"closed","template":"","meta":{"_swt_meta_header_display":false,"_swt_meta_footer_display":false,"_swt_meta_site_title_display":false,"_swt_meta_sticky_header":false,"_swt_meta_transparent_header":false,"footnotes":""},"class_list":["post-14","page","type-page","status-publish","hentry"],"_links":{"self":[{"href":"https:\/\/web.ciidiroaxaca.ipn.mx\/fsanchez\/wp-json\/wp\/v2\/pages\/14","targetHints":{"allow":["GET"]}}],"collection":[{"href":"https:\/\/web.ciidiroaxaca.ipn.mx\/fsanchez\/wp-json\/wp\/v2\/pages"}],"about":[{"href":"https:\/\/web.ciidiroaxaca.ipn.mx\/fsanchez\/wp-json\/wp\/v2\/types\/page"}],"author":[{"embeddable":true,"href":"https:\/\/web.ciidiroaxaca.ipn.mx\/fsanchez\/wp-json\/wp\/v2\/users\/36"}],"replies":[{"embeddable":true,"href":"https:\/\/web.ciidiroaxaca.ipn.mx\/fsanchez\/wp-json\/wp\/v2\/comments?post=14"}],"version-history":[{"count":7,"href":"https:\/\/web.ciidiroaxaca.ipn.mx\/fsanchez\/wp-json\/wp\/v2\/pages\/14\/revisions"}],"predecessor-version":[{"id":71,"href":"https:\/\/web.ciidiroaxaca.ipn.mx\/fsanchez\/wp-json\/wp\/v2\/pages\/14\/revisions\/71"}],"wp:attachment":[{"href":"https:\/\/web.ciidiroaxaca.ipn.mx\/fsanchez\/wp-json\/wp\/v2\/media?parent=14"}],"curies":[{"name":"wp","href":"https:\/\/api.w.org\/{rel}","templated":true}]}}