{"id":5,"date":"2018-05-07T14:50:12","date_gmt":"2018-05-07T14:50:12","guid":{"rendered":"https:\/\/web.ciidiroaxaca.ipn.mx\/fmleonm\/m-en-c-frank-manuel-leon-martinez\/"},"modified":"2025-09-17T20:09:51","modified_gmt":"2025-09-17T20:09:51","slug":"m-en-c-frank-manuel-leon-martinez","status":"publish","type":"page","link":"https:\/\/web.ciidiroaxaca.ipn.mx\/fmleonm\/","title":{"rendered":"M. en C. Frank Manuel Le\u00f3n Mart\u00ednez"},"content":{"rendered":"\n<p><\/p>\n\n\n\n<figure class=\"wp-block-image aligncenter\"><img decoding=\"async\" src=\"https:\/\/web.ciidiroaxaca.ipn.mx\/fmleonm\/wp-content\/uploads\/sites\/21\/2018\/05\/large_IMG_20190116_150118906.jpg\" alt=\"\"\/><\/figure>\n\n\n\n<h3 class=\"wp-block-heading has-text-align-center\">Maestro en Ciencias por el IPN CIIDIR Unidad Oaxaca<\/h3>\n\n\n\n<p class=\"has-text-align-center\">Licenciado en Ingenier\u00eda Qu\u00edmica por el ITO<\/p>\n\n\n\n<p class=\"has-text-align-center\">Estancia de Investigaci\u00f3n: Conjunto E, Facultad de Qu\u00edmica de la UNAM, Laboratorio de Pol\u00edmeros<\/p>\n\n\n\n<h3 class=\"wp-block-heading has-text-align-center\">Miembro del SNI 2018-2020, nivel I<\/h3>\n\n\n\n<p>&nbsp;<\/p>\n\n\n\n<p><strong>Disciplina: <\/strong>Ingenier\u00eda Qu\u00edmica<\/p>\n\n\n\n<p><strong>L\u00ednea de Investigaci\u00f3n: <\/strong>Reolog\u00eda de fluidos complejos<\/p>\n\n\n\n<p><strong>Temas de inter\u00e9s<\/strong><\/p>\n\n\n\n<ul class=\"wp-block-list\">\n<li>Reolog\u00eda de fluidos complejos: alimentos (chocolate, yogurt),\u00a0 pol\u00edmeros (gomas naturales, alginatos, mucilagos, pol\u00edmeros inorg\u00e1nicos), suspensiones coloidales y no coloidales, fluidos biol\u00f3gicos (saliva, sangre),\u00a0materiales de construcci\u00f3n (morteros, concreto y pastas de cemento Portland, concreto pol\u00edmerico, concreto geopol\u00edmerico, estucos y morteros de cal, entre otros).<\/li>\n\n\n\n<li>Desarrollo de aditivos qu\u00edmicos y materiales inteligentes para la industria<\/li>\n\n\n\n<li>Desarrollo prototipos de medici\u00f3n de propiedades reol\u00f3gicas a trav\u00e9s de t\u00e9cnicas de RMN y ultrasonido<\/li>\n\n\n\n<li>Caracterizaci\u00f3n de materiales biol\u00f3gicos, org\u00e1nicos e\u00a0inorg\u00e1nicos por espectroscopia de FTIR, ultrasonido, microscop\u00eda electr\u00f3nica de barrido y RMN<\/li>\n<\/ul>\n\n\n\n<p>&nbsp;<\/p>\n\n\n\n<p>Perfil<\/p>\n\n\n\n<p><a href=\"https:\/\/ipn.elsevierpure.com\/es\/persons\/frank-manuel-leon-martinez\" target=\"_blank\" rel=\"noreferrer noopener\">https:\/\/ipn.elsevierpure.com\/es\/persons\/frank-manuel-leon-martinez<\/a><\/p>\n\n\n\n<p><a href=\"https:\/\/www.researchgate.net\/profile\/Frank_Leon_Martinez\" target=\"_blank\" rel=\"noreferrer noopener\">https:\/\/www.researchgate.net\/profile\/Frank_Leon_Martinez<\/a><\/p>\n\n\n\n<p><a href=\"https:\/\/scholar.google.com.mx\/citations?hl=es&amp;user=FjHVSlQAAAAJ\" target=\"_blank\" rel=\"noreferrer noopener\">https:\/\/scholar.google.com.mx\/citations?hl=es&amp;user=FjHVSlQAAAAJ<\/a><\/p>\n\n\n\n<p>&nbsp;<\/p>\n\n\n\n<p>Enlaces de inter\u00e9s<\/p>\n\n\n\n<p><a href=\"https:\/\/leonfrk.wixsite.com\/gmbc-oaxaca\" target=\"_blank\" rel=\"noopener\">GMBC<\/a><a href=\"https:\/\/www.facebook.com\/GMBC.Oaxaca\" target=\"_blank\" rel=\"noopener\">&nbsp;<\/a><\/p>\n\n\n\n<p><a href=\"https:\/\/www.facebook.com\/GMBC.Oaxaca\" target=\"_blank\" rel=\"noreferrer noopener\">Facebook<\/a>\u00a0<\/p>\n\n\n\n<p>&nbsp;<\/p>\n\n\n\n<p>&nbsp;<\/p>\n\n\n\n<p>&nbsp;<\/p>\n","protected":false},"excerpt":{"rendered":"<p>Maestro en Ciencias por el IPN CIIDIR Unidad Oaxaca Licenciado en Ingenier\u00eda Qu\u00edmica por el ITO Estancia de Investigaci\u00f3n: Conjunto E, Facultad de Qu\u00edmica de la UNAM, Laboratorio de Pol\u00edmeros Miembro del SNI 2018-2020, nivel I &nbsp; Disciplina: Ingenier\u00eda Qu\u00edmica L\u00ednea de Investigaci\u00f3n: Reolog\u00eda de fluidos complejos Temas de inter\u00e9s &nbsp; Perfil https:\/\/ipn.elsevierpure.com\/es\/persons\/frank-manuel-leon-martinez https:\/\/www.researchgate.net\/profile\/Frank_Leon_Martinez https:\/\/scholar.google.com.mx\/citations?hl=es&amp;user=FjHVSlQAAAAJ [&hellip;]<\/p>\n","protected":false},"author":1,"featured_media":0,"parent":0,"menu_order":0,"comment_status":"closed","ping_status":"closed","template":"","meta":{"_swt_meta_header_display":false,"_swt_meta_footer_display":false,"_swt_meta_site_title_display":false,"_swt_meta_sticky_header":false,"_swt_meta_transparent_header":false,"footnotes":""},"class_list":["post-5","page","type-page","status-publish","hentry"],"_links":{"self":[{"href":"https:\/\/web.ciidiroaxaca.ipn.mx\/fmleonm\/wp-json\/wp\/v2\/pages\/5","targetHints":{"allow":["GET"]}}],"collection":[{"href":"https:\/\/web.ciidiroaxaca.ipn.mx\/fmleonm\/wp-json\/wp\/v2\/pages"}],"about":[{"href":"https:\/\/web.ciidiroaxaca.ipn.mx\/fmleonm\/wp-json\/wp\/v2\/types\/page"}],"author":[{"embeddable":true,"href":"https:\/\/web.ciidiroaxaca.ipn.mx\/fmleonm\/wp-json\/wp\/v2\/users\/1"}],"replies":[{"embeddable":true,"href":"https:\/\/web.ciidiroaxaca.ipn.mx\/fmleonm\/wp-json\/wp\/v2\/comments?post=5"}],"version-history":[{"count":1,"href":"https:\/\/web.ciidiroaxaca.ipn.mx\/fmleonm\/wp-json\/wp\/v2\/pages\/5\/revisions"}],"predecessor-version":[{"id":29,"href":"https:\/\/web.ciidiroaxaca.ipn.mx\/fmleonm\/wp-json\/wp\/v2\/pages\/5\/revisions\/29"}],"wp:attachment":[{"href":"https:\/\/web.ciidiroaxaca.ipn.mx\/fmleonm\/wp-json\/wp\/v2\/media?parent=5"}],"curies":[{"name":"wp","href":"https:\/\/api.w.org\/{rel}","templated":true}]}}