{"id":12,"date":"2018-05-07T14:56:39","date_gmt":"2018-05-07T14:56:39","guid":{"rendered":"https:\/\/web.ciidiroaxaca.ipn.mx\/fmleonm\/tesis\/"},"modified":"2025-09-17T20:29:18","modified_gmt":"2025-09-17T20:29:18","slug":"tesis","status":"publish","type":"page","link":"https:\/\/web.ciidiroaxaca.ipn.mx\/fmleonm\/tesis\/","title":{"rendered":"Tesis"},"content":{"rendered":"\n<h3 class=\"wp-block-heading\">INVITACI\u00d3N PARA ESTUDIANTES<\/h3>\n\n\n\n<p>Estudiantes interesados en desarrollar sus pr\u00e1cticas profesionales, servicio social, estacias de investigaci\u00f3n, tesis de licenciatura y maestr\u00eda, de las siguientes \u00e1reas: Ingenier\u00eda Qu\u00edmica, Ingenier\u00eda Bioqu\u00edmica, Ingenier\u00eda Civil, Ingenier\u00eda en Materiales, F\u00edsica, Ingenieria Electr\u00f3nica y Mecatr\u00f3nica, Ing. en Computaci\u00f3n, Ing. Mec\u00e1nica u otras Ingenier\u00edas afines, pueden ponerse en contacto con su servidor, tenemos actividades espec\u00edficas para cada una de las \u00e1reas de la ingenier\u00eda, nuestro grupo de investigaci\u00f3n es un grupo interdisciplinario que toma ventaja de cada una de las h\u00e1bilidades adquiridas por especialidad y motivamos el desarrollo creativo de nuestros integrantes.<\/p>\n\n\n\n<h3 class=\"wp-block-heading\">PROPUESTAS DE TESIS PARA ESTUDIANTES DE LICENCIATURA<\/h3>\n\n\n\n<p>Extracci\u00f3n, purificaci\u00f3n y caracterizaci\u00f3n reol\u00f3gica de muc\u00edlagos de cact\u00e1ceas&nbsp;como aditivos en la industria<\/p>\n\n\n\n<p>Determinaci\u00f3n de propiedades mec\u00e1nicas de morteros de cal&nbsp;modificados con muc\u00edlagos<\/p>\n\n\n\n<h3 class=\"wp-block-heading\">PROPUESTAS DE TESIS PARA ESTUDIANTES DE POSGRADO<\/h3>\n\n\n\n<ul class=\"wp-block-list\">\n<li>Determinaci\u00f3n de propiedades reol\u00f3gicas, estabilidad est\u00e1tica y din\u00e1mica de suspensiones de part\u00edculas gruesas mediante an\u00e1lisis de onda de baja frecuencia<\/li>\n\n\n\n<li>Cin\u00e9tica, mecanismos de nucleaci\u00f3n y polimorfismo en procesos de carbonaci\u00f3n modificados con biopolisac\u00e1ridos<\/li>\n\n\n\n<li>Reolog\u00eda de fluidos con esfuerzo de fluencia con aplicaciones para impresi\u00f3n 3D<\/li>\n\n\n\n<li>Aislamiento, caracterizaci\u00f3n de biominerales y sus aplicaciones en materiales de construcci\u00f3n<\/li>\n<\/ul>\n\n\n\n<h3 class=\"wp-block-heading\">\u00a0TESIS DE MAESTR\u00cdA DIRIGIDAS<\/h3>\n\n\n\n<p>Monitoreo mediante resonancia magn\u00e9tica del curado interno de pasta de cemento conteniendo vidrio volc\u00e1nico o pol\u00edmero superabsorbente. Manuel Alejandro L\u00f3pez Arellanes, Maestr\u00eda en Ciencias en Conservaci\u00f3n y Aprovechamiento de Recursos Naturales, T\u00e9sis sustentada el 13 de enero de 2020. Directores de tesis: Dr. Prisciliano F. de J. Cano Barrita y M. en C. Frank M. Le\u00f3n Mart\u00ednez.<\/p>\n\n\n\n<p>&nbsp;<\/p>\n","protected":false},"excerpt":{"rendered":"<p>INVITACI\u00d3N PARA ESTUDIANTES Estudiantes interesados en desarrollar sus pr\u00e1cticas profesionales, servicio social, estacias de investigaci\u00f3n, tesis de licenciatura y maestr\u00eda, de las siguientes \u00e1reas: Ingenier\u00eda Qu\u00edmica, Ingenier\u00eda Bioqu\u00edmica, Ingenier\u00eda Civil, Ingenier\u00eda en Materiales, F\u00edsica, Ingenieria Electr\u00f3nica y Mecatr\u00f3nica, Ing. en Computaci\u00f3n, Ing. Mec\u00e1nica u otras Ingenier\u00edas afines, pueden ponerse en contacto con su servidor, tenemos [&hellip;]<\/p>\n","protected":false},"author":1,"featured_media":0,"parent":0,"menu_order":0,"comment_status":"closed","ping_status":"closed","template":"","meta":{"_swt_meta_header_display":false,"_swt_meta_footer_display":false,"_swt_meta_site_title_display":false,"_swt_meta_sticky_header":false,"_swt_meta_transparent_header":false,"footnotes":""},"class_list":["post-12","page","type-page","status-publish","hentry"],"_links":{"self":[{"href":"https:\/\/web.ciidiroaxaca.ipn.mx\/fmleonm\/wp-json\/wp\/v2\/pages\/12","targetHints":{"allow":["GET"]}}],"collection":[{"href":"https:\/\/web.ciidiroaxaca.ipn.mx\/fmleonm\/wp-json\/wp\/v2\/pages"}],"about":[{"href":"https:\/\/web.ciidiroaxaca.ipn.mx\/fmleonm\/wp-json\/wp\/v2\/types\/page"}],"author":[{"embeddable":true,"href":"https:\/\/web.ciidiroaxaca.ipn.mx\/fmleonm\/wp-json\/wp\/v2\/users\/1"}],"replies":[{"embeddable":true,"href":"https:\/\/web.ciidiroaxaca.ipn.mx\/fmleonm\/wp-json\/wp\/v2\/comments?post=12"}],"version-history":[{"count":2,"href":"https:\/\/web.ciidiroaxaca.ipn.mx\/fmleonm\/wp-json\/wp\/v2\/pages\/12\/revisions"}],"predecessor-version":[{"id":39,"href":"https:\/\/web.ciidiroaxaca.ipn.mx\/fmleonm\/wp-json\/wp\/v2\/pages\/12\/revisions\/39"}],"wp:attachment":[{"href":"https:\/\/web.ciidiroaxaca.ipn.mx\/fmleonm\/wp-json\/wp\/v2\/media?parent=12"}],"curies":[{"name":"wp","href":"https:\/\/api.w.org\/{rel}","templated":true}]}}