{"id":11,"date":"2018-05-07T14:55:13","date_gmt":"2018-05-07T14:55:13","guid":{"rendered":"https:\/\/web.ciidiroaxaca.ipn.mx\/fmleonm\/proyectos-de-investigacion\/"},"modified":"2025-09-17T20:14:25","modified_gmt":"2025-09-17T20:14:25","slug":"proyectos-de-investigacion","status":"publish","type":"page","link":"https:\/\/web.ciidiroaxaca.ipn.mx\/fmleonm\/proyectos-de-investigacion\/","title":{"rendered":"Proyectos de investigaci\u00f3n"},"content":{"rendered":"\n<h3 class=\"wp-block-heading\">Proyectos Dirigidos<\/h3>\n\n\n\n<p>Estudio del esfuerzo de cedencia din\u00e1mico y est\u00e1tico de pastas de cemento Portland mediante espectroscopia de ultrasonido. Clave <strong>SIP 20151271<\/strong>.<\/p>\n\n\n\n<p>An\u00e1lisis de suspensiones de part\u00edculas esf\u00e9ricas no coloidales en fluido viscopl\u00e1stico por medio de ultrasonido. Clave <strong>SIP 20170670<\/strong>.<\/p>\n\n\n\n<p>Desarrollo de c\u00e1psulas con acci\u00f3n auto-reparante de microgrietas de concreto utilizando vidrio volc\u00e1nico poroso, clave <strong>SIP 20196175<\/strong>.<\/p>\n\n\n\n<div style=\"height:43px\" aria-hidden=\"true\" class=\"wp-block-spacer\"><\/div>\n\n\n\n<h3 class=\"wp-block-heading\">Proyectos como participante<\/h3>\n\n\n\n<p>Desarrollo de aditivos, compuestos y energ\u00eda sustentables para la industria del concreto. Clave <strong>CONACyT 137669<\/strong><\/p>\n\n\n\n<p>Desarrollo tecnol\u00f3gico de aditivos sustentables de alto valor agregado para la industria del concreto: modificadores de viscosidad (autoconsolidables), aligerantes y desmoldantes. Clave <strong>CONACyT 150440<\/strong><\/p>\n\n\n\n<p>Fortalecimiento del laboratorio de t\u00e9cnicas no destructivas y an\u00e1lisis de materiales del CIIDIR Unidad Oaxaca. Clave<strong> CONACyT 225183<\/strong>, convocatoria INFR-2014-01<\/p>\n\n\n\n<p>Estudio de las propiedades de durabilidad del recubrimiento del concreto por medio de resonancia magn\u00e9tica de los n\u00facleos 1H y 35Cl, Proyecto CB-2014 P\u00e9riodo\u00a0 \u00a0(2015-2018). Clave <strong>CONACyT 239727\u00a0<\/strong><\/p>\n\n\n\n<p>&nbsp; &nbsp; &nbsp;&nbsp;<\/p>\n","protected":false},"excerpt":{"rendered":"<p>Proyectos Dirigidos Estudio del esfuerzo de cedencia din\u00e1mico y est\u00e1tico de pastas de cemento Portland mediante espectroscopia de ultrasonido. Clave SIP 20151271. An\u00e1lisis de suspensiones de part\u00edculas esf\u00e9ricas no coloidales en fluido viscopl\u00e1stico por medio de ultrasonido. Clave SIP 20170670. Desarrollo de c\u00e1psulas con acci\u00f3n auto-reparante de microgrietas de concreto utilizando vidrio volc\u00e1nico poroso, clave [&hellip;]<\/p>\n","protected":false},"author":1,"featured_media":0,"parent":0,"menu_order":0,"comment_status":"closed","ping_status":"closed","template":"","meta":{"_swt_meta_header_display":false,"_swt_meta_footer_display":false,"_swt_meta_site_title_display":false,"_swt_meta_sticky_header":false,"_swt_meta_transparent_header":false,"footnotes":""},"class_list":["post-11","page","type-page","status-publish","hentry"],"_links":{"self":[{"href":"https:\/\/web.ciidiroaxaca.ipn.mx\/fmleonm\/wp-json\/wp\/v2\/pages\/11","targetHints":{"allow":["GET"]}}],"collection":[{"href":"https:\/\/web.ciidiroaxaca.ipn.mx\/fmleonm\/wp-json\/wp\/v2\/pages"}],"about":[{"href":"https:\/\/web.ciidiroaxaca.ipn.mx\/fmleonm\/wp-json\/wp\/v2\/types\/page"}],"author":[{"embeddable":true,"href":"https:\/\/web.ciidiroaxaca.ipn.mx\/fmleonm\/wp-json\/wp\/v2\/users\/1"}],"replies":[{"embeddable":true,"href":"https:\/\/web.ciidiroaxaca.ipn.mx\/fmleonm\/wp-json\/wp\/v2\/comments?post=11"}],"version-history":[{"count":2,"href":"https:\/\/web.ciidiroaxaca.ipn.mx\/fmleonm\/wp-json\/wp\/v2\/pages\/11\/revisions"}],"predecessor-version":[{"id":32,"href":"https:\/\/web.ciidiroaxaca.ipn.mx\/fmleonm\/wp-json\/wp\/v2\/pages\/11\/revisions\/32"}],"wp:attachment":[{"href":"https:\/\/web.ciidiroaxaca.ipn.mx\/fmleonm\/wp-json\/wp\/v2\/media?parent=11"}],"curies":[{"name":"wp","href":"https:\/\/api.w.org\/{rel}","templated":true}]}}