{"id":10,"date":"2018-05-07T14:52:23","date_gmt":"2018-05-07T14:52:23","guid":{"rendered":"https:\/\/web.ciidiroaxaca.ipn.mx\/fmleonm\/publicaciones\/"},"modified":"2025-09-17T20:26:00","modified_gmt":"2025-09-17T20:26:00","slug":"publicaciones","status":"publish","type":"page","link":"https:\/\/web.ciidiroaxaca.ipn.mx\/fmleonm\/publicaciones\/","title":{"rendered":"Publicaciones"},"content":{"rendered":"\n<h3 class=\"wp-block-heading\">Publicaciones en revistas indizadas de circulaci\u00f3n internacional<\/h3>\n\n\n\n<p>P\u00e9rez-Herrera A., Mart\u00ednez-Guti\u00e9rrez G.A., <strong>Le\u00f3n-Mart\u00ednez F.M.<\/strong>, S\u00e1nchez-Medina M.A. (2020). The effect of the presence of seeds on the nutraceutical, sensory and rheological properties of Physalis spp. Fruits jam: A comparative analysis. Food Chemestry, 302:125141.&nbsp; <a href=\"https:\/\/doi.org\/10.1016\/j.foodchem.2019.125141\" target=\"_blank\" rel=\"noreferrer noopener\">https:\/\/doi.org\/10.1016\/j.foodchem.2019.125141<\/a><\/p>\n\n\n\n<p>Villarreal A., Cosmes-L\u00f3pez M.,<strong> Le\u00f3n-Mart\u00ednez F.M.<\/strong>, Castellanos F., Solis-Najera S.E., Medina L. (2019). Ultrasonic phase velocity of carbonated cement paste probes. Applied Acoustic, 154:129-134.&nbsp; <a href=\"https:\/\/doi.org\/10.1016\/j.apacoust.2019.04.011\" target=\"_blank\" rel=\"noreferrer noopener\">https:\/\/doi.org\/10.1016\/j.apacoust.2019.04.011<\/a><\/p>\n\n\n\n<p>Soto-Castro Delia, Guti\u00e9rrrez Miguel Ch\u00e1vez, <strong>Le\u00f3n-Mart\u00ednez Frank M.<\/strong>, Santiago-Garc\u00eda P.A., Arag\u00f3n-Lucero I., Antonio-Antonio Franco (2019). Spray drying microencapsulation of betalain rich extracts from Escontria chiotilla and Stenocereus queretaroensis fruits using cactus mucilage. Food Chemestry, 272:715-722.&nbsp;<a href=\"https:\/\/doi.org\/10.1016\/j.foodchem.2018.08.069\">https:\/\/doi.org\/10.1016\/j.foodchem.2018.08.069<\/a><\/p>\n\n\n\n<p><strong>F.M. Le\u00f3n-Mart\u00ednez,<\/strong> P.F. de J. Cano-Barrita (2017). Yield stress of mortars in rotational and oscillatory shear experiments conducted using a ball measuring system. Applied Rheology, 27(4):45838.&nbsp;<a href=\"http:\/\/doi.org\/10.3933\/ApplRheol-27-45838\" target=\"_blank\" rel=\"noreferrer noopener\">http:\/\/doi.org\/10.3933\/ApplRheol-27-45838<\/a><\/p>\n\n\n\n<p>E. F. Hern\u00e1ndez, P. F. de J. Cano-Barrita,<strong> F. M. Le\u00f3n-Mart\u00ednez<\/strong>, A. A. Torres-Acosta (2017). Performance of cactus mucilage and brown seaweed extract as steel corrosion inhibitor in chloride contaminated alkaline media. Anti-Corrosion Methods and Materials, 64(5):529-539.&nbsp;<a href=\"https:\/\/doi.org\/10.1108\/ACMM-02-2016-1646\" target=\"_blank\" rel=\"noreferrer noopener\">https:\/\/doi.org\/10.1108\/ACMM-02-2016-1646<\/a><\/p>\n\n\n\n<p>Patricia A. Santiago-Garc\u00eda, Erika Mellado-Mojica, <strong>Frank M. Le\u00f3n Mart\u00ednez<\/strong>, Mercedes G. L\u00f3pez (2017). Evaluation of Agave angustifolia fructans as fat replacer in the cookies manufacture. LWT-Food Science and Technology 77:100-109.&nbsp; <a href=\"https:\/\/doi.org\/10.1016\/j.lwt.2016.11.028\" target=\"_blank\" rel=\"noreferrer noopener\">https:\/\/doi.org\/10.1016\/j.lwt.2016.11.028<\/a><\/p>\n\n\n\n<p><strong>Le\u00f3n-Mart\u00ednez F. M<\/strong>., Abad-Z\u00e1rate E.F., Lagunez-Rivera L., Cano-Barrita P. F. de J. (2016). Laboratory and field performance of biodegradable release agents for hydraulic concrete. Materials and structures, 49(7):2731-2748. <a href=\"https:\/\/doi.org\/10.1617\/s11527-015-0681-8\">https:\/\/doi.org\/10.1617\/s11527-015-0681-8<\/a><\/p>\n\n\n\n<p><strong>Le\u00f3n-Mart\u00ednez F. M.<\/strong>, Cano-Barrita P.F. de J., Lagunez-Rivera L., Medina-Torres L., (2014). Study of nopal mucilage and brown seaweed extract as viscosity enhancing admixtures for cement based materials. Construction and Building Materials, 53:190-202.&nbsp;<a href=\"https:\/\/doi.org\/10.1016\/j.conbuildmat.2013.11.068\" target=\"_blank\" rel=\"noreferrer noopener\">https:\/\/doi.org\/10.1016\/j.conbuildmat.2013.11.068<\/a><\/p>\n\n\n\n<p>Jim\u00e9nez-Quero V.G., <strong>Le\u00f3n-Mart\u00ednez F. M.<\/strong>, Montes-Garc\u00eda P., Gaona-Tiburcio C., Chac\u00f3n-Nava J.G. (2013), Influence of sugar-cane bagasse ash and fly ash on the rheological behavior of cement pastes and mortars. Construction and Building Materials, 40:691-701.&nbsp;<a href=\"https:\/\/doi.org\/10.1016\/j.conbuildmat.2012.11.023\" target=\"_blank\" rel=\"noreferrer noopener\">https:\/\/doi.org\/10.1016\/j.conbuildmat.2012.11.023<\/a><\/p>\n\n\n\n<p><strong>Le\u00f3n-Mart\u00ednez F. M.<\/strong>, Rodr\u00edguez-Ram\u00edrez J., Medina-Torres L., &amp; M\u00e9ndez-Lagunas L.L. (2011). Effect of drying conditions on the rheological properties of reconstituted mucilage solutions (Opuntia ficus-indica). Carbohydrate Polymer, 84:439-445.&nbsp;<a href=\"https:\/\/doi.org\/10.1016\/j.carbpol.2010.12.004\" target=\"_blank\" rel=\"noreferrer noopener\">https:\/\/doi.org\/10.1016\/j.carbpol.2010.12.004<\/a><\/p>\n\n\n\n<p><strong>Le\u00f3n-Mart\u00ednez F. M.<\/strong>, M\u00e9ndez-Lagunas L. L., Rodr\u00edguez-Ram\u00edrez J. (2010). Spray drying of nopal mucilage (Opuntia ficus-indica): Effects on powder properties and characterization. Carbohydrate Polymer, 81:864-870. <a href=\"https:\/\/doi.org\/10.1016\/j.carbpol.2010.03.061\">h<\/a><a href=\"https:\/\/doi.org\/10.1016\/j.carbpol.2010.03.061\" target=\"_blank\" rel=\"noreferrer noopener\">ttps:\/\/doi.org\/10.1016\/j.carbpol.2010.03.061<\/a><\/p>\n\n\n\n<h3 class=\"wp-block-heading\">Publicaciones en revistas de circulaci\u00f3n nacional<\/h3>\n\n\n\n<p>Antonio S\u00e1nchez J.O.,&nbsp;<strong>Le\u00f3n-Mart\u00ednez F. M.<\/strong>,&nbsp; Cano-Barrita P. F. de J., Castellanos Le\u00f3n F.&nbsp;&nbsp;(2019). Correlaci\u00f3n entre propiedades de onda ultras\u00f3nica con el esfuerzo de fluencia de un fluido viscopl\u00e1stico, Contribuci\u00f3n al Conocimiento Cient\u00edfico y Tecnol\u00f3gico en Oaxaca, 3(3): 6-12.&nbsp;<a href=\"https:\/\/www.ciidiroaxaca.ipn.mx\/cccto\/publicaciones\/numeros-publicados\/vol-3-num-3.html\" target=\"_blank\" rel=\"noreferrer noopener\">CCCTO &#8211; Volumen 3 No. 3<\/a><\/p>\n\n\n\n<h3 class=\"wp-block-heading\">Cap\u00edtulos de libros<\/h3>\n\n\n\n<p>Cano-Barrita P. F. de J., <strong>Le\u00f3n-Mart\u00ednez F. M.<\/strong> (2016). Biopolymers with viscosity-enhancing properties for concrete (Chapter 11) in Biopolymers and Biotech Admixtures for Eco-Efficient Construction Materials, edited by Fernando Pacheco-Torgal, Volodymyr Ivanov, Niranjan Karak, Henk Jonkers, pp. 221-252. <a href=\"https:\/\/doi.org\/10.1016\/B978-0-08-100214-8.00011-7\" target=\"_blank\" rel=\"noreferrer noopener\">https:\/\/doi.org\/10.1016\/B978-0-08-100214-8.00011-7<\/a><\/p>\n\n\n\n<p>&nbsp;<\/p>\n\n\n\n<div class=\"wp-block-columns is-layout-flex wp-container-core-columns-is-layout-28f84493 wp-block-columns-is-layout-flex\">\n<div class=\"wp-block-column is-layout-flow wp-block-column-is-layout-flow\">\n<p><\/p>\n\n\n\n<figure class=\"wp-block-image aligncenter size-large is-resized\"><img loading=\"lazy\" decoding=\"async\" width=\"1024\" height=\"819\" src=\"https:\/\/web.ciidiroaxaca.ipn.mx\/fmleonm\/wp-content\/uploads\/sites\/21\/2018\/05\/crista-1024x819.jpg\" alt=\"\" class=\"wp-image-6\" style=\"width:384px;height:auto\" srcset=\"https:\/\/web.ciidiroaxaca.ipn.mx\/fmleonm\/wp-content\/uploads\/sites\/21\/2018\/05\/crista-1024x819.jpg 1024w, https:\/\/web.ciidiroaxaca.ipn.mx\/fmleonm\/wp-content\/uploads\/sites\/21\/2018\/05\/crista-300x240.jpg 300w, https:\/\/web.ciidiroaxaca.ipn.mx\/fmleonm\/wp-content\/uploads\/sites\/21\/2018\/05\/crista-768x614.jpg 768w, https:\/\/web.ciidiroaxaca.ipn.mx\/fmleonm\/wp-content\/uploads\/sites\/21\/2018\/05\/crista.jpg 1200w\" sizes=\"auto, (max-width: 1024px) 100vw, 1024px\" \/><\/figure>\n\n\n\n<figure class=\"wp-block-image aligncenter size-large\"><img loading=\"lazy\" decoding=\"async\" width=\"1024\" height=\"768\" src=\"https:\/\/web.ciidiroaxaca.ipn.mx\/fmleonm\/wp-content\/uploads\/sites\/21\/2018\/05\/IMG_20161125_143950679-1024x768.jpg\" alt=\"\" class=\"wp-image-8\" srcset=\"https:\/\/web.ciidiroaxaca.ipn.mx\/fmleonm\/wp-content\/uploads\/sites\/21\/2018\/05\/IMG_20161125_143950679-1024x768.jpg 1024w, https:\/\/web.ciidiroaxaca.ipn.mx\/fmleonm\/wp-content\/uploads\/sites\/21\/2018\/05\/IMG_20161125_143950679-300x225.jpg 300w, https:\/\/web.ciidiroaxaca.ipn.mx\/fmleonm\/wp-content\/uploads\/sites\/21\/2018\/05\/IMG_20161125_143950679-768x576.jpg 768w, https:\/\/web.ciidiroaxaca.ipn.mx\/fmleonm\/wp-content\/uploads\/sites\/21\/2018\/05\/IMG_20161125_143950679.jpg 1200w\" sizes=\"auto, (max-width: 1024px) 100vw, 1024px\" \/><\/figure>\n<\/div>\n\n\n\n<div class=\"wp-block-column is-layout-flow wp-block-column-is-layout-flow\">\n<p><\/p>\n\n\n\n<figure class=\"wp-block-image aligncenter size-large is-resized\"><img loading=\"lazy\" decoding=\"async\" width=\"1024\" height=\"768\" src=\"https:\/\/web.ciidiroaxaca.ipn.mx\/fmleonm\/wp-content\/uploads\/sites\/21\/2018\/05\/IMG_20170220_165935293-1024x768.jpg\" alt=\"\" class=\"wp-image-7\" style=\"width:405px;height:auto\" srcset=\"https:\/\/web.ciidiroaxaca.ipn.mx\/fmleonm\/wp-content\/uploads\/sites\/21\/2018\/05\/IMG_20170220_165935293-1024x768.jpg 1024w, https:\/\/web.ciidiroaxaca.ipn.mx\/fmleonm\/wp-content\/uploads\/sites\/21\/2018\/05\/IMG_20170220_165935293-300x225.jpg 300w, https:\/\/web.ciidiroaxaca.ipn.mx\/fmleonm\/wp-content\/uploads\/sites\/21\/2018\/05\/IMG_20170220_165935293-768x576.jpg 768w, https:\/\/web.ciidiroaxaca.ipn.mx\/fmleonm\/wp-content\/uploads\/sites\/21\/2018\/05\/IMG_20170220_165935293.jpg 1200w\" sizes=\"auto, (max-width: 1024px) 100vw, 1024px\" \/><\/figure>\n\n\n\n<figure class=\"wp-block-image aligncenter size-large\"><img loading=\"lazy\" decoding=\"async\" width=\"1024\" height=\"768\" src=\"https:\/\/web.ciidiroaxaca.ipn.mx\/fmleonm\/wp-content\/uploads\/sites\/21\/2018\/05\/SAM_0026-1024x768.jpg\" alt=\"\" class=\"wp-image-9\" srcset=\"https:\/\/web.ciidiroaxaca.ipn.mx\/fmleonm\/wp-content\/uploads\/sites\/21\/2018\/05\/SAM_0026-1024x768.jpg 1024w, https:\/\/web.ciidiroaxaca.ipn.mx\/fmleonm\/wp-content\/uploads\/sites\/21\/2018\/05\/SAM_0026-300x225.jpg 300w, https:\/\/web.ciidiroaxaca.ipn.mx\/fmleonm\/wp-content\/uploads\/sites\/21\/2018\/05\/SAM_0026-768x576.jpg 768w, https:\/\/web.ciidiroaxaca.ipn.mx\/fmleonm\/wp-content\/uploads\/sites\/21\/2018\/05\/SAM_0026.JPG 1200w\" sizes=\"auto, (max-width: 1024px) 100vw, 1024px\" \/><\/figure>\n<\/div>\n<\/div>\n","protected":false},"excerpt":{"rendered":"<p>Publicaciones en revistas indizadas de circulaci\u00f3n internacional P\u00e9rez-Herrera A., Mart\u00ednez-Guti\u00e9rrez G.A., Le\u00f3n-Mart\u00ednez F.M., S\u00e1nchez-Medina M.A. (2020). The effect of the presence of seeds on the nutraceutical, sensory and rheological properties of Physalis spp. Fruits jam: A comparative analysis. Food Chemestry, 302:125141.&nbsp; https:\/\/doi.org\/10.1016\/j.foodchem.2019.125141 Villarreal A., Cosmes-L\u00f3pez M., Le\u00f3n-Mart\u00ednez F.M., Castellanos F., Solis-Najera S.E., Medina L. (2019). [&hellip;]<\/p>\n","protected":false},"author":1,"featured_media":0,"parent":0,"menu_order":0,"comment_status":"closed","ping_status":"closed","template":"","meta":{"_swt_meta_header_display":false,"_swt_meta_footer_display":false,"_swt_meta_site_title_display":false,"_swt_meta_sticky_header":false,"_swt_meta_transparent_header":false,"footnotes":""},"class_list":["post-10","page","type-page","status-publish","hentry"],"_links":{"self":[{"href":"https:\/\/web.ciidiroaxaca.ipn.mx\/fmleonm\/wp-json\/wp\/v2\/pages\/10","targetHints":{"allow":["GET"]}}],"collection":[{"href":"https:\/\/web.ciidiroaxaca.ipn.mx\/fmleonm\/wp-json\/wp\/v2\/pages"}],"about":[{"href":"https:\/\/web.ciidiroaxaca.ipn.mx\/fmleonm\/wp-json\/wp\/v2\/types\/page"}],"author":[{"embeddable":true,"href":"https:\/\/web.ciidiroaxaca.ipn.mx\/fmleonm\/wp-json\/wp\/v2\/users\/1"}],"replies":[{"embeddable":true,"href":"https:\/\/web.ciidiroaxaca.ipn.mx\/fmleonm\/wp-json\/wp\/v2\/comments?post=10"}],"version-history":[{"count":4,"href":"https:\/\/web.ciidiroaxaca.ipn.mx\/fmleonm\/wp-json\/wp\/v2\/pages\/10\/revisions"}],"predecessor-version":[{"id":37,"href":"https:\/\/web.ciidiroaxaca.ipn.mx\/fmleonm\/wp-json\/wp\/v2\/pages\/10\/revisions\/37"}],"wp:attachment":[{"href":"https:\/\/web.ciidiroaxaca.ipn.mx\/fmleonm\/wp-json\/wp\/v2\/media?parent=10"}],"curies":[{"name":"wp","href":"https:\/\/api.w.org\/{rel}","templated":true}]}}