{"id":8,"date":"2024-10-03T19:31:13","date_gmt":"2024-10-03T19:31:13","guid":{"rendered":"https:\/\/web.ciidiroaxaca.ipn.mx\/fgumetag\/tesis\/"},"modified":"2025-10-21T13:17:01","modified_gmt":"2025-10-21T19:17:01","slug":"tesis","status":"publish","type":"page","link":"https:\/\/web.ciidiroaxaca.ipn.mx\/fgumetag\/tesis\/","title":{"rendered":"Tesis"},"content":{"rendered":"\n<h2 class=\"wp-block-heading rtecenter\"><strong>TEMA DE TESIS QUE SE OFRECEN<\/strong><\/h2>\n\n\n\n<ol class=\"wp-block-list\">\n<li>Investigaci\u00f3n e incidencia para la conformaci\u00f3n de c\u00f3mites intercomunitarios e intermunicipales en microcuencuas de los Valles Centrales de Oaxaca.<\/li>\n\n\n\n<li>Monitoreo y evaluaci\u00f3n socioambiental de estrategias de base comunitarias para la conservaci\u00f3n y restauraci\u00f3n de r\u00edos, humedales naturales y artificiales y ecosistemas riparios y ribere\u00f1os.&nbsp;<\/li>\n\n\n\n<li>Mecanismos y su evaluaci\u00f3n para establecer sistemas de alerta temprana de exposiciones a procesos contaminantes y agentes t\u00f3xicos<\/li>\n\n\n\n<li>Interacci\u00f3n de eventos clim\u00e1ticos extremos con factores sociales, pol\u00edticos, econ\u00f3micos y de infraestructura que generan escasez h\u00eddrica en comunidades rurales y zonas urbanas.&nbsp;<\/li>\n<\/ol>\n\n\n\n<h2 class=\"wp-block-heading\"><strong>DIRECCCION DE TESIS\/COMIT\u00c9S TUTELARES<\/strong><\/h2>\n\n\n\n<h3 class=\"wp-block-heading\"><strong>MAESTRIA EN CIENCIAS<\/strong><\/h3>\n\n\n\n<ul class=\"wp-block-list\">\n<li><strong>Direcci\u00f3n de tesis.<\/strong>\u00a0Estudiante Brenda N\u00fa\u00f1ez Olvera. T\u00edtulo de tesis: Evaluaci\u00f3n participativa de los servicios ecosist\u00e9micos de soporte y cultural del ecosistema marino-costero Punta Colorada, Oaxaca. Centro Interdisciplinario de Investigaci\u00f3n para el Desarrollo Integral Regional-Unidad Oaxaca. Instituto Polit\u00e9cnico Nacional.\u00a0<em>En proceso.<\/em><\/li>\n\n\n\n<li><strong>Direcci\u00f3n de tesis.<\/strong>\u00a0Estudiante Mayra Janete S\u00e1nchez Hern\u00e1ndez. T\u00edtulo de tesis: Evaluaci\u00f3n de buenas pr\u00e1cticas de manejo de microcuencas por comunidades rurales en la subcuenca del r\u00edo Atoyac-Salado, Oaxaca. Centro Interdisciplinario de Investigaci\u00f3n para el Desarrollo Integral Regional-Unidad Oaxaca. Instituto Polit\u00e9cnico Nacional.\u00a0<em>En proceso.<\/em><\/li>\n\n\n\n<li><strong>Integrante del Comit\u00e9 Tutorial\/Consejo Tutelar.\u00a0<\/strong>Estudiante Melisa Garc\u00eda Reyes. T\u00edtulo de tesis: \u201cMonitoreo h\u00eddrico comunitario en la subcuenca del r\u00edo Atoyac-Salado, Oaxaca\u201d. Centro Interdisciplinario de Investigaci\u00f3n para el Desarrollo Integral Regional-Unidad Oaxaca. Instituto Polit\u00e9cnico Nacional.\u00a0<em>En proceso.<\/em> <\/li>\n<\/ul>\n\n\n\n<h3 class=\"wp-block-heading\">DOCTORADO EN CIENCIAS<\/h3>\n\n\n\n<ul class=\"wp-block-list\">\n<li><strong>Direcci\u00f3n de tesis.<\/strong>\u00a0Estudiante Itzel Gayt\u00e1n Velasco. T\u00edtulo de tesis: Macroinvertebrados acu\u00e1ticos y su respuesta ante la fragmentaci\u00f3n de los r\u00edos en la subcuenca Atoyac, en Oaxaca, M\u00e9xico. Centro Interdisciplinario de Investigaci\u00f3n para el Desarrollo Integral Regional-Unidad Oaxaca. Instituto Polit\u00e9cnico Nacional.\u00a0<em>En proceso.<\/em><\/li>\n\n\n\n<li><strong>Direcci\u00f3n de tesis.<\/strong>\u00a0Estudiante Diana Dessire Xiqui Vega. T\u00edtulo de tesis: La paradoja de la denominaci\u00f3n de origen Mezcal en Oaxaca: reconfiguraciones e implicaciones socioambientales en el sistema complejos Maguey-Mezcal. Centro Interdisciplinario de Investigaci\u00f3n para el Desarrollo Integral Regional-Unidad Oaxaca. Instituto Polit\u00e9cnico Nacional.\u00a0<em>En proceso<\/em><\/li>\n\n\n\n<li><strong>Integrante del Comit\u00e9 Tutorial\/Consejo Tutelar.\u00a0<\/strong>Estudiante Ju\u00e1rez Morales Manuel. T\u00edtulo de tesis: \u201cValoraci\u00f3n econ\u00f3mica de servicios ecosist\u00e9micos de provisi\u00f3n de agua en la Cuenca Copalita, Oaxaca, M\u00e9xico\u201d. Centro Interdisciplinario de Investigaci\u00f3n para el Desarrollo Integral Regional-Unidad Oaxaca. Instituto Polit\u00e9cnico Nacional.\u00a0<em>En proceso.<\/em><\/li>\n\n\n\n<li><strong>Integrante del Comit\u00e9 Tutorial\/Consejo Tutelar.\u00a0<\/strong>Estudiante Azucena Hern\u00e1ndez Miranda. T\u00edtulo de tesis: \u201cUnidades de Manejo Ambiental del venado cola blanca en Oaxaca\u201d. Centro Interdisciplinario de Investigaci\u00f3n para el Desarrollo Integral Regional-Unidad Oaxaca. Instituto Polit\u00e9cnico Nacional.\u00a0<em>En proceso.<\/em><\/li>\n\n\n\n<li><strong>Integrante del Comit\u00e9 Tutorial\/Consejo Tutelar.\u00a0<\/strong>Estudiante Ane Galdos Balzategui. T\u00edtulo de tesis: \u201cAvances y desaf\u00edos en la medici\u00f3n de la Salud Planetaria asociada al agua para uso dom\u00e9stico: una propuesta metodol\u00f3gica con enfoque en el sur de M\u00e9xico\u201d. Colegio de la Frontera Sur-Unidad San Crist\u00f3bal de las Casas.\u00a0<em>Agosto 2025.<\/em><\/li>\n\n\n\n<li><strong>Examen Predoctoral.<\/strong>\u00a0Estudiante Ju\u00e1rez Morales Manuel. T\u00edtulo de tesis: \u201cValoraci\u00f3n econ\u00f3mica de servicios ecosist\u00e9micos de provisi\u00f3n de agua en la Cuenca Copalita, Oaxaca, M\u00e9xico\u201d. Centro Interdisciplinario de Investigaci\u00f3n para el Desarrollo Integral Regional-Unidad Oaxaca. Instituto Polit\u00e9cnico Nacional.\u00a0<em>2025.<\/em><\/li>\n<\/ul>\n","protected":false},"excerpt":{"rendered":"<p>TEMA DE TESIS QUE SE OFRECEN DIRECCCION DE TESIS\/COMIT\u00c9S TUTELARES MAESTRIA EN CIENCIAS DOCTORADO EN CIENCIAS<\/p>\n","protected":false},"author":44,"featured_media":0,"parent":0,"menu_order":0,"comment_status":"closed","ping_status":"closed","template":"","meta":{"_swt_meta_header_display":false,"_swt_meta_footer_display":false,"_swt_meta_site_title_display":false,"_swt_meta_sticky_header":false,"_swt_meta_transparent_header":false,"footnotes":""},"class_list":["post-8","page","type-page","status-publish","hentry"],"_links":{"self":[{"href":"https:\/\/web.ciidiroaxaca.ipn.mx\/fgumetag\/wp-json\/wp\/v2\/pages\/8","targetHints":{"allow":["GET"]}}],"collection":[{"href":"https:\/\/web.ciidiroaxaca.ipn.mx\/fgumetag\/wp-json\/wp\/v2\/pages"}],"about":[{"href":"https:\/\/web.ciidiroaxaca.ipn.mx\/fgumetag\/wp-json\/wp\/v2\/types\/page"}],"author":[{"embeddable":true,"href":"https:\/\/web.ciidiroaxaca.ipn.mx\/fgumetag\/wp-json\/wp\/v2\/users\/44"}],"replies":[{"embeddable":true,"href":"https:\/\/web.ciidiroaxaca.ipn.mx\/fgumetag\/wp-json\/wp\/v2\/comments?post=8"}],"version-history":[{"count":4,"href":"https:\/\/web.ciidiroaxaca.ipn.mx\/fgumetag\/wp-json\/wp\/v2\/pages\/8\/revisions"}],"predecessor-version":[{"id":52,"href":"https:\/\/web.ciidiroaxaca.ipn.mx\/fgumetag\/wp-json\/wp\/v2\/pages\/8\/revisions\/52"}],"wp:attachment":[{"href":"https:\/\/web.ciidiroaxaca.ipn.mx\/fgumetag\/wp-json\/wp\/v2\/media?parent=8"}],"curies":[{"name":"wp","href":"https:\/\/api.w.org\/{rel}","templated":true}]}}