{"id":7,"date":"2024-10-03T19:29:57","date_gmt":"2024-10-03T19:29:57","guid":{"rendered":"https:\/\/web.ciidiroaxaca.ipn.mx\/fgumetag\/proyectos-de-investigacion\/"},"modified":"2025-10-21T13:09:52","modified_gmt":"2025-10-21T19:09:52","slug":"proyectos-de-investigacion","status":"publish","type":"page","link":"https:\/\/web.ciidiroaxaca.ipn.mx\/fgumetag\/proyectos-de-investigacion\/","title":{"rendered":"Proyectos de investigaci\u00f3n"},"content":{"rendered":"\n<ul class=\"wp-block-list\">\n<li><strong>Investigador Participante\u00a0<\/strong>en \u201cMODULAGUA\u201d. Financiado por Pa\u00edses Bajos y gestionado por BD+P Beccan Davila Puentes en colaboraci\u00f3n con el Ayuntamiento del Municipio de Santa Cruz Xoxocotl\u00e1n. Septiembre 2025-Febrero 2026.<\/li>\n\n\n\n<li><strong>Investigador Participante\u00a0<\/strong>en \u201cEvaluaci\u00f3n ecol\u00f3gica ce invertebrados en Lagunas Costeras de Oaxaca como indicadores de salud ecosist\u00e9mica\u201d (SIP: 20254177). Financiado por el IPN como Proyectos de Impacto CyT. Enero-Diciembre 2025.<\/li>\n\n\n\n<li><strong>Investigador Participante\u00a0<\/strong>en \u201cEstado de salud y estructura de los arrecifes mesof\u00f3ticos como refugios potenciales para arrecifes someros en Huatulco\u201d (SIP: 20254249). Financiado por el IPN como Proyectos de Iniciaci\u00f3n. Enero-Diciembre 2025.<\/li>\n\n\n\n<li><strong>Investigador Participante<\/strong> en \u201cFactores socioecon\u00f3micos y pol\u00edticos que agudizan los efectos de la sequ\u00eda cr\u00f3nica por cambio clim\u00e1tico global y su impacto en el cumplimiento del derecho humano al agua: an\u00e1lisis y propuestas de soluci\u00f3n para el municipio de Magdalena Apasco y Santa Cruz Xoxocotl\u00e1n\u201d. Financiado por el IPN como Proyectos Extraordinarios de Investigaci\u00f3n 2024. Diciembre 2024-Febrero 2025.\u200e<\/li>\n\n\n\n<li><strong>Investigador Participante<\/strong> en \u201cCaracterizaci\u00f3n y valorizaci\u00f3n integral de residuos s\u00f3lidos urbanos y de manejo especial, para mejorar la eficiencia de su tratamiento e incorporaci\u00f3n a cadenas de valor con responsabilidad compartida en los municipios de Santa Cruz Xoxocotl\u00e1n y San Lorenzo Cacaotepec, Oaxaca\u201d. Financiado por el IPN como Proyectos Extraordinarios de Investigaci\u00f3n 2024. Diciembre 2024-Febrero 2025.\u200e<\/li>\n\n\n\n<li><strong>Investigador Participante<\/strong> en \u201cEstrategias colaborativas para la reapropiaci\u00f3n del ciclo socionatural del agua en la subcuenca Atoyac, Oaxaca mediante acciones de restauraci\u00f3n, saneamiento, monitoreo y cultura del agua para el bien com\u00fan y la justicia ambiental\u201d PRONAII 174-2024. Financiado por el CONAHCYT. Agosto 2024-Noviembre 2026.\u200e<\/li>\n\n\n\n<li><strong>Investigador Principal<\/strong>\u200e en \u201cPatrimonio y Artesan\u00edas: Oaxaca\u201d. Colaboraci\u00f3n con la Facultad de Bellas Artes \u2013 UABJO. Financiado por el Departamento de Estados Unidos a trav\u00e9s del Smithsonian Center for Folklife and Cultural Heritage. Octubre 2023- Septiembre 2024.\u200e<\/li>\n\n\n\n<li><strong>Investigador Participante<\/strong> en \u201cExploring the mesophotic reefs of the Mexican Pacific: structure, health, and connectivity with the shallow reef\u201d. Financiado por The National Geographic Society. Marzo 2023- Noviembre 2025.\u200e<\/li>\n\n\n\n<li><strong>Investigador Participante<\/strong> en \u201cDiagn\u00f3stico Cultural de los municipios integrados en el Megaproyecto del Corredor Interoc\u00e9anico\u201d. Colaboraci\u00f3n con la Facultad de Bellas Artes- UABJO. Financiado por la ANUIES. Mayo \u2013 Diciembre 2023.\u200e<\/li>\n\n\n\n<li><strong>Investigador Participante<\/strong> en \u201cExporer-led citizen science and community engagment in Zapotitlan Salinas\u201d. Financiado por The National Geographic and Society. Diciembre 2022-Agosto 2023.\u200e<\/li>\n\n\n\n<li><strong>Investigador Participante<\/strong>\u200e en \u201cEntre lo rural y lo urbano: tejiendo historias clim\u00e1ticas\u201d. Financiado por The Intergenerational Microgrants Fund by The Urban Movement Innovation Fund y patrocinado por The Social Change Nest y Parents for Furture Global. Noviembre 2022-Junio 2023.\u200e<\/li>\n\n\n\n<li><strong>Investigador Participante\u200e<\/strong> en \u201cUnraveling Zapotitlan\u00b4s socio-ecological situation: an intergenerational and gender perspective.\u201d Financiado por The National Geographic Society. Enero-Julio 2022.\u200e<\/li>\n\n\n\n<li><strong>Investigador Participante<\/strong> en \u201cA digital and print book about the Future of Sustainability Post- COVID-19\u201d. Financiado por The National Geographic Society. 2021.\u200e<\/li>\n\n\n\n<li><strong>Investigador Principal<\/strong> en \u201cBioBliz para explorar la diversidad de cact\u00e1ceas y suculentas de Santiago Quiotepec, San Juan Bautista Cuicatl\u00e1n, Oaxaca, con los miembros de la comunidad\u201d. Financiado por: The National Geographic Society. Junio 2020.\u200e<\/li>\n\n\n\n<li><strong>Investigador Participante<\/strong> en \u201cExploring the diversity of Chondrichthyes in shallow, deep and mesophotic reefs in the central coast of Oaxaca, Mexico\u201d. Financiado por: The National Geographic Society. Marzo 2019- junio 2021.<\/li>\n\n\n\n<li><strong>Investigador Principal<\/strong> en \u201cResilience and local adaptation to achieve water security in rural communities of The Papaloapan river basin, Mexico\u201d. Colaboraci\u00f3n con ECOSUR Unidad San Cristobal de Las Casas. Financiado por: The National Geographic Society. Octubre 2019-Agosto 2021.\u200e<\/li>\n\n\n\n<li><strong>Investigador Participante<\/strong> en \u201cTaxonom\u00eda molecular del g\u00e9nero Pyropia (Bangiales: Rhodophyta) del Pac\u00edfico Noroccidental Mexicano: Especies, distribuci\u00f3n y filogenia\u201d. Colaboraci\u00f3n con la UABCS. Financiado por CONACYT. Marzo 2018- Marzo 2021.\u200e<\/li>\n\n\n\n<li><strong>Investigador Participante<\/strong> en \u201cLocating feeding areas for adult sea turtles at the most important nesting grounds in the Southern Pacific coast of Mexico\u201d. Financiado por The National Geographic Society. Octubre 2017-Septiembre 2018.\u200e<\/li>\n<\/ul>\n\n\n\n<p><\/p>\n","protected":false},"excerpt":{"rendered":"","protected":false},"author":44,"featured_media":0,"parent":0,"menu_order":0,"comment_status":"closed","ping_status":"closed","template":"","meta":{"_swt_meta_header_display":false,"_swt_meta_footer_display":false,"_swt_meta_site_title_display":false,"_swt_meta_sticky_header":false,"_swt_meta_transparent_header":false,"footnotes":""},"class_list":["post-7","page","type-page","status-publish","hentry"],"_links":{"self":[{"href":"https:\/\/web.ciidiroaxaca.ipn.mx\/fgumetag\/wp-json\/wp\/v2\/pages\/7","targetHints":{"allow":["GET"]}}],"collection":[{"href":"https:\/\/web.ciidiroaxaca.ipn.mx\/fgumetag\/wp-json\/wp\/v2\/pages"}],"about":[{"href":"https:\/\/web.ciidiroaxaca.ipn.mx\/fgumetag\/wp-json\/wp\/v2\/types\/page"}],"author":[{"embeddable":true,"href":"https:\/\/web.ciidiroaxaca.ipn.mx\/fgumetag\/wp-json\/wp\/v2\/users\/44"}],"replies":[{"embeddable":true,"href":"https:\/\/web.ciidiroaxaca.ipn.mx\/fgumetag\/wp-json\/wp\/v2\/comments?post=7"}],"version-history":[{"count":4,"href":"https:\/\/web.ciidiroaxaca.ipn.mx\/fgumetag\/wp-json\/wp\/v2\/pages\/7\/revisions"}],"predecessor-version":[{"id":48,"href":"https:\/\/web.ciidiroaxaca.ipn.mx\/fgumetag\/wp-json\/wp\/v2\/pages\/7\/revisions\/48"}],"wp:attachment":[{"href":"https:\/\/web.ciidiroaxaca.ipn.mx\/fgumetag\/wp-json\/wp\/v2\/media?parent=7"}],"curies":[{"name":"wp","href":"https:\/\/api.w.org\/{rel}","templated":true}]}}