{"id":6,"date":"2024-10-03T19:28:04","date_gmt":"2024-10-03T19:28:04","guid":{"rendered":"https:\/\/web.ciidiroaxaca.ipn.mx\/fgumetag\/publicaciones\/"},"modified":"2025-10-21T13:12:49","modified_gmt":"2025-10-21T19:12:49","slug":"publicaciones","status":"publish","type":"page","link":"https:\/\/web.ciidiroaxaca.ipn.mx\/fgumetag\/publicaciones\/","title":{"rendered":"Publicaciones"},"content":{"rendered":"\n<h2 class=\"wp-block-heading\"><strong>Art\u00edculos arbitrados<\/strong><\/h2>\n\n\n\n<ul class=\"wp-block-list\">\n<li>Ram\u00edrez-Villanueva, R. I.,\u00a0<strong>Gumeta-G\u00f3mez, F.,<\/strong>\u00a0Hinojosa-Arango, G. 2025.\u00a0Systematic Analysis of Threats to Sea Turtles in Mexico: Trends, Knowledge Gaps, and Implications for Conservation. Oceans (<em>aceptado y<\/em>\u00a0<em>en prensa<\/em>).\u00a0<\/li>\n\n\n\n<li>Ju\u00e1rez-Morales, M., Regino-Maldonado, J.; Von Thaden Ugalde, J. J.,\u00a0<strong>Gumeta-G\u00f3mez, F.,<\/strong>\u00a0V\u00e1squez-L\u00f3pez, A., Ru\u00edz-Vega, J. 2025. Multitemporal Analysis of Tree Cover, Fragmentation, Connectivity, and Climate in Coastal Watersheds of Oaxaca, Mexico. Land, 14, 1808. https:\/\/doi.org\/10.3390\/ land14091808. <\/li>\n\n\n\n<li>Ramirez-Villanueva, R. I., <strong>Gumeta-G\u00f3mez, F<\/strong>. Lara-Uc, M., Lopez-Vivas, J.M., y Hinojosa-Arango, G. 2023. The use of the territorial sea by Lepidochelys olivacea (Eschscholtz, 1829) in front of nesting beaches in Oaxaca, M\u00e9xico. Journal Studies in Marine Science. https:\/\/doi.org\/10.1016\/j.rsma.2023.103065 &nbsp;\u200e<\/li>\n\n\n\n<li><strong>Gumeta-G\u00f3mez, F\u200e<\/strong>., S\u00e1enz-Arroyo, A., Hinojosa-Arango, G., Monz\u00f3n-Alvarado, C., Mesa-Jurado, M. A., y Molina, D. R. 2021. Understanding the complexity of water supply system governance: A proposal for a methodological framework. Water, 13, 2870. https:\/\/doi.org\/10.3390\/w13202870 \u200e<\/li>\n\n\n\n<li><strong>Gumeta-G\u00f3mez, F\u200e.<\/strong>, Dur\u00e1n, E., y Bray, D. B. 2016. Multilevel governance for local management of drinking water in Latin America: case studies from Costa Rica, Honduras and Mexico. Acta Universitaria. Multidisciplinary Scientific Journal. 26(NE-2), 68-78. \u200e<\/li>\n\n\n\n<li>Rodr\u00edguez, L. A., <strong>Gumeta, F.<\/strong> P\u00e9rez, M. E., Gonz\u00e1lez, M. 2023. Desarrollo (in) sostenible en territorios rurales de Am\u00e9rica Latina. An\u00e1lisis de las interacciones entre seguridad alimentaria y protecci\u00f3n de los ecosistemas terrestres en dos casos de estudio. Junio, No. 23. Centro de los Objetivos de Desarrollo Sostenible para Am\u00e9rica Latina. Bogot\u00e1, Colombia. ISNN 2665-6655. https:\/\/cods.uniandes.edu.co\/desarrollo-insostenible-en-territorios-rurales-de-america-latina\/ \u200e<\/li>\n<\/ul>\n\n\n\n<h2 class=\"wp-block-heading\"><strong>Cap\u00edtulos de Libro\u200e<\/strong><\/h2>\n\n\n\n<ul class=\"wp-block-list\">\n<li>Hern\u00e1ndez\u200e, C. A. E., <strong>Gumeta-G\u00f3mez, F.<\/strong>, Hinojosa-Arango, G., y Garc\u00eda, V. L. R. 2024. Diagn\u00f3stico cultural de los municipios integrados en el megaproyecto del Corredor Interoce\u00e1nico del Istmo de Tehuantepec, Oaxaca. &nbsp;En Gayt\u00e1n, B. L. (Coordinadora), 2024. Diagn\u00f3stico integral de la regi\u00f3n Istmo del Estado de Oaxaca, en el marco del megaproyecto Corredor Interoce\u00e1nico del Istmo de Tehuantepec. ANUIES, Ciudad de M\u00e9xico, Cap. II, p. 273-298.&nbsp;ISBN: 978-607-451-248-9.<\/li>\n\n\n\n<li>Duran, E., <strong>Gumeta-G\u00f3mez, F.<\/strong>, y Olgu\u00edn-Hern\u00e1ndez, L. 2019. El Manejo Comunitario en Paisajes Forestales.&nbsp;En: S. Avila y M. Perevochtikova (Eds). Sistemas Socioambientales desde la Teor\u00eda a la Pr\u00e1ctica: Caso de Oaxaca, M\u00e9xico. Instituto de Investigaciones Econ\u00f3micas-UNAM, Cap. 11, p. 199-219.&nbsp;ISBN (Impreso): 978-607-30-0550-0.&nbsp;<\/li>\n\n\n\n<li>Lara, U. M. M., Trejo, M. C., Resendiz, M. E., Lopez, V. J. M., Hinojosa-Arango, G.,<strong> Gumeta, G. F.<\/strong>, Ramos, A. D., Lucero, S. V., y Mota, C. R. 2019. Fauna asociada a tortuga amarilla Caretta caretta, tortuga verde del pacifico oriental Chelonia mydas, tortuga golfina Lepidochelys olivacea en la regi\u00f3n pen\u00ednsula de Baja California y Pacifico Norte. En: F. E. A. Cuevas, H. V. Guzm\u00e1n, S. J. J. Guerra y H. J. A. Rivas. El uso y conocimiento de las tortugas marinas como herramientas para la restauraci\u00f3n de sus poblaciones y h\u00e1bitats asociados. Universidad Aut\u00f3noma del Carmen, Cap\u00edtulo 21, p. 223-238.\u200e&nbsp;ISBN: 978-607-7826-51-4.<\/li>\n<\/ul>\n\n\n\n<h2 class=\"wp-block-heading\"><strong>Divulgaci\u00f3n y difusi\u00f3n cient\u00edfica<\/strong><\/h2>\n\n\n\n<ul class=\"wp-block-list\">\n<li><strong>Gumeta-Gomez, F.<\/strong>\u00a02025. Participaci\u00f3n en la Obra de teatro: Caperucita roja y el lobo mexicano. Curso Recreativo Vacacional 2025. Evento Local de Danza, M\u00fasica, Teatro, Artes Pl\u00e1sticas y Visuales, Artesan\u00edas. Instituto Mexicano del Seguro Social. Agosto 07, Oaxaca de Ju\u00e1rez, M\u00e9xico.<\/li>\n\n\n\n<li>Gonz\u00e1lez, C. O., Pinacho, C. J. C.,\u00a0<strong>Gumeta-G\u00f3mez, F.<\/strong>\u00a0y Ram\u00edrez, V. R. I. 2025. \u00bfy los peces? Fanzine. Septiembre, p. 1-2.\u00a0<\/li>\n\n\n\n<li>Rojas, O. A. y\u00a0<strong>Gumeta-G\u00f3mez, F<\/strong>. 2025. El monitoreo comunitario: Forjando al sujeto social del agua. Bolet\u00edn Cuenca Viva, N\u00famero 1, A\u00f1o 1, Julio-septiembre 2025, p. 21-25.\u00a0<a href=\"http:\/\/148.204.117.29\/index.php?id=10\">http:\/\/148.204.117.29\/index.php?id=10<\/a><\/li>\n\n\n\n<li>Miguel, G. E. y\u00a0<strong>Gumeta-G\u00f3mez, F<\/strong>. 2025. La lleva maestra: recuperando suelos y agua en San Andr\u00e9s Solaga. Bolet\u00edn Cuenca Viva, N\u00famero 1, A\u00f1o 1, Julio-septiembre 2025, p. 17-20.\u00a0<a href=\"http:\/\/148.204.117.29\/index.php?id=10\">http:\/\/148.204.117.29\/index.php?id=10<\/a><\/li>\n\n\n\n<li>Hern\u00e1ndez, E. V. C.,\u00a0<strong>Gumeta-G\u00f3mez, F.<\/strong>\u00a0y Rojas, O. A. 2025. Infograf\u00eda PRONAII 20214-174. Estrategias colaborativas rescate Atoyac-Salado. Bolet\u00edn Cuenca Viva, N\u00famero 1, A\u00f1o 1, Julio-septiembre 2025, p. 32.\u00a0<a href=\"http:\/\/148.204.117.29\/index.php?id=10\">http:\/\/148.204.117.29\/index.php?id=10<\/a><\/li>\n\n\n\n<li><strong>Gumeta-G\u00f3mez, F.<\/strong>\u00a0y Hinojosa-Arango, G. 2025. Del Hilo Roto al Tejido Vivo: Un Pacto colaborativo por el Atoyac-Salado. Bolet\u00edn Cuenca Viva, N\u00famero 1, A\u00f1o 1, Julio-septiembre 2025, p. 8-11.\u00a0<a href=\"http:\/\/148.204.117.29\/index.php?id=10\">http:\/\/148.204.117.29\/index.php?id=10<\/a><\/li>\n\n\n\n<li><strong>Gumeta-G\u00f3mez, F.<\/strong>\u00a02025. Mensaje editorial. Bolet\u00edn Cuenca Viva. N\u00famero 1, A\u00f1o 1, Julio-septiembre 2025, p. 3.\u00a0<a href=\"http:\/\/148.204.117.29\/index.php?id=10\">http:\/\/148.204.117.29\/index.php?id=10<\/a><\/li>\n\n\n\n<li>Hern\u00e1ndez, A. E.,\u00a0<strong>Gumeta-G\u00f3mez, F<\/strong>., Hinojosa-Arango, G. Carballido, M. 2025. Dance of the feather: A Oaxacan Flight between tradition and modernity. Folklife Magazine. Dance, Religi\u00f3n &amp; Spirituality, May, 13.\u00a0<a href=\"https:\/\/folklife.si.edu\/magazine\/oaxaca-feather-dance\">https:\/\/folklife.si.edu\/magazine\/oaxaca-feather-dance<\/a><\/li>\n\n\n\n<li>Academia Nacional de Investigaci\u00f3n y Desarrollo A.C. (y 21 Organizaciones de Base Comunitarias) y Espejel, A. S. (y 306 autores Investigadores), 2024. Pronunciamiento del PRONACES Agua. PRONACES, CONAHCYT, No. 23, Octubre. &nbsp;<\/li>\n\n\n\n<li><strong>Gumeta-G\u00f3mez, F\u200e.<\/strong>, y Hinojosa-Arango, G. 2022. Seguridad h\u00eddrica en comunidades rurales. Gobernanza, estrategias de manejos y evaluaci\u00f3n de la seguridad h\u00eddrica en las comunidades rurales de la cuenca del Papaloapan, Oaxaca. ArcGIS StoryMaps. https:\/\/arcg.is\/1eGyG. \u200e<\/li>\n\n\n\n<li>Ponce, de L. B. D., Hinojosa-Arango, G., <strong>Gumeta-G\u00f3mez, F.<\/strong> Ortiz, R. A., Mbabazi, E., Gutierrez, M. L., Sarkissian, K. 2022. Chapter 3: The future of pollution. River Story. Constructive vision ONG. https:\/\/constructivevisions.org\/book\/3.1 \u200e<\/li>\n\n\n\n<li><strong>Gumeta-G\u00f3mez, F\u200e.<\/strong>, Dur\u00e1n, E., y Hinojosa-Arango, G. 2019. La gobernanza del agua para uso dom\u00e9stico en M\u00e9xico \u00a1No siempre tan clara como el agua! Revista de divulgaci\u00f3n cient\u00edfica en l\u00ednea H2O Gesti\u00f3n del agua, p. 22-25. https:\/\/issuu.com\/helios_comunicacion\/docs\/h2o_22. \u200e<\/li>\n<\/ul>\n","protected":false},"excerpt":{"rendered":"<p>Art\u00edculos arbitrados Cap\u00edtulos de Libro\u200e Divulgaci\u00f3n y difusi\u00f3n cient\u00edfica<\/p>\n","protected":false},"author":44,"featured_media":0,"parent":0,"menu_order":0,"comment_status":"closed","ping_status":"closed","template":"","meta":{"_swt_meta_header_display":false,"_swt_meta_footer_display":false,"_swt_meta_site_title_display":false,"_swt_meta_sticky_header":false,"_swt_meta_transparent_header":false,"footnotes":""},"class_list":["post-6","page","type-page","status-publish","hentry"],"_links":{"self":[{"href":"https:\/\/web.ciidiroaxaca.ipn.mx\/fgumetag\/wp-json\/wp\/v2\/pages\/6","targetHints":{"allow":["GET"]}}],"collection":[{"href":"https:\/\/web.ciidiroaxaca.ipn.mx\/fgumetag\/wp-json\/wp\/v2\/pages"}],"about":[{"href":"https:\/\/web.ciidiroaxaca.ipn.mx\/fgumetag\/wp-json\/wp\/v2\/types\/page"}],"author":[{"embeddable":true,"href":"https:\/\/web.ciidiroaxaca.ipn.mx\/fgumetag\/wp-json\/wp\/v2\/users\/44"}],"replies":[{"embeddable":true,"href":"https:\/\/web.ciidiroaxaca.ipn.mx\/fgumetag\/wp-json\/wp\/v2\/comments?post=6"}],"version-history":[{"count":4,"href":"https:\/\/web.ciidiroaxaca.ipn.mx\/fgumetag\/wp-json\/wp\/v2\/pages\/6\/revisions"}],"predecessor-version":[{"id":50,"href":"https:\/\/web.ciidiroaxaca.ipn.mx\/fgumetag\/wp-json\/wp\/v2\/pages\/6\/revisions\/50"}],"wp:attachment":[{"href":"https:\/\/web.ciidiroaxaca.ipn.mx\/fgumetag\/wp-json\/wp\/v2\/media?parent=6"}],"curies":[{"name":"wp","href":"https:\/\/api.w.org\/{rel}","templated":true}]}}