{"id":5,"date":"2024-10-03T19:25:46","date_gmt":"2024-10-03T19:25:46","guid":{"rendered":"https:\/\/web.ciidiroaxaca.ipn.mx\/fgumetag\/dr-fernando-gumeta-gomez\/"},"modified":"2025-10-21T13:07:45","modified_gmt":"2025-10-21T19:07:45","slug":"dr-fernando-gumeta-gomez","status":"publish","type":"page","link":"https:\/\/web.ciidiroaxaca.ipn.mx\/fgumetag\/","title":{"rendered":"Dr. Fernando Gumeta G\u00f3mez"},"content":{"rendered":"\n<figure class=\"wp-block-image aligncenter\"><img decoding=\"async\" src=\"https:\/\/web.ciidiroaxaca.ipn.mx\/fgumetag\/wp-content\/uploads\/sites\/44\/2024\/10\/medium_foto_formal_FGG_2.jpg\" alt=\"\" \/><\/figure>\n\n\n\n<h3 class=\"wp-block-heading has-text-align-center\">Dr. en Ecolog\u00eda y Desarrollo Sustentable <\/h3>\n\n\n\n<p class=\"has-text-align-center\">(El Colegio de la Frontera Sur, Chiapas, M\u00e9xico).<\/p>\n\n\n\n<p class=\"has-text-align-center\">\u200eM. en C. en Conservaci\u00f3n y Aprovechamiento de Recursos Naturales. <\/p>\n\n\n\n<p class=\"has-text-align-center\">(IPN \/ CIIDIR- Unidad Oaxaca, M\u00e9xico)<\/p>\n\n\n\n<p class=\"has-text-align-center\">Ing. en Sistemas Costeros <\/p>\n\n\n\n<p class=\"has-text-align-center\">(UNACH, Chiapas, M\u00e9xico)<\/p>\n\n\n\n<h4 class=\"wp-block-heading has-text-align-center\">Investigador por M\u00e9xico del SECIHTI<\/h4>\n\n\n\n<h4 class=\"wp-block-heading has-text-align-center\">Sistema Nacional de Investigadores Nivel Candidato<\/h4>\n\n\n\n<p class=\"has-text-align-center\">National Geographic Explorer<\/p>\n\n\n\n<p><strong>\u00c1reas de Inter\u00e9s<\/strong><\/p>\n\n\n\n<p>Gesti\u00f3n integral de cuencas hidrogr\u00e1ficas, Gobernanza de los recursos naturales, Seguridad h\u00eddrica, Gesti\u00f3n comunitaria del agua, Investigaci\u00f3n e Incidencia en sistemas socio-ecol\u00f3gicos complejos, Investigaci\u00f3n-acci\u00f3n participativa, y Ecolog\u00eda acu\u00e1tica, costera y marina.\u00a0<\/p>\n\n\n\n<p><\/p>\n\n\n\n<p class=\"has-text-align-center\">Datos de Contacto:  fgumetag@ipn.mx &nbsp; &nbsp; &nbsp; &nbsp; &nbsp; &nbsp; &nbsp; &nbsp;fernando.gumeta@secihti.mx<\/p>\n","protected":false},"excerpt":{"rendered":"<p>Dr. en Ecolog\u00eda y Desarrollo Sustentable (El Colegio de la Frontera Sur, Chiapas, M\u00e9xico). \u200eM. en C. en Conservaci\u00f3n y Aprovechamiento de Recursos Naturales. (IPN \/ CIIDIR- Unidad Oaxaca, M\u00e9xico) Ing. en Sistemas Costeros (UNACH, Chiapas, M\u00e9xico) Investigador por M\u00e9xico del SECIHTI Sistema Nacional de Investigadores Nivel Candidato National Geographic Explorer \u00c1reas de Inter\u00e9s Gesti\u00f3n [&hellip;]<\/p>\n","protected":false},"author":44,"featured_media":0,"parent":0,"menu_order":0,"comment_status":"closed","ping_status":"closed","template":"","meta":{"_swt_meta_header_display":false,"_swt_meta_footer_display":false,"_swt_meta_site_title_display":false,"_swt_meta_sticky_header":false,"_swt_meta_transparent_header":false,"footnotes":""},"class_list":["post-5","page","type-page","status-publish","hentry"],"_links":{"self":[{"href":"https:\/\/web.ciidiroaxaca.ipn.mx\/fgumetag\/wp-json\/wp\/v2\/pages\/5","targetHints":{"allow":["GET"]}}],"collection":[{"href":"https:\/\/web.ciidiroaxaca.ipn.mx\/fgumetag\/wp-json\/wp\/v2\/pages"}],"about":[{"href":"https:\/\/web.ciidiroaxaca.ipn.mx\/fgumetag\/wp-json\/wp\/v2\/types\/page"}],"author":[{"embeddable":true,"href":"https:\/\/web.ciidiroaxaca.ipn.mx\/fgumetag\/wp-json\/wp\/v2\/users\/44"}],"replies":[{"embeddable":true,"href":"https:\/\/web.ciidiroaxaca.ipn.mx\/fgumetag\/wp-json\/wp\/v2\/comments?post=5"}],"version-history":[{"count":4,"href":"https:\/\/web.ciidiroaxaca.ipn.mx\/fgumetag\/wp-json\/wp\/v2\/pages\/5\/revisions"}],"predecessor-version":[{"id":46,"href":"https:\/\/web.ciidiroaxaca.ipn.mx\/fgumetag\/wp-json\/wp\/v2\/pages\/5\/revisions\/46"}],"wp:attachment":[{"href":"https:\/\/web.ciidiroaxaca.ipn.mx\/fgumetag\/wp-json\/wp\/v2\/media?parent=5"}],"curies":[{"name":"wp","href":"https:\/\/api.w.org\/{rel}","templated":true}]}}