{"id":7,"date":"2012-08-17T20:00:09","date_gmt":"2012-08-17T20:00:09","guid":{"rendered":"https:\/\/web.ciidiroaxaca.ipn.mx\/fdiego\/tesis\/"},"modified":"2025-09-23T19:46:46","modified_gmt":"2025-09-23T19:46:46","slug":"tesis","status":"publish","type":"page","link":"https:\/\/web.ciidiroaxaca.ipn.mx\/fdiego\/tesis\/","title":{"rendered":"Tesis"},"content":{"rendered":"\n<h3 class=\"wp-block-heading\">NIVEL LICENCIATURA<\/h3>\n\n\n\n<p>Dise\u00f1o de un rebanador de cormos de malanga<\/p>\n\n\n\n<p>Tesista: <strong>Pedro Rodrigo Soto Jim\u00e9nez<\/strong>, a\u00f1o 1997, alumno del Instituto Tecnol\u00f3gico de Oaxaca.<\/p>\n\n\n\n<p>Dise\u00f1o de un secador solar de rebanadas de malanga<\/p>\n\n\n\n<p>Tesista:<strong> Esa\u00fa de Jes\u00fas Zenteno Aquino<\/strong>, a\u00f1o 1997, alumno del Instituto Tecnol\u00f3gico de Oaxaca.<\/p>\n\n\n\n<p>An\u00e1lisis general de la situaci\u00f3n de la tracci\u00f3n animal en la Empresa de Cultivos Varios \u201cJuventud Her\u00f3ica\u201d<\/p>\n\n\n\n<p>Tesista: <strong>Roger Manreza Perdomo<\/strong>, a\u00f1o 1998, alumno de la Universidad de Ciego de \u00c1vila, Cuba.<\/p>\n\n\n\n<p>Dise\u00f1o de un horno ladrillero mejorado<\/p>\n\n\n\n<p>Tesista: <strong>Miguel Aguilar Lescas<\/strong>, a\u00f1o 2000, alumno del Instituto Tecnol\u00f3gico de Oaxaca.<\/p>\n\n\n\n<p>Propuesta para la implementaci\u00f3n de la calidad en la industria mezcalera de Oaxaca<\/p>\n\n\n\n<p>Tesistas: <strong>Hilda Ofelia Arellanes Olivera <\/strong>y<strong> Ang\u00e9lica Curiel Torres<\/strong>, a\u00f1o 2001, alumnas del Instituto Tecnol\u00f3gico de Oaxaca.<\/p>\n\n\n\n<p>Dise\u00f1o de una niveladora para tractor de 22.5 kilowatts<\/p>\n\n\n\n<p>Tesistas: <strong>Juan Armando Ric\u00e1rdez Montiel, Juan Antonio Rivas Carrasquedo<\/strong> y<strong> Sab\u00e1s Sumano D\u00edaz<\/strong>, a\u00f1o 2002, alumnos del Instituto Tecnol\u00f3gico de Oaxaca.<\/p>\n\n\n\n<p>Alternativas para el mejoramiento en la fabricaci\u00f3n de ladrillos en los Valles Centrales de Oaxaca<\/p>\n\n\n\n<p>Tesistas: <strong>Soledad Garc\u00eda Rom\u00e1n, Eneyra P\u00e9rez Sandoval<\/strong> y <strong>Jos\u00e9 Manuel Rend\u00f3n Sosa<\/strong>, a\u00f1o 2002, alumnos del Instituto Tecnol\u00f3gico de Oaxaca.<\/p>\n\n\n\n<p>Dise\u00f1o de un arado de tracci\u00f3n animal para labranza de conservaci\u00f3n<\/p>\n\n\n\n<p>Tesista: <strong>Timoteo Luis Guzm\u00e1n Guzm\u00e1n<\/strong>, a\u00f1o 2003, alumno del Instituto Tecnol\u00f3gico de Oaxaca.<\/p>\n\n\n\n<p>Dise\u00f1o de un dinam\u00f3metro para la medici\u00f3n de la fuerza de tiro en la labranza de conservaci\u00f3n<\/p>\n\n\n\n<p>Tesista: <strong>Alfredo Javier Rubio Aranda<\/strong>, a\u00f1o 2003, alumno de la ESIME Unidad Culhuac\u00e1n del IPN.<\/p>\n\n\n\n<p>An\u00e1lisis del desgaste en las herramientas de labranza por abrasi\u00f3n del suelo<\/p>\n\n\n\n<p>Tesista: <strong>Vicente L\u00f3pez Mart\u00ednez<\/strong>, a\u00f1o 2004, alumno del Instituto Tecnol\u00f3gico de Oaxaca.<\/p>\n\n\n\n<p>Dise\u00f1o de un autoclave para el cocimiento de agave mezcalero<\/p>\n\n\n\n<p>Tesista: <strong>H\u00e9ctor Sernas Z\u00e1rate<\/strong>, a\u00f1o 2004, alumno del Instituto Tecnol\u00f3gico de Oaxaca.<\/p>\n\n\n\n<p>Propuesta de Metodolog\u00eda para estudiar la interacci\u00f3n entre el Suelo y los \u00f3rganos de trabajo de los aperos utilizados con animales de tiro.<\/p>\n\n\n\n<p>Tesista: <strong>Dailier Antonio Jer\u00e9z Tamayo<\/strong>, a\u00f1o 2006, alumno de la Universidad de Ciego de \u00c1vila, Cuba.<\/p>\n\n\n\n<p>Dise\u00f1o de un dinam\u00f3metro de anillo extendido para determinar la resistencia a la tracci\u00f3n de los implementos utilizados con animales de tiro.<\/p>\n\n\n\n<p>Tesista: <strong>Juan Carlos Gonz\u00e1lez N\u00fa\u00f1ez<\/strong>, a\u00f1o 2007, alumno de la Universidad de Ciego de \u00c1vila, Cuba.<\/p>\n\n\n\n<p>Dise\u00f1o de un veloc\u00edmetro e inclin\u00f3metro para tractores con alarma de peligro.<\/p>\n\n\n\n<p>Tesistas: <strong>Santiago Rogelio Cisneros Quintanar, Eder Ibraim Rodr\u00edguez Zarco <\/strong>e<strong> Iv\u00e1n Alejandro Velasco Rosas<\/strong>, a\u00f1o 2012, alumnos de la UPIITA, IPN.<\/p>\n\n\n\n<p>Alarma ac\u00fastica y visual de sobrecalentamiento para motores de combusti\u00f3n interna.<\/p>\n\n\n\n<p>Tesistas: <strong>Iv\u00e1n Rocha G\u00f3mez<\/strong> y <strong>Juan Carlos Su\u00e1rez Calder\u00f3n<\/strong>, a\u00f1o 2015, alumnos de ingenier\u00eda en sistemas automotrices de la UPIITA, IPN.<\/p>\n\n\n\n<p>Dise\u00f1o de una separadora de esporas para la producci\u00f3n de bioplaguicidas.<\/p>\n\n\n\n<p>Tesista: <strong>Alejo D\u00edaz Ramos<\/strong>, a\u00f1o 2016, alumno de ingenier\u00eda mec\u00e1nica del Instituto Tecnol\u00f3gico de Oaxaca.<\/p>\n\n\n\n<p>Dise\u00f1o y construcci\u00f3n de una arrancadora de tracci\u00f3n animal para bulbos, tub\u00e9rculos y cacahuates.<\/p>\n\n\n\n<p>Tesista: <strong>Jes\u00fas Mart\u00ednez Santiago<\/strong>, a\u00f1o 2017, alumno de ingenier\u00eda industrial del Instituto Tecnol\u00f3gico del Valle de Etla.<\/p>\n\n\n\n<p>Optimizaci\u00f3n del proceso de producci\u00f3n de esporas de hongos entomopat\u00f3genos.<\/p>\n\n\n\n<p>Tesista:<strong> Iv\u00f3n Cirila V\u00e1squez Santiago<\/strong>, a\u00f1o 2017, alumna de ingenier\u00eda industrial del Instituto Tecnol\u00f3gico del Valle de Etla.<\/p>\n\n\n\n<p>Evaluaci\u00f3n de un arado de tracci\u00f3n animal en Cuilapam de Guerrero.<\/p>\n\n\n\n<p>Tesista: <strong>Marisol Caballero Mart\u00ednez<\/strong>, a\u00f1o 2017, alumna de ingenier\u00eda en desarrollo comunitario del Instituto Tecnol\u00f3gico del Valle de Etla.<\/p>\n\n\n\n<h3 class=\"wp-block-heading\">NIVEL MAESTR\u00cdA<\/h3>\n\n\n\n<p>An\u00e1lisis de esfuerzos en un apero de tracci\u00f3n animal, empleando m\u00e9todos experimentales y num\u00e9ricos.<\/p>\n\n\n\n<p>Tesista: <strong>Antonio Gonz\u00e1lez L\u00f3pez<\/strong>, a\u00f1o 2004, alumno de la SEPI ESIME Unidad Zacatenco del IPN.<\/p>\n\n\n\n<p>Dise\u00f1o de los sistemas de medici\u00f3n y canal de pruebas para la determinaci\u00f3n de esfuerzos cortantes en suelos.<\/p>\n\n\n\n<p>Tesista: <strong>Marcos Felipe R\u00edos Ram\u00edrez<\/strong>, a\u00f1o 2006, alumno de la SEPI Unidad Zacatenco del IPN.<\/p>\n","protected":false},"excerpt":{"rendered":"<p>NIVEL LICENCIATURA Dise\u00f1o de un rebanador de cormos de malanga Tesista: Pedro Rodrigo Soto Jim\u00e9nez, a\u00f1o 1997, alumno del Instituto Tecnol\u00f3gico de Oaxaca. Dise\u00f1o de un secador solar de rebanadas de malanga Tesista: Esa\u00fa de Jes\u00fas Zenteno Aquino, a\u00f1o 1997, alumno del Instituto Tecnol\u00f3gico de Oaxaca. An\u00e1lisis general de la situaci\u00f3n de la tracci\u00f3n animal [&hellip;]<\/p>\n","protected":false},"author":58,"featured_media":0,"parent":0,"menu_order":0,"comment_status":"closed","ping_status":"closed","template":"","meta":{"_swt_meta_header_display":false,"_swt_meta_footer_display":false,"_swt_meta_site_title_display":false,"_swt_meta_sticky_header":false,"_swt_meta_transparent_header":false,"footnotes":""},"class_list":["post-7","page","type-page","status-publish","hentry"],"_links":{"self":[{"href":"https:\/\/web.ciidiroaxaca.ipn.mx\/fdiego\/wp-json\/wp\/v2\/pages\/7","targetHints":{"allow":["GET"]}}],"collection":[{"href":"https:\/\/web.ciidiroaxaca.ipn.mx\/fdiego\/wp-json\/wp\/v2\/pages"}],"about":[{"href":"https:\/\/web.ciidiroaxaca.ipn.mx\/fdiego\/wp-json\/wp\/v2\/types\/page"}],"author":[{"embeddable":true,"href":"https:\/\/web.ciidiroaxaca.ipn.mx\/fdiego\/wp-json\/wp\/v2\/users\/58"}],"replies":[{"embeddable":true,"href":"https:\/\/web.ciidiroaxaca.ipn.mx\/fdiego\/wp-json\/wp\/v2\/comments?post=7"}],"version-history":[{"count":3,"href":"https:\/\/web.ciidiroaxaca.ipn.mx\/fdiego\/wp-json\/wp\/v2\/pages\/7\/revisions"}],"predecessor-version":[{"id":32,"href":"https:\/\/web.ciidiroaxaca.ipn.mx\/fdiego\/wp-json\/wp\/v2\/pages\/7\/revisions\/32"}],"wp:attachment":[{"href":"https:\/\/web.ciidiroaxaca.ipn.mx\/fdiego\/wp-json\/wp\/v2\/media?parent=7"}],"curies":[{"name":"wp","href":"https:\/\/api.w.org\/{rel}","templated":true}]}}