{"id":6,"date":"2012-08-17T19:59:37","date_gmt":"2012-08-17T19:59:37","guid":{"rendered":"https:\/\/web.ciidiroaxaca.ipn.mx\/fdiego\/proyectos-de-investigacion\/"},"modified":"2025-09-23T19:43:01","modified_gmt":"2025-09-23T19:43:01","slug":"proyectos-de-investigacion","status":"publish","type":"page","link":"https:\/\/web.ciidiroaxaca.ipn.mx\/fdiego\/proyectos-de-investigacion\/","title":{"rendered":"Proyectos de Investigaci\u00f3n"},"content":{"rendered":"\n<p>Director del proyecto: \u201cDesarrollo y evaluaci\u00f3n de un apero de tracci\u00f3n animal para labranza de conservaci\u00f3n\u201d, Clave CGPI: 20010856, 2001-2003.<\/p>\n\n\n\n<p>Director del proyecto: \u201cInteracci\u00f3n mec\u00e1nica entre el apero y suelo para las condiciones de Los Valles Centrales de Oaxaca\u201d, Clave CGPI: 20030149, 2003-2005.<\/p>\n\n\n\n<p>Director del proyecto: \u201cDeterminaci\u00f3n de los par\u00e1metros racionales de los aperos de tracci\u00f3n animal para Los Valles Centrales de Oaxaca\u201d, Clave CGPI: 20060192, 2006 al 2008.<\/p>\n\n\n\n<p>Participante en el proyecto \u201cEvaluaci\u00f3n de formulaciones de cepas nativas e introducidas de nematodos entomopat\u00f3genos para el control de gallinas ciegas (<em>Phyllophaga vetula Horn<\/em>) en ma\u00edz (<em>Zea mays<\/em>)\u201d, clave SIP 20100510.<\/p>\n\n\n\n<p>Participante en el proyecto \u201cManejo biol\u00f3gico del picudo del agave (<em>Scyphophorus acupunctatus Gyllenhal<\/em>) en Oaxaca, M\u00e9xico\u201d, Clave SIP 20110645<\/p>\n\n\n\n<p>Participante en el proyecto \u201cManejo biol\u00f3gico del picudo del agave (<em>Scyphophorus acupunctatus Gyllenhal<\/em>) en Oaxaca, M\u00e9xico\u201d, Clave SIP 20121321<\/p>\n\n\n\n<p>Participante en el proyecto \u201cDise\u00f1o de un sistema de medici\u00f3n de velocidad e inclinaci\u00f3n de un tractor para evitar volcaduras\u201d, Clave SIP 20131168.<\/p>\n\n\n\n<p>Participante en el proyecto \u201cPr\u00e1cticas agrobiol\u00f3gicas para la producci\u00f3n sostenible de ma\u00edz y frijol\u201d, Clave SIP 20140535<\/p>\n\n\n\n<p>Participante en el proyecto \u201cEstudio de la efectividad de formulaciones de hongos y nem\u00e1todos entomopat\u00f3genos para el control de insectos de importancia agr\u00edcola en Oaxaca\u201d, registro SIP20150174<\/p>\n\n\n\n<p>Participante en el proyecto \u201cPerfeccionamiento ergonom\u00e9trico e innovador de una carriola para sujetos con par\u00e1lisis cerebral\u201d, SIP 20152183<\/p>\n","protected":false},"excerpt":{"rendered":"<p>Director del proyecto: \u201cDesarrollo y evaluaci\u00f3n de un apero de tracci\u00f3n animal para labranza de conservaci\u00f3n\u201d, Clave CGPI: 20010856, 2001-2003. Director del proyecto: \u201cInteracci\u00f3n mec\u00e1nica entre el apero y suelo para las condiciones de Los Valles Centrales de Oaxaca\u201d, Clave CGPI: 20030149, 2003-2005. Director del proyecto: \u201cDeterminaci\u00f3n de los par\u00e1metros racionales de los aperos de [&hellip;]<\/p>\n","protected":false},"author":58,"featured_media":0,"parent":0,"menu_order":0,"comment_status":"closed","ping_status":"closed","template":"","meta":{"_swt_meta_header_display":false,"_swt_meta_footer_display":false,"_swt_meta_site_title_display":false,"_swt_meta_sticky_header":false,"_swt_meta_transparent_header":false,"footnotes":""},"class_list":["post-6","page","type-page","status-publish","hentry"],"_links":{"self":[{"href":"https:\/\/web.ciidiroaxaca.ipn.mx\/fdiego\/wp-json\/wp\/v2\/pages\/6","targetHints":{"allow":["GET"]}}],"collection":[{"href":"https:\/\/web.ciidiroaxaca.ipn.mx\/fdiego\/wp-json\/wp\/v2\/pages"}],"about":[{"href":"https:\/\/web.ciidiroaxaca.ipn.mx\/fdiego\/wp-json\/wp\/v2\/types\/page"}],"author":[{"embeddable":true,"href":"https:\/\/web.ciidiroaxaca.ipn.mx\/fdiego\/wp-json\/wp\/v2\/users\/58"}],"replies":[{"embeddable":true,"href":"https:\/\/web.ciidiroaxaca.ipn.mx\/fdiego\/wp-json\/wp\/v2\/comments?post=6"}],"version-history":[{"count":2,"href":"https:\/\/web.ciidiroaxaca.ipn.mx\/fdiego\/wp-json\/wp\/v2\/pages\/6\/revisions"}],"predecessor-version":[{"id":29,"href":"https:\/\/web.ciidiroaxaca.ipn.mx\/fdiego\/wp-json\/wp\/v2\/pages\/6\/revisions\/29"}],"wp:attachment":[{"href":"https:\/\/web.ciidiroaxaca.ipn.mx\/fdiego\/wp-json\/wp\/v2\/media?parent=6"}],"curies":[{"name":"wp","href":"https:\/\/api.w.org\/{rel}","templated":true}]}}