{"id":5,"date":"2012-08-03T21:17:29","date_gmt":"2012-08-03T21:17:29","guid":{"rendered":"https:\/\/web.ciidiroaxaca.ipn.mx\/fdiego\/publicaciones\/"},"modified":"2025-09-23T19:43:40","modified_gmt":"2025-09-23T19:43:40","slug":"publicaciones","status":"publish","type":"page","link":"https:\/\/web.ciidiroaxaca.ipn.mx\/fdiego\/publicaciones\/","title":{"rendered":"Publicaciones"},"content":{"rendered":"\n<p><strong>Diego, F.,<\/strong> Herrera, M., Garc\u00eda de la Figal, A.E. y Ruiz, J. <em>Situaci\u00f3n actual del empleo de la tracci\u00f3n animal en los Valles Centrales de Oaxaca, M\u00e9xico: An\u00e1lisis cr\u00edtico.<\/em> Revista Ciencias T\u00e9cnicas Agropecuarias, Vol. 22, No. 1, 2013.<\/p>\n\n\n\n<p>Herrera-Su\u00e1rez, M, Omar Gonz\u00e1lez-Cueto, O., <strong>Diego-Nava, F.<\/strong>, Ruiz-Vega, J., Elvis L\u00f3pez-Bravo, E., y Iglesias-Coronel, C.E. <em>Simulaci\u00f3n de la respuesta mec\u00e1nica del suelo en la interfase suelo-herramienta de labranza<\/em>. Rev. Fac. Ing. Univ. Antioquia N. \u00ba69 pp. 79-88, Diciembre, 2013<\/p>\n\n\n\n<p><strong>Diego-Nava, F<\/strong>., Herrera-Su\u00e1rez, M., Garc\u00eda de la Figal-Costale, A.E., y Mart\u00ednez-C\u00e1rdenas, J.R. <em>An\u00e1lisis de los sistemas de fuerza surgidos durante la operaci\u00f3n del Arado de palo tradicional mexicano<\/em>. Revista Ciencias T\u00e9cnicas Agropecuarias, ISSN -1010-2760, Vol. 24, No. 1, 2015<\/p>\n\n\n\n<p><strong>Diego-Nava, F.<\/strong>, Herrera-Su\u00e1rez, M., Gonz\u00e1lez-Cueto, O. y Garc\u00eda de la Figal-Costales, A.E. <em>Evaluaci\u00f3n de dos arados de tracci\u00f3n animal en las condiciones de la milpa de Oaxaca<\/em>. Revista Ingenier\u00eda Agr\u00edcola, ISSN-2306-1545, Vol. 5, No. 1, 2015<\/p>\n\n\n\n<p>Ruiz-Vega; J., Mena-Mesa, N., <strong>Diego-Nava, F.<\/strong>, Herrera-Su\u00e1rez, M. <em>Productivity and energy efficiency of three tillage systems for maize (Zea mayz L.) production<\/em>. Revista Facultad de Ingenier\u00eda, Universidad de Antioquia, n.o 76, pp. 4-8, 2015<\/p>\n","protected":false},"excerpt":{"rendered":"<p>Diego, F., Herrera, M., Garc\u00eda de la Figal, A.E. y Ruiz, J. Situaci\u00f3n actual del empleo de la tracci\u00f3n animal en los Valles Centrales de Oaxaca, M\u00e9xico: An\u00e1lisis cr\u00edtico. Revista Ciencias T\u00e9cnicas Agropecuarias, Vol. 22, No. 1, 2013. Herrera-Su\u00e1rez, M, Omar Gonz\u00e1lez-Cueto, O., Diego-Nava, F., Ruiz-Vega, J., Elvis L\u00f3pez-Bravo, E., y Iglesias-Coronel, C.E. Simulaci\u00f3n de [&hellip;]<\/p>\n","protected":false},"author":58,"featured_media":0,"parent":0,"menu_order":0,"comment_status":"closed","ping_status":"closed","template":"","meta":{"_swt_meta_header_display":false,"_swt_meta_footer_display":false,"_swt_meta_site_title_display":false,"_swt_meta_sticky_header":false,"_swt_meta_transparent_header":false,"footnotes":""},"class_list":["post-5","page","type-page","status-publish","hentry"],"_links":{"self":[{"href":"https:\/\/web.ciidiroaxaca.ipn.mx\/fdiego\/wp-json\/wp\/v2\/pages\/5","targetHints":{"allow":["GET"]}}],"collection":[{"href":"https:\/\/web.ciidiroaxaca.ipn.mx\/fdiego\/wp-json\/wp\/v2\/pages"}],"about":[{"href":"https:\/\/web.ciidiroaxaca.ipn.mx\/fdiego\/wp-json\/wp\/v2\/types\/page"}],"author":[{"embeddable":true,"href":"https:\/\/web.ciidiroaxaca.ipn.mx\/fdiego\/wp-json\/wp\/v2\/users\/58"}],"replies":[{"embeddable":true,"href":"https:\/\/web.ciidiroaxaca.ipn.mx\/fdiego\/wp-json\/wp\/v2\/comments?post=5"}],"version-history":[{"count":2,"href":"https:\/\/web.ciidiroaxaca.ipn.mx\/fdiego\/wp-json\/wp\/v2\/pages\/5\/revisions"}],"predecessor-version":[{"id":30,"href":"https:\/\/web.ciidiroaxaca.ipn.mx\/fdiego\/wp-json\/wp\/v2\/pages\/5\/revisions\/30"}],"wp:attachment":[{"href":"https:\/\/web.ciidiroaxaca.ipn.mx\/fdiego\/wp-json\/wp\/v2\/media?parent=5"}],"curies":[{"name":"wp","href":"https:\/\/api.w.org\/{rel}","templated":true}]}}