{"id":4,"date":"2011-10-17T17:52:45","date_gmt":"2011-10-17T17:52:45","guid":{"rendered":"https:\/\/web.ciidiroaxaca.ipn.mx\/fcastellanos\/dr-francisco-castellanos-leon\/"},"modified":"2025-09-04T17:42:23","modified_gmt":"2025-09-04T17:42:23","slug":"dr-francisco-castellanos-leon","status":"publish","type":"page","link":"https:\/\/web.ciidiroaxaca.ipn.mx\/fcastellanos\/","title":{"rendered":"Dr. Francisco Castellanos Le\u00f3n"},"content":{"rendered":"\n<p class=\"has-text-align-center\">Licenciatura en Ingenier\u00eda Civil, Instituto Tecnol\u00f3gico de Oaxaca (1991-1996)<\/p>\n\n\n\n<p class=\"has-text-align-center\">Maestr\u00eda en Ingenier\u00eda (Estructuras), Universidad Nacional Aut\u00f3noma de M\u00e9xico (1997-1999)<\/p>\n\n\n\n<p class=\"has-text-align-center\">Doctorado en Ingenier\u00eda (Estructuras), Universidad Nacional Aut\u00f3noma de M\u00e9xico (2005-2007) &nbsp;<\/p>\n\n\n\n<p class=\"has-text-align-center\">Sistema Nacional de Investigadores con nivel I &nbsp;<\/p>\n\n\n\n<p class=\"has-text-align-center\"><strong>L\u00edneas de investigaci\u00f3n:<\/strong> Ingenier\u00eda s\u00edsmica, din\u00e1mica estructural, pruebas no destructivas en materiales basados en cemento y procesamiento de se\u00f1ales. \u00a0<\/p>\n\n\n\n<p class=\"has-text-align-center\"><a href=\"mailto:fcastellanos@ipn.mx?subject=Saludos%2C%20Greetings%2C%20Salutations%2C%20Gr%C3%BC%C3%9Fe%2C%20%D0%92%D1%96%D1%82%D0%B0%D0%BD%D0%BD%D1%8F%20%3A)&amp;body=Hola%2C%20Hi%2C%20Salut%2C%20Hallo%2C%20%D0%9F%D1%80%D0%B8%D0%B2%D1%96%D1%82%20%3A)\">fcastellanos@ipn.mx<\/a> \u00a0 \u00a0 \u00a0 \u00a0 \u00a0 \u00a0 \u00a0 \u00a0 \u00a0 \u00a0 \u00a0 \u00a0 \u00a0\u00a0 \u00a0 \u00a0\u00a0 +52 (55) 57296000, (951) 5171199 Ext 82795<\/p>\n\n\n\n<p class=\"has-text-align-center\"><a href=\"http:\/\/www.orcid.org\/0000-0002-7203-4483\" target=\"_blank\" rel=\"noreferrer noopener\">ORCID<\/a>, <a href=\"http:\/\/www.scopus.com\/authid\/detail.uri?authorId=14025514300\" target=\"_blank\" rel=\"noreferrer noopener\">\u00a0SCOPUS<\/a>, <a href=\"http:\/\/scholar.google.com\/citations?user=AuaPOvUAAAAJ&amp;hl=en\" target=\"_blank\" rel=\"noreferrer noopener\">\u00a0Google Scholar<\/a>,\u00a0<a href=\"https:\/\/www.webofscience.com\/wos\/author\/record\/AEV-6851-2022\" target=\"_blank\" rel=\"noreferrer noopener\">WoS<\/a><\/p>\n\n\n\n<p><\/p>\n","protected":false},"excerpt":{"rendered":"<p>Licenciatura en Ingenier\u00eda Civil, Instituto Tecnol\u00f3gico de Oaxaca (1991-1996) Maestr\u00eda en Ingenier\u00eda (Estructuras), Universidad Nacional Aut\u00f3noma de M\u00e9xico (1997-1999) Doctorado en Ingenier\u00eda (Estructuras), Universidad Nacional Aut\u00f3noma de M\u00e9xico (2005-2007) &nbsp; Sistema Nacional de Investigadores con nivel I &nbsp; L\u00edneas de investigaci\u00f3n: Ingenier\u00eda s\u00edsmica, din\u00e1mica estructural, pruebas no destructivas en materiales basados en cemento y procesamiento [&hellip;]<\/p>\n","protected":false},"author":13,"featured_media":0,"parent":0,"menu_order":0,"comment_status":"closed","ping_status":"closed","template":"","meta":{"_swt_meta_header_display":false,"_swt_meta_footer_display":false,"_swt_meta_site_title_display":false,"_swt_meta_sticky_header":false,"_swt_meta_transparent_header":false,"footnotes":""},"class_list":["post-4","page","type-page","status-publish","hentry"],"_links":{"self":[{"href":"https:\/\/web.ciidiroaxaca.ipn.mx\/fcastellanos\/wp-json\/wp\/v2\/pages\/4","targetHints":{"allow":["GET"]}}],"collection":[{"href":"https:\/\/web.ciidiroaxaca.ipn.mx\/fcastellanos\/wp-json\/wp\/v2\/pages"}],"about":[{"href":"https:\/\/web.ciidiroaxaca.ipn.mx\/fcastellanos\/wp-json\/wp\/v2\/types\/page"}],"author":[{"embeddable":true,"href":"https:\/\/web.ciidiroaxaca.ipn.mx\/fcastellanos\/wp-json\/wp\/v2\/users\/13"}],"replies":[{"embeddable":true,"href":"https:\/\/web.ciidiroaxaca.ipn.mx\/fcastellanos\/wp-json\/wp\/v2\/comments?post=4"}],"version-history":[{"count":3,"href":"https:\/\/web.ciidiroaxaca.ipn.mx\/fcastellanos\/wp-json\/wp\/v2\/pages\/4\/revisions"}],"predecessor-version":[{"id":38,"href":"https:\/\/web.ciidiroaxaca.ipn.mx\/fcastellanos\/wp-json\/wp\/v2\/pages\/4\/revisions\/38"}],"wp:attachment":[{"href":"https:\/\/web.ciidiroaxaca.ipn.mx\/fcastellanos\/wp-json\/wp\/v2\/media?parent=4"}],"curies":[{"name":"wp","href":"https:\/\/api.w.org\/{rel}","templated":true}]}}