{"id":11,"date":"2011-10-17T20:31:30","date_gmt":"2011-10-17T20:31:30","guid":{"rendered":"https:\/\/web.ciidiroaxaca.ipn.mx\/fcastellanos\/tesis\/"},"modified":"2025-12-08T19:08:46","modified_gmt":"2025-12-09T01:08:46","slug":"tesis","status":"publish","type":"page","link":"https:\/\/web.ciidiroaxaca.ipn.mx\/fcastellanos\/tesis\/","title":{"rendered":"Tesis"},"content":{"rendered":"\n<h3 class=\"wp-block-heading\">TEMAS DISPONIBLES DE TESIS<\/h3>\n\n\n\n<p>En colaboraci\u00f3n con el <a href=\"https:\/\/web.ciidiroaxaca.ipn.mx\/pcano\/\" target=\"_blank\" rel=\"noreferrer noopener\">Dr. Prisciliano Felipe de Jes\u00fas Cano Barrita<\/a>&nbsp;(IPN, CIIDIR Oaxaca) y el <a href=\"https:\/\/web.ciidiroaxaca.ipn.mx\/fmleonm\/\" target=\"_blank\" rel=\"noreferrer noopener\">M. C. Frank Manuel Le\u00f3n Mart\u00ednez<\/a>&nbsp;(IPN, CIIDIR Oaxaca):<\/p>\n\n\n\n<ul class=\"wp-block-list\">\n<li>Reciclado de materiales como agregado en morteros<\/li>\n\n\n\n<li>Elaboraci\u00f3n y caracterizaci\u00f3n de elementos prefabricados conteniendo c\u00e1psulas con efecto reparador de microgrietas en concreto hidr\u00e1ulico<\/li>\n\n\n\n<li>An\u00e1lisis de se\u00f1ales de FTIR-ATR mediante transformada de Fourier y wavelet para reconocimiento de patrones en procesos de cristalizaci\u00f3n en materiales basados en cemento<\/li>\n<\/ul>\n\n\n\n<p>En colaboraci\u00f3n con la <a href=\"https:\/\/unita.unam.mx\/semblanza_margaritanavarrete.html\" target=\"_blank\" rel=\"noreferrer noopener\">Dra. Margarita Navarrete Montesinos<\/a> (PUNTA&nbsp;UNAM, Nuevo Le\u00f3n):<\/p>\n\n\n\n<ul class=\"wp-block-list\">\n<li>Procesamientos de se\u00f1ales de registros de fotoac\u00fastica y din\u00e1mica de flu\u00eddos. Los proyectos en desarrollo&nbsp;de la Dra. Navarrete Montesinos&nbsp;son:&nbsp;Estudio de la cavitaci\u00f3n en plantas vasculares (Respuesta de los \u00e1rboles a la sequ\u00eda) y&nbsp;&nbsp;Toxicidad de nanopart\u00edculas met\u00e1licas en agua, suelo, plantas y animales&nbsp;<\/li>\n<\/ul>\n\n\n\n<p>En relaci\u00f3n a temas de riesgo s\u00edsmico y de din\u00e1mica estructural:<\/p>\n\n\n\n<ul class=\"wp-block-list\">\n<li>Estimaci\u00f3n de efectos de sitio en el Estado de Oaxaca<\/li>\n\n\n\n<li>Estimaci\u00f3n de da\u00f1o en osciladores de un grado de libertad, conocidas las historias en el tiempo de las aceleraciones relativas y las aceleraciones del suelo<\/li>\n<\/ul>\n\n\n\n<h3 class=\"wp-block-heading\">TESIS EN PROCESO<\/h3>\n\n\n\n<ul class=\"wp-block-list\">\n<li>Cort\u00e9s Ler\u00edn, Vladimir.&nbsp;Estimaci\u00f3n de los desplazamientos estructurales a partir de registros de aceleraciones. Doctorado en Ciencias en Conservaci\u00f3n y Aprovechamiento de los Recursos Naturales. Instituto Polit\u00e9cnico Nacional, CIIDIR Oaxaca. Codirigida con el Dr. Agust\u00edn Ordu\u00f1a Bustamante de la Facultad de Ingenier\u00eda Civil de la&nbsp;Universidad de Colima.<\/li>\n\n\n\n<li>Bustamante Jim\u00e9nez, Yatniel.&nbsp;Estimaci\u00f3n de desplazamientos&nbsp;a partir de aceleraciones registradas en estructuras civiles. Maestr\u00eda&nbsp;en Ciencias en Conservaci\u00f3n y Aprovechamiento de los Recursos Naturales. Instituto Polit\u00e9cnico Nacional, CIIDIR Oaxaca. Codirigida con el Dr. David Muri\u00e0 Vila del Instituto de Ingenier\u00eda, UNAM.<\/li>\n<\/ul>\n\n\n\n<h3 class=\"wp-block-heading\">TESIS DE DOCTORADO<\/h3>\n\n\n\n<ul class=\"wp-block-list\">\n<li>Hern\u00e1ndez S\u00e1nchez, Rosa Isabel (2022) <a href=\"https:\/\/web.ciidiroaxaca.ipn.mx\/fcastellanos\/wp-content\/uploads\/sites\/13\/2025\/12\/HenandezSanchezRI2022.pdf\" target=\"_blank\" rel=\"noreferrer noopener\">Determinaci\u00f3n de par\u00e1metros hidrogeol\u00f3gicos en un acu\u00edfero granular utilizando datos gravim\u00e9tricos<\/a>. Doctorado en Ciencias en Conservaci\u00f3n y Aprovechamiento de los Recursos Naturales. Instituto Polit\u00e9cnico Nacional, CIIDIR Oaxaca. Codirigida con el Dr. Salvador Isidro Belmonte Jim\u00e9nez del IPN, CIIDIR Oaxaca.<\/li>\n\n\n\n<li>Ram\u00edrez Ort\u00edz, Arturo Emanuel (2018) <a href=\"https:\/\/web.ciidiroaxaca.ipn.mx\/fcastellanos\/wp-content\/uploads\/sites\/13\/2011\/10\/RamirezOrtiz2018FF.pdf\" target=\"_blank\" rel=\"noreferrer noopener\">Respuesta ultras\u00f3nica de pastas de cemento sujetas a difusi\u00f3n y ligado de iones cloruro<\/a>. Doctorado en Ciencias en Conservaci\u00f3n y Aprovechamiento de los Recursos Naturales. Instituto Polit\u00e9cnico Nacional, CIIDIR Oaxaca. Codirigida con el Dr. Prisciliano F. de J. Cano Barrita del IPN, CIIDIR Oaxaca.<\/li>\n\n\n\n<li>Cosmes L\u00f3pez, Mario Fernando (2017) <a href=\"https:\/\/web.ciidiroaxaca.ipn.mx\/fcastellanos\/wp-content\/uploads\/sites\/13\/2011\/10\/CosmesLopezFF.pdf\" target=\"_blank\" rel=\"noreferrer noopener\">Estudio de se\u00f1ales ultras\u00f3nicas de materiales basados en cemento durante procesos de hidrataci\u00f3n, carbonataci\u00f3n y penetraci\u00f3n de cloruros<\/a>. Doctorado en Ciencias en Conservaci\u00f3n y Aprovechamiento de los Recursos Naturales. Instituto Polit\u00e9cnico Nacional, CIIDIR Oaxaca. Codirigida con el Dr. Prisciliano F. de J. Cano Barrita del IPN, CIIDIR Oaxaca.<\/li>\n<\/ul>\n\n\n\n<h3 class=\"wp-block-heading\">TESIS DE MAESTR\u00cdA<\/h3>\n\n\n\n<ul class=\"wp-block-list\">\n<li>V\u00e1squez Olmedo, Ricardo (2022) <a href=\"https:\/\/web.ciidiroaxaca.ipn.mx\/fcastellanos\/wp-content\/uploads\/sites\/13\/2011\/10\/VasquezOlmedo2022FF.pdf\" target=\"_blank\" rel=\"noreferrer noopener\">Amplificaci\u00f3n s\u00edsmica en los Valles Centrales del Estado de Oaxaca<\/a>. Maestr\u00eda en Ciencias en Conservaci\u00f3n y Aprovechamiento de los Recursos Naturales. Instituto Polit\u00e9cnico Nacional, CIIDIR Oaxaca. Codirigida con el Dr. Luis Osorio Flores del Instituto de Ingenier\u00eda, UNAM.<\/li>\n\n\n\n<li>Hern\u00e1ndez S\u00e1nchez, C\u00e9sar (2020) <a href=\"https:\/\/web.ciidiroaxaca.ipn.mx\/fcastellanos\/wp-content\/uploads\/sites\/13\/2025\/12\/HernandezSanchezC2020.pdf\" target=\"_blank\" rel=\"noreferrer noopener\">Determinaci\u00f3n del epicentro de un sismo por medio del algoritmo EM-DPD<\/a>. Maestr\u00eda en Ciencias en Conservaci\u00f3n y Aprovechamiento de los Recursos Naturales. Instituto Polit\u00e9cnico Nacional, CIIDIR Oaxaca.<\/li>\n\n\n\n<li>Luna Barraza, Claudia (2013) <a href=\"https:\/\/web.ciidiroaxaca.ipn.mx\/fcastellanos\/wp-content\/uploads\/sites\/13\/2011\/10\/LunaBarraza2013FF.pdf\" target=\"_blank\" rel=\"noreferrer noopener\">Estimaci\u00f3n de los efectos de sitio en los Valles Centrales del Estado de Oaxaca<\/a>. Maestr\u00eda en Ciencias en Conservaci\u00f3n y Aprovechamiento de los Recursos Naturales. Instituto Polit\u00e9cnico Nacional, CIIDIR Oaxaca.<\/li>\n\n\n\n<li>Ram\u00edrez Ort\u00edz, Arturo Emanuel (2013) <a href=\"http:\/\/literatura.ciidiroaxaca.ipn.mx\/jspui\/handle\/LITER_CIIDIROAX\/473\" target=\"_blank\" rel=\"noreferrer noopener\">Ultrasonido aplicado al estudio de la penetraci\u00f3n y ligado de cloruros en pastas de cemento<\/a>. Maestr\u00eda en Ciencias en Conservaci\u00f3n y Aprovechamiento de los Recursos Naturales. Instituto Polit\u00e9cnico Nacional, CIIDIR Oaxaca. Codirigida con el Dr. Prisciliano F. de J. Cano Barrita del IPN, CIIDIR Oaxaca.<\/li>\n\n\n\n<li>S\u00e1nchez L\u00f3pez, Jes\u00fas (2013) <a href=\"http:\/\/literatura.ciidiroaxaca.ipn.mx\/jspui\/handle\/LITER_CIIDIROAX\/195\" target=\"_blank\" rel=\"noreferrer noopener\">Caracterizaci\u00f3n de la luminiscencia de burbuja c\u00f3nica (CBC) en el dominio tiempo-frecuencia<\/a>. Maestr\u00eda en Ciencias en Conservaci\u00f3n y Aprovechamiento de los Recursos Naturales. Instituto Polit\u00e9cnico Nacional, CIIDIR Oaxaca. Codirigida con la Dra. Margarita Navarrete Montesinos del Instituto de Ingenier\u00eda, UNAM.<\/li>\n\n\n\n<li>Reyes Est\u00e9vez, Luis Ricardo (2011) <a href=\"http:\/\/literatura.ciidiroaxaca.ipn.mx\/jspui\/handle\/LITER_CIIDIROAX\/169\" target=\"_blank\" rel=\"noreferrer noopener\">Caracterizaci\u00f3n de la cin\u00e9tica de crecimiento de microorganismos l\u00e1cticos a trav\u00e9s de ondas ultras\u00f3nicas y su transformada wavelet<\/a>. Maestr\u00eda en Ciencias en Conservaci\u00f3n y Aprovechamiento de los Recursos Naturales. Instituto Polit\u00e9cnico Nacional CIIDIR Oaxaca.&nbsp;Codirigida con la Dra. Luicita Lagunez Rivera del IPN, CIIDIR Oaxaca.<\/li>\n<\/ul>\n\n\n\n<h3 class=\"wp-block-heading\">TESIS DE LICENCIATURA<\/h3>\n\n\n\n<ul class=\"wp-block-list\">\n<li>Bautista Jimenez, Edgar Alain (2004) \u00abAtenuaci\u00f3n de las ondas s\u00edsmicas y los efectos en las construcciones de la ciudad de Oaxaca\u00bb. Licenciatura en Ingenier\u00eda Civil. Instituto Tecnol\u00f3gico de Oaxaca.<\/li>\n\n\n\n<li>Cruz S\u00e1nchez, Ramiro Marbel (2002) \u00abEstimaci\u00f3n de la sismicidad local de las fuentes cuyo potencial afecta a la Ciudad de Oaxaca y sus Municipios Conurbados\u00bb. Licenciatura en Ingenier\u00eda Civil. Instituto Tecnol\u00f3gico de Oaxaca.<\/li>\n<\/ul>\n","protected":false},"excerpt":{"rendered":"<p>TEMAS DISPONIBLES DE TESIS En colaboraci\u00f3n con el Dr. Prisciliano Felipe de Jes\u00fas Cano Barrita&nbsp;(IPN, CIIDIR Oaxaca) y el M. C. Frank Manuel Le\u00f3n Mart\u00ednez&nbsp;(IPN, CIIDIR Oaxaca): En colaboraci\u00f3n con la Dra. Margarita Navarrete Montesinos (PUNTA&nbsp;UNAM, Nuevo Le\u00f3n): En relaci\u00f3n a temas de riesgo s\u00edsmico y de din\u00e1mica estructural: TESIS EN PROCESO TESIS DE DOCTORADO [&hellip;]<\/p>\n","protected":false},"author":13,"featured_media":0,"parent":0,"menu_order":0,"comment_status":"closed","ping_status":"closed","template":"","meta":{"_swt_meta_header_display":false,"_swt_meta_footer_display":false,"_swt_meta_site_title_display":false,"_swt_meta_sticky_header":false,"_swt_meta_transparent_header":false,"footnotes":""},"class_list":["post-11","page","type-page","status-publish","hentry"],"_links":{"self":[{"href":"https:\/\/web.ciidiroaxaca.ipn.mx\/fcastellanos\/wp-json\/wp\/v2\/pages\/11","targetHints":{"allow":["GET"]}}],"collection":[{"href":"https:\/\/web.ciidiroaxaca.ipn.mx\/fcastellanos\/wp-json\/wp\/v2\/pages"}],"about":[{"href":"https:\/\/web.ciidiroaxaca.ipn.mx\/fcastellanos\/wp-json\/wp\/v2\/types\/page"}],"author":[{"embeddable":true,"href":"https:\/\/web.ciidiroaxaca.ipn.mx\/fcastellanos\/wp-json\/wp\/v2\/users\/13"}],"replies":[{"embeddable":true,"href":"https:\/\/web.ciidiroaxaca.ipn.mx\/fcastellanos\/wp-json\/wp\/v2\/comments?post=11"}],"version-history":[{"count":7,"href":"https:\/\/web.ciidiroaxaca.ipn.mx\/fcastellanos\/wp-json\/wp\/v2\/pages\/11\/revisions"}],"predecessor-version":[{"id":67,"href":"https:\/\/web.ciidiroaxaca.ipn.mx\/fcastellanos\/wp-json\/wp\/v2\/pages\/11\/revisions\/67"}],"wp:attachment":[{"href":"https:\/\/web.ciidiroaxaca.ipn.mx\/fcastellanos\/wp-json\/wp\/v2\/media?parent=11"}],"curies":[{"name":"wp","href":"https:\/\/api.w.org\/{rel}","templated":true}]}}