{"id":9,"date":"2011-10-26T17:51:04","date_gmt":"2011-10-26T17:51:04","guid":{"rendered":"https:\/\/web.ciidiroaxaca.ipn.mx\/emmartinez\/actividades-academicas\/"},"modified":"2025-10-16T16:17:45","modified_gmt":"2025-10-16T22:17:45","slug":"actividades-academicas","status":"publish","type":"page","link":"https:\/\/web.ciidiroaxaca.ipn.mx\/emmartinez\/actividades-academicas\/","title":{"rendered":"Actividades acad\u00e9micas"},"content":{"rendered":"\n<h3 class=\"wp-block-heading has-primary-color has-text-color has-link-color wp-elements-7f303f7eda2135b370ed3d831f64f50a\"><strong>UNIDADES DE APRENDIZAJE DE POSGRADO<\/strong><\/h3>\n\n\n\n<h4 class=\"wp-block-heading\"><strong>Doctorado en Medio Ambiente y Desarrollo<\/strong><\/h4>\n\n\n\n<ul class=\"wp-block-list\">\n<li>Seminario I Internalizaci\u00f3n a la Interdisciplinariedad. Profesor participante&nbsp;&nbsp;&nbsp;&nbsp;&nbsp;&nbsp;<\/li>\n\n\n\n<li>Seminario III. Profesor titular<\/li>\n<\/ul>\n\n\n\n<h4 class=\"wp-block-heading has-heading-color has-text-color has-link-color wp-elements-5103375b128d070c80948f3e750b0a57\">Doctorado en Investigaci\u00f3n de Ciencias Odontol\u00f3gicas en el Tercer Milenio<\/h4>\n\n\n\n<ul class=\"wp-block-list\">\n<li>M\u00e9todo Cient\u00edfico. Profesor titular<\/li>\n<\/ul>\n\n\n\n<h4 class=\"wp-block-heading\"><strong>Maestr\u00eda en Ciencias en Conservaci\u00f3n y Aprovechamiento de Recursos Naturales<\/strong><\/h4>\n\n\n\n<ul class=\"wp-block-list\">\n<li>Ciencias Ambientales. Profesor participante<\/li>\n\n\n\n<li>Seminario de Investigaci\u00f3n I (Biodiversidad del Neotr\u00f3pico). Profesor titular y\/o asistente<\/li>\n\n\n\n<li>Seminario de Investigaci\u00f3n II (Biodiversidad del Neotropico). Profesor titular y\/o asistente<\/li>\n\n\n\n<li>Seminario de Investigaci\u00f3n III (Biodiversidad del Neotr\u00f3pico). Profesor titular y\/o asistente<\/li>\n\n\n\n<li>Seminario de Investigaci\u00f3n IV (Biodiversidad del Neotr\u00f3pico). Profesor titular<\/li>\n\n\n\n<li>Acuacultura. Profesor titular<\/li>\n\n\n\n<li>Temas Selectos de Ictiolog\u00eda. Profesor titular<\/li>\n<\/ul>\n\n\n\n<h4 class=\"wp-block-heading\"><strong>Maestr\u00eda en Gesti\u00f3n de Proyectos para el Desarrollo Solidario<\/strong><\/h4>\n\n\n\n<ul class=\"wp-block-list\">\n<li>Seminario de Proyecto I. Profesor titula y\/o asistente<\/li>\n\n\n\n<li>Seminario de Proyecto II. Profesor titular<\/li>\n\n\n\n<li>Seminario de Proyecto III. Profesor asistente<\/li>\n\n\n\n<li>Seminario de Proyecto IV. Profesor titular<\/li>\n\n\n\n<li>Ecolog\u00eda Aplicada en Ecosistemas Acu\u00e1ticos. Profesor titular<\/li>\n\n\n\n<li>Acuacultura. Profesor titular<\/li>\n\n\n\n<li>Diagn\u00f3stico para Proyectos Solidarios. Profesor titular y\/o asistente<\/li>\n\n\n\n<li>Gesti\u00f3n ambiental. Profesor titular<\/li>\n<\/ul>\n\n\n\n<h4 class=\"wp-block-heading\"><strong>Cursos de prop\u00f3sito espec\u00edfico<\/strong><\/h4>\n\n\n\n<ul class=\"wp-block-list\">\n<li>Estad\u00edstica B\u00e1sica. Profesor titular&nbsp;<\/li>\n\n\n\n<li>Bases Te\u00f3rico-Metodol\u00f3gicas del Programa de Maestr\u00eda en Gesti\u00f3n de Proyectos para el Desarrollo Solidario. Profesor titular y asistente<\/li>\n<\/ul>\n\n\n\n<h3 class=\"wp-block-heading has-primary-color has-text-color has-link-color wp-elements-608af95f757596440987c03b027869bd\"><strong>Ponencias, carteles, pl\u00e1ticas y conferencias en reuniones nacionales e internacionales<\/strong><\/h3>\n\n\n\n<figure class=\"wp-block-image aligncenter size-large is-resized\"><img loading=\"lazy\" decoding=\"async\" width=\"1024\" height=\"768\" src=\"https:\/\/web.ciidiroaxaca.ipn.mx\/emmartinez\/wp-content\/uploads\/sites\/41\/2025\/10\/DSC02607-1024x768.jpg\" alt=\"\" class=\"wp-image-155\" style=\"width:619px;height:auto\" srcset=\"https:\/\/web.ciidiroaxaca.ipn.mx\/emmartinez\/wp-content\/uploads\/sites\/41\/2025\/10\/DSC02607-1024x768.jpg 1024w, https:\/\/web.ciidiroaxaca.ipn.mx\/emmartinez\/wp-content\/uploads\/sites\/41\/2025\/10\/DSC02607-300x225.jpg 300w, https:\/\/web.ciidiroaxaca.ipn.mx\/emmartinez\/wp-content\/uploads\/sites\/41\/2025\/10\/DSC02607-768x576.jpg 768w, https:\/\/web.ciidiroaxaca.ipn.mx\/emmartinez\/wp-content\/uploads\/sites\/41\/2025\/10\/DSC02607-1536x1152.jpg 1536w, https:\/\/web.ciidiroaxaca.ipn.mx\/emmartinez\/wp-content\/uploads\/sites\/41\/2025\/10\/DSC02607-2048x1536.jpg 2048w\" sizes=\"auto, (max-width: 1024px) 100vw, 1024px\" \/><figcaption class=\"wp-element-caption\">Ponencia y exposici\u00f3n de muestras curatoriales de la Colecci\u00f3n de Peces Continentales del CIIDIR OAXACA, en la 1a Feria Estatal de la Trucha y la Mojarra 2009.<\/figcaption><\/figure>\n\n\n<nav class=\"is-responsive wp-block-navigation is-layout-flex wp-block-navigation-is-layout-flex\" data-wp-interactive=\"core\/navigation\" data-wp-context='{\"overlayOpenedBy\":{\"click\":false,\"hover\":false,\"focus\":false},\"type\":\"overlay\",\"roleAttribute\":\"\",\"ariaLabel\":\"Men\\u00fa\"}'><button aria-haspopup=\"dialog\" aria-label=\"Abrir el men&uacute;\" class=\"wp-block-navigation__responsive-container-open\" data-wp-on--click=\"actions.openMenuOnClick\" data-wp-on--keydown=\"actions.handleMenuKeydown\"><svg width=\"24\" height=\"24\" xmlns=\"http:\/\/www.w3.org\/2000\/svg\" viewbox=\"0 0 24 24\" aria-hidden=\"true\" focusable=\"false\"><path d=\"M4 7.5h16v1.5H4z\"><\/path><path d=\"M4 15h16v1.5H4z\"><\/path><\/svg><\/button>\n\t\t\t\t<div class=\"wp-block-navigation__responsive-container\" id=\"modal-1\" data-wp-class--has-modal-open=\"state.isMenuOpen\" data-wp-class--is-menu-open=\"state.isMenuOpen\" data-wp-watch=\"callbacks.initMenu\" data-wp-on--keydown=\"actions.handleMenuKeydown\" data-wp-on--focusout=\"actions.handleMenuFocusout\" tabindex=\"-1\">\n\t\t\t\t\t<div class=\"wp-block-navigation__responsive-close\" tabindex=\"-1\">\n\t\t\t\t\t\t<div class=\"wp-block-navigation__responsive-dialog\" data-wp-bind--aria-modal=\"state.ariaModal\" data-wp-bind--aria-label=\"state.ariaLabel\" data-wp-bind--role=\"state.roleAttribute\">\n\t\t\t\t\t\t\t<button aria-label=\"Cerrar el men&uacute;\" class=\"wp-block-navigation__responsive-container-close\" data-wp-on--click=\"actions.closeMenuOnClick\"><svg xmlns=\"http:\/\/www.w3.org\/2000\/svg\" viewbox=\"0 0 24 24\" width=\"24\" height=\"24\" aria-hidden=\"true\" focusable=\"false\"><path d=\"m13.06 12 6.47-6.47-1.06-1.06L12 10.94 5.53 4.47 4.47 5.53 10.94 12l-6.47 6.47 1.06 1.06L12 13.06l6.47 6.47 1.06-1.06L13.06 12Z\"><\/path><\/svg><\/button>\n\t\t\t\t\t\t\t<div class=\"wp-block-navigation__responsive-container-content\" data-wp-watch=\"callbacks.focusFirstElement\" id=\"modal-1-content\">\n\t\t\t\t\t\t\t\t<ul class=\"wp-block-navigation__container\">\n<li class=\" wp-block-navigation-item wp-block-navigation-link\"><a class=\"wp-block-navigation-item__content\" href=\"https:\/\/web.ciidiroaxaca.ipn.mx\/emmartinez\/\"><span class=\"wp-block-navigation-item__label\">Inicio<\/span><\/a><\/li>\n<li class=\" wp-block-navigation-item wp-block-navigation-link\"><a class=\"wp-block-navigation-item__content\" href=\"https:\/\/web.ciidiroaxaca.ipn.mx\/emmartinez\/publicaciones\/\"><span class=\"wp-block-navigation-item__label\">Publicaciones<\/span><\/a><\/li>\n<li class=\" wp-block-navigation-item wp-block-navigation-link\"><a class=\"wp-block-navigation-item__content\" href=\"https:\/\/web.ciidiroaxaca.ipn.mx\/emmartinez\/proyectos-de-investigacion\/\"><span class=\"wp-block-navigation-item__label\">Proyectos de investigaci&oacute;n<\/span><\/a><\/li>\n<li class=\" wp-block-navigation-item wp-block-navigation-link\"><a class=\"wp-block-navigation-item__content\" href=\"https:\/\/web.ciidiroaxaca.ipn.mx\/emmartinez\/tesis\/\"><span class=\"wp-block-navigation-item__label\">Tesis<\/span><\/a><\/li>\n<li class=\" wp-block-navigation-item wp-block-navigation-link\"><a class=\"wp-block-navigation-item__content\" href=\"https:\/\/web.ciidiroaxaca.ipn.mx\/emmartinez\/actividades-academicas\/\"><span class=\"wp-block-navigation-item__label\">Actividades acad&eacute;micas<\/span><\/a><\/li>\n<\/ul>\n\t\t\t\t\t\t\t<\/div>\n\t\t\t\t\t\t<\/div>\n\t\t\t\t\t<\/div>\n\t\t\t\t<\/div><\/nav>\n\n\n\n<p>&nbsp;<\/p>\n\n\n\n<p>&nbsp;<\/p>\n\n\n\n<p>&nbsp;<\/p>\n","protected":false},"excerpt":{"rendered":"<p>UNIDADES DE APRENDIZAJE DE POSGRADO Doctorado en Medio Ambiente y Desarrollo Doctorado en Investigaci\u00f3n de Ciencias Odontol\u00f3gicas en el Tercer Milenio Maestr\u00eda en Ciencias en Conservaci\u00f3n y Aprovechamiento de Recursos Naturales Maestr\u00eda en Gesti\u00f3n de Proyectos para el Desarrollo Solidario Cursos de prop\u00f3sito espec\u00edfico Ponencias, carteles, pl\u00e1ticas y conferencias en reuniones nacionales e internacionales &nbsp; [&hellip;]<\/p>\n","protected":false},"author":41,"featured_media":0,"parent":0,"menu_order":0,"comment_status":"closed","ping_status":"closed","template":"","meta":{"_swt_meta_header_display":false,"_swt_meta_footer_display":false,"_swt_meta_site_title_display":false,"_swt_meta_sticky_header":false,"_swt_meta_transparent_header":false,"footnotes":""},"class_list":["post-9","page","type-page","status-publish","hentry"],"_links":{"self":[{"href":"https:\/\/web.ciidiroaxaca.ipn.mx\/emmartinez\/wp-json\/wp\/v2\/pages\/9","targetHints":{"allow":["GET"]}}],"collection":[{"href":"https:\/\/web.ciidiroaxaca.ipn.mx\/emmartinez\/wp-json\/wp\/v2\/pages"}],"about":[{"href":"https:\/\/web.ciidiroaxaca.ipn.mx\/emmartinez\/wp-json\/wp\/v2\/types\/page"}],"author":[{"embeddable":true,"href":"https:\/\/web.ciidiroaxaca.ipn.mx\/emmartinez\/wp-json\/wp\/v2\/users\/41"}],"replies":[{"embeddable":true,"href":"https:\/\/web.ciidiroaxaca.ipn.mx\/emmartinez\/wp-json\/wp\/v2\/comments?post=9"}],"version-history":[{"count":17,"href":"https:\/\/web.ciidiroaxaca.ipn.mx\/emmartinez\/wp-json\/wp\/v2\/pages\/9\/revisions"}],"predecessor-version":[{"id":160,"href":"https:\/\/web.ciidiroaxaca.ipn.mx\/emmartinez\/wp-json\/wp\/v2\/pages\/9\/revisions\/160"}],"wp:attachment":[{"href":"https:\/\/web.ciidiroaxaca.ipn.mx\/emmartinez\/wp-json\/wp\/v2\/media?parent=9"}],"curies":[{"name":"wp","href":"https:\/\/api.w.org\/{rel}","templated":true}]}}