{"id":8,"date":"2011-10-26T17:48:43","date_gmt":"2011-10-26T17:48:43","guid":{"rendered":"https:\/\/web.ciidiroaxaca.ipn.mx\/emmartinez\/tesis\/"},"modified":"2025-10-16T16:08:43","modified_gmt":"2025-10-16T22:08:43","slug":"tesis","status":"publish","type":"page","link":"https:\/\/web.ciidiroaxaca.ipn.mx\/emmartinez\/tesis\/","title":{"rendered":"Tesis"},"content":{"rendered":"\n<h3 class=\"wp-block-heading has-primary-color has-text-color has-link-color wp-elements-62ca889674f0c610aac96ad741270689\"><strong>Maestr\u00eda en Ciencias en Conservaci\u00f3n y Aprovechamiento de Recursos Naturales (MCCARN)<\/strong><\/h3>\n\n\n\n<ul class=\"wp-block-list\">\n<li>Rosa Mar\u00eda Mart\u00ednez G\u00f3mez. Diversidad funcional de peces en la cuenca R\u00edo Copalita y otros, Oaxaca, M\u00e9xico. En proceso.<\/li>\n\n\n\n<li>Ruth Nalleli Hilario Ju\u00e1rez. La alimentaci\u00f3n de la tilapia del Nilo con alverja (<em>Pisum sativum<\/em> L.) una propuesta para la piscicultura rural en la Mixteca alta de Oaxaca. 6 julio 2022.<\/li>\n\n\n\n<li>Ren\u00e9 Barrag\u00e1n Lara. Estado actual de la poblaci\u00f3n y evaluaci\u00f3n de la temperatura en los nidos del cocodrilo americano (<em>Crocodylus acutus<\/em>, Reptilia: Crocodylidae) en una laguna de la costa central de Oaxaca, M\u00e9xico. 18 enero 2019.<\/li>\n\n\n\n<li>Nancy Elizabeth Ruiz P\u00e9rez. Variaci\u00f3n temporal de los h\u00e1bitos alimentarios de <em>Istiophorus platypterus<\/em> (Shaw, 1792) y <em>Coryphaena hippurus<\/em> Linnaeus, 1758, en la franja costera de Oaxaca. 14 enero 2019.<\/li>\n\n\n\n<li>Miguel Calixto Rojas. Uso de modelos de nicho para estimar la distribuci\u00f3n de peces dulceacu\u00edcolas en el sur de M\u00e9xico. 24 enero 2018.<\/li>\n\n\n\n<li>C\u00e9sar Camilo Juli\u00e1n Caballero. Edad, crecimiento, maduraci\u00f3n gonadal y contenido estomacal de <em>Rhamdia guatemalensis<\/em> (G\u00fcnther, 1864) y <em>Rhamdia laticauda <\/em>(Kner, 1858) en la parte oaxaque\u00f1a de la Reserva de la Biosfera Tehuac\u00e1n-Cuicatl\u00e1n. 19 diciembre 2017.<\/li>\n\n\n\n<li>Carlos Augusto Torres Barrag\u00e1n. Efecto del cambio de uso de suelo en algunos par\u00e1metros demogr\u00e1ficos de <em>Sceloporus spinosus <\/em>(Squamata: Phrynosomatidae), en el monumento natural Yagul, Tlacolula, Oaxaca. 27 julio 2015.<\/li>\n\n\n\n<li>Gabriel Isaias Cruz Ruiz. Estudio ecol\u00f3gico de la comunidad de peces en la subcuenca r\u00edo Atoyac-Paso de la Reina, Oaxaca, M\u00e9xico. 27 junio 2012.<\/li>\n\n\n\n<li>V\u00edctor Manuel Ortiz Cruz. An\u00e1lisis del crecimiento y madurez sexual de <em>Cichlasoma trimaculatum<\/em> (G\u00fcnther, 1867) de la subcuenca r\u00edo Atoyac-Paso de la Reina de la cuenca r\u00edo Atoyac, Oaxaca. 28 junio 2011.<\/li>\n\n\n\n<li>Ana Bricia Guzm\u00e1n Castellanos. Estudio del contenido estomacal de la raya <em>Urotrygon chilensis <\/em>(G\u00fcnther, 1871) (Myliobatiformes: Urolophidae) en el Golfo de Tehuantepec, M\u00e9xico. 18 junio 2010.<\/li>\n\n\n\n<li>Dan Gerson Rodr\u00edguez C\u00e1zares. H\u00e1bitos alimenticios de <em>Poeciliopsis fasciata<\/em> (Meek, 1904) y <em>Poeciliopsis gracilis<\/em> (Heckel, 1948) en la porci\u00f3n oaxaque\u00f1a de la Reserva de la Biosfera Tehuac\u00e1n-Cuicatl\u00e1n. 10 octubre 2008.<\/li>\n<\/ul>\n\n\n\n<h3 class=\"wp-block-heading has-primary-color has-text-color has-link-color wp-elements-53a33ddb62adbdb8da309891dae5ed54\"><strong>Maestr\u00eda en Gesti\u00f3n de Proyectos para el Desarrollo Solidario (MGPDS):<\/strong><\/h3>\n\n\n\n<ul class=\"wp-block-list\">\n<li>Eufemia Cruz Arenas. Elaboraci\u00f3n de un plan de acci\u00f3n sostenible para la conservaci\u00f3n de la fauna acu\u00e1tica: Integraci\u00f3n del conocimiento local y la etnozoolog\u00eda de la comunidad Santiago Zacatepec, Mixes, Oaxaca. 17 julio 2025.<\/li>\n\n\n\n<li>Carlos Humberto Viveros Parra. Implementaci\u00f3n de un sistema acuap\u00f3nico de Tilapia (<em>Oreochromis niloticus<\/em>) y Lechuga crespa (<em>Lactuca sativa<\/em> L.) para autoconsumo en el Municipio de San Andr\u00e9s Huay\u00e1pam. 11 julio 2025.<\/li>\n\n\n\n<li>Carolina Cruz Moreno. Dise\u00f1o de un plan de manejo sustentable para las aguas residuales del cultivo de trucha arco\u00edris (<em>Oncorhynchus mykiss<\/em>) en unidades pisc\u00edcolas de Latuvi, Oaxaca. 22 diciembre 2022.<\/li>\n\n\n\n<li>Irene Ju\u00e1rez Cortes. Elaboraci\u00f3n de un plan de acci\u00f3n sustentable del cultivo de tilapia en Valles Centrales, Oaxaca. 2 agosto 2019.<\/li>\n\n\n\n<li>Claudia Lorena Ibarra Ram\u00edrez. La estrategia integral de protecci\u00f3n civil en la zona Mazateca, Oaxaca, M\u00e9xico. 31 enero 2018.<\/li>\n\n\n\n<li>Ileana Jimena Granillo Su\u00e1rez. An\u00e1lisis productivo del grupo informal \u201cLa ni\u00f1a del humedal\u201d productor de artesan\u00edas de lirio acu\u00e1tico (<em>Eichhornia crassipes<\/em> (Mart.) Solms, 1883) en El Nacaste, Alvarado, Veracruz. 7 julio 2017.<\/li>\n<\/ul>\n\n\n\n<h3 class=\"wp-block-heading has-primary-color has-text-color has-link-color wp-elements-b21a10caf2424d96456e50d03b4d700c\"><strong>Maestr\u00eda en Ciencias en Productividad en Agroecosistemas:<\/strong><\/h3>\n\n\n\n<ul class=\"wp-block-list\">\n<li>Julia Irasema Garc\u00eda Gonz\u00e1lez. Calidad del agua en la microcuenca San Jer\u00f3nimo, Santiago Xanica, Miahuatl\u00e1n, Oaxaca. 17 septiembre 2020.<\/li>\n<\/ul>\n\n\n\n<h3 class=\"wp-block-heading has-text-align-left has-primary-color has-transparent-background-color has-text-color has-background has-link-color wp-elements-42db759067bdc7b6dd46cb4ad8c914d5\"><strong>Licenciatura:<\/strong><\/h3>\n\n\n\n<ul class=\"wp-block-list\">\n<li>Roc\u00edo Nashiely Santiago Olivera. Ecolog\u00eda de la nutria neotropical de r\u00edo <em>Lontra longicaudis annectens<\/em> (Major, 1897) (Mustelidae) en el \u00e1rea oaxaque\u00f1a de la Reserva de la Biosfera Tehuac\u00e1n-Cuicatl\u00e1n. 25 octubre 2019.<\/li>\n\n\n\n<li>Rub\u00ed Marcos G\u00f3mez. An\u00e1lisis del crecimiento, alimentaci\u00f3n y madurez gonadal de <em>Agonostomus monticola<\/em> (Bancroft, 1834) en la cuenca \u201cR\u00edo Copalita y Otros\u201d, Oaxaca. 29 junio 2017.<\/li>\n\n\n\n<li>Erika Quetzally Santiago Pablo. Evaluaci\u00f3n del crecimiento de tilapia del Nilo (<em>Orechromis niloticus<\/em>) revertida sexualmente en San Isidro Chacalapa, San Pedro Huamelula, Tehuantepec, Oaxaca. Junio 2010.<\/li>\n\n\n\n<li>Gabriel Isa\u00edas Cruz Ruiz. Estudio de la comunidad de peces de la subcuenca r\u00edo Quiotepec en la Reserva de la Biosfera Tehuac\u00e1n-Cuicatl\u00e1n, Oaxaca, M\u00e9xico. Noviembre 2009.<\/li>\n\n\n\n<li>Eufemia Cruz Arenas. Contribuci\u00f3n a la biolog\u00eda y cultivo experimental de algunos peces oaxaque\u00f1os de la Reserva de la Biosfera Tehuac\u00e1n-Cuicatl\u00e1n. Noviembre 2009.<\/li>\n\n\n\n<li>Nohemi Vianney Victoria Villa. El mesozooplancton en el cultivo semi-intensivo de tilapia (<em>Orochromis aureus<\/em>) en el Porvenir, Santo Domingo Nuxa\u00e1, Nochixtl\u00e1n, Oaxaca, M\u00e9xico. Marzo 2005.<\/li>\n\n\n\n<li>Margarita Reyes Velasco. Contribuci\u00f3n a la biolog\u00eda de la carpa Tepelmeme (<em>Notropis moralesi<\/em>) de la mixteca alta, Oaxaca. Septiembre 2004.<\/li>\n\n\n\n<li>Benjam\u00edn Bar\u00f3n Sevilla. Contribuci\u00f3n al conocimiento de la biolog\u00eda de <em>Mugil curema<\/em> Valenciennes en el sistema lagunar Chacahua La Pastor\u00eda, Oaxaca. Marzo 1988.<\/li>\n<\/ul>\n","protected":false},"excerpt":{"rendered":"<p>Maestr\u00eda en Ciencias en Conservaci\u00f3n y Aprovechamiento de Recursos Naturales (MCCARN) Maestr\u00eda en Gesti\u00f3n de Proyectos para el Desarrollo Solidario (MGPDS): Maestr\u00eda en Ciencias en Productividad en Agroecosistemas: Licenciatura:<\/p>\n","protected":false},"author":41,"featured_media":0,"parent":0,"menu_order":0,"comment_status":"closed","ping_status":"closed","template":"","meta":{"_swt_meta_header_display":false,"_swt_meta_footer_display":false,"_swt_meta_site_title_display":false,"_swt_meta_sticky_header":false,"_swt_meta_transparent_header":false,"footnotes":""},"class_list":["post-8","page","type-page","status-publish","hentry"],"_links":{"self":[{"href":"https:\/\/web.ciidiroaxaca.ipn.mx\/emmartinez\/wp-json\/wp\/v2\/pages\/8","targetHints":{"allow":["GET"]}}],"collection":[{"href":"https:\/\/web.ciidiroaxaca.ipn.mx\/emmartinez\/wp-json\/wp\/v2\/pages"}],"about":[{"href":"https:\/\/web.ciidiroaxaca.ipn.mx\/emmartinez\/wp-json\/wp\/v2\/types\/page"}],"author":[{"embeddable":true,"href":"https:\/\/web.ciidiroaxaca.ipn.mx\/emmartinez\/wp-json\/wp\/v2\/users\/41"}],"replies":[{"embeddable":true,"href":"https:\/\/web.ciidiroaxaca.ipn.mx\/emmartinez\/wp-json\/wp\/v2\/comments?post=8"}],"version-history":[{"count":19,"href":"https:\/\/web.ciidiroaxaca.ipn.mx\/emmartinez\/wp-json\/wp\/v2\/pages\/8\/revisions"}],"predecessor-version":[{"id":157,"href":"https:\/\/web.ciidiroaxaca.ipn.mx\/emmartinez\/wp-json\/wp\/v2\/pages\/8\/revisions\/157"}],"wp:attachment":[{"href":"https:\/\/web.ciidiroaxaca.ipn.mx\/emmartinez\/wp-json\/wp\/v2\/media?parent=8"}],"curies":[{"name":"wp","href":"https:\/\/api.w.org\/{rel}","templated":true}]}}