{"id":5,"date":"2011-10-26T16:12:57","date_gmt":"2011-10-26T16:12:57","guid":{"rendered":"https:\/\/web.ciidiroaxaca.ipn.mx\/emmartinez\/dr-emilio-martinez-ramirez\/"},"modified":"2025-10-16T16:39:24","modified_gmt":"2025-10-16T22:39:24","slug":"dr-emilio-martinez-ramirez","status":"publish","type":"page","link":"https:\/\/web.ciidiroaxaca.ipn.mx\/emmartinez\/","title":{"rendered":"Dr. Emilio Mart\u00ednez Ram\u00edrez"},"content":{"rendered":"\n<p>&nbsp;<\/p>\n\n\n\n<figure class=\"wp-block-image aligncenter is-resized\"><img decoding=\"async\" src=\"https:\/\/web.ciidiroaxaca.ipn.mx\/emmartinez\/wp-content\/uploads\/sites\/41\/2011\/10\/MARTINEZ-RAMIREZ-EMILIO.JPG\" alt=\"\" style=\"width:235px;height:auto\" \/><\/figure>\n\n\n\n<h4 class=\"wp-block-heading has-text-align-center has-primary-color has-text-color has-link-color wp-elements-b51bdc404a917044084f8e8ee294c8f9\">Doctorado en Biolog\u00eda por la Universidad de Barcelona (UB).<\/h4>\n\n\n\n<h6 class=\"wp-block-heading has-text-align-center has-heading-color has-text-color has-link-color wp-elements-c2821ad16d9f1767a897008d59e69917\"><strong>Profesor colegiado del posgrado del CIIDIR Oaxaca, Instituto Polit\u00e9cnico Nacional.<\/strong><\/h6>\n\n\n\n<h6 class=\"wp-block-heading has-text-align-center\"><strong>Jefe del Laboratorio de Ictiolog\u00eda y Acuacultura<\/strong><\/h6>\n\n\n\n<h6 class=\"wp-block-heading has-text-align-center\"><strong>Responsable de la Colecci\u00f3n de Peces Continentales del CIIDIR OAXACA<\/strong><\/h6>\n\n\n\n<p class=\"has-text-align-center\">Correo electr\u00f3nico: emmartinez@ipn.mx &nbsp; &nbsp; Extensi\u00f3n:82750<\/p>\n\n\n\n<figure class=\"wp-block-image aligncenter size-full\"><img loading=\"lazy\" decoding=\"async\" width=\"435\" height=\"530\" src=\"https:\/\/web.ciidiroaxaca.ipn.mx\/emmartinez\/wp-content\/uploads\/sites\/41\/2025\/10\/EMR.jpg\" alt=\"\" class=\"wp-image-144\" srcset=\"https:\/\/web.ciidiroaxaca.ipn.mx\/emmartinez\/wp-content\/uploads\/sites\/41\/2025\/10\/EMR.jpg 435w, https:\/\/web.ciidiroaxaca.ipn.mx\/emmartinez\/wp-content\/uploads\/sites\/41\/2025\/10\/EMR-246x300.jpg 246w\" sizes=\"auto, (max-width: 435px) 100vw, 435px\" \/><figcaption class=\"wp-element-caption\">Muestras curatoriales de la Colecci\u00f3n de Peces Continentales<\/figcaption><\/figure>\n","protected":false},"excerpt":{"rendered":"<p>&nbsp; Doctorado en Biolog\u00eda por la Universidad de Barcelona (UB). Profesor colegiado del posgrado del CIIDIR Oaxaca, Instituto Polit\u00e9cnico Nacional. Jefe del Laboratorio de Ictiolog\u00eda y Acuacultura Responsable de la Colecci\u00f3n de Peces Continentales del CIIDIR OAXACA Correo electr\u00f3nico: emmartinez@ipn.mx &nbsp; &nbsp; Extensi\u00f3n:82750<\/p>\n","protected":false},"author":41,"featured_media":0,"parent":0,"menu_order":0,"comment_status":"closed","ping_status":"closed","template":"","meta":{"_swt_meta_header_display":false,"_swt_meta_footer_display":false,"_swt_meta_site_title_display":false,"_swt_meta_sticky_header":false,"_swt_meta_transparent_header":false,"footnotes":""},"class_list":["post-5","page","type-page","status-publish","hentry"],"_links":{"self":[{"href":"https:\/\/web.ciidiroaxaca.ipn.mx\/emmartinez\/wp-json\/wp\/v2\/pages\/5","targetHints":{"allow":["GET"]}}],"collection":[{"href":"https:\/\/web.ciidiroaxaca.ipn.mx\/emmartinez\/wp-json\/wp\/v2\/pages"}],"about":[{"href":"https:\/\/web.ciidiroaxaca.ipn.mx\/emmartinez\/wp-json\/wp\/v2\/types\/page"}],"author":[{"embeddable":true,"href":"https:\/\/web.ciidiroaxaca.ipn.mx\/emmartinez\/wp-json\/wp\/v2\/users\/41"}],"replies":[{"embeddable":true,"href":"https:\/\/web.ciidiroaxaca.ipn.mx\/emmartinez\/wp-json\/wp\/v2\/comments?post=5"}],"version-history":[{"count":11,"href":"https:\/\/web.ciidiroaxaca.ipn.mx\/emmartinez\/wp-json\/wp\/v2\/pages\/5\/revisions"}],"predecessor-version":[{"id":163,"href":"https:\/\/web.ciidiroaxaca.ipn.mx\/emmartinez\/wp-json\/wp\/v2\/pages\/5\/revisions\/163"}],"wp:attachment":[{"href":"https:\/\/web.ciidiroaxaca.ipn.mx\/emmartinez\/wp-json\/wp\/v2\/media?parent=5"}],"curies":[{"name":"wp","href":"https:\/\/api.w.org\/{rel}","templated":true}]}}