{"id":9,"date":"2017-11-08T20:02:47","date_gmt":"2017-11-08T20:02:47","guid":{"rendered":"https:\/\/web.ciidiroaxaca.ipn.mx\/emendezg\/tesis\/"},"modified":"2025-10-15T15:43:04","modified_gmt":"2025-10-15T15:43:04","slug":"tesis","status":"publish","type":"page","link":"https:\/\/web.ciidiroaxaca.ipn.mx\/emendezg\/tesis\/","title":{"rendered":"Tesis"},"content":{"rendered":"\n<h2 class=\"wp-block-heading\">Temas de tesis:<\/h2>\n\n\n\n<ul class=\"wp-block-list\">\n<li>Gobernanza de la gesti\u00f3n de residuos solidos urbanos en municipios de sistemas normativos internos<\/li>\n\n\n\n<li>Gobernanza comunitaria de bienes naturales (agua y bosques) y generaci\u00f3n de residuos<\/li>\n\n\n\n<li>Relaci\u00f3n agua, alimentaci\u00f3n y residuos<\/li>\n\n\n\n<li>Memoria social y conocimientos vern\u00e1culos de bienes naturales<\/li>\n\n\n\n<li>Estudios de mujeres y medio ambiente<\/li>\n<\/ul>\n\n\n\n<h2 class=\"wp-block-heading\">Maestr\u00eda:<\/h2>\n\n\n\n<ul class=\"wp-block-list\">\n<li>Haidi Medina Mart\u00ednez, \u00abGobernanza ambiental en la Gesti\u00f3n de Residuos S\u00f3lidos Urbanos en municipios de la Zona Metropolitana del Estado de Oaxaca\u00bb Terminado. 19 de agosto de 2025. Instituto Polit\u00e9cnico Nacional.&nbsp;CIIDIR Oaxaca. Maestr\u00eda en Ciencias en Conservaci\u00f3n y Aprovechamiento de Recursos Naturales.&nbsp;<\/li>\n\n\n\n<li>Aranza Aseret Garc\u00eda C\u00f3rdova, \u201cSustentabilidad comunitaria en San Juan Evangelista Analco\u201d. Terminado. 19 de agosto 2024. Instituto Polit\u00e9cnico Nacional.&nbsp;CIIDIR Oaxaca. Maestr\u00eda en Ciencias en Conservaci\u00f3n y Aprovechamiento de Recursos Naturales.&nbsp;<\/li>\n\n\n\n<li>Soidelys Reyes Acu\u00f1a, \u201cDi\u00e1logo de saberes en las estrategias de comercializaci\u00f3n de sericicultores en San Pedro Cajonos, Oaxaca\u00bb. Terminado. 2021.&nbsp;Institutto Polit\u00e9cnico Nacional. CIIDIR Michoac\u00e1n. Maestr\u00eda en Ciencias en Producci\u00f3n Agr\u00edcola Sustentable.&nbsp;<\/li>\n\n\n\n<li>Thania Daniela Romero V\u00e1squez. \u201cEco-eficiencia y desempe\u00f1o organizacional en PyMEs del sector restaurantero de Oaxaca, M\u00e9xico\u201d. Terminado. 2021. Instituto Polit\u00e9cnico Nacional.&nbsp;CIIDIR Oaxaca. Maestr\u00eda en Ciencias en Conservaci\u00f3n y Aprovechamiento de Recursos Naturales.&nbsp;<\/li>\n\n\n\n<li>Hugo Morales Ju\u00e1rez. \u00abGobernanza del agua: caso Huajuapan de Le\u00f3n, Oaxaca\u00bb. Terminado. 2019. Instituto Polit\u00e9cnico Nacional. CIIDIR Oaxaca. Maestr\u00eda en Ciencias en Conservaci\u00f3n y Aprovechamiento de Recursos Naturales. &nbsp;<\/li>\n\n\n\n<li>Natalia Espinoza Garc\u00eda. \u00abValoraci\u00f3n econ\u00f3mica de los servicios ecosist\u00e9micos hidrol\u00f3gicos asociados a la vegetaci\u00f3n riparia en el r\u00edo Copalita, Oaxaca\u00bb. Terminado. 2019. Instituto Polit\u00e9cnico Nacional. CIIDIR Oaxaca. Maestr\u00eda en Ciencias en Conservaci\u00f3n y Aprovechamiento de Recursos Naturales.&nbsp;<\/li>\n<\/ul>\n\n\n\n<p>&nbsp;<\/p>\n\n\n\n<h2 class=\"wp-block-heading\">Doctorado:<\/h2>\n\n\n\n<ul class=\"wp-block-list\">\n<li>Sandra Maribel Reyes Macedo, \u00abProducci\u00f3n de resina de liquid\u00e1mbar(Liquid\u00e1mbar styraciflua) como alternativa para construir justicia social y ambiental en dos comunidades de la sierra norte de Oaxaca\u00bb. En proceso. Instituto Polit\u00e9cnico Nacional. CIIDIR Oaxaca. Doctorado en Ciencias en Conservaci\u00f3n y Aprovechamiento de Recursos Naturales<\/li>\n\n\n\n<li>Thania Daniela Romero V\u00e1squez, \u00abImpacto de la Gesti\u00f3n Municipal de Residuos S\u00f3lidos Urbanos en la Gobernanza Ambiental Oaxaque\u00f1a\u00bb En proceso. Instituto Polit\u00e9cnico Nacional.&nbsp;CIIDIR Oaxaca. Doctorado en Ciencias en Conservaci\u00f3n y Aprovechamiento de Recursos Naturales.&nbsp;<\/li>\n\n\n\n<li>Sela Yanet Raymundo Allende, \u00abLa relaci\u00f3n entre la participaci\u00f3n de los residentes locales y la contribuci\u00f3n ambiental del ecoturismo a trav\u00e9s de la percepci\u00f3n de impactos ecol\u00f3gicos y econ\u00f3micos, en destinos ecotur\u00edsticos de Oaxaca.\u00bb En proceso. Instituto Polit\u00e9cnico Nacional.&nbsp;CIIDIR Oaxaca. Doctorado en Ciencias en Conservaci\u00f3n y Aprovechamiento de Recursos Naturales.&nbsp;<\/li>\n\n\n\n<li>Natalia Espinoza Garc\u00eda. \u00abReapropiaci\u00f3n social de la naturaleza en la Uni\u00f3n de comunidades productoras forestales zapotecos-chinantecos de la Sierra Ju\u00e1rez (UZACHI), Oaxaca\u00bb. 19 de agosto de 2024. Instituto Polit\u00e9cnico Nacional.&nbsp;CIIDIR Oaxaca. Doctorado en Ciencias en Conservaci\u00f3n y Aprovechamiento de Recursos Naturales.&nbsp;<\/li>\n\n\n\n<li>Hugo Morales Ju\u00e1rez. \u00abEl gobierno del agua en la zona metropolitana de Oaxaca:&nbsp; Un an\u00e1lisis desde la geograf\u00eda pol\u00edtica\u00bb. 2024. Instituto Tecnol\u00f3gico de Oaxaca.<\/li>\n\n\n\n<li>Ana Alejandra Hern\u00e1ndez Mazas. \u00abMemoria y mito bioculturales de Teotitl\u00e1n del Valle, Oaxaca: agua, plantas, suelo\u00bb. Terminado. 2 de febrero de 2024. Instituto Polit\u00e9cnico Nacional.&nbsp;CIIDIR Oaxaca. Doctorado en Ciencias en Conservaci\u00f3n y Aprovechamiento de Recursos Naturales.&nbsp;<\/li>\n\n\n\n<li>Karen Guadalupe Ram\u00edrez Antonio. \u201cV\u00ednculo con el territorio en la memoria biocultural de San Pedro Comitancillo\u201d. Terminado. 2 de febrero de 2024. Instituto Polit\u00e9cnico Nacional.&nbsp;CIIDIR Oaxaca. Doctorado en Ciencias en Conservaci\u00f3n y Aprovechamiento de Recursos Naturales.&nbsp;<\/li>\n\n\n\n<li>Elvira Iveth P\u00e9rez L\u00f3pez. Tesis doctoral: \u00abTrasmisi\u00f3n del conocimiento tradicional alfarero a trav\u00e9s de los modos de vida en Santa Mar\u00eda Atzompa\u00bb.&nbsp;Terminada. 11 de diciembre de 2020. Instituto Tecnol\u00f3gico de Oaxaca.<\/li>\n<\/ul>\n","protected":false},"excerpt":{"rendered":"<p>Temas de tesis: Maestr\u00eda: &nbsp; Doctorado:<\/p>\n","protected":false},"author":7,"featured_media":0,"parent":0,"menu_order":0,"comment_status":"closed","ping_status":"closed","template":"","meta":{"_swt_meta_header_display":false,"_swt_meta_footer_display":false,"_swt_meta_site_title_display":false,"_swt_meta_sticky_header":false,"_swt_meta_transparent_header":false,"footnotes":""},"class_list":["post-9","page","type-page","status-publish","hentry"],"_links":{"self":[{"href":"https:\/\/web.ciidiroaxaca.ipn.mx\/emendezg\/wp-json\/wp\/v2\/pages\/9","targetHints":{"allow":["GET"]}}],"collection":[{"href":"https:\/\/web.ciidiroaxaca.ipn.mx\/emendezg\/wp-json\/wp\/v2\/pages"}],"about":[{"href":"https:\/\/web.ciidiroaxaca.ipn.mx\/emendezg\/wp-json\/wp\/v2\/types\/page"}],"author":[{"embeddable":true,"href":"https:\/\/web.ciidiroaxaca.ipn.mx\/emendezg\/wp-json\/wp\/v2\/users\/7"}],"replies":[{"embeddable":true,"href":"https:\/\/web.ciidiroaxaca.ipn.mx\/emendezg\/wp-json\/wp\/v2\/comments?post=9"}],"version-history":[{"count":9,"href":"https:\/\/web.ciidiroaxaca.ipn.mx\/emendezg\/wp-json\/wp\/v2\/pages\/9\/revisions"}],"predecessor-version":[{"id":64,"href":"https:\/\/web.ciidiroaxaca.ipn.mx\/emendezg\/wp-json\/wp\/v2\/pages\/9\/revisions\/64"}],"wp:attachment":[{"href":"https:\/\/web.ciidiroaxaca.ipn.mx\/emendezg\/wp-json\/wp\/v2\/media?parent=9"}],"curies":[{"name":"wp","href":"https:\/\/api.w.org\/{rel}","templated":true}]}}