{"id":8,"date":"2017-11-08T20:01:49","date_gmt":"2017-11-08T20:01:49","guid":{"rendered":"https:\/\/web.ciidiroaxaca.ipn.mx\/emendezg\/proyectos-de-investigacion\/"},"modified":"2025-10-13T17:20:17","modified_gmt":"2025-10-13T17:20:17","slug":"proyectos-de-investigacion","status":"publish","type":"page","link":"https:\/\/web.ciidiroaxaca.ipn.mx\/emendezg\/proyectos-de-investigacion\/","title":{"rendered":"Proyectos de investigaci\u00f3n"},"content":{"rendered":"\n<h3 class=\"wp-block-heading\">Directora:<\/h3>\n\n\n\n<p><\/p>\n\n\n\n<p><\/p>\n\n\n\n<p>77IH-2025-G. Hacia nuevas configuraciones sociometabolicas con justicia ambiental en la gesti\u00f3n de residuos solidos urbanos. Explorando e impulsando praxis alternativas en municipios de sistemas normativos ind\u00edgenas en Oaxaca. Financiamiento SECIHTI.<\/p>\n\n\n\n<p>2025-2026. Hacia nuevas configuraciones sociometabolicas con justicia ambiental en la gesti\u00f3n de residuos solidos urbanos. Explorando e impulsando praxis alternativas en municipios de sistemas normativos ind\u00edgenas en Oaxaca. Clave del proyecto: <strong>SIP 20250997.<\/strong> Financiamiento interno.<\/p>\n\n\n\n<p>2023- 2024.&nbsp;Memoria comunitaria para construir justicia ambiental: La gesti\u00f3n del agua desde el metabolismo social en Analco, Oaxaca. Clave del proyecto: <strong>SIP&nbsp;20230779<\/strong>. Financiamiento<\/p>\n\n\n\n<p>2022.&nbsp;La memoria y la organizaci\u00f3n comunitarias en la reapropiaci\u00f3n territorial en&nbsp;la Sierra Ju\u00e1rez. El caso de la UZACHI.&nbsp;Clave del&nbsp;proyecto:&nbsp;<strong>20210394&nbsp;<\/strong>Financiamiento Interno.&nbsp;<\/p>\n\n\n\n<p>2021. La memoria como estrategia metodol\u00f3gica para el estudio de las configuraciones socio metab\u00f3licas. Una perspectiva desde los actores sociales.&nbsp;&nbsp;Clave del&nbsp;proyecto:&nbsp;<strong>20210698&nbsp;<\/strong>Financiamiento Interno.&nbsp;<\/p>\n\n\n\n<p>2020. Memoria hist\u00f3rica y potencia de recordar en los movimientos por justicia ambiental. Clave del proyecto: <strong>SIP20200129<\/strong>. Financiamiento Interno. 2020<\/p>\n\n\n\n<p>2019. Saberes tradicionales y apropiaci\u00f3n tecnol\u00f3gica sobre sericicultura para la comercializaci\u00f3n de artesan\u00edas en San Pedro Cajonos, Oaxaca. Clave del proyecto: <strong>SIP-20195984<\/strong>. Financiamiento Interno.&nbsp;<\/p>\n\n\n\n<p>2017. Conflictos socio-ambientales en Oaxaca: mapeo, tipolog\u00edas y marcos explicativos.\u00a0Clave del proyecto: <strong>SIP:20170779<\/strong>. Fianciamiento Interno.\u00a0<\/p>\n\n\n\n<p>&nbsp;<\/p>\n\n\n\n<h3 class=\"wp-block-heading\">Participante:<\/h3>\n\n\n\n<p>Sucesi\u00f3n familiar y desempe\u00f1o ambiental en negocios familiares del sector artesanal. <strong>SIP:20180258.<\/strong> Fianciamiento Interno.&nbsp;<strong>2018<\/strong>.<\/p>\n\n\n\n<p>Sustentabilidad y econom\u00eda solidaria: Propuesta de Indicadores para organismos del sector social. <strong>SIP:20181496.<\/strong>&nbsp;Fianciamiento Interno.&nbsp;<strong>2018<\/strong>.<\/p>\n\n\n\n<p>El uso de la fenolog\u00eda de las bromelias ep\u00edfitas como una herramienta para su conservaci\u00f3n. <strong>SIP: 20170823.<\/strong>&nbsp;Fianciamiento Interno.&nbsp;<strong>2017<\/strong>.<\/p>\n\n\n\n<p>Fenolog\u00eda de ep\u00edfitas vasculares. <strong>SIP: 20161559<\/strong>.&nbsp;Fianciamiento Interno.&nbsp;<strong>2016<\/strong>.<\/p>\n\n\n\n<p>En la b\u00fasqueda del manejo sustentable de Tillandsia carloshankii en Santa Catarina Ixtepeji. <strong>SIP: 20151017<\/strong>.&nbsp;Fianciamiento Interno.&nbsp;<strong>2015<\/strong>.<\/p>\n\n\n\n<p>Estudio etnobot\u00e1nico de las inflorescencias de bromelias ep\u00edfitas en el mercado de Jamaica de la ciudad de M\u00e9xico. <strong>SIP: 20140963<\/strong>.&nbsp;Fianciamiento Interno.&nbsp;<strong>2014<\/strong>.<\/p>\n\n\n\n<p>Fenolog\u00eda de la comunidad de epifitas vasculares presentes en el encinar de Santa Catarina Ixtepeji.<strong> SIP: 20130738.<\/strong>&nbsp;Fianciamiento Interno.&nbsp;<strong>2013<\/strong>.<\/p>\n\n\n\n<p>Biolog\u00eda reproductiva de una bromelia ep\u00edfita con uso ornamental: el caso de Tillandsia carlos-hankii. <strong>SIP: 20120868.<\/strong>&nbsp;Fianciamiento Interno.&nbsp;<strong>2012<\/strong>.<\/p>\n\n\n\n<p>Viabilidad del concepto de capital social para explicar las estrategias de solidaridad, cooperaci\u00f3n y reciprocidad en comunidades con proyectos productivos en consolidaci\u00f3n. <strong>SIP: 20110575<\/strong>.&nbsp;Fianciamiento Interno.&nbsp;<strong>2011<\/strong>.<\/p>\n\n\n\n<p>Metodolog\u00eda para la identificaci\u00f3n de proyectos productivos potenciales que impulsen el progreso local sustentable de comunidades marginadas. <strong>SIP: 20100576<\/strong>.&nbsp;Fianciamiento Interno.&nbsp;<strong>2010<\/strong>.<\/p>\n","protected":false},"excerpt":{"rendered":"<p>Directora: 77IH-2025-G. Hacia nuevas configuraciones sociometabolicas con justicia ambiental en la gesti\u00f3n de residuos solidos urbanos. Explorando e impulsando praxis alternativas en municipios de sistemas normativos ind\u00edgenas en Oaxaca. Financiamiento SECIHTI. 2025-2026. Hacia nuevas configuraciones sociometabolicas con justicia ambiental en la gesti\u00f3n de residuos solidos urbanos. Explorando e impulsando praxis alternativas en municipios de sistemas [&hellip;]<\/p>\n","protected":false},"author":7,"featured_media":0,"parent":0,"menu_order":0,"comment_status":"closed","ping_status":"closed","template":"","meta":{"_swt_meta_header_display":false,"_swt_meta_footer_display":false,"_swt_meta_site_title_display":false,"_swt_meta_sticky_header":false,"_swt_meta_transparent_header":false,"footnotes":""},"class_list":["post-8","page","type-page","status-publish","hentry"],"_links":{"self":[{"href":"https:\/\/web.ciidiroaxaca.ipn.mx\/emendezg\/wp-json\/wp\/v2\/pages\/8","targetHints":{"allow":["GET"]}}],"collection":[{"href":"https:\/\/web.ciidiroaxaca.ipn.mx\/emendezg\/wp-json\/wp\/v2\/pages"}],"about":[{"href":"https:\/\/web.ciidiroaxaca.ipn.mx\/emendezg\/wp-json\/wp\/v2\/types\/page"}],"author":[{"embeddable":true,"href":"https:\/\/web.ciidiroaxaca.ipn.mx\/emendezg\/wp-json\/wp\/v2\/users\/7"}],"replies":[{"embeddable":true,"href":"https:\/\/web.ciidiroaxaca.ipn.mx\/emendezg\/wp-json\/wp\/v2\/comments?post=8"}],"version-history":[{"count":5,"href":"https:\/\/web.ciidiroaxaca.ipn.mx\/emendezg\/wp-json\/wp\/v2\/pages\/8\/revisions"}],"predecessor-version":[{"id":55,"href":"https:\/\/web.ciidiroaxaca.ipn.mx\/emendezg\/wp-json\/wp\/v2\/pages\/8\/revisions\/55"}],"wp:attachment":[{"href":"https:\/\/web.ciidiroaxaca.ipn.mx\/emendezg\/wp-json\/wp\/v2\/media?parent=8"}],"curies":[{"name":"wp","href":"https:\/\/api.w.org\/{rel}","templated":true}]}}