{"id":6,"date":"2025-07-08T18:16:49","date_gmt":"2025-07-08T18:16:49","guid":{"rendered":"https:\/\/web.ciidiroaxaca.ipn.mx\/egarcias\/?page_id=6"},"modified":"2025-10-21T14:17:06","modified_gmt":"2025-10-21T20:17:06","slug":"dr-edgar-garcia-sanchez","status":"publish","type":"page","link":"https:\/\/web.ciidiroaxaca.ipn.mx\/egarcias\/","title":{"rendered":"Dr. en C. Edgar Garc\u00eda S\u00e1nchez"},"content":{"rendered":"\n<figure class=\"wp-block-image aligncenter size-full\"><img loading=\"lazy\" decoding=\"async\" width=\"198\" height=\"263\" src=\"https:\/\/web.ciidiroaxaca.ipn.mx\/egarcias\/wp-content\/uploads\/sites\/24\/2025\/10\/Imagen_2.jpg\" alt=\"Dr. en C. Edgar Garc\u00eda S\u00e1nchez\" class=\"wp-image-59\"\/><\/figure>\n\n\n\n<p class=\"has-text-align-center\">Doctor en Ciencias Biol\u00f3gicas<\/p>\n\n\n\n<p class=\"has-text-align-center\">Universidad Michoacana de San Nicol\u00e1s de Hidalgo<\/p>\n\n\n\n<p class=\"has-text-align-center\">Profesor de la Maestr\u00eda y el Doctorado en Ciencias en Conservaci\u00f3n y Aprovechamiento de Recursos Naturales del CIIDIR Unidad Oaxaca<\/p>\n\n\n\n<p class=\"has-text-align-center\">Miembro del SNII Nivel I<\/p>\n\n\n\n<p class=\"has-text-align-center\">\u00c1rea: Identificaci\u00f3n y caracterizaci\u00f3n de productos naturales con propiedades antimicrobianas, antioxidantes y citot\u00f3xicas con potencial en el cuidado de la salud y de agroecosistemas mediante t\u00e9cnicas cromatogr\u00e1ficas acopladas a espectrometr\u00eda de masas, FT-IR y RMN<\/p>\n\n\n\n<p class=\"has-text-align-center\">Laboratorio de Innovaci\u00f3n Biom\u00e9dica y Aplicada (LIBA)<\/p>\n\n\n\n<p class=\"has-text-align-center\"><a href=\"mailto:egarcias@ipn.mx\">egarcias@ipn.mx<\/a><\/p>\n\n\n\n<p><\/p>\n","protected":false},"excerpt":{"rendered":"<p>Doctor en Ciencias Biol\u00f3gicas Universidad Michoacana de San Nicol\u00e1s de Hidalgo Profesor de la Maestr\u00eda y el Doctorado en Ciencias en Conservaci\u00f3n y Aprovechamiento de Recursos Naturales del CIIDIR Unidad Oaxaca Miembro del SNII Nivel I \u00c1rea: Identificaci\u00f3n y caracterizaci\u00f3n de productos naturales con propiedades antimicrobianas, antioxidantes y citot\u00f3xicas con potencial en el cuidado de [&hellip;]<\/p>\n","protected":false},"author":25,"featured_media":0,"parent":0,"menu_order":0,"comment_status":"closed","ping_status":"closed","template":"","meta":{"_swt_meta_header_display":false,"_swt_meta_footer_display":false,"_swt_meta_site_title_display":false,"_swt_meta_sticky_header":false,"_swt_meta_transparent_header":false,"footnotes":""},"class_list":["post-6","page","type-page","status-publish","hentry"],"_links":{"self":[{"href":"https:\/\/web.ciidiroaxaca.ipn.mx\/egarcias\/wp-json\/wp\/v2\/pages\/6","targetHints":{"allow":["GET"]}}],"collection":[{"href":"https:\/\/web.ciidiroaxaca.ipn.mx\/egarcias\/wp-json\/wp\/v2\/pages"}],"about":[{"href":"https:\/\/web.ciidiroaxaca.ipn.mx\/egarcias\/wp-json\/wp\/v2\/types\/page"}],"author":[{"embeddable":true,"href":"https:\/\/web.ciidiroaxaca.ipn.mx\/egarcias\/wp-json\/wp\/v2\/users\/25"}],"replies":[{"embeddable":true,"href":"https:\/\/web.ciidiroaxaca.ipn.mx\/egarcias\/wp-json\/wp\/v2\/comments?post=6"}],"version-history":[{"count":16,"href":"https:\/\/web.ciidiroaxaca.ipn.mx\/egarcias\/wp-json\/wp\/v2\/pages\/6\/revisions"}],"predecessor-version":[{"id":73,"href":"https:\/\/web.ciidiroaxaca.ipn.mx\/egarcias\/wp-json\/wp\/v2\/pages\/6\/revisions\/73"}],"wp:attachment":[{"href":"https:\/\/web.ciidiroaxaca.ipn.mx\/egarcias\/wp-json\/wp\/v2\/media?parent=6"}],"curies":[{"name":"wp","href":"https:\/\/api.w.org\/{rel}","templated":true}]}}