{"id":17,"date":"2025-07-08T18:19:18","date_gmt":"2025-07-08T18:19:18","guid":{"rendered":"https:\/\/web.ciidiroaxaca.ipn.mx\/egarcias\/?page_id=17"},"modified":"2025-10-14T16:07:19","modified_gmt":"2025-10-14T16:07:19","slug":"publicaciones","status":"publish","type":"page","link":"https:\/\/web.ciidiroaxaca.ipn.mx\/egarcias\/publicaciones\/","title":{"rendered":"Publicaciones"},"content":{"rendered":"\n<ol class=\"wp-block-list\">\n<li><em>Trichoderma<\/em> diversity present in <em>Agave angustifolia<\/em> HAW soils in Central Valleys of Oaxaca. H\u00e9ctor Osvaldo Ahedo-Quero, Teodulfo Aquino-Bola\u00f1os, <strong>Edgar Garc\u00eda-S\u00e1nchez<\/strong>, Yolanda Donaj\u00ed Ortiz-Hern\u00e1ndez. <strong>Revista Mexicana de Agroecosistemas<\/strong>. <strong>2025<\/strong>. DOI: https:\/\/doi.org\/10.60158\/733d0e40<\/li>\n\n\n\n<li>The hydroethanolic extract of leaves of Laelia furfuracea inhibits blood coagulation and platelet aggregation. Abimael L\u00f3pez-P\u00e9rez, Luicita Lagunez-Rivera, Rodolfo Solano, <strong>Edgar Garc\u00eda-S\u00e1nchez<\/strong>, Gabriela Soledad Barrag\u00e1n-Z\u00e1rate, Berenice Fern\u00e1ndez-Rojas, Abraham Majluf-Cruz, Jes\u00fas Hern\u00e1ndez-Ju\u00e1rez. <strong>Botanical Sciences<\/strong>. <strong>2025<\/strong>. DOI: 10.17129\/botsci.3645.<\/li>\n\n\n\n<li>First report of drought-tolerant halobacteria associated with <em>Agave potatorum<\/em> Zucc. Jessie Hern\u00e1ndez-Canseco, Ang\u00e9lica Bautista-Cruz, Gabriel Rinc\u00f3n-Enr\u00edquez, <strong>Edgar Garc\u00eda-S\u00e1nchez<\/strong>, Teodulfo Aquino-Bola\u00f1os. <strong>Agronomy<\/strong>. <strong>2025<\/strong>. \u00a0<a href=\"https:\/\/doi.org\/10.3390\/agronomy15030573\">https:\/\/doi.org\/10.3390\/agronomy15030573<\/a><\/li>\n\n\n\n<li>First approach to unveiling the antidiabetic potential of <em>Agave potatorum<\/em>: \u03b1-glucosidase inhibition and phytochemistry. Nahum Galindo-Vargas, <strong>Edgar Garc\u00eda-S\u00e1nchez<\/strong>, Elia Donaj\u00ed Ju\u00e1rez-Ni\u00f1o, Patricia A. Santiago-Garc\u00eda, Delia Soto-Castro. <strong>J. Mex. Chem. Soc.<\/strong> <strong>2025<\/strong>. ISSN-e-2594-0317.<\/li>\n\n\n\n<li>First report of <em>Halomicrobium mukohataei<\/em> in Mexico and its biological activity. Diana Cruz-Luna, Socorro Pina Canseco, Jos\u00e9 Luis Hern\u00e1ndez Morales, Teodulfo Aquino Bola\u00f1os, <strong>Edgar Garc\u00eda-S\u00e1nchez<\/strong>. <strong>Neotropical Biology and Conservation<\/strong>. <strong>2025<\/strong>. DOI: 10.3897\/neotropical.20.e144508<\/li>\n\n\n\n<li><em>Trichoderma<\/em> Diversity in Mexico: A Systematic Review and Meta-Analysis. Ahedo-Quero, Hector Osvaldo, Aquino-Bola\u00f1os, Teodulfo, Ortiz-Hern\u00e1ndez, Yolanda Donaj\u00ed, <strong>Garc\u00eda-S\u00e1nchez, Edgar<\/strong>. <strong>Diversity.<\/strong> <strong>2024<\/strong>. https:\/\/doi.org\/10.3390\/d16010068.<\/li>\n\n\n\n<li>Composition of essential oil from the bark and leaves of two morphotypes of <em>Salmea scandens<\/em> (Asteraceae), a medicinal plant in Oaxaca, Mexico. <strong>Edgar Garc\u00eda-S\u00e1nchez<\/strong>, Rodolfo Solano, Olivia Maciel-Amador, Luicita Lagunez-Rivera. <strong>Natural Product Research. 2023<\/strong>. https:\/\/doi.org\/10.1080\/14786419.2023.2214944<\/li>\n\n\n\n<li>Ultrasound-Assisted Extraction of an Extract with Dermatological and Nosocomial Activity from <em>Agave nuusaviorum<\/em>, a Mexican Endemic Plant. <strong>Edgar Garc\u00eda-S\u00e1nchez<\/strong>, Priscila Ch\u00e1vez-Ruiz, Regina Hern\u00e1ndez-Gama, Rodolfo Solano and Luicita Lagunez-Rivera. <strong>Appl. Sci. 2022<\/strong>. https:\/\/doi.org\/10.3390\/app122010446.<\/li>\n\n\n\n<li>La aplicaci\u00f3n foliar de \u00e1cido glut\u00e1mico mejora el rendimiento y algunos par\u00e1metros f\u00edsicos y qu\u00edmicos de la calidad del fruto de tomate (<em>Solanum lycopersicum<\/em> L.). 2022. \u00c1ngel Ram\u00edrez-Cruz, Ang\u00e9lica Bautista-Cruz, Aurelio B\u00e1ez-P\u00e9rez, Teodulfo Aquino-Bola\u00f1os, Isidro Morales, <strong>Edgar Garc\u00eda-S\u00e1nchez<\/strong>. <strong>INTERCIENCIA. 2022<\/strong>. 47: 30-38.<\/li>\n\n\n\n<li>Identification and Quantification of Bioactive Compounds in <em>Agave potatorum<\/em> Zucc. Leaves at Different Stages of Development and a Preliminary Biological Assay. <strong>2021<\/strong>. Delia Soto-Castro, Aleyda P\u00e9rez-Herrera, <strong>Edgar Garc\u00eda-S\u00e1nchez<\/strong>, Patricia Araceli Santiago-Garc\u00eda. Waste and Biomass Valorization. https:\/\/doi.org\/10.1007\/s12649-020-01329-2<\/li>\n\n\n\n<li>Absolute configuration of (13R)-and (13S)-labdane diterpenes coexisting in <em>Ageratina jocotepecana<\/em>. 2014.<strong> Garc\u00eda-S\u00e1nchez, Edgar<\/strong>; Ram\u00edrez-L\u00f3pez, Cesar; Talavera-Aleman, Armando, Le\u00f3n-Hern\u00e1ndez, Alejandra; Mart\u00ednez-Mu\u00f1oz, Rosa; Mart\u00ednez-Pacheco, Mauro; G\u00f3mez-Hurtado, Mario; Cerda-Garcia-Rojas, Carlos; Joseph-Nathan, Pedro; del R\u00edo, Rosa. <em>Journal of Natural Products<\/em>, 77: 1005-1012.<\/li>\n\n\n\n<li>Antibacterial activity of some medicinal Eupatorium species against antibiotic resistant pathogenic bacteria. 2015.<strong> Edgar Garc\u00eda-S\u00e1nchez<\/strong>, C\u00e9sar B. Ram\u00edrez-L\u00f3pez, Rosa E. Mart\u00ednez-Mu\u00f1oz, Alberto Flores-Garc\u00eda, Rosa E. del R\u00edo, y Mauro M. Mart\u00ednez-Pacheco. <em>Polibot\u00e1nica<\/em>, 39: 91-101.<\/li>\n\n\n\n<li>A revisi\u00f3n of Eupatorium (Compositae: Eupatorieae) from Michoacan. 2011.<strong> Garcia Sanchez E<\/strong>, CB Ramirez Lopez, REN del Rio Torres, MM Martinez Pacheco. <em>PHYTON<\/em>, 80: 4-11.<\/li>\n\n\n\n<li>Chemical composition of the essential oil from <em>Ageratina jocotepecana<\/em> and its repellent effect on Drywood termite <em>Incisitermes marginipennis<\/em>. 2016. C\u00e9sar B. Ram\u00edrez-L\u00f3pez, <strong>Edgar Garc\u00eda-S\u00e1nchez<\/strong>, Rosa E. Mart\u00ednez-Mu\u00f1oz, Rosa E. Del R\u00edo &amp; Mauro M. Mart\u00ednez-Pacheco. Bol. Latinoam. Caribe Plant Med Aromat. 15 (1): 53-60.<\/li>\n\n\n\n<li>Analgesic effect of leaf extract from <em>Ageratina glabrata<\/em> in the hot plate test. 2011.Guadalupe Garc\u00eda P, <strong>Edgar Garc\u00eda S<\/strong>, Isabel Mart\u00ednez G, Thomas R. F. Scior, Jos\u00e9 L Salvador, Mauro M Mart\u00ednez P, Rosa E. del R\u00edo. <em>Brazilian Journal of Pharmacognosy<\/em>, 21: 928-935.<\/li>\n\n\n\n<li>Phytochemical perspective of <em>Eupatorium<\/em> spp. 2010. Cesar B. Ramirez Lopez, <strong>Edgar Garcia Sanchez<\/strong>, Alejandra Leon Hernandez, David Raya Gonzalez, Rosa E. del Rio, Alberto Flores Garcia, Mauro M. Martinez Pacheco. <em>Pharmacologyonline<\/em> 3: 682-690.<\/li>\n<\/ol>\n","protected":false},"excerpt":{"rendered":"","protected":false},"author":25,"featured_media":0,"parent":0,"menu_order":0,"comment_status":"closed","ping_status":"closed","template":"","meta":{"_swt_meta_header_display":false,"_swt_meta_footer_display":false,"_swt_meta_site_title_display":false,"_swt_meta_sticky_header":false,"_swt_meta_transparent_header":false,"footnotes":""},"class_list":["post-17","page","type-page","status-publish","hentry"],"_links":{"self":[{"href":"https:\/\/web.ciidiroaxaca.ipn.mx\/egarcias\/wp-json\/wp\/v2\/pages\/17","targetHints":{"allow":["GET"]}}],"collection":[{"href":"https:\/\/web.ciidiroaxaca.ipn.mx\/egarcias\/wp-json\/wp\/v2\/pages"}],"about":[{"href":"https:\/\/web.ciidiroaxaca.ipn.mx\/egarcias\/wp-json\/wp\/v2\/types\/page"}],"author":[{"embeddable":true,"href":"https:\/\/web.ciidiroaxaca.ipn.mx\/egarcias\/wp-json\/wp\/v2\/users\/25"}],"replies":[{"embeddable":true,"href":"https:\/\/web.ciidiroaxaca.ipn.mx\/egarcias\/wp-json\/wp\/v2\/comments?post=17"}],"version-history":[{"count":2,"href":"https:\/\/web.ciidiroaxaca.ipn.mx\/egarcias\/wp-json\/wp\/v2\/pages\/17\/revisions"}],"predecessor-version":[{"id":41,"href":"https:\/\/web.ciidiroaxaca.ipn.mx\/egarcias\/wp-json\/wp\/v2\/pages\/17\/revisions\/41"}],"wp:attachment":[{"href":"https:\/\/web.ciidiroaxaca.ipn.mx\/egarcias\/wp-json\/wp\/v2\/media?parent=17"}],"curies":[{"name":"wp","href":"https:\/\/api.w.org\/{rel}","templated":true}]}}