{"id":15,"date":"2025-07-08T18:17:59","date_gmt":"2025-07-08T18:17:59","guid":{"rendered":"https:\/\/web.ciidiroaxaca.ipn.mx\/egarcias\/?page_id=15"},"modified":"2025-10-20T14:35:37","modified_gmt":"2025-10-20T20:35:37","slug":"actividades-academicas","status":"publish","type":"page","link":"https:\/\/web.ciidiroaxaca.ipn.mx\/egarcias\/actividades-academicas\/","title":{"rendered":"Actividades acad\u00e9micas"},"content":{"rendered":"\n<p><strong>Impartici\u00f3n de unidades de aprendizaje<\/strong><\/p>\n\n\n\n<ol class=\"wp-block-list\">\n<li>Impartici\u00f3n del curso de Qu\u00edmica Vegetal con clave 09A5741 a los alumnos de la Maestr\u00eda en Ciencias en Conservaci\u00f3n y Aprovechamiento de Recursos Naturales, IPN-CIIDIR Oaxaca del 11 de febrero al 27 de julio de 2025.<\/li>\n\n\n\n<li>Impartici\u00f3n del curso de Qu\u00edmica Vegetal con clave 09A5741 a los alumnos de la Maestr\u00eda en Ciencias en Conservaci\u00f3n y Aprovechamiento de Recursos Naturales, IPN-CIIDIR Oaxaca del 26 de agosto de 2024 al 21 de enero de 2025.<\/li>\n\n\n\n<li>Impartici\u00f3n del curso de Qu\u00edmica Vegetal con clave 09A5741 a los alumnos de la Maestr\u00eda en Ciencias en Conservaci\u00f3n y Aprovechamiento de Recursos Naturales, IPN-CIIDIR Oaxaca del 13 de febrero al 08 de julio de 2024.<\/li>\n\n\n\n<li>Impartici\u00f3n de la asignatura Ciencia y Tecnolog\u00eda de los Agro-recursos con clave 07B5276 a los alumnos del programa de Maestr\u00eda en Ciencias en Conservaci\u00f3n y Aprovechamiento de Recursos Naturales, IPN-CIIDIR, Oaxaca del 22 agosto 2023 al 22 de enero 2024.<\/li>\n\n\n\n<li>Impartici\u00f3n de la asignatura Ciencia y Tecnolog\u00eda de los Agro-recursos con clave 07B5276 a los alumnos del programa de Maestr\u00eda en Ciencias en Conservaci\u00f3n y Aprovechamiento de Recursos Naturales, IPN-CIIDIR, Oaxaca del 13 febrero 2022 al 08 de julio 2024.<\/li>\n\n\n\n<li>Impartici\u00f3n de Seminario IV con clave 07B5222, correspondiente al programa acad\u00e9mico de posgrado Doctorado en Ciencias en Conservaci\u00f3n y Aprovechamiento de Recursos Naturales, del 26 de agosto de 2024 al 21 de enero de 2025.<\/li>\n\n\n\n<li>Impartici\u00f3n del curso de Qu\u00edmica Vegetal con clave 09A5741 a los alumnos de la Maestr\u00eda en Ciencias en Conservaci\u00f3n y Aprovechamiento de Recursos Naturales, IPN-CIIDIR Oaxaca del 30 de enero al 26 de junio de 2023.<\/li>\n\n\n\n<li>Impartici\u00f3n de la asignatura Ciencia y Tecnolog\u00eda de los Agro-recursos con clave 07B5276 a los alumnos del programa de Maestr\u00eda en Ciencias en Conservaci\u00f3n y Aprovechamiento de Recursos Naturales, IPN-CIIDIR, Oaxaca del 15 Agosto 2022 al 06 de Enero 2023.<\/li>\n\n\n\n<li>Impartici\u00f3n de Seminario I con clave 04B4575, correspondiente al programa acad\u00e9mico de posgrado Doctorado en Ciencias en Conservaci\u00f3n y Aprovechamiento de Recursos Naturales, del 31 de enero al 23 de junio de 2022.<\/li>\n\n\n\n<li>Impartici\u00f3n de Seminario I con clave 04B4575, correspondiente al programa acad\u00e9mico de posgrado Maestr\u00eda en Ciencias en Conservaci\u00f3n y Aprovechamiento de Recursos Naturales, del 31 de enero al 23 de junio de 2022.<\/li>\n\n\n\n<li>Impartici\u00f3n del curso de Qu\u00edmica Vegetal a los alumnos de la Maestr\u00eda en Ciencias en Conservaci\u00f3n y Aprovechamiento de Recursos Naturales, IPN-CIIDIR Oaxaca del 31 de enero al 23 de junio de 2022.<\/li>\n\n\n\n<li>Impartici\u00f3n de Seminario VIII con clave AUP11A6241, correspondiente al programa acad\u00e9mico de posgrado, Doctorado en Ciencias en Conservaci\u00f3n y Aprovechamiento de Recursos Naturales, IPN-CIIDIR, Oaxaca del 15 de Agosto de 2022 al 06 de enero de 2023.<\/li>\n\n\n\n<li>Impartici\u00f3n de la asignatura Ciencia y Tecnolog\u00eda de los Agro-recursos con clave 07B5276 a los alumnos del programa de Maestr\u00eda en Ciencias en Conservaci\u00f3n y Aprovechamiento de Recursos Naturales, IPN-CIIDIR, Oaxaca del 16 Agosto 2021 al 0 07 Enero 2022.<\/li>\n\n\n\n<li>Impartici\u00f3n de Seminario II con clave 04B4578, correspondiente al programa acad\u00e9mico de posgrado Doctorado en Ciencias en Conservaci\u00f3n y Aprovechamiento de Recursos Naturales, del 28 de septiembre de 2020 al 2 de febrero de 2021.<\/li>\n\n\n\n<li>Impartici\u00f3n de Seminario I con clave 04B4575, correspondiente al programa acad\u00e9mico de posgrado Doctorado en Ciencias en Conservaci\u00f3n y Aprovechamiento de Recursos Naturales, del 20 de enero al 31 de julio de 2020.<\/li>\n\n\n\n<li>Impartici\u00f3n del curso de Qu\u00edmica Vegetal a los alumnos de la Maestr\u00eda en Ciencias en Conservaci\u00f3n y Aprovechamiento de Recursos Naturales, IPN-CIIDIR Oaxaca del 20 de enero al 31 de julio de 2020.<\/li>\n\n\n\n<li>Impartici\u00f3n de la asignatura Ciencia y Tecnolog\u00eda de los Agro-recursos con clave 07B5276 a los alumnos del programa de Maestr\u00eda en Ciencias en Conservaci\u00f3n y Aprovechamiento de Recursos Naturales, IPN-CIIDIR, Oaxaca del 21 de enero al 12 de junio de 2019.<\/li>\n<\/ol>\n","protected":false},"excerpt":{"rendered":"<p>Impartici\u00f3n de unidades de aprendizaje<\/p>\n","protected":false},"author":25,"featured_media":0,"parent":0,"menu_order":0,"comment_status":"closed","ping_status":"closed","template":"","meta":{"_swt_meta_header_display":false,"_swt_meta_footer_display":false,"_swt_meta_site_title_display":false,"_swt_meta_sticky_header":false,"_swt_meta_transparent_header":false,"footnotes":""},"class_list":["post-15","page","type-page","status-publish","hentry"],"_links":{"self":[{"href":"https:\/\/web.ciidiroaxaca.ipn.mx\/egarcias\/wp-json\/wp\/v2\/pages\/15","targetHints":{"allow":["GET"]}}],"collection":[{"href":"https:\/\/web.ciidiroaxaca.ipn.mx\/egarcias\/wp-json\/wp\/v2\/pages"}],"about":[{"href":"https:\/\/web.ciidiroaxaca.ipn.mx\/egarcias\/wp-json\/wp\/v2\/types\/page"}],"author":[{"embeddable":true,"href":"https:\/\/web.ciidiroaxaca.ipn.mx\/egarcias\/wp-json\/wp\/v2\/users\/25"}],"replies":[{"embeddable":true,"href":"https:\/\/web.ciidiroaxaca.ipn.mx\/egarcias\/wp-json\/wp\/v2\/comments?post=15"}],"version-history":[{"count":4,"href":"https:\/\/web.ciidiroaxaca.ipn.mx\/egarcias\/wp-json\/wp\/v2\/pages\/15\/revisions"}],"predecessor-version":[{"id":68,"href":"https:\/\/web.ciidiroaxaca.ipn.mx\/egarcias\/wp-json\/wp\/v2\/pages\/15\/revisions\/68"}],"wp:attachment":[{"href":"https:\/\/web.ciidiroaxaca.ipn.mx\/egarcias\/wp-json\/wp\/v2\/media?parent=15"}],"curies":[{"name":"wp","href":"https:\/\/api.w.org\/{rel}","templated":true}]}}