{"id":13,"date":"2025-07-08T18:17:48","date_gmt":"2025-07-08T18:17:48","guid":{"rendered":"https:\/\/web.ciidiroaxaca.ipn.mx\/egarcias\/?page_id=13"},"modified":"2025-10-14T16:14:51","modified_gmt":"2025-10-14T16:14:51","slug":"tesis","status":"publish","type":"page","link":"https:\/\/web.ciidiroaxaca.ipn.mx\/egarcias\/tesis\/","title":{"rendered":"Tesis"},"content":{"rendered":"\n<p>Doctorado<\/p>\n\n\n\n<ul class=\"wp-block-list\">\n<li>Diana Nancy Cruz Luna. B210409. Identificaci\u00f3n y actividad biol\u00f3gica de arqueas hal\u00f3filas aisladas de ambientes hipersalinos de M\u00e9xico. (<strong>En Proceso de Titulaci\u00f3n<\/strong>).<\/li>\n\n\n\n<li>Emanuel Hern\u00e1ndez Cortes. A230218. Evaluaci\u00f3n in vitro e in vivo de la actividad antif\u00fangica de los aceites esenciales de frutos y hojas de Bursera spp. contra Hemileia vastatrix. (<strong>En Curso<\/strong>).<\/li>\n\n\n\n<li>M\u00f3nica Lorenzo Ram\u00edrez. A240444. Efecto del extracto de Euphorbia tirucalli para el manejo de plagas de importancia econ\u00f3mica. (<strong>En Curso<\/strong>).<\/li>\n<\/ul>\n\n\n\n<p>Maestr\u00eda<\/p>\n\n\n\n<ul class=\"wp-block-list\">\n<li>Brian Andr\u00e9s Mendoza Rivera. B244913. Evaluaci\u00f3n de la actividad biol\u00f3gica de especies vegetales nativas de Oaxaca. (<strong>En Curso<\/strong>).<\/li>\n\n\n\n<li>Andrea Michelle Zacar\u00edas Rodr\u00edguez. B230966. Evaluaci\u00f3n de la actividad biol\u00f3gica de microorganismos end\u00f3fitos de plantas nativas de Oaxaca. (<strong>En Proceso de Titulaci\u00f3n<\/strong>).<\/li>\n<\/ul>\n\n\n\n<p><\/p>\n","protected":false},"excerpt":{"rendered":"<p>Doctorado Maestr\u00eda<\/p>\n","protected":false},"author":25,"featured_media":0,"parent":0,"menu_order":0,"comment_status":"closed","ping_status":"closed","template":"","meta":{"_swt_meta_header_display":false,"_swt_meta_footer_display":false,"_swt_meta_site_title_display":false,"_swt_meta_sticky_header":false,"_swt_meta_transparent_header":false,"footnotes":""},"class_list":["post-13","page","type-page","status-publish","hentry"],"_links":{"self":[{"href":"https:\/\/web.ciidiroaxaca.ipn.mx\/egarcias\/wp-json\/wp\/v2\/pages\/13","targetHints":{"allow":["GET"]}}],"collection":[{"href":"https:\/\/web.ciidiroaxaca.ipn.mx\/egarcias\/wp-json\/wp\/v2\/pages"}],"about":[{"href":"https:\/\/web.ciidiroaxaca.ipn.mx\/egarcias\/wp-json\/wp\/v2\/types\/page"}],"author":[{"embeddable":true,"href":"https:\/\/web.ciidiroaxaca.ipn.mx\/egarcias\/wp-json\/wp\/v2\/users\/25"}],"replies":[{"embeddable":true,"href":"https:\/\/web.ciidiroaxaca.ipn.mx\/egarcias\/wp-json\/wp\/v2\/comments?post=13"}],"version-history":[{"count":4,"href":"https:\/\/web.ciidiroaxaca.ipn.mx\/egarcias\/wp-json\/wp\/v2\/pages\/13\/revisions"}],"predecessor-version":[{"id":46,"href":"https:\/\/web.ciidiroaxaca.ipn.mx\/egarcias\/wp-json\/wp\/v2\/pages\/13\/revisions\/46"}],"wp:attachment":[{"href":"https:\/\/web.ciidiroaxaca.ipn.mx\/egarcias\/wp-json\/wp\/v2\/media?parent=13"}],"curies":[{"name":"wp","href":"https:\/\/api.w.org\/{rel}","templated":true}]}}