{"id":10,"date":"2025-07-08T18:17:28","date_gmt":"2025-07-08T18:17:28","guid":{"rendered":"https:\/\/web.ciidiroaxaca.ipn.mx\/egarcias\/?page_id=10"},"modified":"2025-10-14T16:08:25","modified_gmt":"2025-10-14T16:08:25","slug":"proyectos-de-investigacion","status":"publish","type":"page","link":"https:\/\/web.ciidiroaxaca.ipn.mx\/egarcias\/proyectos-de-investigacion\/","title":{"rendered":"Proyectos de investigaci\u00f3n"},"content":{"rendered":"\n<p>Participante:<\/p>\n\n\n\n<p>1.&nbsp;&nbsp;&nbsp;&nbsp;&nbsp;&nbsp;&nbsp;&nbsp; An\u00e1lisis de la incidencia de da\u00f1os ocasionados por insectos plaga en el cultivo de Agave sp mediante machine learning. SIP20250863<\/p>\n\n\n\n<p>2.&nbsp;&nbsp;&nbsp;&nbsp;&nbsp;&nbsp;&nbsp;&nbsp; Aspectos fenol\u00f3gicos, qu\u00edmicos y etnobot\u00e1nicos de la Rosita de cacao (<em>Quararibea funebris<\/em>) en San Andr\u00e9s Huayapam, Oaxaca. SIP20251329<\/p>\n\n\n\n<p><\/p>\n","protected":false},"excerpt":{"rendered":"<p>Participante: 1.&nbsp;&nbsp;&nbsp;&nbsp;&nbsp;&nbsp;&nbsp;&nbsp; An\u00e1lisis de la incidencia de da\u00f1os ocasionados por insectos plaga en el cultivo de Agave sp mediante machine learning. SIP20250863 2.&nbsp;&nbsp;&nbsp;&nbsp;&nbsp;&nbsp;&nbsp;&nbsp; Aspectos fenol\u00f3gicos, qu\u00edmicos y etnobot\u00e1nicos de la Rosita de cacao (Quararibea funebris) en San Andr\u00e9s Huayapam, Oaxaca. SIP20251329<\/p>\n","protected":false},"author":25,"featured_media":0,"parent":0,"menu_order":0,"comment_status":"closed","ping_status":"closed","template":"","meta":{"_swt_meta_header_display":false,"_swt_meta_footer_display":false,"_swt_meta_site_title_display":false,"_swt_meta_sticky_header":false,"_swt_meta_transparent_header":false,"footnotes":""},"class_list":["post-10","page","type-page","status-publish","hentry"],"_links":{"self":[{"href":"https:\/\/web.ciidiroaxaca.ipn.mx\/egarcias\/wp-json\/wp\/v2\/pages\/10","targetHints":{"allow":["GET"]}}],"collection":[{"href":"https:\/\/web.ciidiroaxaca.ipn.mx\/egarcias\/wp-json\/wp\/v2\/pages"}],"about":[{"href":"https:\/\/web.ciidiroaxaca.ipn.mx\/egarcias\/wp-json\/wp\/v2\/types\/page"}],"author":[{"embeddable":true,"href":"https:\/\/web.ciidiroaxaca.ipn.mx\/egarcias\/wp-json\/wp\/v2\/users\/25"}],"replies":[{"embeddable":true,"href":"https:\/\/web.ciidiroaxaca.ipn.mx\/egarcias\/wp-json\/wp\/v2\/comments?post=10"}],"version-history":[{"count":2,"href":"https:\/\/web.ciidiroaxaca.ipn.mx\/egarcias\/wp-json\/wp\/v2\/pages\/10\/revisions"}],"predecessor-version":[{"id":42,"href":"https:\/\/web.ciidiroaxaca.ipn.mx\/egarcias\/wp-json\/wp\/v2\/pages\/10\/revisions\/42"}],"wp:attachment":[{"href":"https:\/\/web.ciidiroaxaca.ipn.mx\/egarcias\/wp-json\/wp\/v2\/media?parent=10"}],"curies":[{"name":"wp","href":"https:\/\/api.w.org\/{rel}","templated":true}]}}