{"id":22,"date":"2011-11-09T18:50:31","date_gmt":"2011-11-09T18:50:31","guid":{"rendered":"https:\/\/web.ciidiroaxaca.ipn.mx\/eduranm\/actividades-academicas\/"},"modified":"2025-10-16T16:11:25","modified_gmt":"2025-10-16T22:11:25","slug":"actividades-academicas","status":"publish","type":"page","link":"https:\/\/web.ciidiroaxaca.ipn.mx\/eduranm\/actividades-academicas\/","title":{"rendered":"Actividades acad\u00e9micas"},"content":{"rendered":"\n<h3 class=\"wp-block-heading\"><strong>CURSOS IMPARTIDOS<\/strong><\/h3>\n\n\n\n<ul class=\"wp-block-list\">\n<li>Curso: <strong>Ecolog\u00eda y Manejo de Ecosistemas y Paisajes<\/strong> (Clave: 12A6394). Nivel: Maestr\u00eda (Doctorado en Conservaci\u00f3n y Manejo de Recursos Naturales; IPN-CIIDIR Oaxaca). Periodo: 2024.<\/li>\n\n\n\n<li>Curso: <strong>Ecolog\u00eda y Manejo de Ecosistemas y Paisajes<\/strong> (Clave: 12A6394). Nivel: Maestr\u00eda (Maestr\u00eda en Conservaci\u00f3n y Manejo de Recursos Naturales; IPN-CIIDIR Oaxaca). 2012 a 2023.<\/li>\n\n\n\n<li>Curso: <strong>Enfoque Comunitario para la Conservaci\u00f3n de la Biodiversidad y el Manejo de Recursos Naturales<\/strong> (Clave: CPE-737-07 y 07B5266). Nivel: Maestr\u00eda (Maestr\u00eda en Conservaci\u00f3n y Manejo de Recursos Naturales; IPN-CIIDIR Oaxaca). Periodo: Semestre Enero-Julio 2007-2011. <\/li>\n\n\n\n<li>\u00a0Curso: <strong>Ecolog\u00eda del Sur de Florida<\/strong>. Nivel: Licenciatura y Maestr\u00eda. (Durante estancia de investigaci\u00f3n) Periodo: Periodo Enero-Abril 2010.Instituci\u00f3n: Universidad Internacional de Florida, EE.UU.<\/li>\n\n\n\n<li>\u00a0Curso: <strong>Cartograf\u00eda del uso del suelo<\/strong> (Seminario Monogr\u00e1fico de Cartograf\u00eda Aplicada. SIG). Nivel: Maestr\u00eda (Maestr\u00eda en Geograf\u00eda). Periodo: Semestre Agosto-Diciembre 2005 y Agosto-Diciembre 2006.Instituci\u00f3n: Instituto de Geograf\u00eda de la UNAM, M\u00e9xico\/ ITC, Holanda.<\/li>\n\n\n\n<li>Curso: Field Practicum sobre \u201cV<strong>egetaci\u00f3n y Patrones de Uso del Suelo en el Occidente de M\u00e9xico<\/strong>\u201d Nivel: Maestr\u00eda (Maestr\u00eda en Bot\u00e1nica) Departamento de Bot\u00e1nica, Universidad de G\u00f6ttingen, Alemania. Periodo: Octubre 2004. Instituci\u00f3n: Instituto de Geograf\u00eda de la UNAM, M\u00e9xico\/ Universidad de G\u00f6ttingen, Alemania.<\/li>\n<\/ul>\n\n\n\n<h3 class=\"wp-block-heading\"><strong>DIPLOMADO IMPARTIDO<\/strong><\/h3>\n\n\n\n<ul class=\"wp-block-list\">\n<li>Diplomado (200 hrs.) \u201cUso y Manejo Sustentable de los Bosques Comunitarios de M\u00e9xico\u201d (Clave: IPN\/ CPE-737-07). Nivel: Capacitaci\u00f3n y Actualizaci\u00f3n Profesional. Desempe\u00f1o: Coordinaci\u00f3n del Diplomado y Profesor Periodo: Octubre 2007 \u2013Abril 2008.<\/li>\n<\/ul>\n\n\n\n<h3 class=\"wp-block-heading\"><strong>NIVEL MEDIO SUPERIOR<\/strong><\/h3>\n\n\n\n<ul class=\"wp-block-list\">\n<li>Instituci\u00f3n: C.E.C.yT. No. 15 \u201cDi\u00f3doro Ant\u00fanez\u201d IPN. T\u00e9cnico Docente Auxiliar \u201cA\u201d (1985-1992) Materia: Qu\u00edmica. Profesor Asociado \u201cA\u201d (1992-2001) Materias: Qu\u00edmica, Biolog\u00eda y Microbiolog\u00eda de Alimentos.<\/li>\n<\/ul>\n\n\n\n<h3 class=\"wp-block-heading\"><strong>FORMACI\u00d3N DE RECURSOS HUMANOS<\/strong><\/h3>\n\n\n\n<p><strong>Licenciatura<\/strong><\/p>\n\n\n\n<ul class=\"wp-block-list\">\n<li>Practicas Profesionales<\/li>\n\n\n\n<li>Estancia profesional<\/li>\n\n\n\n<li>Servico Social<\/li>\n<\/ul>\n\n\n\n<figure class=\"wp-block-table\"><table class=\"has-fixed-layout\"><tbody><tr><td>Alumno<\/td><td>Tipo de Asesor\u00eda<\/td><td>Instituci\u00f3n<\/td><td>Terminaci\u00f3n<\/td><\/tr><tr><td>Sarah\u00ed Mart\u00ednez Heras<\/td><td>Servicio Social<\/td><td>Instituto Tecnol\u00f3gico del Valle de Oaxaca<\/td><td>En proceso<\/td><\/tr><tr><td>Roc\u00edo Aguilar M\u00e9ndez<\/td><td>Practicas Profesionales<\/td><td>Instituto Tecnol\u00f3gico del Valle de Oaxaca<\/td><td>2018<\/td><\/tr><tr><td>Ivett Garc\u00eda<\/td><td>Practicas Profesionales<\/td><td>Universidad Nacional Autonoma de Mexico<\/td><td>2017<\/td><\/tr><tr><td>Carlos Hernandez Aguilar<\/td><td>Pr\u00e1cticas Profes.<\/td><td>Inst. Tecnol\u00f3gico del Valle de Oaxaca<\/td><td>2016<\/td><\/tr><tr><td>Natividad Santiago<\/td><td>Servicio Social<\/td><td>Instituto Tecnol\u00f3gico del Valle de Oaxaca<\/td><td>2016<\/td><\/tr><tr><td>Stefani Spence<\/td><td>Estancia Investig.<\/td><td>Becario Fulbright\/ Garc\u00eda-Robles<\/td><td>2015-2016<\/td><\/tr><tr><td>Manuel Hern\u00e1ndez<\/td><td>Estancia Profes.<\/td><td>Universidad de la Sierra Ju\u00e1rez, Oaxaca<\/td><td>2014<\/td><\/tr><tr><td>Gabriela Mart\u00ednez<\/td><td>Estancia Profes.<\/td><td>Universidad de la Sierra Ju\u00e1rez, Oaxaca<\/td><td>2014<\/td><\/tr><tr><td>Adrian Poloni<\/td><td>Estancia Investig.<\/td><td>Becario Fulbright\/ Garc\u00eda-Robles<\/td><td>2013-2014<\/td><\/tr><tr><td>Viviana Mart\u00ednez<\/td><td>Estancia Profes.<\/td><td>Universidad de la Sierra Ju\u00e1rez, Oaxaca<\/td><td>2013<\/td><\/tr><tr><td>Anabertha Miguel Mart\u00ednez<\/td><td>Servicio Social<\/td><td>Instituto Tecnol\u00f3gico del Valle de Oaxaca<\/td><td>2013<\/td><\/tr><tr><td>Juan Carlos G\u00f3mez Camacho<\/td><td>Servicio Social<\/td><td>Univ. Aut\u00f3noma Metropolitana-Xoch.<\/td><td>2012<\/td><\/tr><tr><td>Ariana Mart\u00ednez<\/td><td>Servicio Social<\/td><td>Inst. Tecnol\u00f3gico del Valle de Oaxaca<\/td><td>2011<\/td><\/tr><tr><td>Linda S. Almar\u00e1z Almar\u00e1z<\/td><td>Servicio Social<\/td><td>Inst. Tecnol\u00f3gico del Valle de Oaxaca<\/td><td>2010<\/td><\/tr><tr><td>Mayra Ter\u00e1n<\/td><td>Servicio Social<\/td><td>Inst. Tecnol\u00f3gico del Valle de Oaxaca<\/td><td>2010<\/td><\/tr><tr><td>Mart\u00edn G\u00f3mez Blanco<\/td><td>Pr\u00e1cticas Profes.<\/td><td>Inst. Tecnol\u00f3gico del Valle de Oaxaca<\/td><td>2008<\/td><\/tr><tr><td>Rogelio Prisciliano V\u00e1zquez<\/td><td>Pr\u00e1cticas Profes.<\/td><td>Inst. Tecnol\u00f3gico Cuenca del Papaloapan<\/td><td>2007<\/td><\/tr><tr><td>Liliana Andr\u00e9s Cruz<\/td><td>Pr\u00e1cticas Profes.<\/td><td>Inst. Tecnol\u00f3gico del Valle de Oaxaca<\/td><td>2007<\/td><\/tr><\/tbody><\/table><\/figure>\n\n\n\n<p><strong><em>Posgrado<\/em><\/strong><\/p>\n\n\n\n<ul class=\"wp-block-list\">\n<li>Consejero de estudios (*)&nbsp;<\/li>\n\n\n\n<li>Director de Tesis<\/li>\n<\/ul>\n\n\n\n<figure class=\"wp-block-table\"><table class=\"has-fixed-layout\"><tbody><tr><td>Alumno<\/td><td>Grado<\/td><td>Instituci\u00f3n<\/td><td>Periodo<\/td><\/tr><tr><td>J. Antonio Hern\u00e1ndez Aguilar<\/td><td>Doctorado<\/td><td>CIIDIR-Oaxaca, IPN<\/td><td>2017-actual<\/td><\/tr><tr><td>Guadalupe Pacheco Aquino<\/td><td>Doctorado<\/td><td>CIIDIR-Oaxaca, IPN<\/td><td>2017-actual<\/td><\/tr><tr><td>Luis Miguel Mu\u00f1os Cruz<\/td><td>Maestr\u00eda<\/td><td>CIIDIR-Oaxaca, IPN<\/td><td>2016-actual<\/td><\/tr><tr><td>Licet Olgu\u00edn Hern\u00e1ndez<\/td><td>Maestr\u00eda<\/td><td>CIIDIR-Oaxaca, IPN<\/td><td>2017-concluido<\/td><\/tr><tr><td>Fernando Gumeta G\u00f3mez<\/td><td>Maestr\u00eda<\/td><td>CIIDIR-Oaxaca, IPN<\/td><td>2016 Concluido<\/td><\/tr><tr><td>Guadalupe Pacheco Aquino<\/td><td>Maestr\u00eda<\/td><td>CIIDIR-Oaxaca, IPN<\/td><td>2014 (concluido)<\/td><\/tr><tr><td>Gloria Molina Gayt\u00e1n<\/td><td>Maestr\u00eda<\/td><td>CIIDIR-Oaxaca, IPN<\/td><td>2012 (concluido)<\/td><\/tr><tr><td>Abril Velasco Murgu\u00eda<\/td><td>Maestr\u00eda<\/td><td>CIIDIR-Oaxaca, IPN<\/td><td>2011 (concluido)<\/td><\/tr><tr><td>Oscar A. Molina Gonz\u00e1lez<\/td><td>Maestr\u00eda<\/td><td>CIIDIR-Oaxaca, IPN<\/td><td>2011 (concluido)<\/td><\/tr><tr><td>Carmen Gonz\u00e1lez Soberanis<\/td><td>Diplomado<\/td><td>CIIDIR-Oaxaca, IPN<\/td><td>2008 (concluido)<\/td><\/tr><\/tbody><\/table><\/figure>\n\n\n\n<div class=\"wp-block-uagb-image uagb-block-46d4ad44 wp-block-uagb-image--layout-default wp-block-uagb-image--effect-static wp-block-uagb-image--align-none\"><figure class=\"wp-block-uagb-image__figure\"><\/figure><\/div>\n\n\n\n\n\n<div class=\"wp-block-uagb-buttons uagb-buttons__outer-wrap uagb-btn__default-btn uagb-btn-tablet__default-btn uagb-btn-mobile__default-btn uagb-block-ae8a6173\"><div class=\"uagb-buttons__wrap uagb-buttons-layout-wrap \">\n<div class=\"wp-block-uagb-buttons-child uagb-buttons__outer-wrap uagb-block-76526bb3 wp-block-button\"><div class=\"uagb-button__wrapper\"><a class=\"uagb-buttons-repeater wp-block-button__link\" aria-label=\"\" href=\"#\" rel=\"follow noopener\" target=\"_self\" role=\"button\"><div class=\"uagb-button__link\">Click Here<\/div><\/a><\/div><\/div>\n<\/div><\/div>\n\n\n\n<div class=\"wp-block-uagb-advanced-heading uagb-block-8b4e2d4d\"><h2 class=\"uagb-heading-text\">Your Attractive Heading<\/h2><\/div>\n","protected":false},"excerpt":{"rendered":"<p>CURSOS IMPARTIDOS DIPLOMADO IMPARTIDO NIVEL MEDIO SUPERIOR FORMACI\u00d3N DE RECURSOS HUMANOS Licenciatura Alumno Tipo de Asesor\u00eda Instituci\u00f3n Terminaci\u00f3n Sarah\u00ed Mart\u00ednez Heras Servicio Social Instituto Tecnol\u00f3gico del Valle de Oaxaca En proceso Roc\u00edo Aguilar M\u00e9ndez Practicas Profesionales Instituto Tecnol\u00f3gico del Valle de Oaxaca 2018 Ivett Garc\u00eda Practicas Profesionales Universidad Nacional Autonoma de Mexico 2017 Carlos Hernandez [&hellip;]<\/p>\n","protected":false},"author":45,"featured_media":0,"parent":0,"menu_order":0,"comment_status":"closed","ping_status":"closed","template":"","meta":{"_swt_meta_header_display":false,"_swt_meta_footer_display":false,"_swt_meta_site_title_display":false,"_swt_meta_sticky_header":false,"_swt_meta_transparent_header":false,"footnotes":""},"class_list":["post-22","page","type-page","status-publish","hentry"],"_links":{"self":[{"href":"https:\/\/web.ciidiroaxaca.ipn.mx\/eduranm\/wp-json\/wp\/v2\/pages\/22","targetHints":{"allow":["GET"]}}],"collection":[{"href":"https:\/\/web.ciidiroaxaca.ipn.mx\/eduranm\/wp-json\/wp\/v2\/pages"}],"about":[{"href":"https:\/\/web.ciidiroaxaca.ipn.mx\/eduranm\/wp-json\/wp\/v2\/types\/page"}],"author":[{"embeddable":true,"href":"https:\/\/web.ciidiroaxaca.ipn.mx\/eduranm\/wp-json\/wp\/v2\/users\/45"}],"replies":[{"embeddable":true,"href":"https:\/\/web.ciidiroaxaca.ipn.mx\/eduranm\/wp-json\/wp\/v2\/comments?post=22"}],"version-history":[{"count":4,"href":"https:\/\/web.ciidiroaxaca.ipn.mx\/eduranm\/wp-json\/wp\/v2\/pages\/22\/revisions"}],"predecessor-version":[{"id":175,"href":"https:\/\/web.ciidiroaxaca.ipn.mx\/eduranm\/wp-json\/wp\/v2\/pages\/22\/revisions\/175"}],"wp:attachment":[{"href":"https:\/\/web.ciidiroaxaca.ipn.mx\/eduranm\/wp-json\/wp\/v2\/media?parent=22"}],"curies":[{"name":"wp","href":"https:\/\/api.w.org\/{rel}","templated":true}]}}