{"id":16,"date":"2011-11-09T18:43:12","date_gmt":"2011-11-09T18:43:12","guid":{"rendered":"https:\/\/web.ciidiroaxaca.ipn.mx\/eduranm\/proyectos-de-investigacion\/"},"modified":"2025-10-22T11:08:22","modified_gmt":"2025-10-22T17:08:22","slug":"proyectos-de-investigacion","status":"publish","type":"page","link":"https:\/\/web.ciidiroaxaca.ipn.mx\/eduranm\/proyectos-de-investigacion\/","title":{"rendered":"Proyectos de investigaci\u00f3n"},"content":{"rendered":"\n<p><strong>Aplicando entrevistas en La Chinantla, Oaxaca<\/strong><\/p>\n\n\n\n<figure class=\"wp-block-image is-resized\"><img decoding=\"async\" src=\"https:\/\/web.ciidiroaxaca.ipn.mx\/eduranm\/wp-content\/uploads\/sites\/45\/2011\/11\/Rogelio.JPG\" alt=\"\" style=\"width:472px;height:auto\" \/><\/figure>\n\n\n\n<h3 class=\"wp-block-heading\">Participaci\u00f3n en proyectos de Investigaci\u00f3n<\/h3>\n\n\n\n<h4 class=\"wp-block-heading\">Actuales<\/h4>\n\n\n\n<ul class=\"wp-block-list\">\n<li>2025. Director de proyecto: \u00abInnovaci\u00f3n social para afrontar desaf\u00edos ambientales impuestos por el Antropoceno: El caso de esfuerzos participativos de conservaci\u00f3n en el contexto urbano y rural de Oaxaca\u00bb. Instituci\u00f3n: CIIDIR Unidad Oaxaca, IPN&nbsp; Fuente Financiera: IPN (SIP- 20250730).&nbsp;<\/li>\n\n\n\n<li>2025. Director de proyecto: \u201cPromoviendo la formalizaci\u00f3n y el manejo participativo de iniciativas de conservaci\u00f3n comunitaria en la costa del Pacifico mexicano en Oaxaca, Mexico\u00bb. Instituci\u00f3n: CIIDIR Unidad Oaxaca, IPN\/ERA A.C.&nbsp;&nbsp;&nbsp;Fuente Financiera: &nbsp;Small-Scale Funding with The Secretariat of the Convention on Biological Diversity.<\/li>\n<\/ul>\n\n\n\n<h4 class=\"wp-block-heading\">Anteriores<\/h4>\n\n\n\n<ul class=\"wp-block-list\">\n<li>2024. Conservaci\u00f3n participativa como estrategia de resiliencia ecol\u00f3gica-social en Oaxaca, M\u00e9xico\u00bb. Instituci\u00f3n: CIIDIR Unidad Oaxaca, IPN&nbsp;    Fuente Financiera: IPN (SIP- 20240138)&nbsp;<\/li>\n\n\n\n<li>2023. Director de proyecto: Analizar y fortalecer la resiliencia ecol\u00f3gica-social en paisajes urbanos, periurbanos y rural en diferentes regiones de Oaxaca, M\u00e9xico. Instituci\u00f3n: CIIDIR Unidad Oaxaca, IPN&nbsp;    Fuente Financiera: IPN (SIP- 20231385)&nbsp;<\/li>\n\n\n\n<li>2022. Director de proyecto: \u201cAn\u00e1lisis de actores de inter\u00e9s en el paisaje biocultural Mitla-Yagul en Oaxaca, y su importancia para la conservaci\u00f3n de participativa del h\u00e1bitat\u201d. &nbsp;&nbsp;Instituci\u00f3n: CIIDIR Unidad Oaxaca, IPN&nbsp;    Fuente Financiera: IPN (SIP- 20220089).&nbsp;<\/li>\n\n\n\n<li>2019. Director de proyecto: \u201cManejo para la Conservaci\u00f3n y la Provisi\u00f3n de Servicios Ambientales en Bosques Comunitarios y Sistemas Agroforestales\u201d. &nbsp;&nbsp;&nbsp;&nbsp;&nbsp;Instituci\u00f3n: CIIDIR Unidad Oaxaca, IPN&nbsp; Fuente Financiera: IPN (SIP- 20171123)&nbsp;&nbsp;&nbsp;&nbsp;&nbsp;&nbsp;&nbsp;&nbsp;<\/li>\n\n\n\n<li>2018. Director de proyecto: An\u00e1lisis de la resiliencia. An\u00e1lisis de la resiliencia de paisajes forestales y agroforestales del sureste de M\u00e9xico\u00bb. Instituci\u00f3n: CIIDIR Unidad Oaxaca, IPN&nbsp; Fuente Financiera: IPN (SIP- 20181029)&nbsp;<\/li>\n\n\n\n<li>2017. Director de Proyecto: \u201cManejo para la Conservaci\u00f3n y la Provisi\u00f3n de Servicios Ambientales en Bosques Comunitarios y Sistemas Agroforestales\u201d. Instituci\u00f3n: CIIDIR Unidad Oaxaca, IPN&nbsp; Fuente Financiera: IPN (SIP- 20171123)<\/li>\n\n\n\n<li>2016. Director de Proyecto: \u201cAmenazas bi\u00f3ticas &nbsp;LOS BOSQUES COMUNITARIOS DE OAXACA, MEXICO\u201d. Instituci\u00f3n: CIIDIR Unidad Oaxaca, IPN&nbsp; &nbsp; &nbsp;Fuente Financiera: IPN (SIP- 20161084).<\/li>\n\n\n\n<li>2015. Director de Proyecto: \u201cRESILIENCIA SOCIAL-ECOLOGICA EN LOS BOSQUES COMUNITARIOS DE OAXACA, MEXICO\u201d. Instituci\u00f3n: CIIDIR Unidad Oaxaca, IPN&nbsp; &nbsp;Fuente Financiera: IPN (SIP- 20150962).<\/li>\n\n\n\n<li>2014. Director de Proyecto: \u201cImportancia del Capital Social para la Provisi\u00f3n de Servicios Ambientales en Bosques Comunitarios de Oaxaca, M\u00e9xico\u201d.Instituci\u00f3n: CIIDIR Unidad Oaxaca, IPN&nbsp; &nbsp; Fuente Financiera: IPN (SIP- 20140771)<\/li>\n\n\n\n<li>2013-2014. Co-Director de Proyecto de Consultor\u00eda: \u201cOptions for reducing Carbon Emissions in Forest Management in the Oaxaca and Chiahuahua Areas de Accion Temprana REDD+ (AATR)\u201d. Instituci\u00f3n: The Nature Conservancy (Alianza MexicoREDD+) \/USAID&nbsp; &nbsp; &nbsp; &nbsp; &nbsp; &nbsp; &nbsp; &nbsp; &nbsp; &nbsp; &nbsp; &nbsp; &nbsp; &nbsp; &nbsp; &nbsp; &nbsp; &nbsp; &nbsp; &nbsp; &nbsp; &nbsp; &nbsp; &nbsp; &nbsp; &nbsp;<\/li>\n\n\n\n<li>2013. Director de Proyecto: \u201cBases para la Conservaci\u00f3n de Abejas Nativas sin Aguij\u00f3n (Apidae: Meliponini) en Oaxaca\u201d.Instituci\u00f3n: CIIDIR Unidad Oaxaca, IPN&nbsp; &nbsp; &nbsp; Fuente Financiera: IPN (SIP- 20131162)<\/li>\n<\/ul>\n\n\n\n<h3 class=\"wp-block-heading\">Colaboraciones en IPN<\/h3>\n\n\n\n<ul class=\"wp-block-list\">\n<li>Proyecto (2011-2013): \u201cInstitutional Change and Local Forest Governance: Shaping the Mexican Community Forestry Sector 1999-2012\u201d. Participaci\u00f3n: Responsable del proyecto. Instituci\u00f3n: CIIDIR-Oaxaca\/Universidad de California Berkeley. Fuente Financiera: UCMEXUS-CONACYT Periodo: 2011-2012.<\/li>\n\n\n\n<li>Proyecto (2008-2012): \u201cCapacitaci\u00f3n de Estudiantes, Investigaci\u00f3n y Acciones de Restauraci\u00f3n de Suelos y Bosques mediante el Establecimiento de Bancos de Semillas y Promoci\u00f3n del Pago de los Servicios Ambientales en \u00c1reas Comunitaria\u201d. Paritcipaci\u00f3n: Co-responsable. Instituci\u00f3n: CIIDIR-Oaxaca\/Universidad Internacional de Florida E.U. Financiamiento: USAID\/TIES.<\/li>\n\n\n\n<li>Proyecto (2010): \u201cDise\u00f1o y elaboraci\u00f3n de material de difusi\u00f3n para fortalecer acciones de conservaci\u00f3n comunitaria de la biodiversidad, en comunidades Chinantecas integradas en el CORENCHI, Oaxaca\u201d Instituci\u00f3n: CIIDIR-Oaxaca. Participaci\u00f3n: Responsable del proyecto. Financiamiento: COINBIO-CONAFOR.<\/li>\n\n\n\n<li>Proyecto (2009-2010): \u201cFortalecimiento de la Capacidad Local para la Conservaci\u00f3n del Jaguar en \u00c1reas Protegidas Comunitarias en la Chinantla, Oaxaca, M\u00e9xico\u201d. Pariticipaci\u00f3n: Co-responsable del proyecto. Instituci\u00f3n: CIIDIR-Oaxaca\/Universidad Internacional de Florida. Financiamiento: Geoconservaci\u00f3n A.C.(US Fish &amp; Wildlife Service).<\/li>\n\n\n\n<li>Proyecto (2007-2008): \u201cAn\u00e1lisis y fortalecimiento de la capacidad t\u00e9cnica de los profesionistas asesores para el manejo sustentable de bosques comunitarios en Oaxaca\u201d. Pariticpaci\u00f3n: Responsable del proyecto. Instituci\u00f3n: CIIDIR-Oaxaca. Financiamiento: Rostros y Voces A.C. (Fundaci\u00f3n Ford).<\/li>\n\n\n\n<li>Proyecto(2007-2008): \u201cPotencial de los bosques comunitarios de la Chinantla, Oaxaca, para mantener la cobertura forestal y el h\u00e1bitat para la fauna\u201d. Participaci\u00f3n: Director del proyecto. Instituci\u00f3n: CIIDIR Unidad Oaxaca Financiamiento: SIP, IPN\/ Geoconservaci\u00f3n &#8211; US Fish &amp; Wildlife Servic.<\/li>\n<\/ul>\n\n\n\n<h3 class=\"wp-block-heading\">Colaboraciones fuera del IPN<\/h3>\n\n\n\n<ul class=\"wp-block-list\">\n<li>Proyecto (2025-2026): \u201cPromoviendo la formalizaci\u00f3n y el manejo participativo de iniciativas de conservaci\u00f3n comunitaria en la costa del Pacifico mexicano en Oaxaca, Mexico\u201d. Colaboraci\u00f3n con ERA A.C.\u00a0\u00a0\u00a0Fondos: \u00a0Small-Scale Funding with The Secretariat of the Convention on Biological Diversity.<\/li>\n\n\n\n<li>Proyecto (2004-2005): \u201cSustentabilidad de la forester\u00eda comunitaria en M\u00e9xico\u201d. Participaci\u00f3n: Colaboraci\u00f3n Instituto de Geograf\u00eda, UNAM y Universidad Internacional de Florida EUA. Fondos: USAID.<\/li>\n\n\n\n<li>Proyecto (2004): \u201cEco-regionalizaci\u00f3n como Base para la Elaboraci\u00f3n del Ordenamiento del territorio\u201d. Participaci\u00f3n como investigador posdoctoral. Fondos: CONACYT (133).<\/li>\n\n\n\n<li>Proyecto (2003-2004): \u201cDiagn\u00f3stico Ecogeogr\u00e1fico de Regiones Costeras del Pac\u00edfico, con Enfasis en el Potencial de Uso de los Recursos Forestales de las Selvas Bajas\u201d. Participaci\u00f3n. Fondos: PAPIIT IN212003, UNAM.<\/li>\n\n\n\n<li>Proyecto (2003): \u201cDiagn\u00f3stico para el pago por servicios ambientales en la Cuenca del R\u00edo Copalita, Oaxaca\u201d. Participaci\u00f3n: Coordinador. Instituto de Geograf\u00eda de la UNAM y PROCYMAF-SEMARNAP. Fondos: Banco Mundial.<\/li>\n\n\n\n<li>Proyecto (2003): \u201cSustentabilidad Patrimonial en la Cuenca del R\u00edo Tepalcatepec, Michoac\u00e1n\u201d. Fase II. Participaci\u00f3n: Colaboraci\u00f3n. Coordinador por Colegio de Michoac\u00e1n y el Instituto de Geograf\u00eda de la UNAM. Fondos: Gobierno Estado de Michoac\u00e1n.<\/li>\n<\/ul>\n\n\n\n<p><\/p>\n","protected":false},"excerpt":{"rendered":"<p>Aplicando entrevistas en La Chinantla, Oaxaca Participaci\u00f3n en proyectos de Investigaci\u00f3n Actuales Anteriores Colaboraciones en IPN Colaboraciones fuera del IPN<\/p>\n","protected":false},"author":45,"featured_media":0,"parent":0,"menu_order":0,"comment_status":"closed","ping_status":"closed","template":"","meta":{"_swt_meta_header_display":false,"_swt_meta_footer_display":false,"_swt_meta_site_title_display":false,"_swt_meta_sticky_header":false,"_swt_meta_transparent_header":false,"footnotes":""},"class_list":["post-16","page","type-page","status-publish","hentry"],"_links":{"self":[{"href":"https:\/\/web.ciidiroaxaca.ipn.mx\/eduranm\/wp-json\/wp\/v2\/pages\/16","targetHints":{"allow":["GET"]}}],"collection":[{"href":"https:\/\/web.ciidiroaxaca.ipn.mx\/eduranm\/wp-json\/wp\/v2\/pages"}],"about":[{"href":"https:\/\/web.ciidiroaxaca.ipn.mx\/eduranm\/wp-json\/wp\/v2\/types\/page"}],"author":[{"embeddable":true,"href":"https:\/\/web.ciidiroaxaca.ipn.mx\/eduranm\/wp-json\/wp\/v2\/users\/45"}],"replies":[{"embeddable":true,"href":"https:\/\/web.ciidiroaxaca.ipn.mx\/eduranm\/wp-json\/wp\/v2\/comments?post=16"}],"version-history":[{"count":5,"href":"https:\/\/web.ciidiroaxaca.ipn.mx\/eduranm\/wp-json\/wp\/v2\/pages\/16\/revisions"}],"predecessor-version":[{"id":180,"href":"https:\/\/web.ciidiroaxaca.ipn.mx\/eduranm\/wp-json\/wp\/v2\/pages\/16\/revisions\/180"}],"wp:attachment":[{"href":"https:\/\/web.ciidiroaxaca.ipn.mx\/eduranm\/wp-json\/wp\/v2\/media?parent=16"}],"curies":[{"name":"wp","href":"https:\/\/api.w.org\/{rel}","templated":true}]}}