{"id":14,"date":"2011-11-09T18:35:53","date_gmt":"2011-11-09T18:35:53","guid":{"rendered":"https:\/\/web.ciidiroaxaca.ipn.mx\/eduranm\/publicaciones\/"},"modified":"2025-09-19T20:48:20","modified_gmt":"2025-09-19T20:48:20","slug":"publicaciones","status":"publish","type":"page","link":"https:\/\/web.ciidiroaxaca.ipn.mx\/eduranm\/publicaciones\/","title":{"rendered":"Publicaciones"},"content":{"rendered":"\n<h3 class=\"wp-block-heading\">ARTICULOS CIENT\u00cdFICOS<\/h3>\n\n\n\n<ul class=\"wp-block-list\">\n<li>Submitted. Torres Barrag\u00e1n, C.A., E. Dur\u00e1n, J.P. Robson, L. Olgu\u00edn-Hern\u00e1ndez &amp; G.A. Mart\u00ednez. The impact of Mexico\u2019s mezcal boom on an iconic biocultural landscape.<\/li>\n\n\n\n<li>2025. Torres-Barragan C. &amp; E. Duran. Paisaje Biocultural Mitla-Yagul en Oaxaca, M\u00e9xico, como escenario de conservaci\u00f3n y manejo participativo. Desacatos 79:<\/li>\n\n\n\n<li>2024. Galindo-Aguilar E, M. Briones-Salas, E. Dur\u00e1n &amp; J.R. Sosa-L\u00f3pez. <a href=\"https:\/\/web.ciidiroaxaca.ipn.mx\/eduranm\/wp-content\/uploads\/sites\/45\/2011\/11\/2024.-Community-monitoring-of-mammals-in-the-Chinantec-VCAs-Galindo-Aguilar-et-al.-J.-of-Nature-Conservation.pdf\" target=\"_blank\" rel=\"noreferrer noopener\">Contribution of community monitoring to knowledge of mammal diversity in voluntarily conservation areas in Southern Mexico<\/a>. Journal for Nature Conservation 79:126604<\/li>\n\n\n\n<li>2023. Pacheco-Aquino G. &amp; E. Duran. <a href=\"https:\/\/web.ciidiroaxaca.ipn.mx\/eduranm\/wp-content\/uploads\/sites\/45\/2011\/11\/2023.-BB-impact-in-structure-and-composition-in-temperate-forests-in-Oaxaca-Pacheco-Duran-FEM.pdf\" target=\"_blank\" rel=\"noreferrer noopener\">Tree canopy patterns in a temperate forest in Oaxaca, Mexico after bark beetle outbreaks: Implications for ecological resistance and resilience<\/a>. Forest Ecology and Management 542:121099<\/li>\n\n\n\n<li>Hern\u00e1ndez-Aguilar,J.A., E. Dur\u00e1n, H.S. Cortina-Villar and A. Velazquez. 2022.&nbsp;Landscape Approach to Support Regional Action in Communal Forest Management: the Case of the Mixteca Alta, Oaxaca, Mexico. Investigaciones Geogr\u00e1ficas (UNAM) 109: e60620 DOI: https:\/\/doi.org\/10.14350\/rig.60620<\/li>\n\n\n\n<li>Pacheco-Aquino, G and E. Duran. 2021. <a href=\"https:\/\/web.ciidiroaxaca.ipn.mx\/eduranm\/wp-content\/uploads\/sites\/45\/2011\/11\/2021.-Rethinking-BB-FEE-Pacheco-Aquino-and-Duran-2021.pdf\" target=\"_blank\" rel=\"noreferrer noopener\">Rethinking strategies for mitigation bark beetle pest in Mexico<\/a>. Frontiers in Ecology and Environment.<\/li>\n\n\n\n<li>Heredia-Telles, A., G P\u00e9rez-Verd\u00edn, M.E. Serrano-Flores; L.A. Avila-Mel\u00e9ndez, E. Dur\u00e1n and F. Cruz-Garcia. 2021. Medio siglo de evoluci\u00f3n en el manejo y conservaci\u00f3n de los bosques comunitarios en el noroeste de M\u00e9xico. Madera y Bosques 27(3): 1-17 e2732300&nbsp;<\/li>\n\n\n\n<li>Velazquez, A., F. Gopar, J.F. Mas, E. Duran, &#8230;et al.. 2021. Merged phytosociological and geographical approach for multiple scale vegetation mapping as baseline for public environmental policy in Mexico. Applied Vegetation Science.<\/li>\n\n\n\n<li>Garc\u00eda-Dom\u00ednguez, U., Y. Villegas-Aparicio, E. Duran et al. 2021.&nbsp;Descripci\u00f3n y an\u00e1lisis de productores de caf\u00e9 de la regi\u00f3n Mixe, Oaxaca. Revista Mexicana de Ciencias Agr\u00edcolas 12(7):1235-1247.<\/li>\n\n\n\n<li>Bray, D.V., E. Duran, J. Hern\u00e1ndez-Salas, C. Luj\u00e1n-Alvarez, M. Olivas-Garc\u00eda y I. Grijalva-Mart\u00ednez. 2016. Back to the Future: The Persistence of Horse Skidding in Large Scale Industrial Community Forests in Chihuahua, Mexico. Forests 7(283): 1-8.<\/li>\n\n\n\n<li>Van Vleet, E., D.B. Bray and E. Dur\u00e1n. 2016. Knowing But Not Knowing: Systematic Conservation Planning and Community Conservation in the Sierra Norte of Oaxaca, Mexico. Land Use Policy 59:504-515.<\/li>\n\n\n\n<li>Hite, E., D.B. Bray, E. Duran, A. Rinc\u00f3n. 2016.&nbsp; From Forests and Fields to Coffee and Back Again: A Traditional Coffee Agroecosystem in Oaxaca, Mexico. Biodiversity and Conservation (http:\/\/dx.doi.org\/10.1080\/08941920.2016.1239291)<\/li>\n\n\n\n<li>Gumeta-G\u00f3mez, F., E. Dur\u00e1n y D.B. Bray. 2016. Multilevel governance for local management of drinking water in Latin America: case studies from Costa Rica, Honduras and Mexico. Acta Universitaria 26(NE-2): 68-78.<\/li>\n\n\n\n<li>Lavariega-Nolasco M.C., M. Briones-Salas, A. Mazas-Teodocio and E. Dur\u00e1n Medina. 2016. &nbsp;Ecology and local knowledge of the Baird\u00b4s tapir (Tapirella bairdii) in the Sierra Madre de Oaxaca, Mexico. Integrative Zoology 11: 361\u201337<\/li>\n\n\n\n<li>Berget, C., E. Duran, and D. Bray. 2015. Participatory restoration of degraded agricultural areas invaded by bracken fern (Pteridium aquilinum) and conservation in the Chinantla Region, Oaxaca, Mexico. Human Ecology 43: 547\u2013558<\/li>\n\n\n\n<li>Pacheco-Aquino, G., E. Dur\u00e1n y J.A.B. Ord\u00f3\u00f1ez-D\u00edaz. 2015. Din\u00e1mica del carbono en el \u00e1rea de manejo forestal de Ixtl\u00e1n de Ju\u00e1rez, Oaxaca, M\u00e9xico. Revista Mexicana de Ciencias Forestales 6(29): 126-145.<\/li>\n\n\n\n<li>Velasco-Murgu\u00eda, A.R., E. Duran, Rivera y D. B. Bray. 2014. Cambios en la cobertura arbolada de comunidades ind\u00edgenas con y sin iniciativas de conservaci\u00f3n, en Oaxaca, M\u00e9xico. Investigaciones Geogr\u00e1ficas-UNAM 83:55-73. ISSN: 0188-4611<\/li>\n\n\n\n<li>Bray, D. E. Duran, y O.A. Molina. 2012. <a href=\"https:\/\/web.ciidiroaxaca.ipn.mx\/eduranm\/wp-content\/uploads\/sites\/45\/2025\/09\/2012.-Bray-et-al.-IJC.pdf\" data-type=\"attachment\" data-id=\"138\" target=\"_blank\" rel=\"noreferrer noopener\">Beyond harvests in the commons: Multi-scale Governance, Turbulence, and Indigenous\/Community Conserved Areas in Oaxaca, Mexico<\/a>. International Journal for the Study of Commons. Vol. 6, no 2 August 2012, pp. 151\u2013178<\/li>\n\n\n\n<li>Figel, J., Dur\u00e1n, E., D.B Bray. 2011. <a href=\"https:\/\/web.ciidiroaxaca.ipn.mx\/eduranm\/wp-content\/uploads\/sites\/45\/2025\/09\/2011_Oryx_Figel-Duran-Bray-.pdf\" data-type=\"attachment\" data-id=\"140\" target=\"_blank\" rel=\"noreferrer noopener\">Jaguar Conservation in a Community-Dominated Landscape in Montane Forests in Oaxaca, Mexico<\/a>. Oryx-The International Journal of Conservation 1-7.<\/li>\n\n\n\n<li>Dur\u00e1n, E., D.B. Bray, A. Vel\u00e1zquez &amp; A. Larrazabal. 2011. <a href=\"https:\/\/web.ciidiroaxaca.ipn.mx\/eduranm\/wp-content\/uploads\/sites\/45\/2025\/09\/2010-Duran-et-al.-World-Develpment.pdf\" data-type=\"attachment\" data-id=\"142\" target=\"_blank\" rel=\"noreferrer noopener\">Multi-Scale Forest Governance, Deforestation, and Violence in Two Regions of Guerrero, Mexico<\/a>. World Development 39:611-619.<\/li>\n\n\n\n<li>\u00a0Duran, E., J.J. Figel &amp; D.B. Bray. 2010. <a href=\"https:\/\/web.ciidiroaxaca.ipn.mx\/eduranm\/wp-content\/uploads\/sites\/45\/2025\/09\/2010-Duran-et-al.-Unasylva.pdf\" data-type=\"attachment\" data-id=\"143\" target=\"_blank\" rel=\"noreferrer noopener\">Uncertain coexistence: jaguars and communities in montane forests of Mexico<\/a>. Unasylva\u00a0 234\/235:21-22.<\/li>\n\n\n\n<li>Figel, J.J., E. Dur\u00e1n, D.B. Bray &amp; J. R. Prisciliano. 2009. <a href=\"https:\/\/web.ciidiroaxaca.ipn.mx\/eduranm\/wp-content\/uploads\/sites\/45\/2025\/09\/2009-Figel-et-al.-CATnews.pdf\" data-type=\"attachment\" data-id=\"144\" target=\"_blank\" rel=\"noreferrer noopener\">New jaguar records from montane forest at a priority site in southern Mexico<\/a>. CATnews 50:14-15.<\/li>\n\n\n\n<li>Bray, D. B., E. Dur\u00e1n, S. Anta, G. J. Martin y F. Mondrag\u00f3n. 2008. <a href=\"https:\/\/web.ciidiroaxaca.ipn.mx\/eduranm\/wp-content\/uploads\/sites\/45\/2025\/09\/2008.-Current-Conservation.pdf\" data-type=\"attachment\" data-id=\"146\" target=\"_blank\" rel=\"noreferrer noopener\">A New Conservation and Development Frontier: Community Protected Areas in Oaxaca, Mexico<\/a>. Current Conservation 2: 7-9.<\/li>\n\n\n\n<li>Bray, D. B., E. Dur\u00e1n, V. Ramos, \u00a0J.F. Mas, A. Vel\u00e1zquez, R. McNab, D. Barry, J. Radachowsky. 2008. <a href=\"https:\/\/web.ciidiroaxaca.ipn.mx\/eduranm\/wp-content\/uploads\/sites\/45\/2025\/09\/2008-Ecology-and-Society-Bray-et-al.pdf\" data-type=\"attachment\" data-id=\"148\" target=\"_blank\" rel=\"noreferrer noopener\">Tropical Deforestation, Community Forests, and Protected Areas in the Maya Forest<\/a>. Ecology and Society.<\/li>\n\n\n\n<li>Dur\u00e1n, E., J.A. Meave, E.J. Lott y G. Segura. 2006. <a href=\"https:\/\/web.ciidiroaxaca.ipn.mx\/eduranm\/wp-content\/uploads\/sites\/45\/2025\/09\/2006-Duran-et-al.-Bol.-Soc.-Bot.-Mex.pdf\" data-type=\"attachment\" data-id=\"149\" target=\"_blank\" rel=\"noreferrer noopener\">Structure and tree diversity patterns at the landscape level in a Mexican tropical deciduous forest<\/a>. Bolet\u00edn de la Sociedad Bot\u00e1nica de M\u00e9xico 79:55-73.<\/li>\n\n\n\n<li>Segura, G., P. Balvanera, E. Dur\u00e1n y \u00a0A. P\u00e9rez. 2003. <a href=\"https:\/\/web.ciidiroaxaca.ipn.mx\/eduranm\/wp-content\/uploads\/sites\/45\/2025\/09\/2003-Segura-et-al.-Plant-Ecology.pdf\" data-type=\"attachment\" data-id=\"150\" target=\"_blank\" rel=\"noreferrer noopener\">Tree community structure and stem mortality along a water availability gradient in a Mexican tropical dry forest. <\/a>Plant Ecology 169:259-271.<\/li>\n\n\n\n<li>Vel\u00e1zquez, A., E. Dur\u00e1n, I. Ram\u00edrez, J. Mas, G. Ram\u00edrez, G. Bocco y J. L. Palacio. 2003.<a href=\"http:\/\/148.204.117.11\/eduranm\/sites\/148.204.117.11.eduranm\/files\/pdf\/2003%20Global%20Env.%20Cgange%20%28Velazquez%20et%20al.%29.pdf\" target=\"_blank\" rel=\"noreferrer noopener\"> <\/a><a href=\"https:\/\/web.ciidiroaxaca.ipn.mx\/eduranm\/wp-content\/uploads\/sites\/45\/2025\/09\/2003-Global-Env.-Cgange-Velazquez-et-al.pdf\" data-type=\"attachment\" data-id=\"152\" target=\"_blank\" rel=\"noreferrer noopener\">Land use-cover change processes in highly biodiverse areas: the case of Oaxaca, Mexico<\/a>. Global Environmental Change 13(3):175-184.\u00a0<\/li>\n<\/ul>\n\n\n\n<p>&nbsp;<\/p>\n\n\n\n<h3 class=\"wp-block-heading\">CAP\u00cdTULOS DE LIBRO<\/h3>\n\n\n\n<ul class=\"wp-block-list\">\n<li>Bray, D.B. y E. Dur\u00e1n. 2022. Mexican Community Forestry as a Global Model for Biodiversity Conservation and Climate Change Adaptation and Mitigation. Cap. 30, En: J. Bulkan, J. Palmer, A.M. Larson y M. Hobley (Eds.). Routledge Handbook of Community Forestry. NY, USA.<\/li>\n\n\n\n<li>Duran E. 2022. Destacando el susbsistema ecol\u00f3gico dentro de los SES forestales de M\u00e9xico&nbsp; In: D. Bray. Exito de los comunes: Empresas forestales comunitarias de Mexico y el future de los bosques resilientes. La Cigarra, Mexico.<\/li>\n\n\n\n<li>Duran, E., F. Gumeta-G\u00f3mez y L. Olgu\u00edn-Hern\u00e1ndez. 2018. El Manejo Comunitario en Paisajes Forestales. &nbsp;En: S. Avila y M. Perevochtikova. Sistemas socio-ecol\u00f3gicos: marcos anal\u00edticos y estudios de caso en Oaxaca, M\u00e9xico. UNAM<\/li>\n\n\n\n<li>Vel\u00e1zquez, A., C. Medina-Garc\u00eda, E. Dur\u00e1n Medina, A. Amador y L.F. Gopar-Merino. 2016. Standardized Hierarchical Vegetation Classification: Mexican and Global Patterns. Springer, Switzerland, 143p. ISBN 978-3-319-41221-4<\/li>\n\n\n\n<li>Duran E. 2014. Paisajes forestales en la sierra norte de Oaxaca, M\u00e9xico. En: S. Barrera y N. Aguirre (Comps.) Perspectivas Ambientales sobre el Paisaje. Departamento de Geograf\u00eda. Universidad Nacional de Colombia. ISBN: 978\u2013958\u2013761\u2013951-5<\/li>\n\n\n\n<li>Duran, E. 2013. La Chinantla, donde el jaguar tiene hogar y quiz\u00e1 un futuro. Pp. 260-265, En: A. Aquino, V. de la Cruz, M.A. Briones,&nbsp; A. S\u00e1nchez y A. Huerta Garc\u00eda (Eds.) El Jaguar en Oaxaca.&nbsp; Oaxaca, M\u00e9xico (ISBN 978-607-9305-06-2).<\/li>\n\n\n\n<li>Duran E., J. Robson, M. Briones, F. Berkes &amp; D. Bray. 2012. <a href=\"https:\/\/web.ciidiroaxaca.ipn.mx\/eduranm\/wp-content\/uploads\/sites\/45\/2025\/09\/2012.-IUCN-Protected-Landscapes-pag.71-Oaxaca\u00b4s-Chapter.pdf\" data-type=\"attachment\" data-id=\"154\" target=\"_blank\" rel=\"noreferrer noopener\">Wildlife Conservation on Community Conserved Lands: Experiences from Oaxaca, southern Mexico.<\/a> In: IUCN (Ed.). Protected Landscapes and Wild Biodiversity Values. IUCN, Switzerland.<\/li>\n\n\n\n<li>Dur\u00e1n, E., J.R. Prisciliano-V\u00e1zquez, D.B\u00a0 Bray &amp;\u00a0 J. Figel. 2011. <a href=\"https:\/\/web.ciidiroaxaca.ipn.mx\/eduranm\/wp-content\/uploads\/sites\/45\/2011\/11\/2011_Cap_5_Presencia-del-jaguar_Lib_Est_Jaguar_Oax.pdf\" target=\"_blank\" rel=\"noreferrer noopener\">Presencia del Jaguar y sus Presas en Comunidades Chinantecas del Municipio de San Felipe Usila, Oaxaca.<\/a> En: M.A. Briones, A. Aquino y A. S\u00e1nchez (Eds.) El Jaguar en Oaxaca. Instituto Polit\u00e9cnico Nacional, Mexico City.<\/li>\n\n\n\n<li>Dur\u00e1n, E., D.B Bray y J. Figel. 2011. I<a href=\"https:\/\/web.ciidiroaxaca.ipn.mx\/eduranm\/wp-content\/uploads\/sites\/45\/2011\/11\/2011_Cap_14_Interaccion_Hombre-Jaguar_Lib_Est_Jaguar_Oax.pdf\" target=\"_blank\" rel=\"noreferrer noopener\">nteracci\u00f3n hombre-jaguar y acciones para la conservaci\u00f3n del jaguar en comunidades Chinantecas del Municipio de San Felipe Usila, Oaxaca. <\/a>Pp. 247-271, En: M.A. Briones, A. Aquino y A. S\u00e1nchez (Eds.) El Jaguar en Oaxaca. M\u00e9xico D.F.<\/li>\n\n\n\n<li>Velazquez, A., E. Duran, A. Larrazaabal, F. L\u00f3pez &amp; C. Medina. 2010. La cobertura de vegetaci\u00f3n y los cambios de uso del suelo. Pp. 28-32, In: M Mendoza, A. Velazquez, A. Larrazaabal,&amp; A Toledo (Comp.). Atlas Fisiografico de la Cuenca de Tepalcatepec. INE-Semarnat, Mexico City.<\/li>\n\n\n\n<li>Dur\u00e1n, E., J. F. Mas &amp; A. Vel\u00e1zquez. 2007. <a href=\"https:\/\/web.ciidiroaxaca.ipn.mx\/eduranm\/wp-content\/uploads\/sites\/45\/2025\/09\/2007-Bray-et-al.-version-en-espanol.pdf\" data-type=\"attachment\" data-id=\"134\" target=\"_blank\" rel=\"noreferrer noopener\">Cambios en las coberturas de vegetaci\u00f3n y usos del suelo en regiones con manejo forestal comunitario y \u00e1reas naturales protegidas de M\u00e9xico<\/a>. Pp. 267-302. En: D.B. Bray, L. Merino-P\u00e9rez y D. Barry (Eds.). Los Bosques Comunitarios de M\u00e9xico. Manejo Sustentable de Paisajes Forestales. Instituto Nacional de Ecolog\u00eda SEMARNAT\u00a0<\/li>\n\n\n\n<li>Vel\u00e1zquez, A., E. Dur\u00e1n, J.F. Mas, D.B. Bray &amp; G. Bocco. 2005. <a href=\"https:\/\/web.ciidiroaxaca.ipn.mx\/eduranm\/wp-content\/uploads\/sites\/45\/2025\/09\/2005-Cap.-CONAPO.pdf\" data-type=\"attachment\" data-id=\"156\">Situaci\u00f3n actual y prospectiva del cambio de la cubierta vegetal y usos des suelo en M\u00e9xico<\/a>. M\u00e9xico ante los Desaf\u00edos de Desarrollo del Milenio. Consejo Nacional de Poblaci\u00f3n-SEGOB, M\u00e9xico D.F.\u00a0<\/li>\n\n\n\n<li>Dur\u00e1n, E., J. F. Mas &amp; A. Vel\u00e1zquez. 2005.<a href=\"https:\/\/web.ciidiroaxaca.ipn.mx\/eduranm\/wp-content\/uploads\/sites\/45\/2025\/09\/Cap.10-Texas-Press.pdf\" data-type=\"attachment\" data-id=\"158\" target=\"_blank\" rel=\"noreferrer noopener\"> Land Use\/Cover Change in Community-Based Forest Management Regions and Protected Areas in Mexico<\/a>. Pp. 215-238. En: D.B. Bray, L. Merino-P\u00e9rez y D. Barry (Eds.). The Community Forests of Mexico. University of Texas Press, Texas.\u00a0<\/li>\n\n\n\n<li>Dur\u00e1n E., P. Balvanera, E. Lott, G. Segura A. Islas, M. Franco &amp; A. P\u00e9rez-Jim\u00e9nez. 2002. <a href=\"https:\/\/web.ciidiroaxaca.ipn.mx\/eduranm\/wp-content\/uploads\/sites\/45\/2025\/09\/Vegetacion-HN-Chamela-2002.pdf\" data-type=\"attachment\" data-id=\"159\" target=\"_blank\" rel=\"noreferrer noopener\">Estructura y din\u00e1mica de la vegetaci\u00f3n de la Estaci\u00f3n de Biolog\u00eda de Chamela<\/a>. En: F. Noguera, J. Vega, A. Garc\u00eda-Aldrete y M. Quesada (Eds.). Historia Natural de Chamela. Instituto de Biolog\u00eda UNAM, M\u00e9xico.\u00a0<\/li>\n\n\n\n<li>Cotler, H.; C. Siebe &amp; E. Dur\u00e1n. 2002. Suelos y geomorfolog\u00eda. En: F. Noguera, J. Vega, A. Garc\u00eda-Aldrete y M. Quesada (Eds.). Historia Natural de Chamela. Instituto de Biolog\u00eda UNAM, M\u00e9xico.<\/li>\n<\/ul>\n\n\n\n<p>&nbsp;<\/p>\n\n\n\n<h3 class=\"wp-block-heading\">DIVULGACI\u00d3N CIENT\u00cdFICA Y ACAD\u00c9MICA<\/h3>\n\n\n\n<ul class=\"wp-block-list\">\n<li>Duran, E. 2021. Milta, vandalism en cueva prehistorica. Opinion, peri\u00f3dico La Jornada.&nbsp;<\/li>\n\n\n\n<li>Santiago, M. and E. Dur\u00e1n. 2020 Voluntary conservation in Mexico. The Solutions Journal.<\/li>\n\n\n\n<li>Pacheco-Aquino, G., E. Dur\u00e1n, <a href=\"https:\/\/web.ciidiroaxaca.ipn.mx\/eduranm\/wp-content\/uploads\/sites\/45\/2025\/09\/VI.1-Catalogo-de-encinos-2020-Pacheco-Aquino-et-al.pdf\" data-type=\"attachment\" data-id=\"131\" target=\"_blank\" rel=\"noreferrer noopener\">S. Valencia and Elber Miguel Gonz\u00e1lez. 2020.Cat\u00e1logo de Encinos presentes en una porci\u00f3n de la Sierra Norte de Oaxaca. CIIDIR-Oaxaca, Instituto Polit\u00e9cnico Nacional, Oaxaca, M\u00e9xico<\/a>.<\/li>\n\n\n\n<li>Duran E. y A. Poloni. 2015. Escarabajos descortezadores: diversidad y saneamientos en bosques de Oaxaca. Poster. CIIDIR-Oaxaca, IPN y Comit\u00e9 Estatal de Sanidad Forestal de Oaxaca.<\/li>\n\n\n\n<li>Duran E. y A. Poloni. 2014. <a href=\"https:\/\/web.ciidiroaxaca.ipn.mx\/eduranm\/wp-content\/uploads\/sites\/45\/2025\/09\/2014.-Escarabajos-descortezadores.-Biodiversitas-Duran-y-Poloni.pdf\" data-type=\"attachment\" data-id=\"121\" target=\"_blank\" rel=\"noreferrer noopener\">Escarabajos descortezadores: diversidad y saneamientos en bosques de Oaxaca.<\/a> Biodiversitas CONABIO 117:-12.<\/li>\n\n\n\n<li>Duran E. y A. Poloni. 2014. Bosques y escarabajos descortezadores en Oaxaca. Material para Divulgaci\u00f3n Cient\u00edfica en Comunidades Forestales de Oaxaca. CIIDIR-Oaxaca, IPN\/Comit\u00e9 de Sanidad Forestal del Estado de Oaxaca.<\/li>\n\n\n\n<li>Molina, G. E.Dur\u00e1n. 2011. Biodiversidad (folleto y video). Material de Divulgaci\u00f3n Cient\u00edfica para Comunidades Ind\u00edgenas. COINBIO-CONAFOR\/USAID\/CIIDIR-Oaxaca, IPN, Oaxaca, M\u00e9xico.<\/li>\n\n\n\n<li>Molina, G. E.Dur\u00e1n. 2011. Conservaci\u00f3n de Biodiversidad (folleto y video). Material de Divulgaci\u00f3n Cient\u00edfica para Comunidades Ind\u00edgenas. COINBIO-CONAFOR\/USAID\/CIIDIR-Oaxaca, IPN, Oaxaca, M\u00e9xico.<\/li>\n\n\n\n<li>Molina, G. E.Dur\u00e1n. 2011. Servicios Ambientales (folleto y video). Material de Divulgaci\u00f3n Cient\u00edfica para Comunidades Ind\u00edgenas. COINBIO-CONAFOR\/USAID\/CIIDIR-Oaxaca, IPN, Oaxaca, M\u00e9xico.<\/li>\n\n\n\n<li>Bray, D. B., E. Dur\u00e1n, S. Anta, G. J. Martin &amp; F. Mondrag\u00f3n. 2009. <a href=\"https:\/\/web.ciidiroaxaca.ipn.mx\/eduranm\/wp-content\/uploads\/sites\/45\/2025\/09\/2009-Mexico-Forestal.pdf\" data-type=\"attachment\" data-id=\"122\" target=\"_blank\" rel=\"noreferrer noopener\">A New Conservation and Development Frontier: Community Protected Areas in Oaxaca, Mexico. Mexico Forestal<\/a> 102: 1-15.<\/li>\n\n\n\n<li>Dur\u00e1n, E., J.R. Prisciliano, D.B. Bray &amp; J. Figel, 2008. El Jaguar en La Chinantla. Retos para su Conservaci\u00f3n. Folleto T\u00e9cnico de Divulgaci\u00f3n Cient\u00edfica. Manejo Integral de Ecosistemas\/Programa de las Naciones Unidas para el Medio Ambiente y CIIDIR-Oaxaca, IPN, Oaxaca, M\u00e9xico. 29 pgs.<\/li>\n\n\n\n<li>Dur\u00e1n, E. 2008. <a href=\"https:\/\/web.ciidiroaxaca.ipn.mx\/eduranm\/wp-content\/uploads\/sites\/45\/2025\/09\/2008-Nota-suplemento-La-Jornada-del-Campo.pdf\" data-type=\"attachment\" data-id=\"124\" target=\"_blank\" rel=\"noreferrer noopener\">Aprovechar sin Destruir.<\/a> Peri\u00f3dico La Jornada, Suplemento La Jornada del Campo No. 6, 11 de Marzo, M\u00e9xico.<\/li>\n\n\n\n<li>Prisciliano, J.R., E.Dur\u00e1n, J. Figel y D.B. Bray. 2008. La Chinantla, Tierra del Jaguar. Material de Divulgaci\u00f3n Cient\u00edfica para Comunidades Ind\u00edgenas. Programa Manejo Integral de Ecosistemas-PNUD y CIIDIR-Oaxaca, IPN, Oaxaca, M\u00e9xico.<\/li>\n\n\n\n<li>Bray, D. B., E. Dur\u00e1n, S. Anta, G. J. Martin &amp; F. Mondrag\u00f3n. 2008. A <a href=\"https:\/\/web.ciidiroaxaca.ipn.mx\/eduranm\/wp-content\/uploads\/sites\/45\/2025\/09\/2008-Current-conservation-FINAL.pdf\" data-type=\"attachment\" data-id=\"128\" target=\"_blank\" rel=\"noreferrer noopener\">New Conservation and Development Frontier: Community Protected Areas in Oaxaca, Mexico.<\/a> Current Conservation 2: 7-9.<\/li>\n\n\n\n<li>Andr\u00e9s-Cruz, L. D. Bray, E. Dur\u00e1n, J. Figel, y J.R. Prisciliano. 2007. Los felinos de La Chinantla, Oaxaca: Participaci\u00f3n social para su conservaci\u00f3n. Folleto de Divulgaci\u00f3n Cient\u00edfica para Comunidades Ind\u00edgenas. &nbsp;Programa Manejo Integral de Ecosistemas, Programa de las Naciones Unidas para el Medio Ambiente, Oaxaca, M\u00e9xico.&nbsp;<\/li>\n\n\n\n<li>Bray, D.B., E. Dur\u00e1n, L. Merino-P\u00e9rez, J.M. Torres-Rojo &amp; A. Vel\u00e1zquez. 2007.\u00a0 <a href=\"https:\/\/web.ciidiroaxaca.ipn.mx\/eduranm\/wp-content\/uploads\/sites\/45\/2025\/09\/2007-Folleto-Forestal.pdf\" data-type=\"attachment\" data-id=\"123\" target=\"_blank\" rel=\"noreferrer noopener\">Nueva evidencia que los bosques comunitarios de M\u00e9xico protegen el ambiente, disminuyen la pobreza y promueven la paz social<\/a>. Folleto T\u00e9cnico de Divulgaci\u00f3n Cient\u00edfica. Banco Mundial y Fundaci\u00f3n Ford, Ed. Sierra Madre, M\u00e9xico D.F. 27pgs.<\/li>\n\n\n\n<li>Bray, D.B., A. Vel\u00e1zquez, J.F. Mas y E. Dur\u00e1n. 2005. Mexico\u2019s Community Forests. Conservation in Practice 6:46-47.<\/li>\n\n\n\n<li>Dur\u00e1n, E., L. Galicia, E. A. P\u00e9rez-Garc\u00eda y L. Zambrano. 2002. El Paisaje en Ecolog\u00eda.&nbsp; Revista Ciencias, Facultad de Ciencias UNAM, 67:44-50.<\/li>\n<\/ul>\n\n\n\n<p>&nbsp;<\/p>\n\n\n\n<h3 class=\"wp-block-heading\">OTROS.<\/h3>\n\n\n\n<ul class=\"wp-block-list\">\n<li>Dur\u00e1n, E. 2004. Estructura, Diversidad y Mortalidad del Componente Arb\u00f3reo en un Mosaico Ambiental de Chamela, M\u00e9xico. Tesis doctoral, Instituto de Ecolog\u00eda, Universidad Nacional Aut\u00f3noma de M\u00e9xico, M\u00e9xico D.F.<\/li>\n<\/ul>\n\n\n\n<p>&nbsp;<\/p>\n","protected":false},"excerpt":{"rendered":"<p>ARTICULOS CIENT\u00cdFICOS &nbsp; CAP\u00cdTULOS DE LIBRO &nbsp; DIVULGACI\u00d3N CIENT\u00cdFICA Y ACAD\u00c9MICA &nbsp; OTROS. &nbsp;<\/p>\n","protected":false},"author":45,"featured_media":0,"parent":0,"menu_order":0,"comment_status":"closed","ping_status":"closed","template":"","meta":{"_swt_meta_header_display":false,"_swt_meta_footer_display":false,"_swt_meta_site_title_display":false,"_swt_meta_sticky_header":false,"_swt_meta_transparent_header":false,"footnotes":""},"class_list":["post-14","page","type-page","status-publish","hentry"],"_links":{"self":[{"href":"https:\/\/web.ciidiroaxaca.ipn.mx\/eduranm\/wp-json\/wp\/v2\/pages\/14","targetHints":{"allow":["GET"]}}],"collection":[{"href":"https:\/\/web.ciidiroaxaca.ipn.mx\/eduranm\/wp-json\/wp\/v2\/pages"}],"about":[{"href":"https:\/\/web.ciidiroaxaca.ipn.mx\/eduranm\/wp-json\/wp\/v2\/types\/page"}],"author":[{"embeddable":true,"href":"https:\/\/web.ciidiroaxaca.ipn.mx\/eduranm\/wp-json\/wp\/v2\/users\/45"}],"replies":[{"embeddable":true,"href":"https:\/\/web.ciidiroaxaca.ipn.mx\/eduranm\/wp-json\/wp\/v2\/comments?post=14"}],"version-history":[{"count":20,"href":"https:\/\/web.ciidiroaxaca.ipn.mx\/eduranm\/wp-json\/wp\/v2\/pages\/14\/revisions"}],"predecessor-version":[{"id":160,"href":"https:\/\/web.ciidiroaxaca.ipn.mx\/eduranm\/wp-json\/wp\/v2\/pages\/14\/revisions\/160"}],"wp:attachment":[{"href":"https:\/\/web.ciidiroaxaca.ipn.mx\/eduranm\/wp-json\/wp\/v2\/media?parent=14"}],"curies":[{"name":"wp","href":"https:\/\/api.w.org\/{rel}","templated":true}]}}