{"id":6,"date":"2015-01-20T20:18:52","date_gmt":"2015-01-20T20:18:52","guid":{"rendered":"https:\/\/web.ciidiroaxaca.ipn.mx\/ebernalg\/publicaciones\/"},"modified":"2025-10-20T19:16:14","modified_gmt":"2025-10-21T01:16:14","slug":"publicaciones","status":"publish","type":"page","link":"https:\/\/web.ciidiroaxaca.ipn.mx\/ebernalg\/publicaciones\/","title":{"rendered":"Publicaciones"},"content":{"rendered":"\n<h3 class=\"wp-block-heading\">Art\u00edculos ISI\/JCR<\/h3>\n\n\n\n<p>Flores, C. A., Crossland M, ~Arreort\u00faa M &amp;<strong> Gonz\u00e1lez-Bernal<\/strong>, E*. 2024. Responses of showy leopard frog larvae (Lithobates spectabilis) to the presence of exotic rainbow trout. Aquatic Conservation Marine and Freshwater Ecosystems 34 (9):1-13<\/p>\n\n\n\n<p>Santiago-Dionicio, Hermes, Medardo Arreort\u00faa, Angel I. Contreras-Calvario, <strong>Edna Gonz\u00e1lez-Bernal<\/strong>, and C\u00e9sar Camilo Juli\u00e1n-Caballero. 2024.&nbsp; \u00abNew records of Neogale frenata and Potos flavus from Sierra Madre de Oaxaca, Mexico.\u00bb&nbsp;Neotropical Biology and Conservation&nbsp;19, no. 2: 69-77.<\/p>\n\n\n\n<p>Arreort\u00faa, Medardo, Angel Ivan Contreras Calvario, and <strong>Edna Gonz\u00e1lez-Bernal<\/strong>. 2024. \u00abBasiliscus vittatus (LACERTILIA: CORYTOPHANIDAE).\u00bb&nbsp;Revista Latinoamericana de Herpetolog\u00eda&nbsp;7, no. 1: 863-58.<\/p>\n\n\n\n<p>Arreort\u00faa, Medardo, Angel I. Contreras-Calvario, C\u00e9sar Camilo Juli\u00e1n-Caballero, Diana Cruz-Luna, <strong>Edna Gonz\u00e1lez-Bernal<\/strong>, and Tereso L\u00f3pez-Garc\u00eda. 2024.&nbsp;New records of two anuran species with ecological notes in Oaxaca, Mexico.&nbsp;Revista Latinoamericana de Herpetolog\u00eda&nbsp;7, no. 2:961-58.<\/p>\n\n\n\n<p>M Arreort\u00faa,\u00a0<a href=\"https:\/\/scholar.google.com\/citations?user=uc1PixsAAAAJ&amp;hl=en&amp;oi=sra\">CC Juli\u00e1n-Caballero<\/a>, T L\u00f3pez-Garc\u00eda, C Orozco,\u00a0<a href=\"https:\/\/scholar.google.com\/citations?user=CYT_bQkAAAAJ&amp;hl=en&amp;oi=sra\">E Gonz\u00e1lez-Bernal<\/a> &amp; Angel Ivan Contreras Calvario. 2024. Notes on threats and new records of\u00a0<em>Kinosternon integrum<\/em>\u00a0(testudines: Kinosternidae). Revista Latinoamericana de Herpetolog\u00eda. \u00a0<em>7<\/em>(4), e1037 (276 \u2013 282) <\/p>\n\n\n\n<p>L\u00f3pez-Garc\u00eda, T., Contreras-Calvario, A. I., Arreort\u00faa, M., M\u00e9ndez-Allende, G., Flores, C. A., &amp; <strong>Gonz\u00e1lez-Bernal, E*<\/strong>.&nbsp;2022. Ecological observations of Chiropterotriton chiropterus (Caudata: Plethodontidae), an endangered salamander from Mexico. Phyllomedusa: Journal of Herpetology, 21(2), 205-209.<\/p>\n\n\n\n<p>Flores, C. A., Arreort\u00faa, M., &amp; <strong>Gonz\u00e1lez-Bernal, E*<\/strong>.&nbsp;2022. Tadpole soup: Chinantec caldo de piedra and behavior of Duellmanohyla ignicolor larvae (Amphibia, Anura, Hylidae). ZooKeys, 2022&nbsp;(1097), 117-132.<\/p>\n\n\n\n<p>&nbsp; &nbsp; &nbsp; &nbsp; &nbsp; &nbsp; &nbsp; &nbsp;&nbsp;&nbsp;Mencionado en EurekAlert!&nbsp;Tadpoles for dinner? Indigenous community in Mexico reveals a favorite recipe for a particular frog&nbsp;<a href=\"https:\/\/www.eurekalert.org\/news-releases\/952373\" target=\"_blank\" rel=\"noreferrer noopener\">https:\/\/www.eurekalert.org\/news-releases\/952373<\/a><\/p>\n\n\n\n<p>Moen, D. S., Cabrera-Guzm\u00e1n, E., Caviedes-Solis, I. W., <strong>Gonz\u00e1lez-Bernal<\/strong>, E., &amp; Hanna, A. R. 2022. Phylogenetic analysis of adaptation in comparative physiology and biomechanics: overview and a case study of thermal physiology in treefrogs.&nbsp;Journal of Experimental Biology,&nbsp;225(Suppl_1), jeb243292<\/p>\n\n\n\n<p>Pablo Rogelio Sim\u00f3n-Salvador, Medardo Arreort\u00faa, Carlos A. Flores, Hermes Santiago-Dionicio &amp; &nbsp;<strong>Edna Gonz\u00e1lez-Bernal<\/strong>*. 2021.&nbsp;The role of Indigenous and Community Conservation Areas in herpetofauna conservation: a preliminary list for Santa Cruz Tepetotutla, Oaxaca Mexico. Zookeys,1029, 185.<\/p>\n\n\n\n<p>Areort\u00faa M. Medardo, Carlos A. Flores, Pablo Rogelio Sim\u00f3n-Salvador, Hermes Santiago-Dionicio &amp; <strong>Edna Gonz\u00e1lez-Bernal<\/strong>*. &nbsp;2021.&nbsp;Description of the tadpole and natural history of Incilius spiculatus (Mendelson 1997) an endangered toad endemic to the Sierra Madre de Oaxaca, Mexico. Amphibian and Reptile Conservation, 15(2), 31-39.<\/p>\n\n\n\n<p>Canseco-M\u00e1rquez L., Ram\u00edrez-Gonz\u00e1lez C. G. &amp; <strong>Gonz\u00e1lez-Bernal E<\/strong>*. 2017.&nbsp;Discovery of another new species of Charadrahyla (Anura, Hylidae) from the cloud forest of northern Oaxaca, M\u00e9xico. Zootaxa 4329, 64-072. DOI: doi.org\/10.11646\/zootaxa.4329.1.2<\/p>\n\n\n\n<p><strong>Gonz\u00e1lez-Bernal E<\/strong>*, Greenlees MJ, Brown GP, Shine R. 2016. Toads in the backyard: why do invasive cane toads&nbsp;&nbsp; (Rhinella marina) prefer buildings to bushland? Population Ecology: en l\u00ednea. DOI: 10.1007\/s10144-016-0539-0<\/p>\n\n\n\n<p><strong>Gonz\u00e1lez-Bernal Edna<\/strong>*, Gregory P. Brown, M. Crowther and Richard Shine. 2015. Sex and age differences in habitat use by invasive cane toads (Rhinella marina) and a native anuran (Cyclorana australis) in the Australian wet-dry tropics. Austral Ecology. 40:953-961 DOI: 10.1111\/aec.12279<\/p>\n\n\n\n<p><strong>Gonz\u00e1lez-Bernal Edna<\/strong>*, Gregory P. Brown and Richard Shine. 2014. Invasive cane toads: social facilitation depends upon an individual&#8217;s personality. PLoS ONE 9(7): e102880. DOI: 10.1371\/journal.pone.0102880<\/p>\n\n\n\n<p>&nbsp;&nbsp;&nbsp;&nbsp;&nbsp;&nbsp;&nbsp;&nbsp; Mencionado en ABC:<\/p>\n\n\n\n<p><a href=\"http:\/\/www.abc.net.au\/science\/articles\/2014\/08\/25\/4061479.htm\" target=\"_blank\" rel=\"noreferrer noopener\">http:\/\/www.abc.net.au\/science\/articles\/2014\/08\/25\/4061479.htm<\/a><\/p>\n\n\n\n<p>&nbsp;&nbsp;&nbsp;&nbsp;&nbsp;&nbsp;&nbsp;&nbsp;&nbsp; y Discovery news<\/p>\n\n\n\n<p><a href=\"https:\/\/www.seeker.com\/cane-toad-personalities-key-to-territorial-takeover-1769012116.html\" target=\"_blank\" rel=\"noreferrer noopener\">https:\/\/www.seeker.com\/cane-toad-personalities-key-to-territorial-takeover-1769012116.html<\/a><\/p>\n\n\n\n<p>Elisa Cabrera-Guzm\u00e1n, Michael R. Crossland, \u2028<strong>Edna Gonz\u00e1lez-Bernal<\/strong> and\u2028Richard Shine. 2013. The Interacting Effects of Ungulate Hoofprints and Predatory Native Ants on Metamorph Cane Toads in Tropical Australia. PLoS ONE 8(11): e79496 DOI: 10.1371\/journal.pone.0079496<\/p>\n\n\n\n<p>Elizabeth A. Mart\u00ednez-Salazar, Jorge Falc\u00f3n-Ordaz, <strong>Edna Gonz\u00e1lez-Bernal<\/strong>, Gabriela Parra-Olea, and Gerardo P\u00e9rez-Ponce de Le\u00f3n. 2013. Helminth parasites of Pseudacris hypochondriaca (anura: hylidae) from Baja California, Mexico, with the description of two new species of nematodes. Journal of Parasitology: 99:1077-1085. DOIi: 10.1645\/13-284.1<\/p>\n\n\n\n<p><strong>Gonz\u00e1lez-Bernal Edna<\/strong>, Matthew J. Greenlees, Greg P. Brown and Richard Shine. 2013. Interacting biocontrol programmes: invasive cane toads reduce rates of breakdown of cowpats by dung beetles. Austral Ecology, 38: 891-895. DOI: 10.1111\/aec.12028<\/p>\n\n\n\n<p><strong>Gonz\u00e1lez-Bernal, E<\/strong>., Greenlees, M., Brown, G. P. &amp; Shine, R. 2012. Cane Toads on Cowpats: Commercial Livestock Production Facilitates Toad Invasion in Tropical Australia. PLoS ONE, 7, e49351. DOI:10.1371\/journal.pone.0049351<\/p>\n\n\n\n<p>&nbsp;&nbsp;&nbsp;&nbsp; Mencionado en Blog Sciency Thoughts<\/p>\n\n\n\n<p><a href=\"http:\/\/sciencythoughts.blogspot.mx\/2012\/11\/how-cow-pats-help-spread-of-invasive.html\" target=\"_blank\" rel=\"noreferrer noopener\">http:\/\/sciencythoughts.blogspot.mx\/2012\/11\/how-cow-pats-help-spread-of-invasive.html<\/a><\/p>\n\n\n\n<p>Yang, D., <strong>Gonz\u00e1lez-Bernal, E<\/strong>., Greenlees, M. &amp; Shine, R. 2012. Interactions between native and invasive gecko lizards in tropical Australia. Austral Ecology, 37, 592-599. DOI: 10.1111\/j.1442-9993.2011.02319.x<\/p>\n\n\n\n<p><strong>Gonz\u00e1lez-Bernal, E.<\/strong>, Brown, G. P., Cabrera-Guzman, E. &amp; Shine, R. 2011. Foraging tactics of an ambush predator: the effects of substrate attributes on prey availability and predator feeding success. Behavioral Ecology and Sociobiology, 65, 1367-1375. DOI: 10.1007\/s00265-011-1147-9<\/p>\n\n\n\n<p>Fr\u00edas-Alvarez, P., Vredenburg, V. T., Familiar-Lopez, M., Longcore, J., <strong>E. Gonz\u00e1lez-Bernal<\/strong>, E., Santos-Barrera, G., Zambrano, L. &amp; Parra-Olea, G. 2008. Chytridiomycosis survey in wild and captive Mexican amphibians. Ecohealth, 5, 18-26.&nbsp; DOI: 10.1007\/s10393-008-0155-3<\/p>\n\n\n\n<h3 class=\"wp-block-heading\">Art\u00edculos LatIndex<\/h3>\n\n\n\n<p>McKay J. L., <strong>Bernal E. G.<\/strong>, Milenkaya O., Padilla E. G. &amp; Franco R. C. (2019) Clave dicot\u00f3mica para las especies del grupo torquatus del g\u00e9nero Sceloporus (Lacertilia: Phrynosomatidae). Bolet\u00edn de la Asociaci\u00f3n Herpetol\u00f3gica Espa\u00f1ola 30, 54-60.<\/p>\n\n\n\n<h3 class=\"wp-block-heading\">Art\u00edculos de divulgaci\u00f3n<\/h3>\n\n\n\n<p>Carlos A. Flores, <strong>Edna Gonz\u00e1lez Bernal<\/strong> y Jos\u00e9 Roberto Sosa L\u00f3pez. 2025. Ecofronteras. Vol. 29, N\u00fam. 84, pp. 17-21<\/p>\n\n\n\n<p>Guadalupe M\u00e9ndez Allende, <strong>Edna Leticia Gonz\u00e1lez Bernal<\/strong> y Jos\u00e9 Roberto Sosa L\u00f3pez. 2025. Cantar en el caos. \u00bfC\u00f3mo ves?  319<\/p>\n\n\n\n<p><strong>Gonz\u00e1lez-Bernal Edna<\/strong>*, Carlos A. Flores y Medardo Arreort\u00faa. 2022.&nbsp;Conservaci\u00f3n comunitaria en Oaxaca: el papel de las \u00c1reas Destinadas Voluntariamente a la Conservaci\u00f3n (ADVC).Conversus 152: 12-17<\/p>\n\n\n\n<p><strong>Gonz\u00e1lez-Bernal Edna<\/strong>. 2021.&nbsp;Investigar anfibios en M\u00e9xico.&nbsp;Conversus.&nbsp;145:12-15<\/p>\n\n\n\n<p>Patricia de Lourdes Fr\u00edas \u00c1lvarez y <strong>Edna Leticia Gonz\u00e1lez Bernal<\/strong>. 2019. Crisis anfibia. Ciencia y Desarrollo. 304<\/p>\n\n\n\n<h3 class=\"wp-block-heading\">Cap\u00edtulos de Llibro<\/h3>\n\n\n\n<p>Olga Milenkaya, <strong>Edna Gonz\u00e1lez-Bernal<\/strong> and Elisa Carbrera-Guzm\u00e1n. 2024. Reptile Conservation in Oaxaca, en Reptiles of Oaxaca.&nbsp;Chimaira Buchhandelsgesellschaft mbh<\/p>\n\n\n\n<p><\/p>\n","protected":false},"excerpt":{"rendered":"<p>Art\u00edculos ISI\/JCR Flores, C. A., Crossland M, ~Arreort\u00faa M &amp; Gonz\u00e1lez-Bernal, E*. 2024. Responses of showy leopard frog larvae (Lithobates spectabilis) to the presence of exotic rainbow trout. Aquatic Conservation Marine and Freshwater Ecosystems 34 (9):1-13 Santiago-Dionicio, Hermes, Medardo Arreort\u00faa, Angel I. Contreras-Calvario, Edna Gonz\u00e1lez-Bernal, and C\u00e9sar Camilo Juli\u00e1n-Caballero. 2024.&nbsp; \u00abNew records of Neogale frenata [&hellip;]<\/p>\n","protected":false},"author":16,"featured_media":0,"parent":0,"menu_order":0,"comment_status":"closed","ping_status":"closed","template":"","meta":{"_swt_meta_header_display":false,"_swt_meta_footer_display":false,"_swt_meta_site_title_display":false,"_swt_meta_sticky_header":false,"_swt_meta_transparent_header":false,"footnotes":""},"class_list":["post-6","page","type-page","status-publish","hentry"],"_links":{"self":[{"href":"https:\/\/web.ciidiroaxaca.ipn.mx\/ebernalg\/wp-json\/wp\/v2\/pages\/6","targetHints":{"allow":["GET"]}}],"collection":[{"href":"https:\/\/web.ciidiroaxaca.ipn.mx\/ebernalg\/wp-json\/wp\/v2\/pages"}],"about":[{"href":"https:\/\/web.ciidiroaxaca.ipn.mx\/ebernalg\/wp-json\/wp\/v2\/types\/page"}],"author":[{"embeddable":true,"href":"https:\/\/web.ciidiroaxaca.ipn.mx\/ebernalg\/wp-json\/wp\/v2\/users\/16"}],"replies":[{"embeddable":true,"href":"https:\/\/web.ciidiroaxaca.ipn.mx\/ebernalg\/wp-json\/wp\/v2\/comments?post=6"}],"version-history":[{"count":7,"href":"https:\/\/web.ciidiroaxaca.ipn.mx\/ebernalg\/wp-json\/wp\/v2\/pages\/6\/revisions"}],"predecessor-version":[{"id":50,"href":"https:\/\/web.ciidiroaxaca.ipn.mx\/ebernalg\/wp-json\/wp\/v2\/pages\/6\/revisions\/50"}],"wp:attachment":[{"href":"https:\/\/web.ciidiroaxaca.ipn.mx\/ebernalg\/wp-json\/wp\/v2\/media?parent=6"}],"curies":[{"name":"wp","href":"https:\/\/api.w.org\/{rel}","templated":true}]}}