{"id":5,"date":"2015-01-20T20:15:42","date_gmt":"2015-01-20T20:15:42","guid":{"rendered":"https:\/\/web.ciidiroaxaca.ipn.mx\/ebernalg\/dra-edna-leticia-gonzalez-bernal\/"},"modified":"2025-10-20T19:59:05","modified_gmt":"2025-10-21T01:59:05","slug":"dra-edna-leticia-gonzalez-bernal","status":"publish","type":"page","link":"https:\/\/web.ciidiroaxaca.ipn.mx\/ebernalg\/","title":{"rendered":"Dra. Edna Leticia Gonz\u00e1lez Bernal"},"content":{"rendered":"\n<figure class=\"wp-block-image aligncenter is-resized\"><img decoding=\"async\" src=\"https:\/\/web.ciidiroaxaca.ipn.mx\/ebernalg\/wp-content\/uploads\/sites\/37\/2015\/01\/Edna_arroyo.JPG\" alt=\"\" style=\"width:584px;height:auto\" \/><\/figure>\n\n\n\n<div style=\"height:37px\" aria-hidden=\"true\" class=\"wp-block-spacer\"><\/div>\n\n\n\n<h3 class=\"wp-block-heading has-text-align-center\">Investigadora por M\u00e9xico SECIHTI- CIIDIR Oaxaca<\/h3>\n\n\n\n<h3 class=\"wp-block-heading has-text-align-center\">Sistema Nacional de Investigadores nivel 2<\/h3>\n\n\n\n<p class=\"has-text-align-center\">Ecolog\u00eda de anfibios e invasiones biol\u00f3gicas<\/p>\n\n\n\n<p class=\"has-text-align-center\"><a href=\"https:\/\/orcid.org\/0000-0001-7817-4156\">https:\/\/orcid.org\/0000-0001-7817-4156<\/a><\/p>\n\n\n\n<p class=\"has-text-align-center\">correo electr\u00f3nico: ebernalg@ipn.mx<\/p>\n\n\n\n<p class=\"has-text-align-center\"><a href=\"https:\/\/www.ecaoaxaca.com\">www.ecaoaxaca.com<\/a><\/p>\n\n\n\n<div style=\"height:37px\" aria-hidden=\"true\" class=\"wp-block-spacer\"><\/div>\n\n\n\n<hr class=\"wp-block-separator has-alpha-channel-opacity\" \/>\n\n\n\n<p>La investigaci\u00f3n que desarrollo tiene como fin mejorar el estado de conocimiento de los anfibios nativos de M\u00e9xico mediante la realizaci\u00f3n de estudios ecol\u00f3gicos enfocados a entender los factores que afectan negativamente a estos organismos. En general eval\u00fao los efectos que las actividades humanas como la transformaci\u00f3n del h\u00e1bitat, contaminaci\u00f3n qu\u00edmica e introducci\u00f3n de especies ex\u00f3ticas tienen sobre los ecosistemas y las formas en que los anfibios reaccionan&nbsp; ante ello; desde ajustes en el uso de h\u00e1bitat hasta cambios conductuales.<\/p>\n\n\n\n<p>Adicionalmente, en conjunto con mis estudiantes (grupo de investigaci\u00f3n Ecolog\u00eda para la Conservaci\u00f3n de Anfibios ECA), realizamos actividades de educaci\u00f3n ambiental en distintas comunidades con el fin de difundir el conocimiento cient\u00edfico que generamos y promover la conservaci\u00f3n de estos organismos.<\/p>\n\n\n\n<p><\/p>\n","protected":false},"excerpt":{"rendered":"<p>Investigadora por M\u00e9xico SECIHTI- CIIDIR Oaxaca Sistema Nacional de Investigadores nivel 2 Ecolog\u00eda de anfibios e invasiones biol\u00f3gicas https:\/\/orcid.org\/0000-0001-7817-4156 correo electr\u00f3nico: ebernalg@ipn.mx www.ecaoaxaca.com La investigaci\u00f3n que desarrollo tiene como fin mejorar el estado de conocimiento de los anfibios nativos de M\u00e9xico mediante la realizaci\u00f3n de estudios ecol\u00f3gicos enfocados a entender los factores que afectan negativamente [&hellip;]<\/p>\n","protected":false},"author":16,"featured_media":0,"parent":0,"menu_order":0,"comment_status":"closed","ping_status":"closed","template":"","meta":{"_swt_meta_header_display":false,"_swt_meta_footer_display":false,"_swt_meta_site_title_display":false,"_swt_meta_sticky_header":false,"_swt_meta_transparent_header":false,"footnotes":""},"class_list":["post-5","page","type-page","status-publish","hentry"],"_links":{"self":[{"href":"https:\/\/web.ciidiroaxaca.ipn.mx\/ebernalg\/wp-json\/wp\/v2\/pages\/5","targetHints":{"allow":["GET"]}}],"collection":[{"href":"https:\/\/web.ciidiroaxaca.ipn.mx\/ebernalg\/wp-json\/wp\/v2\/pages"}],"about":[{"href":"https:\/\/web.ciidiroaxaca.ipn.mx\/ebernalg\/wp-json\/wp\/v2\/types\/page"}],"author":[{"embeddable":true,"href":"https:\/\/web.ciidiroaxaca.ipn.mx\/ebernalg\/wp-json\/wp\/v2\/users\/16"}],"replies":[{"embeddable":true,"href":"https:\/\/web.ciidiroaxaca.ipn.mx\/ebernalg\/wp-json\/wp\/v2\/comments?post=5"}],"version-history":[{"count":5,"href":"https:\/\/web.ciidiroaxaca.ipn.mx\/ebernalg\/wp-json\/wp\/v2\/pages\/5\/revisions"}],"predecessor-version":[{"id":53,"href":"https:\/\/web.ciidiroaxaca.ipn.mx\/ebernalg\/wp-json\/wp\/v2\/pages\/5\/revisions\/53"}],"wp:attachment":[{"href":"https:\/\/web.ciidiroaxaca.ipn.mx\/ebernalg\/wp-json\/wp\/v2\/media?parent=5"}],"curies":[{"name":"wp","href":"https:\/\/api.w.org\/{rel}","templated":true}]}}