{"id":8,"date":"2015-01-21T21:25:12","date_gmt":"2015-01-21T21:25:12","guid":{"rendered":"https:\/\/web.ciidiroaxaca.ipn.mx\/dsotoc\/actividades-academicas\/"},"modified":"2025-10-10T19:54:25","modified_gmt":"2025-10-10T19:54:25","slug":"actividades-academicas","status":"publish","type":"page","link":"https:\/\/web.ciidiroaxaca.ipn.mx\/dsotoc\/actividades-academicas\/","title":{"rendered":"Actividades acad\u00e9micas"},"content":{"rendered":"\n<h2 class=\"wp-block-heading\">Talleres a todo p\u00fablico<\/h2>\n\n\n\n<p><strong>Las pencas de Maguey, de un agro-residuo en el campo mezcalero a un producto hipoglucemiante<\/strong>, 2025, UTVCO.<\/p>\n\n\n\n<p><strong>Usos y aplicaciones de la Resonancia Magn\u00e9tica Nuclear de Campo Bajo (80MHz)<\/strong>, 2019 CIIDIR Oaxaca.<\/p>\n\n\n\n<h2 class=\"wp-block-heading\">Congresos y Ponencias<\/h2>\n\n\n\n<ul class=\"wp-block-list\">\n<li><strong>19<sup>a<\/sup> Reuni\u00f3n Internacional de Investigaci\u00f3n en Productos Naturales<\/strong>, \u201cFitoqu\u00edmica cualitativa del extracto crudo de <em>Agave karwinskii<\/em> y su efecto sobre la l\u00ednea celular MCF-7\u201d, 22 al 25 mayo de 2024.<\/li>\n\n\n\n<li><strong>3er Congreso Nacional y 1er Congreso Internacional de Agave Mezcal<\/strong>, <strong>Ponencia.<\/strong> \u201cS\u00edntesis biol\u00f3gica de nanopart\u00edculas de plata a partir de hojas de <em>Agave potatorum\u201d, <\/em>Aida Rub\u00ed Cruz Luna, Alfonso V\u00e1zquez L\u00f3pez, Delia Soto Castro<em>, <\/em>29 de sep de 2023.<\/li>\n\n\n\n<li><em><strong>3er Congreso Nacional y 1er Congreso Internacional de Agave Mezcal \u201cHacia la sustentabilidad\u201d, Ponencia. <\/strong><\/em>Hojas de agave, una fuente alternativa de antioxidantes y compuestos fen\u00f3licos, Elia Donaj\u00ed Ju\u00e1rez Ni\u00f1o y Delia Soto Castro,<em> 28, 29 y 30 de septiembre de 2023<\/em><\/li>\n\n\n\n<li><em><strong>18\u00aa Reuni\u00f3n Internacional de Investigaci\u00f3n en Productos Naturales 2023. P\u00f3ster. \u201c<\/strong><\/em>Revalorizaci\u00f3n de hojas de Agave derivadas de la producci\u00f3n de bebidas alcoh\u00f3licas como fuente de antioxidantes y potenciales hipoglucemiantes\u201d Elia Donaj\u00ed Ju\u00e1rez Ni\u00f1o y Delia Soto Castro. 24-27 de mayo <strong>2023.<\/strong><\/li>\n\n\n\n<li><strong>XXXIII Congreso Nacional de Bioqu\u00edmica<\/strong>, \u201cScreening of Agave plants as alternativo source of \u03b1-glucosidase inhibitors\u201d, Elia Donaj\u00ed Ju\u00e1rez Ni\u00f1o y Delia Soto Castro. del 16 al 21 de oct del 2022.<\/li>\n\n\n\n<li><strong>XV Jornadas Polit\u00e9cnicas<\/strong>. Ponencia \u201cCaracterizaci\u00f3n estructural mediante FTIR, Masas y RMN en 1 y 2D del compuesto bioactivo 17\u03b1-(4-nitroenil)etinil-estra-1,3,5(10)-triene-3,17-diol\u201d Ju\u00e1rez-Ni\u00f1o, E. D., Santillan, R., Ochoa, M. E., Soto-Castro, D., 30-31 agosto, 2022.<\/li>\n\n\n\n<li><strong>XV Jornadas Polit\u00e9cnicas<\/strong>. Ponencia \u201cIdentificaci\u00f3n de Colletotrichum asianum como agente causal de antracnosis en mango criollo en Oaxaca, M\u00e9xico\u201d 30-31 agosto, 2022. Pacheco Esteva, M. C., Soto Castro, D., V\u00e1squez L\u00f3pez, A.<\/li>\n\n\n\n<li><strong>Congreso Internacional de la Sociedad Qu\u00edmica de M\u00e9xico 2021<\/strong>. Cartel \u201cDeterminaci\u00f3n a corto plazo in vitro, ex vivo e in vivo de la actividad de derivados de nitrato de DHEA sobre cepas de <em>Trypanosoma cruzi<\/em> Ninoa y TH del estado de Oaxaca, M\u00e9xico.\u201d Ochoa, M. E., Soto-Castro, D., Farf\u00e1n, N., Morales-Chamorro, M., Y\u00e9pez-Mulia, L., Santillan, R., &amp; Moreno-Rodr\u00edguez, A., 30 agosto \u2013 3 sep., 2021.<\/li>\n\n\n\n<li><strong>Congreso Internacional de la Sociedad Qu\u00edmica de M\u00e9xico 2021<\/strong>. Cartel \u201cObtenci\u00f3n de derivados del 17-\u03b1-etinilestradiol como inhibidores de la proliferaci\u00f3n de epimastigotes de <em>Trypanosoma cruzi<\/em>.\u201d Ju\u00e1rez-Ni\u00f1o, E.D., Ochoa, M. E., Santillan, R., &amp; Moreno-Rodr\u00edguez, A., Soto-Castro, D., 30 agosto \u2013 3 sep., 2021.<\/li>\n\n\n\n<li><strong>Congreso de Biotecnolog\u00eda y Bioingenier\u00eda del Sureste 2021, Ponencia<\/strong> \u201cEfecto reol\u00f3gico de la incorporaci\u00f3n de nanopart\u00edculas de plata y azul de metileno en soluciones formadoras de biopel\u00edculas de gelatina de pescado\u201d Santos-L\u00f3pez, G., Soto-Castro, D., Le\u00f3n Mart\u00ednez FM, G\u00f3mez-L\u00f3pez, K., Ch\u00e1vez- Guti\u00e9rrez, M., 12 feb, 2021.<\/li>\n\n\n\n<li><strong>6\u00aa Reuni\u00f3n de Resonancia Magn\u00e9tica Nuclear, 2020<\/strong>. Ponencia Flash \u201cAsignaci\u00f3n inequ\u00edvoca de las se\u00f1ales de <sup>1<\/sup> H y <sup>13<\/sup> C de la rosuvastatina utilizando espectros bidimensionales\u201d Franco Antonio Antonio, Rosa Santillan, Ma. Eugenia Ochoa, Delia Soto Castro, 13 nov, 2020.<\/li>\n\n\n\n<li><strong>6\u00aa Reuni\u00f3n de Resonancia Magn\u00e9tica Nuclear, 2020<\/strong>. Cartel \u201cOptimizaci\u00f3n del tiempo de extracci\u00f3n por ultrasonido de hojas de <em>Agave potatorum<\/em> Zucc. mediante <sup>1<\/sup>H RMN\u201d Nahum Galindo Vargas, Delia Soto Castro, 12-13 nov, 2020.<\/li>\n\n\n\n<li><strong>6\u00aa Reuni\u00f3n de Resonancia Magn\u00e9tica Nuclear 2020.<\/strong> Cartel \u201cCaracterizaci\u00f3n por RMN de derivados mono y diacetilados del 17\u03b1-etinil-3b,17b,19-trihidroxiandrost-5-eno\u201d Ochoa, ME, Farf\u00e1n, N., Labra-V\u00e1zquez, P., Soto-Castro, D., Santillan, R.,12-13 nov, 2020.<\/li>\n\n\n\n<li><strong>#LatinXChem Twitter Conference 2020<\/strong>, \u201cS\u00edntesis y evaluaci\u00f3n antiproliferativa sobre MCF-7 del \u00e1cido 4-(17-alfa-etinilestradiol)benzoico\u201d Elia Donaj\u00ed Ju\u00e1rez Ni\u00f1o, Rosa Santillan, Ma. Eugenia Ochoa, Delia Soto Castro, 7 septiembre, 2020.<\/li>\n\n\n\n<li><strong>#LatinXChem Twitter Conference 2020<\/strong>, \u201cS\u00edntesis de pol\u00edmeros injertados a partir de poli (alcohol vin\u00edlico) y dendrones tipo PAMAM mediante qu\u00edmica click.\u00bb Franco Antonio Antonio, Norberto Farf\u00e1n, Rosa Santillan, Ma. Eugenia Ochoa, Delia Soto Castro, 7 septiembre, 2020.<\/li>\n\n\n\n<li><em><strong>XIII Jornadas Polit\u00e9cnicas 2020<\/strong><\/em>, Dise\u00f1o te\u00f3rico de derivados de etinilestradiol como antimicrobianos, Elia Donaj\u00ed Ju\u00e1rez Ni\u00f1o, Soto Castro Delia, 19 de mayo de 2020.<\/li>\n\n\n\n<li><em><strong>3er\u00a0Encuentro Nacional de la Red Multidisciplinaria de C\u00e1tedras en Ciencias agron\u00f3micas Aplicadas y Biotecnolog\u00eda 2019<\/strong>,\u00a0<\/em>Dendr\u00edmeros y dendrones como compuestos bioactivos<strong>,\u00a0<\/strong>Delia Soto Castro,\u00a0Ponencia 12 de noviembre de 2019.<\/li>\n\n\n\n<li><em><strong>XXXII Congreso Nacional de la Sociedad Polim\u00e9rica de M\u00e9xico A.C. 2019,\u00a0<\/strong><\/em>Efecto de las nanopart\u00edculas de plata en las propiedades termo-mec\u00e1nicas y de memoria de forma del almid\u00f3n de papa termopl\u00e1stico<em><strong>,\u00a0<\/strong><\/em>Uriel Reyes Torres, Miguel Ch\u00e1vez Guti\u00e9rrez y Delia Soto Castro, 13-17 de octubre de 2019<\/li>\n\n\n\n<li><strong><em>XIV Reuni\u00f3n de la Academia Mexicana de Qu\u00edmica Org\u00e1nica 2019<\/em><\/strong>, S\u00edntesis de dendr\u00edmeros bifuncionales v\u00eda click como potenciales plataformas multifuncionales, Delia Soto Castro, Germ\u00e1n A. Mart\u00ednez, Franco Antonio Antonio, Ma. Eugenia Ochoa Becerra, Rosa Santillan, Norberto Farf\u00e1n Garc\u00eda, 11 y 12 de abril de 2019.<\/li>\n\n\n\n<li><strong><em>XII Jornadas Polit\u00e9cnicas en Ciencia y Tecnolog\u00eda 2019<\/em><\/strong>, Efecto de extracto de hojas de <em>Agave potatorum Zucc<\/em>. en el crecimiento de Pleurotus spp., S\u00e1nchez Heraz Florisela; Gait\u00e1n-Hern\u00e1ndez Rigoberto; Santiago Garc\u00eda Patricia Araceli; V\u00e1squez L\u00f3pez Alfonso; Soto Castro Delia; Vargas Mendoza Yanet, 17 de mayo de 2019<\/li>\n\n\n\n<li><strong><em>XII Jornadas Polit\u00e9cnicas en Ciencia y Tecnolog\u00eda 2019<\/em><\/strong>, Efecto de extracto etan\u00f3lico de <em>Agave potatorum Zucc<\/em>. en el crecimiento micelial de hongos comestibles, Vargas Mendoza Yanet; V\u00e1squez L\u00f3pez Alfonso; Gait\u00e1n- Hern\u00e1ndez Rigoberto; Santiago Garc\u00eda Patricia A; Soto Castro Delia; S\u00e1nchez Heraz Florisela, 17 de mayo de 2019.<\/li>\n\n\n\n<li><strong><em>The Innovations In Food Science &amp; Human Nutrition Conference 2018<\/em><\/strong>, \u201cPhysicochemical characterization of microcapsules from anthocyanins of vaccinium oxycoccus in agavins from <em>agave Potatorum Zuc<\/em>\u201d Patricia Santiago Garc\u00eda, Miguel Ch\u00e1vez Guti\u00e9rrez, Delia Soto Castro, Miriam Rodr\u00edguez Aparicio and Mercedes G.L\u00f3pez. 13-15 de septiembre de 2018<\/li>\n\n\n\n<li><strong><em>2o Encuentro Nacional de la Red Multidisciplinaria de C\u00e1tedras en Ciencias agron\u00f3micas Aplicadas y Biotecnolog\u00eda 2018<\/em>,<\/strong> \u201c<em>Salmea scandens<\/em>: potencial plaguicida y fungicida\u201d Delia Soto Castro, 18-19 de septiembre de 2018<\/li>\n\n\n\n<li><em><strong>14\u00aa. Reuni\u00f3n Internacional de Investigaci\u00f3n en Productos Naturales 2018<\/strong><\/em><em>,<\/em> Perfil fitoqu\u00edmico y capacidad antioxidante de extracto etan\u00f3lico de hojas de Agave Potatorum Zucc a diferentes edades, Garc\u00eda Cruz, VM, Soto Castro, D, Santiago Garc\u00eda, P, P\u00e9rez Herrera, A, Le\u00f3n Mart\u00ednez<em>(<strong>P\u00f3ster<\/strong>)<\/em><\/li>\n\n\n\n<li><em><strong>14\u00aa. Reuni\u00f3n Internacional de Investigaci\u00f3n en Productos Naturales 2018, <\/strong><\/em>Agavinas como agente encapsulante de compuestos bioactivos, Rodr\u00edguez, M, Santiago Garc\u00eda, PA, Soto Castro, D, Guti\u00e9rrez MC, L\u00f3pez, MG. <em>(<strong>P\u00f3ster<\/strong>)<\/em><\/li>\n\n\n\n<li><strong><em>XIV Reuni\u00f3n de la Academia Mexicana de Qu\u00edmica Org\u00e1nica 2018<\/em><\/strong>, Efecto de la hidrofobicidad en la actividad citot\u00f3xica de diosgenina dendronizada, Villag\u00f3mez Gonz\u00e1lez, BB, Soto Castro, D, Carrillo Cocom, LM, Santillan R, Ochoa Becerra, ME, Y\u00e9pez Guerra, R, Zepeda Pedreguera, A. <em>(<strong>P\u00f3ster<\/strong>)<\/em><\/li>\n\n\n\n<li><strong><em>VI Congreso Internacional y XX Congreso Nacional de Ciencias Agron\u00f3micas 2018<\/em><\/strong>,\u00a0Efecto plaguicida de Extractos etan\u00f3licos de <em>Salmea scandens <\/em>sobre <em>S. Frugiperda (Lepid\u00f3ptera Nocturnae<\/em>), Pacheco Esteva, MC, Ruiz Vega J, P\u00e9rez Pacheco R, Le\u00f3n Mart\u00ednez FM. <em>(<strong>P\u00f3ster<\/strong>)<\/em><\/li>\n\n\n\n<li><strong><em>IV Jornada de Trabajo con motivo del Dia Mundial de la Alimentaci\u00f3n 2017<\/em><\/strong>, Aprovechamiento de las c\u00e1scaras de frutos coloridos como fuente de colorantes. Soto Castro D, Guti\u00e9rrez MC. (<strong><em>Ponencia<\/em><\/strong>)<\/li>\n\n\n\n<li><strong><em>Jornada Acad\u00e9mica M\u00e9xico-Canad\u00e1 y 1er Encuentro de la Red Multidisciplinaria de C\u00e1tedras en Ciencias Agron\u00f3micas Aplicadas y Biotecnolog\u00eda (REMUCCAAB) 2017, <\/em><\/strong>Aplicaciones potenciales de compuestos bioactivos: desde anticancer\u00edgenos hasta plaguicidas, Soto Castro D. (<strong><em>Ponencia<\/em><\/strong>)<\/li>\n\n\n\n<li><strong><em>6\u00b0 Congreso Internacional de Biolog\u00eda, Qu\u00edmica y Agronom\u00eda \u00abCiencia e innovaci\u00f3n para la Salud\u00bb 2017<\/em><\/strong>, S\u00edntesis y caracterizaci\u00f3n de an\u00e1logos de diosgenina, Villag\u00f3mez Gonz\u00e1lez, B.B., <strong>Soto-Castro, D.<\/strong> (<strong><em>Ponencia<\/em><\/strong>)<\/li>\n\n\n\n<li><strong><em>6\u00b0 Congreso Internacional de Biolog\u00eda, Qu\u00edmica y Agronom\u00eda \u00abCiencia e innovaci\u00f3n para la Salud\u00bb 2017<\/em><\/strong>, S\u00edntesis y caracterizaci\u00f3n del \u00e1cido 4-oxo-4-(prop-2-ino-1-iloxi) butanoico en s\u00f3lido, Villag\u00f3mez Gonz\u00e1lez, B.B., <strong>Soto-Castro, D.<\/strong> (<strong><em>P\u00f3ster<\/em><\/strong>)<\/li>\n\n\n\n<li><em><strong>D\u00e9cimas Jornadas Polit\u00e9cnicas 2017<\/strong><\/em>, S\u00edntesis de un intermediario mediante esterificacion de steglich en la obtenci\u00f3n de diosgenina, Villag\u00f3mez Gonz\u00e1lez, B.B., <strong>Soto-Castro, D.<\/strong>, Santillan Baca, R., Lagunez Rivera, L. (<strong><em>Ponencia<\/em><\/strong>)<\/li>\n\n\n\n<li><em><strong>D\u00e9cimas Jornadas Polit\u00e9cnicas\u00a02017<\/strong><\/em>, Monitoreo por ccf de alquilamida de palo de chile (salmea scandens) asistida por ultrasonido y maceraci\u00f3n, Pacheco Esteva, M.C., <strong>Soto-Castro, D.<\/strong>, Castellanos Le\u00f3n F. <em>(<strong>P\u00f3ster<\/strong>)<\/em><\/li>\n\n\n\n<li><em><strong>VIII Congreso de Biotecnolog\u00eda y Bioingenier\u00eda del Sureste<\/strong><\/em>,<strong>2016,<\/strong> Monitoreo mediante ultrasonido del proceso de fermentaci\u00f3n de panela por K\u00e9fir de agua, Castellanos Le\u00f3n, F., <strong>Soto Castro, D<\/strong>., Cosme L\u00f3pez, M.F., Arag\u00f3n Lucero, I., Pacheco Esteva, M.C., Villag\u00f3mez Gonz\u00e1lez, B.B., Ch\u00e1vez Guti\u00e9rrez, M. <em>(<strong>P\u00f3ster<\/strong>)<\/em><\/li>\n\n\n\n<li><em><strong>30 a\u00f1os dise\u00f1ando mol\u00e9culas y formando investigadores\u00bb Dra Rosa Santillan\u201d 2016<\/strong><\/em>, Dendr\u00edmeros Dendrones y Esteroides, <strong>Soto Castro D<\/strong>., (<strong><em>Ponencia<\/em><\/strong>)<\/li>\n\n\n\n<li><em><strong>XV Simposio Latinoamericano de Pol\u00edmeros XIII Congreso Iberoamericano de Pol\u00edmeros<\/strong><\/em>, <strong>2016<\/strong>, Microencapsulaci\u00f3n por aspersi\u00f3n de colorantes de pitaya (Stenocereus queretaroensis) y jiotilla (escontria chiotilla) con mucilago de nopal, ponencia, Arag\u00f3n Lucero, I., <strong>Soto-Castro, D<\/strong>., Santiago Garc\u00eda, P.A., Ch\u00e1vez Guti\u00e9rrez, M. <em>(<strong>P\u00f3ster<\/strong>)<\/em><\/li>\n\n\n\n<li><strong>III Simposio Internacional Agroalimentario y Biotecnol\u00f3gico SIAB 2015<\/strong>\u00a0\u201cExtracci\u00f3n y caracterizaci\u00f3n de las antocianinas del ma\u00edz azul VC-42 mediante espectroscopia ultravioleta (UV- vis) e infrarrojo (IR)\u201d. Antonio Antonio F., Mendoza Lagunas L.L., <strong>Soto Castro D<\/strong>., Rodr\u00edguez Ram\u00edrez J., Rojas Garc\u00eda D. <em>(<strong>P\u00f3ster<\/strong>)<\/em><\/li>\n\n\n\n<li><strong>ECO-BIO 2016<\/strong>\u00a0\u201cEffect of cactus mucilage in the mining, drying and storage of eggplant anthocyanin\u201d <strong>Soto-Castro, D.<\/strong>, Utrilla-Coello, R.G. and Ch\u00e1vez-Guti\u00e9rrez, M.\u00a0<\/li>\n\n\n\n<li><strong>XII Reuni\u00f3n De La Academia Mexicana de Qu\u00edmica Org\u00e1nica 2016<\/strong>. \u201cS\u00edntesis de 1,2,3-triazoles derivados de \u03b1-Etinilestradiol v\u00eda CuCAA como potenciales anti-T. cruzi.\u201d <strong>Delia Soto-Castro<\/strong>, Laura Virginia Ju\u00e1rez, Socorro Pina Canseco, et al.<em> (<strong>P\u00f3ster<\/strong>)<\/em><\/li>\n\n\n\n<li><strong>Seminario en LaSalle Oaxaca. Marzo\u00a02015\u00a0<\/strong>\u201cDendr\u00edmeros en Nanomedicina, \u00bfun mito o una realidad?\u201d<\/li>\n\n\n\n<li><em><strong>II Simposio\u00a0de Resonancia Magn\u00e9tica Nuclear 2015.\u00a0<\/strong><\/em><strong>P\u00f3ster<\/strong>: Elucidaci\u00f3n estructural de un nuevo dendr\u00edmero obtenido v\u00eda reacci\u00f3n de Sonogashira.\u00a0<strong>Delia Soto Castro<\/strong>, Norberto Farf\u00e1n Garc\u00eda, Rosa Luisa Santill\u00e1n Baca. <em>(<strong>P\u00f3ster<\/strong>)<\/em><\/li>\n\n\n\n<li><em><strong>Cinvesni\u00f1os 2014.<\/strong><\/em>\u00a0Qu\u00edmica para ni\u00f1os<\/li>\n\n\n\n<li><em><strong>49\u00b0 Congreso Mexicano de Qu\u00edmica y 33\u00b0 Congreso Nacional de Educaci\u00f3n Qu\u00edmica 2014.<\/strong><\/em><strong>\u00a0<\/strong>S\u00edntesis de \u03b2-aminoalcoholes esteroidales en condiciones libre de disolventes y zirconia sulfatada como catalizador. Roberto Carlos Lara Contreras,\u00a0<strong>Delia Soto Castro<\/strong>, Rosa Luisa Santill\u00e1n Baca, Guillermo Negr\u00f3n Silva, Deyanira \u00c1ngeles Beltr\u00e1n, Susana Rinc\u00f3n Arriaga. <em>(<strong>P\u00f3ster<\/strong>)<\/em><\/li>\n\n\n\n<li><em><strong>I Simposio de Resonancia Magn\u00e9tica Nuclear 2014.<\/strong><\/em><strong>\u00a0<\/strong>\u00a0S\u00edntesis y caracterizaci\u00f3n por RMN de nuevos dendr\u00edmeros h\u00edbridos Frechet-Pamam y su potencial uso como acarreadores de f\u00e1rmacos.\u00a0<strong>Delia Soto-Castro<\/strong>, Nancy E. Maga\u00f1a-Vergara, Norberto Farf\u00e1n, Rosa Santill\u00e1n.<\/li>\n\n\n\n<li><em><strong>International Conference on Polymers and Advanced Materials, POLYMAT 2013.\u00a0<\/strong><\/em><strong>\u00a0<\/strong>Synthesis of steroidal dendrimers modified by \u201cclick\u201d chemistry with PAMAM dendrons as unimolecular micelles.\u00a0<strong>Delia Soto-Castro<\/strong>, Nancy E. Maga\u00f1a-Vergara, Norberto Farf\u00e1n and Rosa Santill\u00e1n. <em>(<\/em><em><strong>P\u00f3ster<\/strong><\/em><em>)<\/em><\/li>\n\n\n\n<li><em><strong>48\u00b0 Congreso Mexicano de Qu\u00edmica y el 32\u00b0 Congreso Nacional de Educaci\u00f3n Qu\u00edmica. 2013.\u00a0<\/strong><\/em>S\u00edntesis y actividad antiprolifertaiva de nuevos conjugados esteroidales dendrim\u00e9ricos. Nancy Maga\u00f1a-Vergara, Lucy R\u00e1rov\u00e1,\u00a0<strong>Delia Soto-Castro<\/strong>, Norberto Farf\u00e1n, Rosa Santillan. <em>(<strong>P\u00f3ster<\/strong>)<\/em><\/li>\n<\/ul>\n","protected":false},"excerpt":{"rendered":"<p>Talleres a todo p\u00fablico Las pencas de Maguey, de un agro-residuo en el campo mezcalero a un producto hipoglucemiante, 2025, UTVCO. Usos y aplicaciones de la Resonancia Magn\u00e9tica Nuclear de Campo Bajo (80MHz), 2019 CIIDIR Oaxaca. Congresos y Ponencias<\/p>\n","protected":false},"author":23,"featured_media":0,"parent":0,"menu_order":0,"comment_status":"closed","ping_status":"closed","template":"","meta":{"_swt_meta_header_display":false,"_swt_meta_footer_display":false,"_swt_meta_site_title_display":false,"_swt_meta_sticky_header":false,"_swt_meta_transparent_header":false,"footnotes":""},"class_list":["post-8","page","type-page","status-publish","hentry"],"_links":{"self":[{"href":"https:\/\/web.ciidiroaxaca.ipn.mx\/dsotoc\/wp-json\/wp\/v2\/pages\/8","targetHints":{"allow":["GET"]}}],"collection":[{"href":"https:\/\/web.ciidiroaxaca.ipn.mx\/dsotoc\/wp-json\/wp\/v2\/pages"}],"about":[{"href":"https:\/\/web.ciidiroaxaca.ipn.mx\/dsotoc\/wp-json\/wp\/v2\/types\/page"}],"author":[{"embeddable":true,"href":"https:\/\/web.ciidiroaxaca.ipn.mx\/dsotoc\/wp-json\/wp\/v2\/users\/23"}],"replies":[{"embeddable":true,"href":"https:\/\/web.ciidiroaxaca.ipn.mx\/dsotoc\/wp-json\/wp\/v2\/comments?post=8"}],"version-history":[{"count":3,"href":"https:\/\/web.ciidiroaxaca.ipn.mx\/dsotoc\/wp-json\/wp\/v2\/pages\/8\/revisions"}],"predecessor-version":[{"id":58,"href":"https:\/\/web.ciidiroaxaca.ipn.mx\/dsotoc\/wp-json\/wp\/v2\/pages\/8\/revisions\/58"}],"wp:attachment":[{"href":"https:\/\/web.ciidiroaxaca.ipn.mx\/dsotoc\/wp-json\/wp\/v2\/media?parent=8"}],"curies":[{"name":"wp","href":"https:\/\/api.w.org\/{rel}","templated":true}]}}