{"id":7,"date":"2015-01-21T21:24:37","date_gmt":"2015-01-21T21:24:37","guid":{"rendered":"https:\/\/web.ciidiroaxaca.ipn.mx\/dsotoc\/tesis\/"},"modified":"2025-10-10T15:01:54","modified_gmt":"2025-10-10T15:01:54","slug":"tesis","status":"publish","type":"page","link":"https:\/\/web.ciidiroaxaca.ipn.mx\/dsotoc\/tesis\/","title":{"rendered":"Formaci\u00f3n de Recursos Humanos"},"content":{"rendered":"\n<h2 class=\"wp-block-heading\">Tesis de Doctorado<\/h2>\n\n\n\n<p><strong>Aida Rub\u00ed Cruz Luna <\/strong>(<strong><em>2025)<\/em><\/strong><\/p>\n\n\n\n<p>\u201c<em>Etiolog\u00eda de la pudrici\u00f3n del tallo de Agave potatorum y actividad antif\u00fangica de nanopart\u00edculas contra el pat\u00f3geno, in vitro<\/em>\u201d Para obtener el t\u00edtulo de Doctora en Ciencias en Conservaci\u00f3n y Aprovechamiento de Recursos Naturales<\/p>\n\n\n\n<p><strong>Elia Donaj\u00ed Ju\u00e1rez Ni\u00f1o<em> (2022A &#8211; Avance 95 %)<\/em><\/strong><\/p>\n\n\n\n<p><em>\u201cEstudio del potencial antidiab\u00e9tico de hojas de Agave spp. focalizado en la identificaci\u00f3n de metabolitos inhibidores de la \u03b1-glucosidasa a partir de Agave potatorum Zucc.\u201d <\/em>Para obtener el t\u00edtulo de Doctora en Ciencias en Conservaci\u00f3n y Aprovechamiento de Recursos Naturales<\/p>\n\n\n\n<p><strong>Nahum Vargas Galindo (2023A-Avance 75%)<\/strong><\/p>\n\n\n\n<p><em>\u201cSecado por aspersi\u00f3n de extractos de S. scandens como alternativa para el tratamiento de la hiperglicemia\u201d <\/em>Para obtener el t\u00edtulo de Doctor en Ciencias en Conservaci\u00f3n y Aprovechamiento de Recursos Naturales.<\/p>\n\n\n\n<p><strong>Mary Carmen Pacheco Esteva<em> (2024)<\/em><\/strong><\/p>\n\n\n\n<p><em>\u201c<\/em><em>Efecto de un extracto etan\u00f3lico de corteza de Salmea scandens para el control de Spodoptera frugiperda y hongos fitopat\u00f3genos del g\u00e9nero Colletotrichum\u201d<\/em><em> <\/em>Para obtener el t\u00edtulo de Doctora en Ciencias en Conservaci\u00f3n y Aprovechamiento de Recursos Naturales<\/p>\n\n\n\n<p><strong>Laura Ju\u00e1rez Ch\u00e1vez(Julio 2019)<\/strong><\/p>\n\n\n\n<p><em>Evaluaci\u00f3n in vitro de la actividad antiproliferativa de dendr\u00edmeros y dendrones derivados de etinilestradiol sobre epimastigotes de Tripanosoma Cruzi <\/em>Para obtener el t\u00edtulo de Doctor en Ciencias en Desarrollo Regional y Tecnol\u00f3gico en el Instituto Tecnol\u00f3gico de Oaxaca.<\/p>\n\n\n\n<p><strong>Franco Antonio Antonio<\/strong><\/p>\n\n\n\n<p><em>\u201cObtenci\u00f3n de macromol\u00e9culas acarreadoras de compuestos bioactivos\u201d <\/em>Para obtener el t\u00edtulo de Doctor en Ciencias en Conservaci\u00f3n y Aprovechamiento de Recursos Naturales<\/p>\n\n\n\n<h2 class=\"wp-block-heading\">Tesis de Maestr\u00eda<\/h2>\n\n\n\n<p><strong>&nbsp;Carlos Alberto Blanco Hern\u00e1ndez (2025)<\/strong> \u201cLa pudrici\u00f3n radical de la fresa y su manejo en campo en San Nicol\u00e1s Quialana, Zimatl\u00e1n; Oaxaca\u201d.&nbsp;Para obtener el t\u00edtulo de Maestra en Ciencias en Conservaci\u00f3n y Aprovechamiento de Recursos Naturales, IPN CIIDIR Oaxaca.<\/p>\n\n\n\n<p><strong>Oscar Roberto Morales Vilchis (2024)<\/strong> \u201c<em>Patrones de distribuci\u00f3n de la serpiente marina Hydrophis platurus (Linnaeus, 1766) y actividad biol\u00f3gica de su veneno<\/em>.\u201d Para obtener el t\u00edtulo de Maestra en Ciencias en Conservaci\u00f3n y Aprovechamiento de Recursos Naturales, IPN CIIDIR Oaxaca.<\/p>\n\n\n\n<p><strong>Nahum Vargas Galindo (Julio 2022). <\/strong>\u201c<em>Estudio de la composici\u00f3n y potencial actividad de las hojas de Agave potatorum\u201d <\/em>Obtuvo el t\u00edtulo de Maestra en Ciencias en Conservaci\u00f3n y Aprovechamiento de Recursos Naturales, IPN CIIDIR Oaxaca.<\/p>\n\n\n\n<p><strong>Elia Donaj\u00ed Ju\u00e1rez Ni\u00f1o (Diciembre 2021). <\/strong>\u201c<em>S\u00edntesis y dise\u00f1o de agentes antimicrobianos a partir del Etinilestradiol\u201d <\/em>Para obtener el t\u00edtulo de Maestra en Ciencias en Conservaci\u00f3n y Aprovechamiento de Recursos Naturales, IPN CIIDIR Oaxaca.<\/p>\n\n\n\n<p><strong>Uriel Reyes Torres<\/strong> (<strong>Enero 2020) <\/strong>\u201c<em>Efecto de las nanopart\u00edculas de plata en la memoria de forma del almid\u00f3n de papa termopl\u00e1stico\u201d <\/em>Para obtener el t\u00edtulo de Maestra en Ciencias en Conservaci\u00f3n y Aprovechamiento de Recursos Naturales, IPN CIIDIR Oaxaca.<\/p>\n\n\n\n<p><strong>Bethsabe Belem Villag\u00f3mez Gonz\u00e1lez (Julio 2018) <\/strong>\u201c<em>S\u00edntesis y actividad antiproliferativa sobre la l\u00ednea celular MCF-7 de nuevos derivados triaz\u00f3licos de diosgenina\u201d <\/em>Para obtener el t\u00edtulo de Maestra en Ciencias en Conservaci\u00f3n y Aprovechamiento de Recursos Naturales, IPN CIIDIR Oaxaca.<\/p>\n\n\n\n<p><strong>Mary Carmen Pacheco Esteva (Noviembre 2018) <\/strong>\u201c<em>Estudio de la actividad plaguicida de extractos de palo de chile (Salmea scandens) sobre Spodoptera frugiperda J. E. Smith, Diabrotica balteata leconte y Cerotoma ruficornis Olivier, en funci\u00f3n del contenido de alquilamidas\u201d <\/em>Para obtener el t\u00edtulo de Maestra en Ciencias en Conservaci\u00f3n y Aprovechamiento de Recursos Naturales, IPN CIIDIR Oaxaca.<\/p>\n\n\n\n<p><strong>Lara Contreras, Roberto Carlos<\/strong> (<strong>2015) <\/strong>\u201c<em>Evaluaci\u00f3n de la actividad anticancer\u00edgena de \u03b2-aminoalcoholes a partir de compuestos esteroidales utilizando zirconia sulfatada.\u201d<\/em><\/p>\n\n\n\n<p>Para obtener el t\u00edtulo de Maestro en Ciencias de los Alimentos y Biotecnolog\u00eda. Instituto Tecnol\u00f3gico de M\u00e9rida.<\/p>\n\n\n\n<h2 class=\"wp-block-heading\">Licenciatura<\/h2>\n\n\n\n<p><strong>Tesis de Licenciatura: Fernando Mendoza G\u00f3mez y Sof\u00eda Evaneli Rodr\u00edguez P\u00e9rez.<\/strong> Octubre 2024<strong><\/strong><\/p>\n\n\n\n<p><em>\u201cInhibici\u00f3n de la enzima glucosidasa por metabolitos secundarios de hojas de Agave potatorum Zucc. de 1 a 8 a\u00f1os\u201d.<\/em> Para obtener el T\u00edtulo de Licenciada en Qu\u00edmico Farmac\u00e9utico Bi\u00f3logo por la Universidad Aut\u00f3noma Benito Ju\u00e1rez de Oaxaca<\/p>\n\n\n\n<p><strong>Tesis de Licenciatura: Dinorath P\u00e9rez Romero.<\/strong> Mayo 2024<strong><\/strong><\/p>\n\n\n\n<p><em>Evaluaci\u00f3n in vitro y ex vivo de nitratos derivados de la 3\u03b2,19-hidroxiepiandrosterona (dinitrato de 3\u03b2, 19-dihidroxiepiandrosterona y 17 \u03b1-alquinilderivados) sobre epimastigotes de dos aislados mexicanos de Trypanosoma Cruzi\u201d.<\/em> Para obtener el T\u00edtulo de Licenciada en Qu\u00edmico Farmac\u00e9utico Bi\u00f3logo por la Universidad Aut\u00f3noma Benito Ju\u00e1rez de Oaxaca<\/p>\n\n\n\n<p><strong>Tesis de Licenciatura: <\/strong><strong>Mileva Jim\u00e9nez Ruiz.<\/strong> Diciembre de 2023<\/p>\n\n\n\n<p>Estudio Fitoqu\u00edmico, compuestos fen\u00f3licos, actividad antioxidaante y actividad sobre c\u00e9lulas MCF-7 <em>in vitro<\/em> de extractos de <em>Acalypha ostryfolia <\/em>Riddell<em>\u201d.<\/em> Para obtener el T\u00edtulo de Licenciada en Qu\u00edmico Farmac\u00e9utico Bi\u00f3logo por la Universidad Aut\u00f3noma Benito Ju\u00e1rez de Oaxaca<\/p>\n\n\n\n<p><strong>Memorias de Residencia: <\/strong><strong>Daniel Pedro D\u00edaz. <\/strong>Enero 2023<strong><\/strong><\/p>\n\n\n\n<p><em>Secado por aspersi\u00f3n de jugo de maracuy\u00e1 (passiflora edulis) usando una mezcla de fructanos y prote\u00edna como agentes encapsulantes. <\/em>Para obtener el t\u00edtulo de Ingeniero Qu\u00edmico, por el Instituto Tecnol\u00f3gico de Oaxaca.<\/p>\n\n\n\n<p><strong>Tesis de Licenciatura: Hern\u00e1ndez Osorio Sidi Alejandro <\/strong>Junio 2023<strong><\/strong><\/p>\n\n\n\n<p><em>Evaluaci\u00f3n in vivo de la actividad tripanocida de tres compuestos derivados del 17-\u03b1-etinilestradiol. <\/em>Para obtener el T\u00edtulo de Licenciado en Qu\u00edmico Farmac\u00e9utico Bi\u00f3logo por la Universidad Aut\u00f3noma Benito Ju\u00e1rez de Oaxaca.<\/p>\n\n\n\n<p><strong>Memorias de Residencia: <\/strong><strong>Karina G\u00f3mez L\u00f3pez. <\/strong>Octubre 2021<\/p>\n\n\n\n<p><em>Obtenci\u00f3n y caracterizaci\u00f3n de filmes bioactivos para el recubrimiento de alimentos c\u00e1rnicos a base de gelatina de pescado<\/em> Para obtener el t\u00edtulo de Ingeniero en Procesos Alimentarios, por la Universidad de la Sierra Sur<strong><\/strong><\/p>\n\n\n\n<p><strong>Memorias de Residencia:<\/strong><strong> German Aguilar Mart\u00ednez <\/strong>Diciembre 2019<\/p>\n\n\n\n<p><em>\u201cS\u00edntesis y Caracterizaci\u00f3n de Dendrones Tipo PAMAM soportados en PVA\u201d <\/em>Para obtener el t\u00edtulo de Ingeniero Qu\u00edmico, por el Instituto Tecnol\u00f3gico de Oaxaca. Diciembre 2019<\/p>\n\n\n\n<p><strong>Memorias de Residencia: <\/strong><strong>Yanet Vargas Mendoza. <\/strong>Mayo 2019<\/p>\n\n\n\n<p><em>A<\/em><em>provechamiento de extractos de Agave potatorum Zucc. como aceleradores de crecimiento de hongos comestibles. <\/em>Para obtener el t\u00edtulo de Ingeniero en Procesos Alimentarios, por la Universidad de la Sierra Sur<\/p>\n\n\n\n<p><strong>Memorias de Residencia: <\/strong><strong>Florisela S\u00e1nchez Heraz. <\/strong>Mayo 2019<\/p>\n\n\n\n<p><em>Evaluaci\u00f3n del efecto de extractos etan\u00f3licos de hojas de agave potatorum zucc. en el crecimiento de pleurotus spp. <\/em>Para obtener el t\u00edtulo de Ingeniero en Procesos Alimentarios, por la Universidad de la Sierra Sur<\/p>\n\n\n\n<p><strong><em>Tesis de licenciatura<\/em><\/strong><strong>:&nbsp;Cruz G\u00f3mez, Gloria Ang\u00e9lica<\/strong>.&nbsp;<strong>2013<\/strong>.<\/p>\n\n\n\n<p><em>S\u00edntesis y caracterizaci\u00f3n del rotor molecular 1,4-bis(4\u00b4-carbometoxifenil)benceno.&nbsp;<\/em><em><\/em><\/p>\n\n\n\n<p>Para obtener el t\u00edtulo de Ingeniero Qu\u00edmico Industrial en la Escuela Superior de Ingenier\u00eda Qu\u00edmica e Industrias Extractivas del IPN, M\u00e9xico D.F.<\/p>\n\n\n\n<h2 class=\"wp-block-heading\">T\u00e9cnico Superior<\/h2>\n\n\n\n<p><strong>Memorias de Residencia: <\/strong><strong>Denia Robles L\u00f3pez. Agosto 2022<\/strong><strong><\/strong><\/p>\n\n\n\n<p>Para obtener el t\u00edtulo de T\u00e9cnico Superior en Procesos Alimentarios (agosto, 2022), Universidad Tecnol\u00f3gica de los Valles Centrales de Oaxaca.<\/p>\n\n\n\n<p><strong><em>Tesina: <\/em><\/strong><strong>Yanet Vargas Mendoza<\/strong>. <strong>2017<\/strong><\/p>\n\n\n\n<p><em>Uso de palo de chile (Salmea scandens) como fuente de compuestos bioactivos<\/em><\/p>\n\n\n\n<p>Para obtener el t\u00edtulo de T\u00e9cnico Superior Universitario en Procesos Alimentarios en la Universidad Tecnol\u00f3gica de la Sierra Sur de Oaxaca<\/p>\n\n\n\n<p><\/p>\n","protected":false},"excerpt":{"rendered":"<p>Tesis de Doctorado Aida Rub\u00ed Cruz Luna (2025) \u201cEtiolog\u00eda de la pudrici\u00f3n del tallo de Agave potatorum y actividad antif\u00fangica de nanopart\u00edculas contra el pat\u00f3geno, in vitro\u201d Para obtener el t\u00edtulo de Doctora en Ciencias en Conservaci\u00f3n y Aprovechamiento de Recursos Naturales Elia Donaj\u00ed Ju\u00e1rez Ni\u00f1o (2022A &#8211; Avance 95 %) \u201cEstudio del potencial antidiab\u00e9tico [&hellip;]<\/p>\n","protected":false},"author":23,"featured_media":0,"parent":0,"menu_order":0,"comment_status":"closed","ping_status":"closed","template":"","meta":{"_swt_meta_header_display":false,"_swt_meta_footer_display":false,"_swt_meta_site_title_display":false,"_swt_meta_sticky_header":false,"_swt_meta_transparent_header":false,"footnotes":""},"class_list":["post-7","page","type-page","status-publish","hentry"],"_links":{"self":[{"href":"https:\/\/web.ciidiroaxaca.ipn.mx\/dsotoc\/wp-json\/wp\/v2\/pages\/7","targetHints":{"allow":["GET"]}}],"collection":[{"href":"https:\/\/web.ciidiroaxaca.ipn.mx\/dsotoc\/wp-json\/wp\/v2\/pages"}],"about":[{"href":"https:\/\/web.ciidiroaxaca.ipn.mx\/dsotoc\/wp-json\/wp\/v2\/types\/page"}],"author":[{"embeddable":true,"href":"https:\/\/web.ciidiroaxaca.ipn.mx\/dsotoc\/wp-json\/wp\/v2\/users\/23"}],"replies":[{"embeddable":true,"href":"https:\/\/web.ciidiroaxaca.ipn.mx\/dsotoc\/wp-json\/wp\/v2\/comments?post=7"}],"version-history":[{"count":4,"href":"https:\/\/web.ciidiroaxaca.ipn.mx\/dsotoc\/wp-json\/wp\/v2\/pages\/7\/revisions"}],"predecessor-version":[{"id":55,"href":"https:\/\/web.ciidiroaxaca.ipn.mx\/dsotoc\/wp-json\/wp\/v2\/pages\/7\/revisions\/55"}],"wp:attachment":[{"href":"https:\/\/web.ciidiroaxaca.ipn.mx\/dsotoc\/wp-json\/wp\/v2\/media?parent=7"}],"curies":[{"name":"wp","href":"https:\/\/api.w.org\/{rel}","templated":true}]}}