{"id":5,"date":"2015-01-21T21:22:53","date_gmt":"2015-01-21T21:22:53","guid":{"rendered":"https:\/\/web.ciidiroaxaca.ipn.mx\/dsotoc\/publicaciones\/"},"modified":"2025-10-10T14:07:18","modified_gmt":"2025-10-10T14:07:18","slug":"publicaciones","status":"publish","type":"page","link":"https:\/\/web.ciidiroaxaca.ipn.mx\/dsotoc\/publicaciones\/","title":{"rendered":"Publicaciones"},"content":{"rendered":"\n<p class=\"has-text-align-left\">Galindo-Vargas, N., Garc\u00eda-S\u00e1nchez, E., Ju\u00e1rez-Ni\u00f1o, E. D., Santiago-Garc\u00eda, P. A., <strong>&amp; Soto-Castro, D.<\/strong>* (2025). First Approach to Unveiling the Antidiabetic Potential of Agave potatorum: \u03b1-Glucosidase Inhibition and Phytochemistry.\u00a0<em>Journal of the Mexican Chemical Society<\/em>, 496-504. <a href=\"http:\/\/dx.doi.org\/10.29356\/jmcs.v69i2.2258\">http:\/\/dx.doi.org\/10.29356\/jmcs.v69i2.2258<\/a><\/p>\n\n\n\n<p class=\"has-text-align-left\">Ju\u00e1rez-Ni\u00f1o, E. D., &amp; <strong>Soto-Castro, D<\/strong>.* (2025). Agave Leaves as an Alternative Source of Antioxidant and Hypoglycemic Metabolites Through \u03b1-glucosidase Enzyme Inhibition.\u00a0<em>Waste and Biomass Valorization<\/em>, 1-15. DOI:\u00a0<a href=\"https:\/\/doi.org\/10.1007\/s12649-025-02924-x\" target=\"_blank\" rel=\"noreferrer noopener\">10.1007\/s12649-025-02924-x<\/a><\/p>\n\n\n\n<p class=\"has-text-align-left\">Santiago-Garc\u00eda, P. A., Guti\u00e9rrez, M. C., Le\u00f3n-Mart\u00ednez, F. M., <strong>Soto-Castro, D<\/strong>., M\u00e1rquez-L\u00f3pez, R. E., Garcia-Tejeda, Y. V., &amp; L\u00f3pez, M. G. (2025). Agavins from Agave potatorum: A Low-Calorie Encapsulant for Spray Drying of Anthocyanins.&nbsp;<em>Applied Food Research<\/em>, 101289. DOI:&nbsp;<a href=\"https:\/\/doi.org\/10.1016\/j.afres.2025.101289\" target=\"_blank\" rel=\"noreferrer noopener\">10.1016\/j.afres.2025.101289<\/a><\/p>\n\n\n\n<p class=\"has-text-align-left\">Le\u00f3n-Mart\u00ednez, F. M., Medina-Torres, L., <strong>Soto-Castro, D.<\/strong>, Castellanos-Le\u00f3n, F., Hern\u00e1ndez-Plancarte, C., &amp; de Jes\u00fas Cano-Barrita, P. F. (2025). Sodium alginate from Playa del Carmen Sargassum: extraction, characterization, and rheological analysis of solutions and hydrogels.&nbsp;<em>International Journal of Biological Macromolecules<\/em>, 144803. DOI:&nbsp;<a href=\"https:\/\/doi.org\/10.1016\/j.ijbiomac.2025.144803\" target=\"_blank\" rel=\"noreferrer noopener\">10.1016\/j.ijbiomac.2025.144803<\/a><\/p>\n\n\n\n<p class=\"has-text-align-left\">Cruz-Luna, A. R., V\u00e1squez-L\u00f3pez, A., <strong>Soto-Castro, D<\/strong>., Leyva-Madrigal, K. Y., Mora-Romero, G. A., &amp; Granados-Echegoyen, C. A. (2025). First Report of Neocosmospora sp. Causing Stem Rot on <em>Agave potatorum<\/em> in Mexico.&nbsp;<em>Plant Disease<\/em>,&nbsp;<em>109<\/em>(2), 497. DOI: <a href=\"https:\/\/doi.org\/10.1094\/PDIS-07-24-1393-PDN\" target=\"_blank\" rel=\"noreferrer noopener\">10.1094\/PDIS-07-24-1393-PDN<\/a><\/p>\n\n\n\n<p class=\"has-text-align-left\">Vargas-Mendoza, Y., Santiago-Garc\u00eda, P. A., <strong>Soto-Castro, D<\/strong>., &amp; Gait\u00e1n-Hern\u00e1ndez, R. (2024). ESTABLISHMENT OF A FAMILY PRODUCTION UNIT OF Pleurotus spp. IN A RURAL COMMUNITY OF OAXACA, MEXICO.&nbsp;<em>Agricultura Sociedad y Desarrollo<\/em>,&nbsp;<em>21<\/em>(4). DOI:&nbsp;<a href=\"https:\/\/doi.org\/10.22231\/asyd.v21i4.1660\" target=\"_blank\" rel=\"noreferrer noopener\">10.22231\/asyd.v21i4.1660<\/a><\/p>\n\n\n\n<p class=\"has-text-align-left\">Mora-Guzm\u00e1n, Z., Flores-Cotera, L. B., Perez-Campos, E., L\u00f3pez-Marure, R., <strong>Soto-Castro, D<\/strong>., Masso-Rojas, F. A., &#8230; &amp; del Socorro Pina-Canseco, M. (2024). Antiproliferative and Proapoptotic Activities of Tournefortia mutabilis vent. Leaves on the Human Breast Adenocarcinoma Cell Line (MCF-7). IJ Pharmaceutical Research, 23(1). DOI:&nbsp;<a href=\"https:\/\/doi.org\/10.5812\/ijpr-149405\" target=\"_blank\" rel=\"noreferrer noopener\">10.5812\/ijpr-149405<\/a><\/p>\n\n\n\n<p class=\"has-text-align-left\">Pacheco-Esteva, M. C., <strong>Soto-Castro, D.*<\/strong>, Jaime, R. V., Ochoa, M. E., &amp; Montes-Garcia, P. (2023). Larvicidal effect of an N-isobutyl-(2E, 4E, 8Z, 10E\/Z)-dodecatetraenamides-rich extract of Salmea scandens on fall armyworm.&nbsp;<em>Spanish Journal of Agricultural Research<\/em>,&nbsp;<em>21<\/em>(4), e1002-e1002. DOI:&nbsp;<a href=\"https:\/\/doi.org\/10.5424\/sjar\/2023214-20275\" target=\"_blank\" rel=\"noreferrer noopener\">10.5424\/sjar\/2023214-20275<\/a><\/p>\n\n\n\n<p class=\"has-text-align-left\"><strong>Soto-Castro, D<\/strong>., Reyes-Torres, U., Santos-L\u00f3pez, G., Cano-Barrita, P. F. D. J., Karaaslan, M. A., Renneckar, S., &amp; Guti\u00e9rrez, M. C. (2023). Improving the thermo-activated shape memory of thermoplastic potato starch by adding silver nanoparticles.&nbsp;<em>Journal of Materials Science<\/em>, 1-16. DOI:&nbsp;<a href=\"https:\/\/doi.org\/10.1007\/s10853-023-08967-6\" target=\"_blank\" rel=\"noreferrer noopener\">10.1007\/s10853-023-08967-6<\/a><\/p>\n\n\n\n<p class=\"has-text-align-left\">Santos-L\u00f3pez, G., <strong>Soto-Castro, D.<\/strong>, Le\u00f3n-Mart\u00ednez, F.M., Hern\u00e1ndez-Mart\u00ednez, A.R., Guti\u00e9rrez, MC., (2023). Characterization of gelatin films functionalized with silver nanoparticles or polysorbate 20 as UV\u2013vis light controllers<em>. Food Packaging and Shelf Life, <\/em>40, 101208. DOI:&nbsp;<a href=\"https:\/\/doi.org\/10.1016\/j.fpsl.2023.101208\" target=\"_blank\" rel=\"noreferrer noopener\">10.1016\/j.fpsl.2023.101208<\/a><\/p>\n\n\n\n<p class=\"has-text-align-left\">Pacheco-Esteva, M. C., <strong>Soto-Castro, D.<\/strong>, V\u00e1squez-L\u00f3pez, A., &amp; Tovar-Pedraza, J. M. (2023). Colletotrichum brevisporum causing anthracnose of papaya (Carica papaya L.) in Mexico.&nbsp;<em>Canadian Journal of Plant Pathology<\/em>, 1-7. DOI:&nbsp;<a href=\"https:\/\/doi.org\/10.1080\/07060661.2023.2195825\" target=\"_blank\" rel=\"noreferrer noopener\">10.1080\/07060661.2023.2195825<\/a><\/p>\n\n\n\n<p class=\"has-text-align-left\">Pacheco Esteva, M. C., <strong>Soto Castro, D.<\/strong>, &amp; V\u00e1squez L\u00f3pez, A. Identificaci\u00f3n de Colletotrichum asianum como agente causal de antracnosis en mango criollo en Oaxaca, M\u00e9xico.&nbsp;<em>Cuerpo de \u00e1rbitros del vol. 6, CCCTO<\/em>, 32.<\/p>\n\n\n\n<p class=\"has-text-align-left\">Santiago\u2010Garc\u00eda, P. A., Le\u00f3n\u2010Mart\u00ednez, F. M., Guti\u00e9rrez, M. C., Aguirre\u2010Loredo, R. Y., Santiago\u2010Urbina, J. A., &amp; <strong>Soto\u2010Castro, D<\/strong>*. (2023). Microencapsulation of strawberry juice in Agave angustifolia fructans: effect of spray\u2010drying conditions on the anthocyanin content and physicochemical properties.&nbsp;<em>International Journal of Food Science &amp; Technology<\/em>. DOI:&nbsp;<a href=\"https:\/\/doi.org\/10.1111\/ijfs.16529\" target=\"_blank\" rel=\"noreferrer noopener\">10.1111\/ijfs.16529<\/a><\/p>\n\n\n\n<p class=\"has-text-align-left\">Ju\u00e1rez-Ni\u00f1o, E. D., Moreno-Rodr\u00edguez, A., Ju\u00e1rez-Ch\u00e1vez, L., Santillan, R., Ochoa, M. E., Argueta-Figueroa, L., &amp; <strong>Soto-Castro, D.*<\/strong> (2023). Synthesis of acetylenic 17\u03b1-ethynylestradiol derivatives as potential trypanocidal oral drugs: In vitro and in silico evaluation. <em>Journal of Molecular Structure<\/em>, <em>1274<\/em>, 134431. DOI:&nbsp;<a href=\"https:\/\/doi.org\/10.1016\/j.molstruc.2022.134431\" target=\"_blank\" rel=\"noreferrer noopener\">10.1016\/j.molstruc.2022.134431<\/a><\/p>\n\n\n\n<p class=\"has-text-align-left\">Ju\u00e1rez Ni\u00f1o, E. D., Santillan Baca, R., Ochoa Becerra, M. E., &amp; <strong>Soto Castro, D.*<\/strong> Caracterizaci\u00f3n estructural paso a paso mediante ftir, masas y rmn en 1 y 2d del compuesto bioactivo 17\u03b1-(4-nitrofenil) etinil-estra-1, 3, 5 (10)-triene-3, 17\u03b2-diol. <em>Cuerpo de \u00e1rbitros del vol. 6, CCCTO<\/em>, 32.<\/p>\n\n\n\n<p class=\"has-text-align-left\"><strong>Soto\u2010Castro, D.*<\/strong> &amp; Castellanos, F.* (2022). Influence of frequency on ultrasound\u2010assisted extraction of betalains from <em>Stenocereus queretaroensis<\/em> peel. <em>Journal of Food Process Engineering<\/em>, e14133. DOI:&nbsp;<a href=\"https:\/\/doi.org\/10.1111\/jfpe.14133\" target=\"_blank\" rel=\"noreferrer noopener\">10.1111\/jfpe.14133<\/a><\/p>\n\n\n\n<p class=\"has-text-align-left\">Antonio-Antonio, F., Farf\u00e1n, N., Santillan, R., Ochoa, M. E., Guti\u00e9rrez, M. C., Rivera-Vallejo, C. C., &amp; <strong>Soto-Castro, D.<\/strong>* (2022). PAMAM dendron-grafted poly (vinyl alcohol) via click reaction. <em>Materials Chemistry and Physics<\/em>, 275, 125215. DOI:&nbsp;<a href=\"https:\/\/doi.org\/10.1016\/j.matchemphys.2021.125215\" target=\"_blank\" rel=\"noreferrer noopener\">10.1016\/j.matchemphys.2021.125215<\/a><\/p>\n\n\n\n<p class=\"has-text-align-left\">Pacheco-Esteva, M. C., <strong>Soto-Castro, D.<\/strong>, V\u00e1squez-L\u00f3pez, A., Lima, N. B., &amp; Tovar-Pedraza, J. M. (2022). First Report of <em>Colletotrichum chrysophilum<\/em> Causing Papaya Anthracnose in Mexico. <em>Plant Disease,<\/em> (ja). DOI:&nbsp;<a href=\"https:\/\/doi.org\/10.1094\/PDIS-03-22-0681-PDN\" target=\"_blank\" rel=\"noreferrer noopener\">10.1094\/PDIS-03-22-0681-PDN<\/a><\/p>\n\n\n\n<p class=\"has-text-align-left\">Pacheco-Esteva, M. C., <strong>Soto-Castro, D.<\/strong>, V\u00e1squez-L\u00f3pez, A., &amp; Tovar-Pedraza, J. M. (2022). First report of <em>Colletotrichum siamense<\/em> causing papaya anthracnose in Mexico. <em>Journal of Plant Pathology<\/em>, 1-1. DOI:&nbsp;<a href=\"https:\/\/doi.org\/10.1007\/s42161-022-01147-6\" target=\"_blank\" rel=\"noreferrer noopener\">10.1007\/s42161-022-01147-6<\/a><\/p>\n\n\n\n<p class=\"has-text-align-left\">Morales-Antonio, M. A., Santiago-Mart\u00ednez, G. M., V\u00e1squez-L\u00f3pez, A., Rodr\u00edguez-Ortiz, G., <strong>Soto-Castro, D.<\/strong>, Lozano-Trejo, S., &amp; Casta\u00f1eda-Hidalgo, E. (2021). Germinaci\u00f3n de uredosporas de <em>Hemileia vastatrix<\/em> y su inhibici\u00f3n por efecto de extractos vegetales <em>in vitro<\/em>. <em>International journal of agriculture and natural resources<\/em>, 48(2), 108-114. DOI:&nbsp;<a href=\"https:\/\/doi.org\/10.7764\/ijanr.v48i2.2272\" target=\"_blank\" rel=\"noreferrer noopener\">10.7764\/ijanr.v48i2.2272<\/a><\/p>\n\n\n\n<p class=\"has-text-align-left\">Dom\u00ednguez-D\u00edaz, L. R., Ochoa, M. E., <strong>Soto-Castro, D.<\/strong>, Farf\u00e1n, N., Morales-Chamorro, M., Y\u00e9pez-Mulia, L., Santillan, R., &amp; Moreno-Rodr\u00edguez, A. (2021). <em>In vitro<\/em>, <em>ex vivo<\/em> and <em>in vivo<\/em> short-term screening of DHEA nitrate derivatives activity over <em>Trypanosoma cruzi<\/em> Ninoa and TH strains from Oaxaca State, M\u00e9xico. <em>Bioorganic &amp; Medicinal Chemistry<\/em>, 48, 116417. DOI:&nbsp;<a href=\"https:\/\/doi.org\/10.1016\/j.bmc.2021.116417\" target=\"_blank\" rel=\"noreferrer noopener\">10.1016\/j.bmc.2021.116417<\/a><\/p>\n\n\n\n<p class=\"has-text-align-left\"><strong>Soto-Castro, D.<\/strong>, Santiago-Garc\u00eda, P. A., V\u00e1squez- L\u00f3pez, A., S\u00e1nchez-Heraz, F., Vargas-Mendoza, Y., V., &amp; Gait\u00e1n-Hern\u00e1ndez, R. (2021). Effect of ethanolic extracts from Agave potatorum Zucc. leaves in the mycelial growth of Pleurotus spp.&nbsp;<em>Emirates Journal of Food and Agriculture<\/em>, 228-236. DOI:&nbsp;<a href=\"https:\/\/doi.org\/10.9755\/ejfa.2021.v33.i3.2664\" target=\"_blank\" rel=\"noreferrer noopener\">10.9755\/ejfa.2021.v33.i3.2664<\/a><\/p>\n\n\n\n<p class=\"has-text-align-left\"><strong>Soto-Castro, D.<\/strong>, P\u00e9rez-Herrera, A., Garc\u00eda-S\u00e1nchez, E., &amp; Santiago-Garc\u00eda, P. A. (2021). Identification and quantification of bioactive compounds in Agave potatorum Zucc. leaves at different stages of development and a preliminary biological assay.&nbsp;<em>Waste and Biomass Valorization<\/em>, 1-11. <a><\/a><a><\/a>DOI:&nbsp;<a href=\"https:\/\/doi.org\/10.1007\/s12649-020-01329-2\" target=\"_blank\" rel=\"noreferrer noopener\">10.1007\/s12649-020-01329-2<\/a><\/p>\n\n\n\n<p class=\"has-text-align-left\">Carrillo-Cocom, L. M., Gonz\u00e1lez, B. B. V., Santillan, R., <strong>Soto-Castro, D<\/strong>.*, Ocampo, P. M. S., Zepeda, A., &amp; Tafur, J. C. (2020). Synthesis of diosgenin prodrugs: anti-inflammatory and antiproliferative activity evaluation.&nbsp;<em>Journal of Chemical Sciences<\/em>,&nbsp;<em>132<\/em>(1), 1-9. DOI:&nbsp;<a href=\"https:\/\/doi.org\/10.1007\/s12039-020-01808-y\" target=\"_blank\" rel=\"noreferrer noopener\">10.1007\/s12039-020-01808-y<\/a><\/p>\n\n\n\n<p class=\"has-text-align-left\">Ochoa, ME, Farf\u00e1n, N., Labra-V\u00e1zquez, P.*, <strong>Soto-Castro, D.<\/strong>*, Santillan, R.* (2021) Synthesis, characterization and in silico screening of potential biological activity of 17a-ethynyl-3b,17b,19-trihydroxyandrost-5-en acetylated derivatives. <em>Journal of Molecular Structure<\/em>, 1225, 129267. DOI:&nbsp;<a href=\"https:\/\/doi.org\/10.1016\/j.molstruc.2020.129167\" target=\"_blank\" rel=\"noreferrer noopener\">10.1016\/j.molstruc.2020.129167<\/a><\/p>\n\n\n\n<p class=\"has-text-align-left\">Ju\u00e1rez-Ch\u00e1vez, L., Pina-Canseco, S., Soto-<strong>Castro, D.*<\/strong>, Santillan, R., Maga\u00f1a-Vergara, N. E., Salazar-Schettino, P. M., <a>Cabrera-Bravo, M.<\/a> &amp; P\u00e9rez-Campos, E. (<strong>2019<\/strong>). In vitro activity of steroidal dendrimers on Trypanosoma cruzi epimastigote form with PAMAM dendrons modified by \u201cclick\u201d chemistry.&nbsp;<em>Bioorganic chemistry<\/em>,&nbsp;86, 452-458. DOI:&nbsp;<a href=\"https:\/\/doi.org\/10.1016\/j.bioorg.2019.01.056\" target=\"_blank\" rel=\"noreferrer noopener\">10.1016\/j.bioorg.2019.01.056<\/a><\/p>\n\n\n\n<p class=\"has-text-align-left\"><strong>Soto-Castro D<\/strong>*, Guti\u00e9rrez M. C., Le\u00f3n-Mart\u00ednez F. M., Santiago-Garc\u00eda P. A., Arag\u00f3n-Lucero I and Antonio-Antonio F. (<strong>2018<\/strong>) Spray drying microencapsulation of betalain rich extracts from Escontria chiotilla and Stenocereus queretaroensis fruits using cactus mucilage, Food Chemistry, 272, 715-722. DOI:&nbsp;<a href=\"https:\/\/doi.org\/10.1016\/j.foodchem.2018.08.069\" target=\"_blank\" rel=\"noreferrer noopener\">10.1016\/j.foodchem.2018.08.069<\/a><\/p>\n\n\n\n<p class=\"has-text-align-left\">Guti\u00e9rrez, M. C., Utrilla-Coello, R.G. and&nbsp;<strong>Soto-Castro, D.<\/strong>* (<strong>2017<\/strong>)&nbsp;Effect of Opuntia ficus-indica mucilage in the ecological extraction, drying and storage of eggplant anthocyanins, Journal of Food Processing and Preservation. DOI:&nbsp;<a href=\"https:\/\/doi.org\/10.1111\/jfpp.13439\" target=\"_blank\" rel=\"noreferrer noopener\">10.1111\/jfpp.13439<\/a><\/p>\n\n\n\n<p class=\"has-text-align-left\">Maga\u00f1a-Vergara, NE, <strong>Soto-Castro, D.*,<\/strong> Vazquez-Lima, H., Y\u00e9pez, R., Santillan, R., (<strong>2017)<\/strong>,&nbsp;Synthesis of Fr\u00e9chet-type poly(aryl ether) dendrimers with allyl end groups: comparative convergent and divergent approaches,&nbsp;<em>Organic Chemistry<\/em>, (part v), 117-128.<\/p>\n\n\n\n<p class=\"has-text-align-left\"><strong>Soto-Castro, D<\/strong>, Lara Contreras, RC, Pina-Canseco, MS, Santill\u00e1n, R, Hern\u00e1ndez-Huerta, MT, Negr\u00f3n Silva, GE, P\u00e9rez-Campos, E and Rinc\u00f3n, S*, (<strong>2017<\/strong>) Solvent-free synthesis of 6\u03b2-phenylamino-cholestan-3\u03b2,5\u03b1-diol and (25<em>R<\/em>)-6\u03b2-phenylaminospirostan-3\u03b2,5\u03b1-diol as potential antiproliferative agents, Steroids, 126, 96-100.&nbsp;<\/p>\n\n\n\n<p class=\"has-text-align-left\"><strong>Soto-Castro, D<\/strong>.*, Santillan, R., Guadarrama, P., Farf\u00e1n, N., Gonz\u00e1lez-Herrera, I. G., &amp; Cruz-M\u00e9ndez, A. C. <strong>(2016<\/strong>).&nbsp;PAMAM-dendrimer bearing 1, 2-diphenylethyne core obtained by palladium-catalyzed coupling assisted by silver oxide: in vitro evaluation of antioxidant properties.&nbsp;<em>Monatshefte f\u00fcr Chemie-Chemical Monthly<\/em>,&nbsp;<em>147<\/em>(10), 1839-1847.<\/p>\n\n\n\n<p class=\"has-text-align-left\"><strong>Soto-Castro<\/strong><strong>, D.<\/strong> Nancy E. Maga\u00f1a-Vergara, Norberto Farf\u00e1n and Rosa Santillan*,&nbsp;(<strong>2014<\/strong>) Synthesis of steroidal dendrimers modified by \u2018click\u2019 chemistry with PAMAM dendrons as unimolecular micelles. Tetrahedron Letters 55, 1014-1019.<\/p>\n\n\n\n<p class=\"has-text-align-left\">Maga\u00f1a-Vergara, N.E., R\u00e1rov\u00e1,&nbsp;L., <strong>Soto-Castro<\/strong>, <strong>D.,<\/strong> Farf\u00e1n, N., Strnad, M., Santillan, R. (<strong>2013)<\/strong>.&nbsp;Synthesis and antiproliferative activity of novel steroidal dendrimer conjugates. Steroids, 78, 1254\u20131262<\/p>\n\n\n\n<p class=\"has-text-align-left\">Daniel Mendoza-Espinosa, Guillermo Negr\u00f3n-Silva, Leticia Lomas-Romero, Atilano Guti\u00e9rrez-Carrillo and <strong>Delia Soto-Castro<\/strong>,&nbsp;Efficient Multicomponent Synthesis of Mono-, Bis, and Tris-1,2,3-triazoles Supported by Hydroxybenzene Scaffolds. Synthesis,&nbsp;<strong>2013<\/strong>; 45, 2431-2437.<\/p>\n\n\n\n<p class=\"has-text-align-left\"><strong>Soto-Castro, D<\/strong>., Cruz-Morales, J. A., Apan, M. T. R., &amp; Guadarrama, P. (<strong>2012<\/strong>). Solubilization and anticancer-activity enhancement of Methotrexate by novel dendrimeric nanodevices synthesized in one-step reaction.&nbsp;<em>Bioorganic chemistry<\/em>,&nbsp;<em>41<\/em>, 13-21.<\/p>\n\n\n\n<p class=\"has-text-align-left\"><strong>Soto, D.,<\/strong> &amp; Salcedo, R. <strong>(2012<\/strong>). Coordination modes and different hapticities for fullerene organometallic complexes.&nbsp;<em>Molecules<\/em>,&nbsp;<em>17<\/em>(6), 7151-7168.<\/p>\n\n\n\n<p class=\"has-text-align-left\"><strong>Soto-Castro, D<\/strong>., Cruz-Morales, J. A., Apan, M. T. R., &amp; Guadarrama, P. (<strong>2010<\/strong>). Synthesis of non-cytotoxic poly (ester-amine) dendrimers as potential solubility enhancers for drugs: methotrexate as a case study.&nbsp;<em>Molecules<\/em>,&nbsp;<em>15<\/em>(11), 8082-8097.<\/p>\n\n\n\n<p class=\"has-text-align-left\">Guadarrama, P., <strong>Soto\u2010Castro, D., <\/strong>&amp; Rodr\u00edguez\u2010Otero, J. (<strong>2008<\/strong>). Performance of DFT hybrid functionals in the theoretical treatment of H\u2010bonds: Analysis term\u2010by\u2010term.&nbsp;<em>International Journal of Quantum Chemistry<\/em>,&nbsp;<em>108<\/em>(2), 229-237.<\/p>\n\n\n\n<p class=\"has-text-align-left\"><strong>Soto-Castro, D., <\/strong>Evangelista-Lara, A., &amp; Guadarrama, P. (<strong>2006<\/strong>). Theoretical design of dendrimeric fractal patterns for the encapsulation of a family of drugs: salicylanilides.&nbsp;<em>Tetrahedron<\/em>,&nbsp;<em>62<\/em>(51), 12116-12125.<\/p>\n\n\n\n<p class=\"has-text-align-left\"><strong>Soto\u2010Castro, D., <\/strong>&amp; Guadarrama, P. (<strong>2004<\/strong>). Macrocyclic vs. dendrimeric effect. A DFT study.&nbsp;<em>Journal of computational chemistry<\/em>,&nbsp;<em>25<\/em>(10), 1215-1226.<\/p>\n","protected":false},"excerpt":{"rendered":"<p>Galindo-Vargas, N., Garc\u00eda-S\u00e1nchez, E., Ju\u00e1rez-Ni\u00f1o, E. D., Santiago-Garc\u00eda, P. A., &amp; Soto-Castro, D.* (2025). First Approach to Unveiling the Antidiabetic Potential of Agave potatorum: \u03b1-Glucosidase Inhibition and Phytochemistry.\u00a0Journal of the Mexican Chemical Society, 496-504. http:\/\/dx.doi.org\/10.29356\/jmcs.v69i2.2258 Ju\u00e1rez-Ni\u00f1o, E. D., &amp; Soto-Castro, D.* (2025). Agave Leaves as an Alternative Source of Antioxidant and Hypoglycemic Metabolites Through \u03b1-glucosidase [&hellip;]<\/p>\n","protected":false},"author":23,"featured_media":0,"parent":0,"menu_order":0,"comment_status":"closed","ping_status":"closed","template":"","meta":{"_swt_meta_header_display":false,"_swt_meta_footer_display":false,"_swt_meta_site_title_display":false,"_swt_meta_sticky_header":false,"_swt_meta_transparent_header":false,"footnotes":""},"class_list":["post-5","page","type-page","status-publish","hentry"],"_links":{"self":[{"href":"https:\/\/web.ciidiroaxaca.ipn.mx\/dsotoc\/wp-json\/wp\/v2\/pages\/5","targetHints":{"allow":["GET"]}}],"collection":[{"href":"https:\/\/web.ciidiroaxaca.ipn.mx\/dsotoc\/wp-json\/wp\/v2\/pages"}],"about":[{"href":"https:\/\/web.ciidiroaxaca.ipn.mx\/dsotoc\/wp-json\/wp\/v2\/types\/page"}],"author":[{"embeddable":true,"href":"https:\/\/web.ciidiroaxaca.ipn.mx\/dsotoc\/wp-json\/wp\/v2\/users\/23"}],"replies":[{"embeddable":true,"href":"https:\/\/web.ciidiroaxaca.ipn.mx\/dsotoc\/wp-json\/wp\/v2\/comments?post=5"}],"version-history":[{"count":5,"href":"https:\/\/web.ciidiroaxaca.ipn.mx\/dsotoc\/wp-json\/wp\/v2\/pages\/5\/revisions"}],"predecessor-version":[{"id":49,"href":"https:\/\/web.ciidiroaxaca.ipn.mx\/dsotoc\/wp-json\/wp\/v2\/pages\/5\/revisions\/49"}],"wp:attachment":[{"href":"https:\/\/web.ciidiroaxaca.ipn.mx\/dsotoc\/wp-json\/wp\/v2\/media?parent=5"}],"curies":[{"name":"wp","href":"https:\/\/api.w.org\/{rel}","templated":true}]}}