{"id":4,"date":"2015-01-21T21:20:50","date_gmt":"2015-01-21T21:20:50","guid":{"rendered":"https:\/\/web.ciidiroaxaca.ipn.mx\/dsotoc\/dra-delia-soto-castro\/"},"modified":"2025-10-10T14:14:23","modified_gmt":"2025-10-10T14:14:23","slug":"dra-delia-soto-castro","status":"publish","type":"page","link":"https:\/\/web.ciidiroaxaca.ipn.mx\/dsotoc\/","title":{"rendered":"Dra. Delia Soto Castro"},"content":{"rendered":"\n<figure class=\"wp-block-image aligncenter size-full is-resized\"><img loading=\"lazy\" decoding=\"async\" width=\"773\" height=\"580\" src=\"https:\/\/web.ciidiroaxaca.ipn.mx\/dsotoc\/wp-content\/uploads\/sites\/18\/2025\/09\/image.jpeg\" alt=\"\" class=\"wp-image-28\" style=\"width:642px;height:auto\" srcset=\"https:\/\/web.ciidiroaxaca.ipn.mx\/dsotoc\/wp-content\/uploads\/sites\/18\/2025\/09\/image.jpeg 773w, https:\/\/web.ciidiroaxaca.ipn.mx\/dsotoc\/wp-content\/uploads\/sites\/18\/2025\/09\/image-300x225.jpeg 300w, https:\/\/web.ciidiroaxaca.ipn.mx\/dsotoc\/wp-content\/uploads\/sites\/18\/2025\/09\/image-768x576.jpeg 768w\" sizes=\"auto, (max-width: 773px) 100vw, 773px\" \/><\/figure>\n\n\n\n<div style=\"height:37px\" aria-hidden=\"true\" class=\"wp-block-spacer\"><\/div>\n\n\n\n<h3 class=\"wp-block-heading has-text-align-center\">Doctorado en Ciencia e Ingenier\u00eda de Materiales<\/h3>\n\n\n\n<p class=\"has-text-align-center\">Instituto de Investigaciones en Materiales, UNAM. 2011<\/p>\n\n\n\n<p class=\"has-text-align-center\">Maestr\u00eda en Ciencia e Ingenier\u00eda de Materiales: IIM, UNAM. 2006<\/p>\n\n\n\n<p class=\"has-text-align-center\"><\/p>\n\n\n\n<p class=\"has-text-align-center\">Ingenier\u00eda Qu\u00edmica: Facultad de Qu\u00edmica, UNAM. 2004<\/p>\n\n\n\n<p class=\"has-text-align-center\"><\/p>\n\n\n\n<p class=\"has-text-align-center\">Estancia Posdoctoral: Centro de Investigaci\u00f3n y de Estudios Avanzados del I.P.N.- Zacatenco. Departamento de Qu\u00edmica. 2012-2014<\/p>\n\n\n\n<div style=\"height:0px\" aria-hidden=\"true\" class=\"wp-block-spacer\"><\/div>\n\n\n\n<p> <strong>TEMAS DE INTER\u00c9S<\/strong><\/p>\n\n\n\n<p>Extracci\u00f3n, caracterizaci\u00f3n y evaluaci\u00f3n de compuestos con actividad biol\u00f3gica (Antiparasitaria, Antidiab\u00e9tica, Anticancer\u00edgena, Plaguicida) a partir de Productos Naturales.<\/p>\n\n\n\n<p>Caracterizaci\u00f3n espectrosc\u00f3pica (RMN, FTIR, UVvis) de materiales<\/p>\n\n\n\n<p>Dise\u00f1o y s\u00edntesis de acarreadores-liberadores de f\u00e1rmacos y antioxidantes.<\/p>\n\n\n\n<p class=\"has-text-align-center\"><strong>dsotoc@ipn.mx<\/strong><\/p>\n\n\n\n<p class=\"has-text-align-center\"><strong>dsotoca@secihti.mx<\/strong><\/p>\n\n\n\n<p class=\"has-text-align-center\"><strong>Laboratorio de Biomacromol\u00e9culas<\/strong><\/p>\n\n\n\n<p><\/p>\n","protected":false},"excerpt":{"rendered":"<p>Doctorado en Ciencia e Ingenier\u00eda de Materiales Instituto de Investigaciones en Materiales, UNAM. 2011 Maestr\u00eda en Ciencia e Ingenier\u00eda de Materiales: IIM, UNAM. 2006 Ingenier\u00eda Qu\u00edmica: Facultad de Qu\u00edmica, UNAM. 2004 Estancia Posdoctoral: Centro de Investigaci\u00f3n y de Estudios Avanzados del I.P.N.- Zacatenco. Departamento de Qu\u00edmica. 2012-2014 TEMAS DE INTER\u00c9S Extracci\u00f3n, caracterizaci\u00f3n y evaluaci\u00f3n de [&hellip;]<\/p>\n","protected":false},"author":23,"featured_media":0,"parent":0,"menu_order":0,"comment_status":"closed","ping_status":"closed","template":"","meta":{"_swt_meta_header_display":false,"_swt_meta_footer_display":false,"_swt_meta_site_title_display":false,"_swt_meta_sticky_header":false,"_swt_meta_transparent_header":false,"footnotes":""},"class_list":["post-4","page","type-page","status-publish","hentry"],"_links":{"self":[{"href":"https:\/\/web.ciidiroaxaca.ipn.mx\/dsotoc\/wp-json\/wp\/v2\/pages\/4","targetHints":{"allow":["GET"]}}],"collection":[{"href":"https:\/\/web.ciidiroaxaca.ipn.mx\/dsotoc\/wp-json\/wp\/v2\/pages"}],"about":[{"href":"https:\/\/web.ciidiroaxaca.ipn.mx\/dsotoc\/wp-json\/wp\/v2\/types\/page"}],"author":[{"embeddable":true,"href":"https:\/\/web.ciidiroaxaca.ipn.mx\/dsotoc\/wp-json\/wp\/v2\/users\/23"}],"replies":[{"embeddable":true,"href":"https:\/\/web.ciidiroaxaca.ipn.mx\/dsotoc\/wp-json\/wp\/v2\/comments?post=4"}],"version-history":[{"count":9,"href":"https:\/\/web.ciidiroaxaca.ipn.mx\/dsotoc\/wp-json\/wp\/v2\/pages\/4\/revisions"}],"predecessor-version":[{"id":53,"href":"https:\/\/web.ciidiroaxaca.ipn.mx\/dsotoc\/wp-json\/wp\/v2\/pages\/4\/revisions\/53"}],"wp:attachment":[{"href":"https:\/\/web.ciidiroaxaca.ipn.mx\/dsotoc\/wp-json\/wp\/v2\/media?parent=4"}],"curies":[{"name":"wp","href":"https:\/\/api.w.org\/{rel}","templated":true}]}}