{"id":7,"date":"2011-10-21T21:31:00","date_gmt":"2011-10-21T21:31:00","guid":{"rendered":"https:\/\/web.ciidiroaxaca.ipn.mx\/dmondragon\/tesis\/"},"modified":"2026-03-11T14:52:18","modified_gmt":"2026-03-11T20:52:18","slug":"tesis","status":"publish","type":"page","link":"https:\/\/web.ciidiroaxaca.ipn.mx\/dmondragon\/tesis\/","title":{"rendered":"Tesis"},"content":{"rendered":"\n<h3 class=\"wp-block-heading\">POSGRADO<\/h3>\n\n\n\n<ol class=\"wp-block-list\">\n<li>Tesis de Doctorado. \u201cInteracci\u00f3n de orqu\u00eddeas ep\u00edfitas-forofito-micorriza\u201d. CIIDIR-OAXACA. Gustavo Ramiro Hern\u00e1ndez \u00c1lvarez. En desarrollo.<\/li>\n\n\n\n<li>Tesis de Doctorado. \u201cHost tree effect on demography and phenology of epiphytic species\u201d. CIIDIR-OAXACA. Adriana Ram\u00edrez Mart\u00ednez. 31\/01\/2022<\/li>\n\n\n\n<li>Tesis de Maestr\u00eda. \u201cEfecto del forofito sobre la germinaci\u00f3n de <em>Alamania punicea <\/em>y <em>Oncidium <\/em>brachyandrum\u201d. CIIDIR-OAXACA. Gustavo Ramiro Hern\u00e1ndez \u00c1lvarez. 12\/08\/2021 (Falta SIP-13-14)<\/li>\n\n\n\n<li>Tesis de Maestr\u00eda. \u201cUso de ep\u00edfitas vasculares por aves en un bosque de encino en Yanhuitl\u00e1n, Oaxaca. CIIDIR-OAXACA. Jorge Daniel Ruiz Contreras. 5\/07\/2019<\/li>\n\n\n\n<li>Tesis de Maestr\u00eda. \u201cVariaci\u00f3n interpoblacional de la fenolog\u00eda de floraci\u00f3n y producci\u00f3n frutos de <em>Tillandsia carlos-hankii<\/em> matuda (bromeliaceae)\u201d CIIDIR-OAXACA. Judith Isabel L\u00f3pez Lop\u00e9z 31\/01\/2018<\/li>\n\n\n\n<li>Tesis de Maestr\u00eda. \u201cEstructura y diversidad gen\u00e9tica de<em> Tillandsia<\/em> <em>carlos-hankii,<\/em> Matuda\u201d. CIIDIR-OAXACA. Tania Marisol Susan Tepetla 09\/01\/2017<\/li>\n\n\n\n<li>Tesis de Maestr\u00eda. \u201cSelecci\u00f3n de h\u00e1bitat por la ep\u00edfita <em>Tillandsia carlos<\/em>&#8211;<em>hankii<\/em> Matuda (Bromeliaceae) en el contexto metapoblacional\u201d CIIDIR-OAXACA. Adriana Ram\u00edrez Mart\u00ednez. 26\/09\/2016.<\/li>\n\n\n\n<li>Tesis de Maestr\u00eda \u201cSistemas reproductivos e hibridaci\u00f3n en especies simp\u00e1tricas del g\u00e9nero <em>Lepanthes<\/em> (Orchidaceae)\u201d. CIIDIR-OAXACA. Jos\u00e9 Antonio Guti\u00e9rrez Caballero. 07\/07\/2015.<\/li>\n\n\n\n<li>Tesis de Doctorado \u201cEvoluci\u00f3n de caracteres de historia de vida y tasas de diversificaci\u00f3n de la familia Bromeliaceae\u201d. CICY Guadalupe Jeanett Escobedo Sarti. 23\/09\/2013. Concluida<\/li>\n\n\n\n<li>Tesis de Maestr\u00eda \u201cHerbivor\u00eda de <em>Tillandsia carlos-hankii<\/em> (Bromeliaceae), en Santa Catrina Ixtepeji, Oaxaca, M\u00e9xico\u201d. CIIDIR-OAXACA. Yurani Palacios Mosquera. 05\/06\/2013.<\/li>\n\n\n\n<li>Tesis de maestr\u00eda \u201cVariaci\u00f3n fenot\u00edpica de caracteres reproductivos en <em>Tillandsia carlos<\/em>&#8211;<em>hankii<\/em> Matuda (Bromeliaceae) en la regi\u00f3n de Ixtepeji, Oaxaca\u201d. CIIDIR-OAXACA. Carlos Fern\u00e1ndez R\u00edos. 16\/01\/2013<\/li>\n\n\n\n<li>Tesis de maestr\u00eda \u201cEfectos de las condiciones de almacenamiento en la germinaci\u00f3n de semillas de <em>Tillandsia<\/em> spp. (Bromeliaceae)\u201d. Diana Mar\u00eda Sosa Lur\u00eda. CIIDIR-OAXACA. 16\/12\/2011. Concluida.<\/li>\n\n\n\n<li>Tesis de maestr\u00eda \u201cMeiofauna asociada al dosel de un bosque de pino-encino: un h\u00e1bitat at\u00edpico. Jos\u00e9 Mart\u00edn Romero Garc\u00eda. CIIDIR-OAXACA. 7\/06\/2010. Concluida.<\/li>\n\n\n\n<li>Tesis de maestr\u00eda \u201cDistribuci\u00f3n de ep\u00edfitas vasculares a lo largo de un gradiente altitudinal en Santa Catarina Ixtepeji, Oaxaca, M\u00e9xico\u201d. Nohem\u00ed Vianney Victoria Villa. CIIDIR-OAXACA. 15\/12\/2009. Concluida.<\/li>\n\n\n\n<li>Tesis de maestr\u00eda \u201cDiversidad de artr\u00f3podos presentes en <em>Tillandsia prodigiosa <\/em>y su variabilidad temporal\u201d Marisela Irene Garc\u00eda Jarqu\u00edn. CIIDIR-OAXACA 04\/07\/08. Concluida.<\/li>\n\n\n\n<li>Tesis de maestr\u00eda \u201cDiversidad de artr\u00f3podos presentes en <em>Tillandsia carlos hankii<\/em> y <em>T. Oaxacana<\/em>\u201d Alma D. Franco M\u00e9ndez. CIIDIR-OAXACA. 04\/07\/08. Concluida.<\/li>\n\n\n\n<li>Tesis de maestr\u00eda. \u201cFenolog\u00eda floral y biolog\u00eda reproductiva de <em>Tillandsia prodigiosa<\/em> (Lem.) Baker\u201d. Guadalupe Janet Escobedo Sarti. CIIDIR-OAXACA. 20\/11\/2007. Concluida.<\/li>\n\n\n\n<li>Tesis de maestr\u00eda. \u201cEstudio Etnobot\u00e1nico de las bromelias epifitas en el Municipio de Ixtepeji en la Sierra Norte de Oaxaca\u201d Alumna Dulce Ma. Villa Guzm\u00e1n. CIIDIR-OAXACA. 07\/06\/2007. Concluida.<\/li>\n\n\n\n<li>Tesis de maestr\u00eda. \u201cPatr\u00f3n de distribuci\u00f3n espacial y din\u00e1mica poblacional de <em>Oncidium crista galli<\/em> una especie de orqu\u00eddea ep\u00edfitas, en el Soconusco Chiapas\u201d. Alumna Citlalli Maldonado. CIIDIR-OAXACA. 07\/03\/2006 Concluida.<\/li>\n<\/ol>\n\n\n\n<p>&nbsp;<\/p>\n\n\n\n<h3 class=\"wp-block-heading\">LICENCIATURA<\/h3>\n\n\n\n<ol class=\"wp-block-list\">\n<li>Residencia profesional de Licenciatura: \u201cEfecto del forofito sobre el grado de colonizaci\u00f3n por hongos micorr\u00edzicos en <em>Alamania punicea<\/em> Lex\u201d. Instituto Tecnol\u00f3gico del Valle de Oaxaca. Carlos Fern\u00e1ndez Evelyn Abril 21\/05\/2024. Concluida.<\/li>\n\n\n\n<li>Residencia profesional de Licenciatura \u201cS\u00edndromes de polinizaci\u00f3n de <em>Tillandsia<\/em> <em>prodigiosa<\/em> (Bromeliacea) en Santa Catarina Ixtepeji, Oaxaca\u201d. Instituto Tecnol\u00f3gico del Valle de Oaxaca. Cruz Carrasco Marisela. 24\/11\/2014. Concluida.<\/li>\n\n\n\n<li>Residencia profesional de Licenciatura \u00abSistema de cruzamiento de una bromelia ep\u00edfita: el caso de <em>Tillandsia<\/em> <em>prodigiosa<\/em>\u00ab. Instituto Tecnol\u00f3gico del Valle de Oaxaca.\u00a0 Cruz V\u00e1squez Aide. 24\/11\/2014. Concluida.<\/li>\n\n\n\n<li>Residencia profesional de Licenciatura \u00abDiversidad y distribuci\u00f3n vertical de ep\u00edfitas vasculares en Santa Catarina Ixtepeji, Oaxaca\u00bb. Instituto Tecnol\u00f3gico del Valle de Oaxaca.\u00a0 Ram\u00edrez Silva Marina. 13\/11\/2014. Concluida.<\/li>\n\n\n\n<li>Residencia profesional de Licenciatura \u00abS\u00edndromes de polinizaci\u00f3n y sistemas de cruzamiento de <em>Tillandsia<\/em> <em>carlos-hankii<\/em> Matuda (Bromeliacea)\u00bb. Instituto Tecnol\u00f3gico del Valle de Oaxaca.\u00a0 Morales Abad Edith Nayeli. 23\/11\/2013. Concluida.<\/li>\n\n\n\n<li>Residencia profesional de Licenciatura \u00abDistribuci\u00f3n potencial de C<em>atopsis berteroniana <\/em>(schult. &amp; schult. f.) Mez para el estado de Oaxaca\u00bb. Instituto Tecnol\u00f3gico del Valle de Oaxaca.\u00a0 Ram\u00edrez Mart\u00ednez Adriana. 25\/11\/2013. Concluida.<\/li>\n\n\n\n<li>Residencia profesional de Licenciatura \u201cGerminaci\u00f3n de semillas de <em>Viridantha<\/em> (Bromeliaceae)\u201d. Instituto Tecnol\u00f3gico del Valle de Oaxaca. Cruz Pacheco Gabriela Vanessa. 04\/08\/2011. Concluida.<\/li>\n\n\n\n<li>Tesis de Licenciatura \u201cViabilidad, germinaci\u00f3n y sobrevivencia de <em>Tillandsia<\/em> (Bromeliaceae) en Santa Catarina Ixtepeji, Oaxaca\u201d. Instituto Tecnol\u00f3gico del Valle de Oaxaca. Sosa Lur\u00eda Diana Mar\u00eda. 2\/12\/2008. Concluida.<\/li>\n\n\n\n<li>Residencia profesional de Licenciatura \u201cLas bromelias ep\u00edfitas del distrito de Zaachila, Oaxaca\u201d. Instituto Tecnol\u00f3gico del Valle de Oaxaca. Rojas Zarate Jazm\u00edn. 17\/01\/2008. Concluida.<\/li>\n\n\n\n<li>Tesis de Licenciatura \u201cDiversidad de ep\u00edfitas vasculares en el bosque mes\u00f3filo de Teipan, Oaxaca\u201d. Instituto Tecnol\u00f3gico de la Cuenca del Papaloapan, Oaxaca. Hern\u00e1ndez L\u00f3pez Estanislao. 25\/04\/2008. Concluida.<\/li>\n<\/ol>\n","protected":false},"excerpt":{"rendered":"<p>POSGRADO &nbsp; LICENCIATURA<\/p>\n","protected":false},"author":39,"featured_media":0,"parent":0,"menu_order":0,"comment_status":"closed","ping_status":"closed","template":"","meta":{"_swt_meta_header_display":false,"_swt_meta_footer_display":false,"_swt_meta_site_title_display":false,"_swt_meta_sticky_header":false,"_swt_meta_transparent_header":false,"footnotes":""},"class_list":["post-7","page","type-page","status-publish","hentry"],"_links":{"self":[{"href":"https:\/\/web.ciidiroaxaca.ipn.mx\/dmondragon\/wp-json\/wp\/v2\/pages\/7","targetHints":{"allow":["GET"]}}],"collection":[{"href":"https:\/\/web.ciidiroaxaca.ipn.mx\/dmondragon\/wp-json\/wp\/v2\/pages"}],"about":[{"href":"https:\/\/web.ciidiroaxaca.ipn.mx\/dmondragon\/wp-json\/wp\/v2\/types\/page"}],"author":[{"embeddable":true,"href":"https:\/\/web.ciidiroaxaca.ipn.mx\/dmondragon\/wp-json\/wp\/v2\/users\/39"}],"replies":[{"embeddable":true,"href":"https:\/\/web.ciidiroaxaca.ipn.mx\/dmondragon\/wp-json\/wp\/v2\/comments?post=7"}],"version-history":[{"count":5,"href":"https:\/\/web.ciidiroaxaca.ipn.mx\/dmondragon\/wp-json\/wp\/v2\/pages\/7\/revisions"}],"predecessor-version":[{"id":65,"href":"https:\/\/web.ciidiroaxaca.ipn.mx\/dmondragon\/wp-json\/wp\/v2\/pages\/7\/revisions\/65"}],"wp:attachment":[{"href":"https:\/\/web.ciidiroaxaca.ipn.mx\/dmondragon\/wp-json\/wp\/v2\/media?parent=7"}],"curies":[{"name":"wp","href":"https:\/\/api.w.org\/{rel}","templated":true}]}}