{"id":6,"date":"2011-10-21T21:27:44","date_gmt":"2011-10-21T21:27:44","guid":{"rendered":"https:\/\/web.ciidiroaxaca.ipn.mx\/dmondragon\/proyectos-de-investigacion\/"},"modified":"2026-03-11T14:39:24","modified_gmt":"2026-03-11T20:39:24","slug":"proyectos-de-investigacion","status":"publish","type":"page","link":"https:\/\/web.ciidiroaxaca.ipn.mx\/dmondragon\/proyectos-de-investigacion\/","title":{"rendered":"Proyectos de investigaci\u00f3n"},"content":{"rendered":"\n<ol class=\"wp-block-list\">\n<li>Integrando a los pueblos originarios en la conservaci\u00f3n de la biodiversidad de sus territorios: el caso de las epifitas vasculares SIP20253613. Valido 2025. &nbsp;<\/li>\n\n\n\n<li>Conservaci\u00f3n comunitaria de ep\u00edfitas vasculares SIP20242088. Valido 2024.<\/li>\n\n\n\n<li>Efecto del forofito sobre el \u00e9xito reproductivo de las orqu\u00eddeas ep\u00edfitas. SIP20231536. Valido 2023.<\/li>\n\n\n\n<li>Presencia de plantas en el arbolado p\u00fablico de la ciudad de Oaxaca. SIP20220342. Valido 2022.<\/li>\n\n\n\n<li>Ecolog\u00eda de ep\u00edfitas vasculares en una ciudad: El caso de Oaxaca de Ju\u00e1rez, Oaxaca SIP20211136. Valido 2021.<\/li>\n\n\n\n<li>Efecto del forofito sobre la germinaci\u00f3n de las orqu\u00eddeas ep\u00edfitas SIP20200025. Valido 2020.<\/li>\n\n\n\n<li>Variaci\u00f3n fenol\u00f3gica entre bromelias y orqu\u00eddeas ep\u00edfitas. SIP20195449. Vigencia 2019.<\/li>\n\n\n\n<li>Efecto del forofito sobre la fenolog\u00eda de epifitas vascularesSIP20180674. Vigencia 2018.<\/li>\n\n\n\n<li>Demograf\u00eda y ecolog\u00eda de tepezcuintle (<em>Cuniculus paca<\/em>)<em>. <\/em>SIP20180613- Participante. Vigencia 2018.<\/li>\n\n\n\n<li>El uso de la fenolog\u00eda de bromelias epifitas como una herramienta para su conservaci\u00f3n. SIP20170823. Vigencia 2017.<\/li>\n\n\n\n<li>Din\u00e1mica de ocupaci\u00f3n de refugios por murci\u00e9lagos<em>. <\/em>SIP20171154- Participante. Vigencia 2017.<\/li>\n\n\n\n<li>Fenolog\u00eda de ep\u00edfitas vasculares. SIP20161559. Vigencia 2016.<\/li>\n\n\n\n<li>En la b\u00fasqueda del manejo sustentable de <em>Tillandsia carlos-hankii<\/em> en Sta. Catarina Ixtepeji. SIP20151017. Vigencia 2015.<\/li>\n\n\n\n<li>Estudio etnobot\u00e1nico de las inflorescencias de bromelias ep\u00edfitas en el mercado de Jamaica de la ciudad de M\u00e9xico. SIP-20140963. Vigencia: 2014.<\/li>\n\n\n\n<li>Fenolog\u00eda de la comunidad de epifitas vasculares presentes en el encinar de Sta. Catarina Ixtepeji. SIP-20130738. Vigencia: 2013.<\/li>\n\n\n\n<li>Colaboraci\u00f3n en el proyecto: Evaluaci\u00f3n de la situaci\u00f3n de <em>Tillandsia mauryana<\/em> en el Ap\u00e9ndice II de la CITES, seg\u00fan su estado de conservaci\u00f3n y condiciones de comercio (CONABIO TV-2) KE003. Vigencia: 2012-2013.<\/li>\n\n\n\n<li>Proyecto KU008 \u201cSexto Congreso Internacional de Ecolog\u00eda del Dosel\u201d.&nbsp; Vigencia: 15 de octubre \u2013 15 de diciembre 2012.<\/li>\n\n\n\n<li>Biolog\u00eda reproductiva de una bromelia ep\u00edfita con uso ornamental: el caso de <em>Tillandsia carlos-hankii<\/em>. SIP-20120868. Vigencia: 2012.<\/li>\n\n\n\n<li>Proyecto de la Red de Bromelias \u201cConocimiento, manejo y aprovechamiento sustentable de bromelias\u201d. ORN-BRO-11. Sistema Nacional de Recursos Filogen\u00e9ticos para la Alimentaci\u00f3n y la Agricultura. (SNICS-SINAREFI) Vigencia: 2011-2012.<\/li>\n\n\n\n<li><em>Tillandsia carlos-hankii<\/em>: aspectos etnobot\u00e1nicos y ecol\u00f3gico. SIP-20110474. Vigencia 2011.<\/li>\n\n\n\n<li>Proyecto de la Red de Bromelias. ORN-BRO-10. Sistema Nacional de Recursos Filogen\u00e9ticos para la Alimentaci\u00f3n y la Agricultura (SNICS-SINAREFI) Vigencia: 2010-2011.<\/li>\n\n\n\n<li>Proyectos de la Red de Bromelias. ORN-BRO-09. Sistema Nacional de Recursos Filogen\u00e9ticos para la Alimentaci\u00f3n y la Agricultura (SNICS-SINAREFI) Vigencia: 2009-2010.<\/li>\n\n\n\n<li>Estudio Flor\u00edstico de las bromelias ep\u00edfitas de Sto. Domingo Cacalotepec. SIP20090470.Vigencia 2009. Directora.<\/li>\n\n\n\n<li>Caracterizaci\u00f3n y conservaci\u00f3n de las bromelias ep\u00edfitas en la Sierra Ju\u00e1rez Oaxaca. ORN-BRO-01, con clave SIP-2008-RE\/167. Sistema Nacional de Recursos Filogen\u00e9ticos para la Alimentaci\u00f3n y la Agricultura (SNICS-SINAREFI) Vigencia: 2008-2009.<\/li>\n\n\n\n<li>Germinaci\u00f3n <em>ex situ <\/em>e<em> in situ<\/em> de cinco especies de bromelia ep\u00edfitas con valor comercial. SIP2008328. vigencia 2008. Directora<\/li>\n\n\n\n<li>Diversidad de micro invertebrados presentes en la comunidad de Bromelias ep\u00edfitas de Santa Catarina Ixtepeji, Sierra Norte de Oaxaca. Participante. Universidad Aut\u00f3noma de Aguascalientes PIB 08-08. Vigencia 2008-2009.<\/li>\n\n\n\n<li>Diversidad de ep\u00edfitas vasculares en el bosque mes\u00f3filo de Santo Tomas Teipan. Directora Instituto Polit\u00e9cnico Nacional. SIP-20071033. Vigencia 2007-2008. Directora<\/li>\n\n\n\n<li>El Cultivo de las bromelias ep\u00edfitas ca\u00eddas (magueyitos) para su comercializaci\u00f3n y el impacto de su extracci\u00f3n sobre el flujo de nutrimentos de los bosques de Sta. Catarina Ixtepeji, Oaxaca. Directora. Fundaci\u00f3n Alfredo Harp Elu Oaxaca. Vigencia: 2006-2007<\/li>\n\n\n\n<li>Diversidad, fenolog\u00eda floral e interacci\u00f3n animal-planta de las bromelias ep\u00edfitas presentes a lo largo del gradiente altitudinal del bosque de pino-encino de Ixtepeji, en la Sierra Norte de Oaxaca. Informe 2008. Mondrag\u00f3n D. &amp; Ram\u00edrez I. Directora SEP-CONACYT 2004-CO1-48136. $ 482,000. Vigencia 2005-2008<\/li>\n\n\n\n<li>Plan de manejo y conservaci\u00f3n de tres especies comerciales de bromelias ep\u00edfitas en los valles centrales de Oaxaca. Directora FOSEMARNAT-2004-244. $592,000. Vigencia 2005-2008.<\/li>\n\n\n\n<li>Pan de manejo y conservaci\u00f3n de tres especies comerciales de bromeas ep\u00edfitas en los Valles Centrales de Oaxaca. Clave 2006111.<\/li>\n\n\n\n<li>Artr\u00f3podos presentes en las bromeas epifitas de Santa Catarina Ixtepeji, Oaxaca. Clave 2006449 &#8211; Participante.<\/li>\n\n\n\n<li>Estudio sobre la riqueza biol\u00f3gica de la Chinantla en la regi\u00f3n de la sierra Norte de Oaxaca. Clave CGPI20040211 &#8211; Participante.<\/li>\n\n\n\n<li>Restauraci\u00f3n y aprovechamiento de las orqu\u00eddeas del Soconusco, Chiapas. Clave CGPI: 20040061. Directora. Vigencia 2004.<\/li>\n\n\n\n<li>Estudio para identificar las especies (orqu\u00eddeas y bromelias) con potencial de comercializaci\u00f3n en los encinares de la zona h\u00fameda de Santo Domingo Cacalotepec. Ambientare. Vigencia: 2004.<\/li>\n\n\n\n<li><em>Colaboraci\u00f3n<\/em> Restauraci\u00f3n y aprovechamiento de las orqu\u00eddeas del Soconusco, Chiapas, el cual se realizar\u00e1 en colaboraci\u00f3n de miembros del ECOSUR de Tapachula.&nbsp; SEMARNAT 2002-C01-697. Participante Vigencia: 2003-2006.<\/li>\n\n\n\n<li>El uso de las bromelias epifitas (\u201cmagueyitos\u201d) en las tradiciones mexicanas y su impacto en \u00e1rea comunal protegida de Santa. Catarina Ixtepeji, Sierra Norte de Oaxaca. World Wild Foundation. WWQR17. Participante. Vigencia: 2003.<\/li>\n\n\n\n<li>Integraci\u00f3n fisiol\u00f3gica entre ramitos de dos especies de bromeas ep\u00edfitas comercializadas en los Valles Centrales de Oaxaca. Clave CGPI: 20030419. Financiamiento en la convocatoria CGPI-2003<\/li>\n\n\n\n<li>Biolog\u00eda y conservaci\u00f3n de las ep\u00edfitas en la Pen\u00ednsula de Yucat\u00e1n. Fondo Mexicano para la Conservaci\u00f3n de la naturaleza. Participante Vigencia: 1996.<\/li>\n<\/ol>\n\n\n\n<p><\/p>\n","protected":false},"excerpt":{"rendered":"","protected":false},"author":39,"featured_media":0,"parent":0,"menu_order":0,"comment_status":"closed","ping_status":"closed","template":"","meta":{"_swt_meta_header_display":false,"_swt_meta_footer_display":false,"_swt_meta_site_title_display":false,"_swt_meta_sticky_header":false,"_swt_meta_transparent_header":false,"footnotes":""},"class_list":["post-6","page","type-page","status-publish","hentry"],"_links":{"self":[{"href":"https:\/\/web.ciidiroaxaca.ipn.mx\/dmondragon\/wp-json\/wp\/v2\/pages\/6","targetHints":{"allow":["GET"]}}],"collection":[{"href":"https:\/\/web.ciidiroaxaca.ipn.mx\/dmondragon\/wp-json\/wp\/v2\/pages"}],"about":[{"href":"https:\/\/web.ciidiroaxaca.ipn.mx\/dmondragon\/wp-json\/wp\/v2\/types\/page"}],"author":[{"embeddable":true,"href":"https:\/\/web.ciidiroaxaca.ipn.mx\/dmondragon\/wp-json\/wp\/v2\/users\/39"}],"replies":[{"embeddable":true,"href":"https:\/\/web.ciidiroaxaca.ipn.mx\/dmondragon\/wp-json\/wp\/v2\/comments?post=6"}],"version-history":[{"count":7,"href":"https:\/\/web.ciidiroaxaca.ipn.mx\/dmondragon\/wp-json\/wp\/v2\/pages\/6\/revisions"}],"predecessor-version":[{"id":64,"href":"https:\/\/web.ciidiroaxaca.ipn.mx\/dmondragon\/wp-json\/wp\/v2\/pages\/6\/revisions\/64"}],"wp:attachment":[{"href":"https:\/\/web.ciidiroaxaca.ipn.mx\/dmondragon\/wp-json\/wp\/v2\/media?parent=6"}],"curies":[{"name":"wp","href":"https:\/\/api.w.org\/{rel}","templated":true}]}}