{"id":5,"date":"2011-10-21T21:22:10","date_gmt":"2011-10-21T21:22:10","guid":{"rendered":"https:\/\/web.ciidiroaxaca.ipn.mx\/dmondragon\/publicaciones\/"},"modified":"2026-03-11T15:02:39","modified_gmt":"2026-03-11T21:02:39","slug":"publicaciones","status":"publish","type":"page","link":"https:\/\/web.ciidiroaxaca.ipn.mx\/dmondragon\/publicaciones\/","title":{"rendered":"Publicaciones"},"content":{"rendered":"\n<ol class=\"wp-block-list\">\n<li>Le\u00f3n B., <strong>Mondrag\u00f3n D<\/strong>., Kessler M., Rouhan G., Young K. R., Alarc\u00f3n A., Pel\u00e1ez-Pel\u00e1ez F. &amp; Alb\u00e1n-Castillo J. <strong>2026<\/strong>. Epiphytism across a megadiverse pteridoflora: Ferns and lycophytes as epiphytes in Peru. Revista Peruana de Biolog\u00eda, 33(1): e31912. doi: <a href=\"https:\/\/doi.org\/10.15381\/rpb.v33i1.31912\">https:\/\/doi.org\/10.15381\/rpb.v33i1.31912<\/a><\/li>\n\n\n\n<li>Hern\u00e1ndez-\u00c1lvarez G.R., <strong>Mondrag\u00f3n D*<\/strong>, Solano R, Su\u00e1rez J.P. 6 Robles C. <strong>2026<\/strong>. El efecto del forofito sobre el ciclo reproductivo de dos especies de orqu\u00eddeas ep\u00edfita. Ecosistemas y Recursos Agropecuarios. En prensa.<\/li>\n\n\n\n<li>Abril Carlos-Fern\u00e1ndez E., <strong>Mondrag\u00f3n-Chaparro D<\/strong>.*, Hern\u00e1ndez-\u00c1lvarez G.R., Cuevas-Aguirre D.A. <strong>2025<\/strong>. Colonizaci\u00f3n micorr\u00edzica en ra\u00edces de Alamania punicea Lex. creciendo en diferentes forofitos. CCTO 9: 179-187.<\/li>\n\n\n\n<li><strong>Mondrag\u00f3n D. <\/strong>&amp; Mora-Flores M.P. <strong>2024<\/strong>. First step to study the demography of vascular epiphytes in cities\u201d. Bra. J. Bio 84 <a href=\"https:\/\/doi.org\/10.1590\/1519-6984.270998\">https:\/\/doi.org\/10.1590\/1519-6984.270998<\/a> <\/li>\n\n\n\n<li><strong>Mondrag\u00f3n, D<\/strong>., Alb\u00e1n-Castillo, J., Ram\u00edrez-Mart\u00ednez, A., Guardia, L. U. A., &amp; Garc\u00eda, R. R. <strong>2024<\/strong>. Actualizaci\u00f3n de la flora ep\u00edfita del Per\u00fa. Revista Peruana de Biolog\u00eda, 31(1), e27006-e27006. doi: <a href=\"https:\/\/dx.doi.org\/10.15381\/rpb.v31i1.27006\">https:\/\/dx.doi.org\/10.15381\/rpb.v31i1.27006<\/a><\/li>\n\n\n\n<li><strong>Mondrag\u00f3n D*, <\/strong>Ram\u00edrez-Mart\u00ednez A., Hern\u00e1ndez-\u00c1lvarez G. R.,<strong>.2023.<\/strong> Caracterizaci\u00f3n f\u00edsico-qu\u00edmica de tres especies de forofitos en un encinar de la mixteca oaxaque\u00f1a. CCTO 7 (7):90-107.<\/li>\n\n\n\n<li>Ticktin, T., Charitonidou, M., Douglas, J., Halley, J. M., Hern\u00e1ndez-Apolinar, M., Liu, H., <strong>Mondrag\u00f3n, D.,<\/strong> P\u00e9rez-Garc\u00eda, E. A., Tremblay, R. L., &amp; Phelps, J. <strong>2023<\/strong>. Wild orchids: A framework for identifying and improving sustainable harvest. Biological Conservation, 277, Article 109816. <a href=\"https:\/\/doi.org\/10.1016\/j.biocon.2022.109816\">https:\/\/doi.org\/10.1016\/j.biocon.2022.109816<\/a><\/li>\n\n\n\n<li>P\u00e9rez-Ochoa, M. L., Vera-Guzm\u00e1n, A. M., <strong>Mondrag\u00f3n-Chaparro, D. M<\/strong>., Sandoval-Torres, S., Carrillo-Rodr\u00edguez, J. C., Mayek-P\u00e9rez, N., &amp; Ch\u00e1vez-Servia, J. L. <strong>2023<\/strong>. Effects of Annual Growth Conditions on Phenolic Compounds and Antioxidant Activity in the Roots of <em>Eryngium montanum<\/em>. Plants, 12(18), 3192. <a href=\"https:\/\/doi.org\/10.3390\/plants12183192\">https:\/\/doi.org\/10.3390\/plants12183192<\/a><\/li>\n\n\n\n<li>P\u00e9rez-Ochoa, M. L., Vera-Guzm\u00e1n, A. M., <strong>Mondrag\u00f3n-Chaparro, D. M.,<\/strong> Sandoval-Torres, S., Carrillo-Rodr\u00edguez, J. C., Hern\u00e1ndez-Delgado, S., &amp; Ch\u00e1vez-Servia, J. L. <strong>2023<\/strong>. Plant and Growth Condition Interactions on the Phenolic Compound Contents and Antioxidant Activity in Salvia circinata Cav., a Medicinal Sage. Diversity, 15(5), 656. <a href=\"https:\/\/doi.org\/10.3390\/d15050656\">https:\/\/doi.org\/10.3390\/d15050656<\/a><\/li>\n\n\n\n<li>Ram\u00edrez-Mart\u00ednez, A., Ticktin, T., &amp; <strong>Mondragon, D*. 2022<\/strong>. Host tree species effects on long-term persistence of epiphytic orchid populations.&nbsp;<em>Frontiers in Ecology and Evolution<\/em>,&nbsp;<em>10<\/em>, 1059136.<\/li>\n\n\n\n<li>P\u00e9rez-Ochoa, M. L., Vera-Guzm\u00e1n, A. M., <strong>Mondrag\u00f3n-Chaparro, D. M.,<\/strong> Sandoval-Torres, S., Carrillo-Rodr\u00edguez, J. C., &amp; Ch\u00e1vez-Servia, J. L. <strong>2022<\/strong>. Effects of Growth Conditions on Phenolic Composition and Antioxidant Activity in the Medicinal Plant <em>Ageratina petiolaris<\/em> (Asteraceae). Diversity, 14(8), 595. <a href=\"https:\/\/doi.org\/10.3390\/d14080595\">https:\/\/doi.org\/10.3390\/d14080595<\/a><\/li>\n\n\n\n<li>Pel\u00e1ez Pel\u00e1ez, F., Alarc\u00f3n Rojas, N., Zelada Estraver, W., Torres Delgado, J., Castillo Benites, H., Vergara Mendrano, S., &amp; <strong>Mondrag\u00f3n Chaparro, D<\/strong>. M. <strong>2022<\/strong> Lic\u00f3fitos y helechos en bosque primario y plantaci\u00f3n de <em>Elaeis guineensis<\/em>, shanusi.REBIOL 42(2): 199-212<\/li>\n\n\n\n<li>Mart\u00ednez, R. A., <strong>Mondrag\u00f3n D*. 2021<\/strong>. Fenolog\u00eda y estado poblacional de <em>Echeveria<\/em> <em>nodulosa<\/em> en un bosque estacional en Oaxaca.CCTO 5(5):40-49<\/li>\n\n\n\n<li>Ram\u00edrez-Mart\u00ednez A., <strong>Mondrag\u00f3n D*<\/strong>., &amp; Garc\u00eda, R. R. <strong>2021<\/strong>. Vascular epiphytes: the ugly duckling of phenological studies.&nbsp;<em>Acta Biol\u00f3gica Colombiana<\/em>,&nbsp;<em>26<\/em>(2):247-261.<\/li>\n\n\n\n<li>L\u00f3pez-L\u00f3pez JI, Parra-Tabla V, <strong>Mondrag\u00f3n D*.<\/strong> <strong>2021<\/strong>.Variation in the flowering phenology of an epiphytic bromeliad along an elevational gradient. Acta Biol Colomb. 26(1):42-53. Doi: <a href=\"https:\/\/doi.org\/10.15446\/abc.v26n1.82875\">https:\/\/doi.org\/10.15446\/abc.v26n1.82875<\/a><\/li>\n\n\n\n<li>Ticktin, T., <strong>D. Mondrag\u00f3n*<\/strong>, L. Lopez-Toledo, D. Dutra Elliot, E. Aguirre-Le\u00f3n y M. Hern\u00e1ndez-Apolinar. <strong>2020<\/strong>. Synthesis of wild orchid trade and demography provides new insight on conservation strategies. Conservation Letters. 2020; e12697. <a href=\"https:\/\/doi.org\/10.1111\/conl.12697\">https:\/\/doi.org\/10.1111\/conl.12697<\/a> <strong>Q1 FI 7.397<\/strong><\/li>\n\n\n\n<li>Neretina A.N., P.G. Garibian, M. Romero, D.M. <strong>Mondrag\u00f3n<\/strong> &amp; M. Silva-Briano. <strong>2019<\/strong>. A record of <em>Disparalona hamata<\/em> (Birge, 1879) (Cladocera: Chydoridae) in phytotelmata of <em>Tillandsia aguascalentensis<\/em> Gardner, 1984 (Poales: Bromeliaceae). Zootaxa, 4567(2): 347-357. <strong>Q3 0.999<\/strong><\/li>\n\n\n\n<li>Palacios-Moisquera Y., D. <strong>Mondragon*<\/strong>, J.A Santos-Moreno. <strong>2019.<\/strong> Vertebrate florivory of vascular epiphytes: the case of a bromeliad. Revista Brasile\u00f1a de Biolog\u00eda, 79 (2), 201-207. Epub 30 de julio de 2018. <a href=\"https:\/\/dx.doi.org\/10.1590\/1519-6984.176023%20Q3%20FI%200.958\">https:\/\/dx.doi.org\/10.1590\/1519-6984.176023<\/a><a href=\"https:\/\/dx.doi.org\/10.1590\/1519-6984.176023%20Q3%20FI%200.958\"><strong> Q3 FI 0.958<\/strong><\/a> <\/li>\n\n\n\n<li>L\u00f3pez-L\u00f3pez J. I., Mondrag\u00f3n Chaparro D. M. y Ram\u00edrez-Mart\u00ednez A. <strong>2019<\/strong>. Efecto del forofito sobre la probabilidad de reproducci\u00f3n de <em>Tillandsia carlos-hankii<\/em> Matuda (BROMELIACEAE). CCCTO Vol. 3, N\u00fam. 3: 22-26.<\/li>\n\n\n\n<li>Ram\u00edrez-Mart\u00ednezA., <strong>Mondrag\u00f3n*<\/strong>, D. ValverdeT. &amp; Ch\u00e1vez-Servia J.L. <strong>2018<\/strong>. Spatial variation in host preference in the endangered epiphytic bromeliad <em>Tillandsia carlos-hankii. <\/em>Acta Oecolog\u00edca 92: 75-84. <strong>Q3 FI 1.748<\/strong><\/li>\n\n\n\n<li>M\u00e9ndez-Garc\u00eda E. Ma. del C<strong>, Mondrag\u00f3n D<\/strong> &amp; G\u00f3mez L. <strong>2017<\/strong>. Conocimiento del entorno natural y pol\u00edtica para la conservaci\u00f3n de bromelias ep\u00edfitas en Santa Catarina Ixtepeji, Oaxaca, M\u00e9xico. Revista de Investigaci\u00f3n Acad\u00e9mica sin Fronteras 25:<\/li>\n\n\n\n<li>Ticktin, T., D. <strong>Mondrag\u00f3n*<\/strong> &amp; O. G. Gaoue. <strong>2016<\/strong>. Host genus and rainfall drive the population dynamics of a vascular epiphytes. Ecosphera 7 (11): 1-13<strong> Q2 FI 2.726 <\/strong>Noviembre 2016<\/li>\n\n\n\n<li>Escobedo-Sarti, E.&amp; D. <strong>Mondrag\u00f3n*<\/strong>. <strong>2016<\/strong>. Reproductive phenology of <em>Catopsis compacta<\/em> (Bromeliaceae) a dioecious epiphyte in an oak forest. Botanical Science 94 (4): 729-736.<strong> Q3 FI 0.936 octubre-diciembre<\/strong> <\/li>\n\n\n\n<li><strong>Mondrag\u00f3n<\/strong>, D, E. Ma. del C. M\u00e9ndez-Garc\u00eda&amp; I. Ram\u00edrez Morillo. <strong>2016<\/strong>. Prioritization the Conservation of Epiphytic Bromeliads Using Ethnobotanical Information from Local Markets. Eco. Bot. 70 (1):29-36<strong> Q2 FI 1.481 marzo<\/strong> <\/li>\n\n\n\n<li>Rojas-Z\u00e1rate Y &amp; D. <strong>Mondrag\u00f3n*<\/strong>. <strong>2016<\/strong>. Bromelias ep\u00edfitas del Zaachila, Oaxaca, M\u00e9xico. Rec. Mex. Div. 87 (1): 252-254. ISSN: <strong>Q4 FI 0.917 marzo<\/strong><\/li>\n\n\n\n<li>G\u00f3mez, L., D. <strong>Mondrag\u00f3n*<\/strong> &amp; E. Ma. del C. M\u00e9ndez-Garc\u00eda. <strong>2015<\/strong>. Aprovechamiento sustentable de bromelias ep\u00edfitas: Propuesta comercial del vivero comunitario \u201cLas Bromelias\u201d, Santa Catarina Ixtepeji, Oaxaca. Revista de Investigaci\u00f3n Acad\u00e9mica sin Frontera A\u00f1o 8 (21): 1-20. ISSN: 2007-8870<\/li>\n\n\n\n<li><strong>Mondrag\u00f3n D<\/strong>., T. Valverde &amp; M. Hern\u00e1ndez-Apolinar. <strong>2015<\/strong>. Population ecology of epiphytic angiosperms: A review. Trop. Ecol. 56: 1-39 ISSN: 0564-3295&nbsp;<\/li>\n\n\n\n<li>Carlos Fern\u00e1ndez-R\u00edos, Jos\u00e9 Luis Ch\u00e1vez-Servia &amp; Demetria <strong>Mondrag\u00f3n-Chaparro<\/strong>. <strong>2014<\/strong>. Variaci\u00f3n en n\u00famero de \u00f3vulos en flores de <em>Tillandsia carlos-hankii<\/em> Matuda (BROMELIACEAE). Revista mexicana de agroecosistemas 1(1): 1-11. ISSN: 2007-9559;<\/li>\n\n\n\n<li>Escobedo-Sarti, J., I. Ram\u00edrez, C. Leopardi, G. Carnevalli, S. Magallon, R. Duno &amp; <strong>D. Mondrag\u00f3n<\/strong>. <strong>2013<\/strong>. A phylogeny of Bromeliaceae (Poales, Monocotyledoneae) derived from an evaluation of nine supertree methods. J Syst. Evol. 51:743-757<\/li>\n\n\n\n<li>Del Castillo, R. F., A. S. Trujillo, R. Rivera Garc\u00eda., Z. G\u00f3mez-Ocampo, and <strong>D. Mondrag\u00f3n<\/strong>. <strong>2013<\/strong>. Possible combined effects of climate change, deforestation, and harvesting on the epiphyte Catopsis compacta: a multidisciplinary approach. Ecology &amp; Evolution. 3:3935-3946. DOI: <a href=\"https:\/\/doi.org\/10.1002\/ece3.765\">https:\/\/doi.org\/10.1002\/ece3.765<\/a><\/li>\n\n\n\n<li>Sosa-Luria, D., Ch\u00e1vez-Servia, J.L., <strong>Mondrag\u00f3n-Chaparro<\/strong>, D., Estrado-G\u00f3mez, J.A. &amp; Ram\u00edrez-Vallejo, P. <strong>2012<\/strong>. Viabilidad y germinaci\u00f3n de semilla de seis especies de <em>Tillandsia<\/em> (Bromeliaceae) de Oaxaca, M\u00e9xico. Rev. Fitec. Mex. 35(5): 37.42.<\/li>\n\n\n\n<li><strong>Mondrag\u00f3n<\/strong>, D., G. I. Cruz-Ru\u00edz &amp; J. A. Santos. <strong>2012<\/strong>. The Presence of <em>Abronia oaxacae<\/em> in Tank Bromeliads in Temperate Forests. The Brazilian Journal of Biology 72:2: 337-341.<\/li>\n\n\n\n<li><strong>Mondrag\u00f3n, D<\/strong>. &amp; T. Ticktin. <strong>2011<\/strong>. Demographic effects of harvesting epiphytic bromeliads and an alternative approach to collection. Cons. Biol. 25:797-807.<\/li>\n\n\n\n<li><strong>Mondrag\u00f3n, D.<\/strong> <strong>2011<\/strong>. Guidelines for Collecting Demographic Data for Population Dynamics Studies on Vascular Epiphytes. Journal of the Torrey Botanical Society 138:327-335.<\/li>\n\n\n\n<li><strong>Mondrag\u00f3n, D.<\/strong> <strong>2009<\/strong>. Population viability analysis for <em>Guarienthe aurantiaca<\/em>, an ornamental epiphytic orchid harvested in Southeast M\u00e9xico. Plant Species Biology 24 (1): 35-41.<\/li>\n\n\n\n<li><strong>Mondrag\u00f3n D.,<\/strong> A. Dammon &amp; J. A. Santos-Moreno. <strong>2009<\/strong>. Epiphyte diversity on coffee shrub: a management question? Journal of sustainable agriculture 33 (7): 703-715.<\/li>\n\n\n\n<li><strong>Mondrag\u00f3n D.<\/strong> &amp; G. I. Cruz-Ruiz. <strong>2009<\/strong>. Presence of <em>Vaejovis franckei<\/em> in epiphytic bromeliads in three temperate forest type. J. of Arachnology 37: 371-372<\/li>\n\n\n\n<li><strong>Mondrag\u00f3n, D.<\/strong> &amp; G. I. Cruz-Ruiz. <strong>2008<\/strong>. Seasonal variation of the macro-arthropod community associated to <em>Tillandsia carlos-hankii <\/em>(Bromeliaceae) in an oak-pine forest in Oaxaca, Mexico. Brenesia 70: 11-22.<\/li>\n\n\n\n<li><strong>Mondrag\u00f3n, D. 2008.<\/strong> La comercializaci\u00f3n navide\u00f1a de bromelias ep\u00edfitas en la ciudad de Oaxaca, M\u00e9xico. Etnobiolog\u00eda 6: 24-28.<\/li>\n\n\n\n<li><strong>Mondrag\u00f3n, D<\/strong>. &amp; D. Villa <strong>2008<\/strong>. Estudio etnobot\u00e1nico de las bromelias ep\u00edfitas en la comunidad de Sta. Catarina Ixtepeji. Polibot\u00e1nica 26: 175-191<\/li>\n\n\n\n<li><strong>Mondrag\u00f3n D<\/strong>., C. Maldonado &amp; R. Aguilar-Santelises. <strong>2007<\/strong>. Life history and demography of a twig epiphyte: a case study of <em>Erycina crista-galli<\/em> (Orchidaceae). Selbyana 28 (2):137-144<\/li>\n\n\n\n<li>Maldonado, C. &amp; <strong>D. Mondrag\u00f3n.<\/strong> <strong>2007<\/strong>. Distribuci\u00f3n de <em>Erycina crista-galli <\/em>(Orchidaceae) sobre arbustos de caf\u00e9. Naturaleza y desarrollo 5 (1): 5-10.<\/li>\n\n\n\n<li><strong>Mondrag\u00f3n, D<\/strong> &amp; R. Aguilar. <strong>2006<\/strong>. Contribuci\u00f3n al conocimiento de la flora ep\u00edfita de la Chinantla, Sierra Norte de Oaxaca pp. 155-170. En ed. Proyecto Manejo Integrado de Ecosistemas en tres regiones prioritarias, Ecorregi\u00f3n Chinantla. Memoria Primer encuentro de investigadores de la Chinantla: balance de acciones e intercambio de experiencias.<\/li>\n\n\n\n<li><strong>Mondrag\u00f3n, D.,<\/strong> D. Villa, G. Escobedo y A. Franco. <strong>2006<\/strong>. La riqueza de bromelias ep\u00edfitas a lo largo de un gradiente altitudinal en Santa Catarina Ixtepeji, Oaxaca, M\u00e9xico. Naturaleza y Desarrollo 4 (2):13-16.<\/li>\n\n\n\n<li><strong>Mondrag\u00f3n, D.<\/strong> &amp; Calvo-Irab\u00eden L.M. <strong>2006. <\/strong>Seed dispersal and germination of <em>Tillandsia brachycaulos<\/em> (Bromeliaceae) in a tropical dry forest, Mexico. <em>Southwestern Naturalist<\/em> 51, 462-470<\/li>\n\n\n\n<li><strong>Mondrag\u00f3n,<\/strong> D., L. Mart\u00ednez-Mart\u00ednez y A. D. Franco-M\u00e9ndez. <strong>2006<\/strong>. La riqueza de artr\u00f3podos presentes en las bromelias ep\u00edfitas de Ixtepeji, Oaxaca, M\u00e9xico. En Entomolog\u00eda mexicana Vol. 5(1): 327-329.<\/li>\n\n\n\n<li><strong>Mondrag\u00f3n<\/strong>, D., R. Duran, I. Ramirez &amp; Valverde T. <strong>2004<\/strong>. Temporal variation in the demography of the clonal epiphyte <em>Tillandsia brachycaulos<\/em> (Bromeliacaea) in the Yucatan Peninsula, Mexico. Journal of Tropical Ecology 20: 189-200.<\/li>\n\n\n\n<li><strong>Mondrag\u00f3n, D.,<\/strong> L. Calvo-Irabien &amp; D. Benzing. <strong>2004<\/strong>. The basis for obligate epiphytism in <em>Tillandsia brachycaulos<\/em> (Bromeliaceae) in a dry tropical Mexican forest. Journal of tropical ecology 20: 1-8<\/li>\n\n\n\n<li><strong>Mondrag\u00f3n, D<\/strong>., R, Dur\u00e1n, I. Ram\u00edrez &amp; I. Olmsted. <strong>1999<\/strong>. Population dynamic of <em>Tillandsia brachycaulos<\/em> Schltdl. (Bromeliaceae) in Dzibilchalt\u00fan National Park, Yucat\u00e1n. Selbyana 20(2): 250-255<\/li>\n\n\n\n<li><strong>Mondrag\u00f3n,<\/strong> D. &amp; F. Barredo. <strong>1999<\/strong>. TRICHOMES- and under- utilized taxonomic tool. Journal of the Bromeliad Society vol. 25:50-52.<\/li>\n<\/ol>\n","protected":false},"excerpt":{"rendered":"","protected":false},"author":39,"featured_media":0,"parent":0,"menu_order":0,"comment_status":"closed","ping_status":"closed","template":"","meta":{"_swt_meta_header_display":false,"_swt_meta_footer_display":false,"_swt_meta_site_title_display":false,"_swt_meta_sticky_header":false,"_swt_meta_transparent_header":false,"footnotes":""},"class_list":["post-5","page","type-page","status-publish","hentry"],"_links":{"self":[{"href":"https:\/\/web.ciidiroaxaca.ipn.mx\/dmondragon\/wp-json\/wp\/v2\/pages\/5","targetHints":{"allow":["GET"]}}],"collection":[{"href":"https:\/\/web.ciidiroaxaca.ipn.mx\/dmondragon\/wp-json\/wp\/v2\/pages"}],"about":[{"href":"https:\/\/web.ciidiroaxaca.ipn.mx\/dmondragon\/wp-json\/wp\/v2\/types\/page"}],"author":[{"embeddable":true,"href":"https:\/\/web.ciidiroaxaca.ipn.mx\/dmondragon\/wp-json\/wp\/v2\/users\/39"}],"replies":[{"embeddable":true,"href":"https:\/\/web.ciidiroaxaca.ipn.mx\/dmondragon\/wp-json\/wp\/v2\/comments?post=5"}],"version-history":[{"count":12,"href":"https:\/\/web.ciidiroaxaca.ipn.mx\/dmondragon\/wp-json\/wp\/v2\/pages\/5\/revisions"}],"predecessor-version":[{"id":70,"href":"https:\/\/web.ciidiroaxaca.ipn.mx\/dmondragon\/wp-json\/wp\/v2\/pages\/5\/revisions\/70"}],"wp:attachment":[{"href":"https:\/\/web.ciidiroaxaca.ipn.mx\/dmondragon\/wp-json\/wp\/v2\/media?parent=5"}],"curies":[{"name":"wp","href":"https:\/\/api.w.org\/{rel}","templated":true}]}}