{"id":11,"date":"2011-10-21T21:36:57","date_gmt":"2011-10-21T21:36:57","guid":{"rendered":"https:\/\/web.ciidiroaxaca.ipn.mx\/dmondragon\/actividades-academicas\/"},"modified":"2026-03-11T15:11:01","modified_gmt":"2026-03-11T21:11:01","slug":"actividades-academicas","status":"publish","type":"page","link":"https:\/\/web.ciidiroaxaca.ipn.mx\/dmondragon\/actividades-academicas\/","title":{"rendered":"Actividades acad\u00e9micas"},"content":{"rendered":"\n<h3 class=\"wp-block-heading\"><strong>Docente de las asignaturas:<\/strong><\/h3>\n\n\n\n<ul class=\"wp-block-list\">\n<li><a href=\"https:\/\/web.ciidiroaxaca.ipn.mx\/dmondragon\/wp-content\/uploads\/sites\/34\/2011\/10\/Ecologia_Dosel.pdf\" target=\"_blank\" rel=\"noreferrer noopener\">Ecolog\u00eda del Dosel.&nbsp;<\/a><\/li>\n\n\n\n<li>Seminario de Investigaci\u00f3n II. Maestr\u00eda<\/li>\n\n\n\n<li>Seminario de Investigaci\u00f3n III. Maestr\u00eda<\/li>\n\n\n\n<li><a href=\"https:\/\/web.ciidiroaxaca.ipn.mx\/dmondragon\/wp-content\/uploads\/sites\/34\/2011\/10\/SIP30_SEMINARIO_INV_IV.pdf\" target=\"_blank\" rel=\"noreferrer noopener\">Seminario de Investigaci\u00f3n IV. Maestr\u00eda<\/a><\/li>\n\n\n\n<li><a href=\"https:\/\/web.ciidiroaxaca.ipn.mx\/dmondragon\/wp-content\/uploads\/sites\/34\/2011\/10\/Ecologia_poblaciones_comunidades.pdf\" target=\"_blank\" rel=\"noreferrer noopener\">Ecolog\u00eda de poblaciones y comunidades. Maestr\u00eda<\/a><\/li>\n\n\n\n<li>Seminario I. Doctorado<\/li>\n\n\n\n<li>Seminario de Investigaci\u00f3n III. Doctorado<\/li>\n\n\n\n<li>Seminario IV. Doctorado<\/li>\n\n\n\n<li>Seminario de Investigaci\u00f3n V. Doctorado<\/li>\n\n\n\n<li>Seminario de Investigaci\u00f3n VI. Doctorado<\/li>\n\n\n\n<li>Seminario de Investigaci\u00f3n VII. Doctorado<\/li>\n\n\n\n<li>Temas selectos de investigaci\u00f3n II. Doctorado<\/li>\n<\/ul>\n\n\n\n<p>&nbsp;<\/p>\n\n\n\n<h3 class=\"wp-block-heading\"><strong>Divulgaci\u00f3n de la ciencia<\/strong><\/h3>\n\n\n\n<p><strong>ART\u00cdCULOS DE DIFUSI\u00d3N<\/strong><\/p>\n\n\n\n<ol class=\"wp-block-list\">\n<li><strong>Mondrag\u00f3n D<\/strong>. 2025. Develando los secretos de las ep\u00edfitas vasculares. Conversus. Edici\u00f3n especial, 28-29.<\/li>\n\n\n\n<li><strong>Mondrag\u00f3n D, <\/strong>L\u00f3pez Toledo, L. Ticktin T., Hern\u00e1ndez-Apolinar M. Dutra-Elliot D, Aguirre-Le\u00f3n E. <strong>2025<\/strong>. \u00bfEs posible el uso sustentable de las orqu\u00eddeas silvestres en M\u00e9xico? CICY:17:38-44.ISSN:2395-8790<\/li>\n\n\n\n<li><strong>Mondrag\u00f3n D<\/strong>. &amp; Mora-Flores M.P. <strong>2022<\/strong>. Biodiversidad de las ciudades: el caso de las ep\u00edfitas vasculares. Desde el Herbario CICY, 14: 87-91. ISSN: 2395-8790<\/li>\n\n\n\n<li>L\u00f3pez-L\u00f3pez Judith Isabel y <strong>D.<\/strong> <strong>Mondrag\u00f3n-Chaparro<\/strong>. <strong>2021<\/strong>. Calendario Fenol\u00f3gico reproductivo de una bromelia ep\u00edfita end\u00e9mica de Oaxaca, M\u00e9xico Desde el Herbario CICY, 13:1-6. ISSN: 2395-8790<\/li>\n\n\n\n<li>Ram\u00edrez-Mart\u00ednez, A. y <strong>D. Mondrag\u00f3n-Chaparro<\/strong>. <strong>2020<\/strong>. La fenolog\u00eda de bromelias y orqu\u00eddeas ep\u00edfitas en un bosque de encino estacional. Desde el Herbario CICY, 12:1-5.<\/li>\n\n\n\n<li>Ruiz-Contreras, J. D. y <strong>D. Mondrag\u00f3n-Chaparro<\/strong>. <strong>2019<\/strong>. Pajarito, pajarito \u00bfqu\u00e9 es lo que buscas? Desde el Herbario CICY, 11:225-230.<\/li>\n\n\n\n<li><strong>Mondrag\u00f3n-Chaparro D<\/strong>. y S. C. L\u00f3pez-Farf\u00e1n. <strong>2019<\/strong>. La odisea de la b\u00fasqueda del aprovechamiento sustentable de las bromeas ep\u00edfitas y la preservaci\u00f3n de las tradiciones oaxaque\u00f1as. Desde el Herbario CICY, 11: 138-142.<\/li>\n\n\n\n<li><strong>Mondrag\u00f3n D<\/strong>. y E. C. M\u00e9ndez. <strong>2016<\/strong>. Las buenas costumbres. Desde el Herbario CICY, 8: 24-26.<\/li>\n\n\n\n<li>Ticktin T.,<strong> Mondrag\u00f3n D. <\/strong>y Elliot D. D. <strong>2014<\/strong>. Harvesting from the canopy to conserve species, local livelihoods and cultural traditions. What\u2019s Up? 20(1-2):6-11. <\/li>\n\n\n\n<li>Mondrag\u00f3n, D. <strong>2012<\/strong>. The 6th International Canopy Conference. What\u2019s Up? 18(1): 4.5.<\/li>\n\n\n\n<li>M\u00e9ndez-Garc\u00eda, E. Ma. Del C. &amp; Mondragon, D.&nbsp; <strong>2012<\/strong>. The use of epiphytic bromeliads IN Easter festivities in Zaachila, Oaxaca, Mexico. J. Brom. Soc. 62: 167-172.<\/li>\n\n\n\n<li>Mondrag\u00f3n, D. <strong>2011<\/strong>. The practical side of epiphyte orchid population dynamics studies. What\u2019s Up? 17(4): 6.<\/li>\n\n\n\n<li>Gonz\u00e1lez, G., <strong>D. Mondrag\u00f3n<\/strong> &amp; A. Cruz-Espinoza. <strong>2009<\/strong>. Las bromelias ep\u00edfitas en la voz y expresi\u00f3n de los ni\u00f1os de Oaxaca. Conversus 79: 34-39<\/li>\n\n\n\n<li>Mondrag\u00f3n-Chaparro, D.M &amp; E. Ma. del C. M\u00e9ndez-Garc\u00eda. <strong>2008<\/strong>. Bromelias: los magueyitos encantadores de Oaxaca. Conversus 68: 38-41.<\/li>\n<\/ol>\n\n\n\n<p><\/p>\n\n\n\n<p><strong>CAP\u00cdTULOS DE LIBROS<\/strong><\/p>\n\n\n\n<p><strong>Mondrag\u00f3n D<\/strong>., Mujica E &amp; Gonz\u00e1les E. <strong>2025<\/strong>. Elasticidad y Sensibilidad. En. Introducci\u00f3n a la din\u00e1mica de poblaciones de orqu\u00eddeas: un acercamiento pr\u00e1ctico.&nbsp; <a href=\"https:\/\/raymondltremblay.github.io\/Dinamica_Poblacional\/\">https:\/\/raymondltremblay.github.io\/Dinamica_Poblacional\/<\/a><\/p>\n\n\n\n<p>Ram\u00edrez-Mart\u00ednez A. &amp; <strong>Mondrag\u00f3n D<\/strong>. <strong>2025<\/strong>.Experimento de respuesta de tabla de vida. En. Introducci\u00f3n a la din\u00e1mica de poblaciones de orqu\u00eddeas: un acercamiento pr\u00e1ctico.\u00a0 <a href=\"https:\/\/raymondltremblay.github.io\/Dinamica_Poblacional\/\">https:\/\/raymondltremblay.github.io\/Dinamica_Poblacional\/<\/a><\/p>\n\n\n\n<p><strong>Mondrag\u00f3n D<\/strong> &amp; D. Dutra. <strong>2013<\/strong>. The Population Dynamics of Epiphytic Orchids: A Review and Methodological Guide. <em>In<\/em>: Treetops at risk. M. Lowman, S. Devy &amp; T. Ganesh Editors. Springer. Pp 377-386.<\/p>\n\n\n\n<p><\/p>\n\n\n\n<p><strong>LIBROS DE DIFUSI\u00d3N<\/strong><\/p>\n\n\n\n<p>M\u00e9ndez-Garc\u00eda E.,<strong> Mondrag\u00f3n D., <\/strong>Cruz Ruiz G.I y V\u00e1squez Luis A<strong>. 2011. <\/strong><em>USOS DE LAS BROMELIAS EN EL ESTADO DE OAXACA<\/em>.Pa\u00eds: M\u00e9xico. ISBN: 9786070051203. <strong><\/strong><\/p>\n\n\n\n<p><strong>Mondrag\u00f3n-Chaparro D. M., <\/strong>Ram\u00edrez Morillo I. M., Flores Cruz M. y Garc\u00eda Franco J.G.<strong> 2011. <\/strong><em>LA FAMILIA BROMELIACEAE EN MEXICO<\/em>.Pa\u00eds: M\u00e9xico. ISBN: 978-607-12-0200-0<strong><\/strong><\/p>\n\n\n\n<p><strong>Mondrag\u00f3n D., <\/strong>Fern\u00e1ndez C. y M\u00e9ndez E.<strong> 2009. <\/strong><em>EL CULTIVO RUSTICO DE LAS BROMELIAS EPIFITAS: MANUAL DE CUIDADO EN VIVERO<\/em><strong>. <\/strong>Pa\u00eds: M\u00e9xico. ISBN: 9786074141941948.<\/p>\n","protected":false},"excerpt":{"rendered":"<p>Docente de las asignaturas: &nbsp; Divulgaci\u00f3n de la ciencia ART\u00cdCULOS DE DIFUSI\u00d3N CAP\u00cdTULOS DE LIBROS Mondrag\u00f3n D., Mujica E &amp; Gonz\u00e1les E. 2025. Elasticidad y Sensibilidad. En. Introducci\u00f3n a la din\u00e1mica de poblaciones de orqu\u00eddeas: un acercamiento pr\u00e1ctico.&nbsp; https:\/\/raymondltremblay.github.io\/Dinamica_Poblacional\/ Ram\u00edrez-Mart\u00ednez A. &amp; Mondrag\u00f3n D. 2025.Experimento de respuesta de tabla de vida. En. Introducci\u00f3n a la [&hellip;]<\/p>\n","protected":false},"author":39,"featured_media":0,"parent":0,"menu_order":0,"comment_status":"closed","ping_status":"closed","template":"","meta":{"_swt_meta_header_display":false,"_swt_meta_footer_display":false,"_swt_meta_site_title_display":false,"_swt_meta_sticky_header":false,"_swt_meta_transparent_header":false,"footnotes":""},"class_list":["post-11","page","type-page","status-publish","hentry"],"_links":{"self":[{"href":"https:\/\/web.ciidiroaxaca.ipn.mx\/dmondragon\/wp-json\/wp\/v2\/pages\/11","targetHints":{"allow":["GET"]}}],"collection":[{"href":"https:\/\/web.ciidiroaxaca.ipn.mx\/dmondragon\/wp-json\/wp\/v2\/pages"}],"about":[{"href":"https:\/\/web.ciidiroaxaca.ipn.mx\/dmondragon\/wp-json\/wp\/v2\/types\/page"}],"author":[{"embeddable":true,"href":"https:\/\/web.ciidiroaxaca.ipn.mx\/dmondragon\/wp-json\/wp\/v2\/users\/39"}],"replies":[{"embeddable":true,"href":"https:\/\/web.ciidiroaxaca.ipn.mx\/dmondragon\/wp-json\/wp\/v2\/comments?post=11"}],"version-history":[{"count":6,"href":"https:\/\/web.ciidiroaxaca.ipn.mx\/dmondragon\/wp-json\/wp\/v2\/pages\/11\/revisions"}],"predecessor-version":[{"id":72,"href":"https:\/\/web.ciidiroaxaca.ipn.mx\/dmondragon\/wp-json\/wp\/v2\/pages\/11\/revisions\/72"}],"wp:attachment":[{"href":"https:\/\/web.ciidiroaxaca.ipn.mx\/dmondragon\/wp-json\/wp\/v2\/media?parent=11"}],"curies":[{"name":"wp","href":"https:\/\/api.w.org\/{rel}","templated":true}]}}