{"id":7,"date":"2012-06-05T21:13:45","date_gmt":"2012-06-05T21:13:45","guid":{"rendered":"https:\/\/web.ciidiroaxaca.ipn.mx\/damartinezs\/tesis\/"},"modified":"2025-09-03T16:19:39","modified_gmt":"2025-09-03T16:19:39","slug":"tesis","status":"publish","type":"page","link":"https:\/\/web.ciidiroaxaca.ipn.mx\/damartinezs\/tesis\/","title":{"rendered":"Tesis"},"content":{"rendered":"\n<ul class=\"wp-block-list\">\n<li><strong>TITULO: EVALUACI\u00d3N DEL ENSALITRAMIENTO DE SUELOS DE SAN BLAS ATEMPA Y SAN PEDRO HUILOTEPEC, OAX.<\/strong><\/li>\n<\/ul>\n\n\n\n<p>INSTITUCION: UNIVERSIDAD AUT\u00d3NOMA BENITO JUAREZ DE OAXACA<\/p>\n\n\n\n<p>GRADO: LIC. QU\u00cdMICO AGR\u00d3NOMO<\/p>\n\n\n\n<p>FECHA:&nbsp; DE 1994<\/p>\n\n\n\n<p><\/p>\n\n\n\n<ul class=\"wp-block-list\">\n<li><strong>TITULO: FITOQU\u00cdMICA B\u00c1SICA Y CAPACIDAD INSECTICIDA DE EXTRACTOS DE RA\u00cdZ DE Tephrosia crassifolia Benth.<\/strong><\/li>\n<\/ul>\n\n\n\n<p>INSTITUCI\u00d3N: UNIVERSIDAD AUT\u00d3NOMA BENITO JU\u00c1REZ DE OAXACA.<\/p>\n\n\n\n<p>GRADO: LIC.&nbsp; QU\u00cdMICO AGR\u00d3NOMO<\/p>\n\n\n\n<p>FECHA: MARZO DE 1995<\/p>\n\n\n\n<p><\/p>\n\n\n\n<ul class=\"wp-block-list\">\n<li><strong>TITULO: CONTROL DE PLAGAS EN NOGAL DE CASTILLA Juglans regia EN DOS COMUNIDADES CUICATECAS DE OAXACA.<\/strong><\/li>\n<\/ul>\n\n\n\n<p>INSTITUCI\u00d3N. INSTITUTO TECNOL\u00d3GICO DE COMITANCILLO OAXACA.<\/p>\n\n\n\n<p><strong>GRADO:&nbsp; ING. AGRON. CON ESPECIALIDAD EN FITOTECNIA.<\/strong><\/p>\n\n\n\n<p><strong>FECHA. MARZO 2003.<\/strong><\/p>\n\n\n\n<p><\/p>\n\n\n\n<ul class=\"wp-block-list\">\n<li><strong>TITULO: EVALUACI\u00d3N DEL CRECIMIENTO VEGETATIVO EN AGAVE ANGUSTIFOLIA HAW POR EFECTO DE LA INOCULACI\u00d3N CON HONGOS MICORR\u00cdZICOS Y FERTILIZACI\u00d3N QU\u00cdMICA BAJO CONDICIONES\u00a0\u00a0\u00a0 DE INVERNADERO.<\/strong><\/li>\n<\/ul>\n\n\n\n<p>INSTITUCI\u00d3N. INSTITUTO TECNOL\u00d3GICO DE COMITANCILLO OAXACA.<\/p>\n\n\n\n<p><strong>GRADO:&nbsp; ING. AGRON. CON ESPECIALIDAD EN FITOTECNIA.<\/strong><\/p>\n\n\n\n<p><strong>FECHA. FEBRERO 2004.<\/strong><\/p>\n\n\n\n<p><\/p>\n\n\n\n<h3 class=\"wp-block-heading\">RESIDENCIA PROFESIONAL<\/h3>\n\n\n\n<ul class=\"wp-block-list\">\n<li><strong>TITULO:\u00a0 DISCO COMPACTO MULTIMEDIA DEL PROYECTO: PRACTICAS ECOL\u00d3GICAS PARA EL RESCATE Y CONSERVACI\u00d3N DEL NOGAL DE CASTILLA.<\/strong><\/li>\n<\/ul>\n\n\n\n<p>INSTITUCI\u00d3N. INSTITUTO TECNOL\u00d3GICO DE OAXACA.<\/p>\n\n\n\n<p><strong>FECHA.FEBRERO- JUNIO 2001.<\/strong><\/p>\n\n\n\n<p><\/p>\n\n\n\n<ul class=\"wp-block-list\">\n<li><strong>TITULO: CONTROL DE PLAGAS EN NOGAL DE CASTILLA Juglans regia EN DOS COMUNIDADES CUICATECAS DE OAXACA.<\/strong><\/li>\n<\/ul>\n\n\n\n<p>INSTITUCI\u00d3N. INSTITUTO TECNOL\u00d3GICO DE COMITANCILLO OAXACA.<\/p>\n\n\n\n<p><strong>FECHA. MARZO 2001-DICIEMBRE 2002.<\/strong><\/p>\n","protected":false},"excerpt":{"rendered":"<p>INSTITUCION: UNIVERSIDAD AUT\u00d3NOMA BENITO JUAREZ DE OAXACA GRADO: LIC. QU\u00cdMICO AGR\u00d3NOMO FECHA:&nbsp; DE 1994 INSTITUCI\u00d3N: UNIVERSIDAD AUT\u00d3NOMA BENITO JU\u00c1REZ DE OAXACA. GRADO: LIC.&nbsp; QU\u00cdMICO AGR\u00d3NOMO FECHA: MARZO DE 1995 INSTITUCI\u00d3N. INSTITUTO TECNOL\u00d3GICO DE COMITANCILLO OAXACA. GRADO:&nbsp; ING. AGRON. CON ESPECIALIDAD EN FITOTECNIA. FECHA. MARZO 2003. INSTITUCI\u00d3N. INSTITUTO TECNOL\u00d3GICO DE COMITANCILLO OAXACA. GRADO:&nbsp; ING. AGRON. CON [&hellip;]<\/p>\n","protected":false},"author":75,"featured_media":0,"parent":0,"menu_order":0,"comment_status":"closed","ping_status":"closed","template":"","meta":{"_swt_meta_header_display":false,"_swt_meta_footer_display":false,"_swt_meta_site_title_display":false,"_swt_meta_sticky_header":false,"_swt_meta_transparent_header":false,"footnotes":""},"class_list":["post-7","page","type-page","status-publish","hentry"],"_links":{"self":[{"href":"https:\/\/web.ciidiroaxaca.ipn.mx\/damartinezs\/wp-json\/wp\/v2\/pages\/7","targetHints":{"allow":["GET"]}}],"collection":[{"href":"https:\/\/web.ciidiroaxaca.ipn.mx\/damartinezs\/wp-json\/wp\/v2\/pages"}],"about":[{"href":"https:\/\/web.ciidiroaxaca.ipn.mx\/damartinezs\/wp-json\/wp\/v2\/types\/page"}],"author":[{"embeddable":true,"href":"https:\/\/web.ciidiroaxaca.ipn.mx\/damartinezs\/wp-json\/wp\/v2\/users\/75"}],"replies":[{"embeddable":true,"href":"https:\/\/web.ciidiroaxaca.ipn.mx\/damartinezs\/wp-json\/wp\/v2\/comments?post=7"}],"version-history":[{"count":6,"href":"https:\/\/web.ciidiroaxaca.ipn.mx\/damartinezs\/wp-json\/wp\/v2\/pages\/7\/revisions"}],"predecessor-version":[{"id":39,"href":"https:\/\/web.ciidiroaxaca.ipn.mx\/damartinezs\/wp-json\/wp\/v2\/pages\/7\/revisions\/39"}],"wp:attachment":[{"href":"https:\/\/web.ciidiroaxaca.ipn.mx\/damartinezs\/wp-json\/wp\/v2\/media?parent=7"}],"curies":[{"name":"wp","href":"https:\/\/api.w.org\/{rel}","templated":true}]}}