{"id":4,"date":"2012-06-05T21:04:22","date_gmt":"2012-06-05T21:04:22","guid":{"rendered":"https:\/\/web.ciidiroaxaca.ipn.mx\/damartinezs\/dr-david-martinez-sanchez\/"},"modified":"2025-09-03T15:26:07","modified_gmt":"2025-09-03T15:26:07","slug":"dr-david-martinez-sanchez","status":"publish","type":"page","link":"https:\/\/web.ciidiroaxaca.ipn.mx\/damartinezs\/","title":{"rendered":"Dr. David Mart\u00ednez S\u00e1nchez"},"content":{"rendered":"\n<h3 class=\"wp-block-heading has-text-align-center\">Doctor en Ciencias en Horticultura egresado de la Universidad Aut\u00f3noma Chapingo.<\/h3>\n\n\n\n<p class=\"has-text-align-center\">\u00c1rea de inter\u00e9s: Manejo integrado de Plagas y enfermedades agr\u00edcolas,&nbsp;agricultura protegida y mejoramiento de sistemas de producci\u00f3n hort\u00edcola.<\/p>\n\n\n\n<p class=\"has-text-align-center\">Profesor Colegiado del Posgrado del CIIDIR Oaxaca, IPN.<\/p>\n\n\n\n<p class=\"has-text-align-center\">e-mail: damartinezs@ipn.mx&nbsp; &nbsp;&nbsp;extensi\u00f3n: 82725<\/p>\n","protected":false},"excerpt":{"rendered":"<p>Doctor en Ciencias en Horticultura egresado de la Universidad Aut\u00f3noma Chapingo. \u00c1rea de inter\u00e9s: Manejo integrado de Plagas y enfermedades agr\u00edcolas,&nbsp;agricultura protegida y mejoramiento de sistemas de producci\u00f3n hort\u00edcola. Profesor Colegiado del Posgrado del CIIDIR Oaxaca, IPN. e-mail: damartinezs@ipn.mx&nbsp; &nbsp;&nbsp;extensi\u00f3n: 82725<\/p>\n","protected":false},"author":75,"featured_media":0,"parent":0,"menu_order":0,"comment_status":"closed","ping_status":"closed","template":"","meta":{"_swt_meta_header_display":false,"_swt_meta_footer_display":false,"_swt_meta_site_title_display":false,"_swt_meta_sticky_header":false,"_swt_meta_transparent_header":false,"footnotes":""},"class_list":["post-4","page","type-page","status-publish","hentry"],"_links":{"self":[{"href":"https:\/\/web.ciidiroaxaca.ipn.mx\/damartinezs\/wp-json\/wp\/v2\/pages\/4","targetHints":{"allow":["GET"]}}],"collection":[{"href":"https:\/\/web.ciidiroaxaca.ipn.mx\/damartinezs\/wp-json\/wp\/v2\/pages"}],"about":[{"href":"https:\/\/web.ciidiroaxaca.ipn.mx\/damartinezs\/wp-json\/wp\/v2\/types\/page"}],"author":[{"embeddable":true,"href":"https:\/\/web.ciidiroaxaca.ipn.mx\/damartinezs\/wp-json\/wp\/v2\/users\/75"}],"replies":[{"embeddable":true,"href":"https:\/\/web.ciidiroaxaca.ipn.mx\/damartinezs\/wp-json\/wp\/v2\/comments?post=4"}],"version-history":[{"count":2,"href":"https:\/\/web.ciidiroaxaca.ipn.mx\/damartinezs\/wp-json\/wp\/v2\/pages\/4\/revisions"}],"predecessor-version":[{"id":26,"href":"https:\/\/web.ciidiroaxaca.ipn.mx\/damartinezs\/wp-json\/wp\/v2\/pages\/4\/revisions\/26"}],"wp:attachment":[{"href":"https:\/\/web.ciidiroaxaca.ipn.mx\/damartinezs\/wp-json\/wp\/v2\/media?parent=4"}],"curies":[{"name":"wp","href":"https:\/\/api.w.org\/{rel}","templated":true}]}}