{"id":8,"date":"2011-10-26T20:03:42","date_gmt":"2011-10-26T20:03:42","guid":{"rendered":"https:\/\/web.ciidiroaxaca.ipn.mx\/croblesp\/tesis\/"},"modified":"2025-09-17T15:20:40","modified_gmt":"2025-09-17T15:20:40","slug":"tesis","status":"publish","type":"page","link":"https:\/\/web.ciidiroaxaca.ipn.mx\/croblesp\/tesis\/","title":{"rendered":"Tesis"},"content":{"rendered":"\n<h4 class=\"wp-block-heading\">&nbsp;<\/h4>\n\n\n\n<h4 class=\"wp-block-heading\">Temas de tesis que se ofertan<\/h4>\n\n\n\n<ul class=\"wp-block-list\">\n<li>Fertilizaci\u00f3n mineral y biol\u00f3gica de especies hort\u00edcolas cultivadas en sustratos org\u00e1nicos compostados<\/li>\n\n\n\n<li>Multiplicaci\u00f3n y conservaci\u00f3n de consorcios de cepas de hongos micorr\u00edzicos arbusculares<\/li>\n\n\n\n<li>Respuesta del crecimiento de Agave angustifolia y Agave potatorum a dosis crecientes de fertilizantes de liberaci\u00f3n lenta<\/li>\n<\/ul>\n\n\n\n<h4 class=\"wp-block-heading\">\u00a0Tesis finalizadas de nivel doctorado<\/h4>\n\n\n\n<ul class=\"wp-block-list\">\n<li>Hugo Adalberto von Thaden Ugalde (2019). \u201cBIORREMEDIACI\u00d3N DE JALES CON PRESENCIA DE METALES PESADOS EN LA COMUNIDAD SAN JER\u00d3NIMO TAVICHE\u201d. Doctorado en Ciencias en Conservaci\u00f3n y Aprovechamiento de Recursos Naturales. IPN-CIIDIR Oaxaca<\/li>\n<\/ul>\n\n\n\n<h4 class=\"wp-block-heading\">Tesis finalizadas nivel Maestr\u00eda<\/h4>\n\n\n\n<ul class=\"wp-block-list\">\n<li>Daniela Arisbet Canseco Mart\u00ednez (2019). \u201cEFECTIVIDAD DE BIOFERTILIZANTES Y ABONOS ORG\u00c1NICOS EN EL RENDIMIENTO Y CALIDAD DEL CAF\u00c9 EN PLUMA HIDALGO, OAXACA\u201d Maestr\u00eda en Ciencias en Productividad en Agroecosistemas. TecNM-ITVO<\/li>\n\n\n\n<li>Rolando Fabi\u00e1n Ram\u00edrez Rodr\u00edguez (2019). \u201cCONTROL BIOL\u00d3GICO DE LA ROYA DEL CAF\u00c9 (Hemileia vastatrix) EN PLUMA HIDALGO, OAXACA\u201d Maestr\u00eda en Ciencias en Productividad en Agroecosistemas. TecNM-ITVO<\/li>\n<\/ul>\n\n\n\n<h4 class=\"wp-block-heading\">Tesis finalizadas de Nivel Licenciatura<\/h4>\n\n\n\n<ul class=\"wp-block-list\">\n<li>Edith Guadalupe L\u00f3pez Mart\u00ednez (2019). \u201cLicenciatura en Ciencias Ambientales. Universidad de la Sierra Ju\u00e1rez<\/li>\n<\/ul>\n\n\n\n<h4 class=\"wp-block-heading\">\u00a0Tesis de nivel Doctorado En Proceso<\/h4>\n\n\n\n<ul class=\"wp-block-list\">\n<li>Artemio M\u00e9ndez Mat\u00edas. \u201cINTERACCIONES MICROORGANISMO-PLANTA EN EL CULTIVO DE MA\u00cdZ BAJO ESTR\u00c9S HIDRICO EN OAXACA\u201d. Doctorado en Ciencias en Conservaci\u00f3n y Aprovechamiento de Recursos Naturales. IPN-CIIDIR Oaxaca<\/li>\n\n\n\n<li>Reinier Hern\u00e1ndez Campos. \u201c\u00c1CIDOS H\u00daMICOS, CARACTER\u00cdSTICAS ESTRUCTURALES Y SU FUNCI\u00d3N PROTECTORA ANTE EL D\u00c9FICIT H\u00cdDRICO EN PLANTAS DE MA\u00cdZ\u201d. Doctorado en Ciencias en Conservaci\u00f3n y Aprovechamiento de Recursos Naturales. IPN-CIIDIR Oaxaca<\/li>\n\n\n\n<li>Paulina Alejandra Flores R\u00edos. \u201cRESIDUOS AGROINDUSTRIALES DE MEZCAL: GENERACI\u00d3N, BIODEGRADACI\u00d3N Y USO COMO SUSTRATOS PARA PRODUCCI\u00d3N DE TOMATE EN INTERACCI\u00d3N CON MICROORGANISMOS RIZOSF\u00c9RICOS\u201d. Doctorado en Ciencias en Conservaci\u00f3n y Aprovechamiento de Recursos Naturales. IPN-CIIDIR Oaxaca<\/li>\n<\/ul>\n\n\n\n<h4 class=\"wp-block-heading\">\u00a0Tesis de nivel Maestr\u00eda En Proceso<\/h4>\n\n\n\n<ul class=\"wp-block-list\">\n<li>Gustavo Ramiro Hern\u00e1ndez \u00c1lvarez. \u201cEFECTO DEL FOROFITO SOBRE LA GERMINACI\u00d3N\u00a0DE ORQU\u00cdDEAS EP\u00cdFITAS: EL CASO DE Alamania punicea Y Oncidium brachyandrum\u201d Maestr\u00eda en Ciencias en Conservaci\u00f3n y Aprovechamiento de Recursos Naturales. IPN-CIIDIR Oaxaca<\/li>\n\n\n\n<li>Estrella Elizabeth Blancas D\u00edaz. \u201cBIENES Y SERVICIOS ECOSIST\u00c9MICOS DE LA SELVA MEDIANA SUBCADUCIFOLIA EN LA COSTA DE OAXACA\u201d Maestr\u00eda en Ciencias en Productividad en Agroecosistemas. TecNM-ITVO<\/li>\n\n\n\n<li>Yuridia Rodr\u00edguez Gonz\u00e1lez. \u201cPATOG\u00c9NESIS Y CONTROL\u00a0 IN VITRO DE\u00a0 LA ANTRACNOSIS\u00a0 (Colletotrichum spp.) DE LA PAPAYA\u201d. \u00a0Maestr\u00eda en Ciencias en Productividad en Agroecosistemas. TecNM-ITVO<\/li>\n<\/ul>\n","protected":false},"excerpt":{"rendered":"<p>&nbsp; Temas de tesis que se ofertan \u00a0Tesis finalizadas de nivel doctorado Tesis finalizadas nivel Maestr\u00eda Tesis finalizadas de Nivel Licenciatura \u00a0Tesis de nivel Doctorado En Proceso \u00a0Tesis de nivel Maestr\u00eda En Proceso<\/p>\n","protected":false},"author":60,"featured_media":0,"parent":0,"menu_order":0,"comment_status":"closed","ping_status":"closed","template":"","meta":{"_swt_meta_header_display":false,"_swt_meta_footer_display":false,"_swt_meta_site_title_display":false,"_swt_meta_sticky_header":false,"_swt_meta_transparent_header":false,"footnotes":""},"class_list":["post-8","page","type-page","status-publish","hentry"],"_links":{"self":[{"href":"https:\/\/web.ciidiroaxaca.ipn.mx\/croblesp\/wp-json\/wp\/v2\/pages\/8","targetHints":{"allow":["GET"]}}],"collection":[{"href":"https:\/\/web.ciidiroaxaca.ipn.mx\/croblesp\/wp-json\/wp\/v2\/pages"}],"about":[{"href":"https:\/\/web.ciidiroaxaca.ipn.mx\/croblesp\/wp-json\/wp\/v2\/types\/page"}],"author":[{"embeddable":true,"href":"https:\/\/web.ciidiroaxaca.ipn.mx\/croblesp\/wp-json\/wp\/v2\/users\/60"}],"replies":[{"embeddable":true,"href":"https:\/\/web.ciidiroaxaca.ipn.mx\/croblesp\/wp-json\/wp\/v2\/comments?post=8"}],"version-history":[{"count":4,"href":"https:\/\/web.ciidiroaxaca.ipn.mx\/croblesp\/wp-json\/wp\/v2\/pages\/8\/revisions"}],"predecessor-version":[{"id":33,"href":"https:\/\/web.ciidiroaxaca.ipn.mx\/croblesp\/wp-json\/wp\/v2\/pages\/8\/revisions\/33"}],"wp:attachment":[{"href":"https:\/\/web.ciidiroaxaca.ipn.mx\/croblesp\/wp-json\/wp\/v2\/media?parent=8"}],"curies":[{"name":"wp","href":"https:\/\/api.w.org\/{rel}","templated":true}]}}