{"id":6,"date":"2011-10-26T19:52:30","date_gmt":"2011-10-26T19:52:30","guid":{"rendered":"https:\/\/web.ciidiroaxaca.ipn.mx\/croblesp\/publicaciones\/"},"modified":"2025-09-17T15:12:15","modified_gmt":"2025-09-17T15:12:15","slug":"publicaciones","status":"publish","type":"page","link":"https:\/\/web.ciidiroaxaca.ipn.mx\/croblesp\/publicaciones\/","title":{"rendered":"Publicaciones"},"content":{"rendered":"\n<ul class=\"wp-block-list\">\n<li>S\u00e1nchez-Mendoza, S.; A. Bautista-Cruz; C. Robles; M.N. Rodr\u00edguez-Mendoza. 2020. Irrigation and slow-release fertilizers promote the nutrition and growth of Agave angustifolia Haw. Journal of Plant Nutrition. 43(5): 699-708.<br><a href=\"https:\/\/doi.org\/10.1080\/01904167.2019.1701025\" target=\"_blank\" rel=\"noreferrer noopener\">https:\/\/doi.org\/10.1080\/01904167.2019.1701025<\/a><\/li>\n\n\n\n<li>De la Cruz-Ortiz, A.V., J. \u00c1lvarez-Lopeztello, C. Robles, L.V. Hern\u00e1ndez-Cuevas. 2020. Tillage intensity reduces the arbuscular mycorrhizal fungi attributes associated with Solanum lycopersicum, in the Tehuantepec Isthmus (Oaxaca), M\u00e9xico. Applied Soil Ecology 149:103519<br><a href=\"https:\/\/doi.org\/10.1016\/j.apsoil.2020.103519\" target=\"_blank\" rel=\"noreferrer noopener\">https:\/\/doi.org\/10.1016\/j.apsoil.2020.103519<\/a><\/li>\n\n\n\n<li>Von Thaden-Ugalde, H.A., C. Robles, M.E. Fuente-Carrasco. 2020. La actividad minera del siglo XX en el valle de Oaxaca: riesgos de salud p\u00fablica de hoy. Revista Internacional de Contaminaci\u00f3n Ambiental 36(1): 165-175. DOI: 10.20937\/RICA.2020.36.53209<\/li>\n\n\n\n<li>\u00c1lvarez-Lopeztello, J.; R.F. del Castillo; C. Robles; L.V. Hern\u00e1ndez-Cuevas. 2019. Spore diversity of arbuscular mycorrhizal fungi in human-modified tropical ecosystems. Ecological Research. 2019: 1-12. DOI: 10.1111\/1440-1703.12004. I.1<\/li>\n\n\n\n<li>\u00c1lvarez-Lopeztello, J.; L.V. Hern\u00e1ndez-Cuevas; R. F. del Castillo; C. Robles. 2019. Diversity of arbuscular mycorrhizal fungi associated with Brachiaria brizantha pastures in lowlands of Oaxaca, Mexico. Grassland Science. 65: 197-201. DOI: 10.1111\/grs.12224. I.1<\/li>\n\n\n\n<li>Hern\u00e1ndez, R.; C. Robles; A. Calder\u00edn; F. Guridi; I.M. Reynaldo; D. Gonz\u00e1lez. 2018. Efectos anti estr\u00e9s de \u00e1cidos h\u00famicos de vermicompost en dos cultivares de arroz (Oryza sativa L.). Cultivos Tropicales. 39 (2): 65-74. I.5<\/li>\n\n\n\n<li>M\u00e9ndez-Mat\u00edas, A.; C. Robles; J. Ruiz-Vega; E. Casta\u00f1eda-Hidalgo. 2018. Compostaje de residuos agroindustriales inoculados con hongos lignocelul\u00f3sicos y modificaci\u00f3n de la relaci\u00f3n C\/N. 2018. Revista Mexicana de Ciencias Agr\u00edcolas. 9 (2): 271- . I.3<\/li>\n\n\n\n<li>Miguel-Mart\u00ednez, M.; L. Pliego-Mar\u00edn; C. Robles; E. Arag\u00f3n-Robles. 2018. Caracterizaci\u00f3n de las propiedades f\u00edsicas y qu\u00edmicas de materiales composteados para uso potencial en la producci\u00f3n de chile de agua. Revista Mexicana de Agroecosistemas. 5 (1): 12-23. I.16<\/li>\n\n\n\n<li>\u00c1lvarez-Lopeztello, J.; L.V. Hern\u00e1ndez-Cuevas; R.F. del Castillo; C. Robles. 2018. Second world record of Glomus trufemii (Glomeromycota: Fungi), an arbuscular mycorrhizal fungus from a Mexican savanna. 2018. Revista Mexicana de Biodiversidad. 89: 298-300.<br><a href=\"https:\/\/doi.org\/10.22201\/ib.20078706e.2018.1.2101\" target=\"_blank\" rel=\"noreferrer noopener\">https:\/\/doi.org\/10.22201\/ib.20078706e.2018.1.2101<\/a>. I.1<\/li>\n\n\n\n<li>Hern\u00e1ndez-Morales, J.L.; C. L\u00f3pez-S\u00e1nchez; C. Robles; F.J. Palma-Cruz. 2017. Nuevos reportes de hongos micorr\u00edcicos arbusculares en Agave potatorum, en la Mixteca oaxaque\u00f1a. Revista Mexicana de Agroecosistemas. 4 (2 supl. 2):37- . I.16<\/li>\n\n\n\n<li>V\u00e1squez-Cruz, M.A.; E. Casta\u00f1eda-Hidalgo; S. Lozano-Trejo; M.I. P\u00e9rez-Le\u00f3n; G.M. Santiago-Mart\u00ednez; C. Robles. 2017. Caracterizaci\u00f3n de sistemas de cultivo de ma\u00edz en regiones del estado de Oaxaca. Revista Mexicana de Agroecosistemas. 4 (1): 24-37. I.16<\/li>\n<\/ul>\n","protected":false},"excerpt":{"rendered":"","protected":false},"author":60,"featured_media":0,"parent":0,"menu_order":0,"comment_status":"closed","ping_status":"closed","template":"","meta":{"_swt_meta_header_display":false,"_swt_meta_footer_display":false,"_swt_meta_site_title_display":false,"_swt_meta_sticky_header":false,"_swt_meta_transparent_header":false,"footnotes":""},"class_list":["post-6","page","type-page","status-publish","hentry"],"_links":{"self":[{"href":"https:\/\/web.ciidiroaxaca.ipn.mx\/croblesp\/wp-json\/wp\/v2\/pages\/6","targetHints":{"allow":["GET"]}}],"collection":[{"href":"https:\/\/web.ciidiroaxaca.ipn.mx\/croblesp\/wp-json\/wp\/v2\/pages"}],"about":[{"href":"https:\/\/web.ciidiroaxaca.ipn.mx\/croblesp\/wp-json\/wp\/v2\/types\/page"}],"author":[{"embeddable":true,"href":"https:\/\/web.ciidiroaxaca.ipn.mx\/croblesp\/wp-json\/wp\/v2\/users\/60"}],"replies":[{"embeddable":true,"href":"https:\/\/web.ciidiroaxaca.ipn.mx\/croblesp\/wp-json\/wp\/v2\/comments?post=6"}],"version-history":[{"count":3,"href":"https:\/\/web.ciidiroaxaca.ipn.mx\/croblesp\/wp-json\/wp\/v2\/pages\/6\/revisions"}],"predecessor-version":[{"id":30,"href":"https:\/\/web.ciidiroaxaca.ipn.mx\/croblesp\/wp-json\/wp\/v2\/pages\/6\/revisions\/30"}],"wp:attachment":[{"href":"https:\/\/web.ciidiroaxaca.ipn.mx\/croblesp\/wp-json\/wp\/v2\/media?parent=6"}],"curies":[{"name":"wp","href":"https:\/\/api.w.org\/{rel}","templated":true}]}}