{"id":5,"date":"2011-10-26T19:30:40","date_gmt":"2011-10-26T19:30:40","guid":{"rendered":"https:\/\/web.ciidiroaxaca.ipn.mx\/croblesp\/dr-celerino-robles-perez\/"},"modified":"2025-09-17T15:08:37","modified_gmt":"2025-09-17T15:08:37","slug":"dr-celerino-robles-perez","status":"publish","type":"page","link":"https:\/\/web.ciidiroaxaca.ipn.mx\/croblesp\/","title":{"rendered":"Dr. Celerino Robles P\u00e9rez"},"content":{"rendered":"\n<figure class=\"wp-block-image aligncenter\"><img loading=\"lazy\" decoding=\"async\" width=\"111\" height=\"145\" src=\"https:\/\/web.ciidiroaxaca.ipn.mx\/croblesp\/wp-content\/uploads\/sites\/60\/2011\/10\/celerino.jpg\" alt=\"\" class=\"wp-image-4\"\/><\/figure>\n\n\n\n<h3 class=\"wp-block-heading has-text-align-center rtecenter\">Qu\u00edmico Agr\u00edcola. \u00a0Facultad de Qu\u00edmica. Universidad Aut\u00f3noma de Quer\u00e9taro.<\/h3>\n\n\n\n<h3 class=\"wp-block-heading has-text-align-center\">Doctor en Agronom\u00eda. Escuela T\u00e9cnica Superior de Ingenieros Agr\u00f3nomos. Universidad Polit\u00e9cnica de Madrid.<\/h3>\n\n\n\n<p class=\"has-text-align-center\">Profesor Titular en los Programas de Maestr\u00eda y Doctorado en Ciencias en Conservaci\u00f3n y Aprovechamiento de Recursos Naturales del CIIDIR- Unidad Oaxaca, Instituto Polit\u00e9cnico Nacional.<\/p>\n\n\n\n<p><strong>\u00c1reas de inter\u00e9s:\u00a0<\/strong><\/p>\n\n\n\n<p class=\"has-text-align-center\">Fertilidad y Calidad del Suelo, Nutrici\u00f3n Mineral de las Plantas, Relaciones Plantas-Microorganismos<\/p>\n\n\n\n<p class=\"has-text-align-center rtecenter\">Correo electr\u00f3nico: croblesp@ipn.mx &nbsp; &nbsp; Extensi\u00f3n: 82738<\/p>\n\n\n\n<p><\/p>\n","protected":false},"excerpt":{"rendered":"<p>Qu\u00edmico Agr\u00edcola. \u00a0Facultad de Qu\u00edmica. Universidad Aut\u00f3noma de Quer\u00e9taro. Doctor en Agronom\u00eda. Escuela T\u00e9cnica Superior de Ingenieros Agr\u00f3nomos. Universidad Polit\u00e9cnica de Madrid. Profesor Titular en los Programas de Maestr\u00eda y Doctorado en Ciencias en Conservaci\u00f3n y Aprovechamiento de Recursos Naturales del CIIDIR- Unidad Oaxaca, Instituto Polit\u00e9cnico Nacional. \u00c1reas de inter\u00e9s:\u00a0 Fertilidad y Calidad del Suelo, [&hellip;]<\/p>\n","protected":false},"author":60,"featured_media":0,"parent":0,"menu_order":0,"comment_status":"closed","ping_status":"closed","template":"","meta":{"_swt_meta_header_display":false,"_swt_meta_footer_display":false,"_swt_meta_site_title_display":false,"_swt_meta_sticky_header":false,"_swt_meta_transparent_header":false,"footnotes":""},"class_list":["post-5","page","type-page","status-publish","hentry"],"_links":{"self":[{"href":"https:\/\/web.ciidiroaxaca.ipn.mx\/croblesp\/wp-json\/wp\/v2\/pages\/5","targetHints":{"allow":["GET"]}}],"collection":[{"href":"https:\/\/web.ciidiroaxaca.ipn.mx\/croblesp\/wp-json\/wp\/v2\/pages"}],"about":[{"href":"https:\/\/web.ciidiroaxaca.ipn.mx\/croblesp\/wp-json\/wp\/v2\/types\/page"}],"author":[{"embeddable":true,"href":"https:\/\/web.ciidiroaxaca.ipn.mx\/croblesp\/wp-json\/wp\/v2\/users\/60"}],"replies":[{"embeddable":true,"href":"https:\/\/web.ciidiroaxaca.ipn.mx\/croblesp\/wp-json\/wp\/v2\/comments?post=5"}],"version-history":[{"count":2,"href":"https:\/\/web.ciidiroaxaca.ipn.mx\/croblesp\/wp-json\/wp\/v2\/pages\/5\/revisions"}],"predecessor-version":[{"id":27,"href":"https:\/\/web.ciidiroaxaca.ipn.mx\/croblesp\/wp-json\/wp\/v2\/pages\/5\/revisions\/27"}],"wp:attachment":[{"href":"https:\/\/web.ciidiroaxaca.ipn.mx\/croblesp\/wp-json\/wp\/v2\/media?parent=5"}],"curies":[{"name":"wp","href":"https:\/\/api.w.org\/{rel}","templated":true}]}}