{"id":8,"date":"2024-06-05T16:40:49","date_gmt":"2024-06-05T16:40:49","guid":{"rendered":"https:\/\/web.ciidiroaxaca.ipn.mx\/cgranadose\/actividades-academicas\/"},"modified":"2025-10-21T19:41:22","modified_gmt":"2025-10-22T01:41:22","slug":"actividades-academicas","status":"publish","type":"page","link":"https:\/\/web.ciidiroaxaca.ipn.mx\/cgranadose\/actividades-academicas\/","title":{"rendered":"Actividades acad\u00e9micas"},"content":{"rendered":"\n<ul class=\"wp-block-list\">\n<li><strong>Experiencia Docente<\/strong><\/li>\n<\/ul>\n\n\n\n<figure class=\"wp-block-table\"><table class=\"has-fixed-layout\"><tbody><tr><td>Se presenta la carga docente desempe\u00f1ada por el proponente e el periodo 2014-2022, la cual re\u00fane 32 cursos impartidos en los niveles de licenciatura y posgrado. De estos 23 de ellos son para asignaturas a carreras universitarias, mientras que nueve (n=9) son para posgrado, de los cuales cuatro(n=4) son PNPC-CONACYT, y de ellos dos (n=2) fueron impartidos como apoyo en las materias que ofertan los posgrados del CIIDIR Oaxaca. As\u00ed mismo, se presenta la situacion laboral actual y la desempe\u00f1ada en otra instituci\u00f3n mexicana.<\/td><\/tr><\/tbody><\/table><\/figure>\n\n\n\n<figure class=\"wp-block-table\"><table class=\"has-fixed-layout\"><tbody><tr><td><strong>A\u00d1O<\/strong><\/td><td><strong>CARGO \/ ASIGNATURAS<\/strong><\/td><td><strong>NIVEL<\/strong><\/td><td><strong>INSTITUCI\u00d3N<\/strong><\/td><\/tr><tr><td><strong>2015-actual<\/strong><strong><\/strong><\/td><td>Investigador por M\u00e9xico. C\u00e1tedras CONACYT. Universidad Aut\u00f3noma De Campeche.<\/td><td>Laboral<\/td><td>Consejo Nacional De Ciencia Y Tecnolog\u00eda. Direcci\u00f3n Adjunta De Desarrollo Cient\u00edfico.<\/td><\/tr><tr><td><strong>2014-2015<\/strong><\/td><td>Profesor Asociado C. Carrera De Ingenier\u00eda En Agronom\u00eda.<\/td><td>Laboral<\/td><td>Novauniversitas. Sistema De Universidades Del Estado De Oaxaca SUNEO.<\/td><\/tr><tr><td><strong>2022<\/strong><strong><\/strong><\/td><td>Entomolog\u00eda econ\u00f3mica Manejo Integrado De Plagas<\/td><td>Licenciatura<\/td><td>Universidad Tecnolog\u00eda de los Valles Centrales de Oaxaca UTVCO<\/td><\/tr><tr><td><strong>2021<\/strong><\/td><td>Metodolog\u00eda De La Investigaci\u00f3n<\/td><td>Maestr\u00eda PNPC<\/td><td>Universidad Aut\u00f3noma De Campeche<\/td><\/tr><tr><td><strong>2021<\/strong><strong><\/strong><\/td><td>T\u00e9cnicas De Investigaci\u00f3n Cient\u00edfica<\/td><td>Maestr\u00eda<\/td><td>Instituto Mexicano de Seguro Social IMSS<\/td><\/tr><tr><td><strong>2020<\/strong><\/td><td>Ecolog\u00eda De Insectos<\/td><td>Maestr\u00eda PNPC<\/td><td>Universidad Polit\u00e9cnica De Francisco I. Madero UPFIM<\/td><\/tr><tr><td><strong>2020<\/strong><strong><\/strong><\/td><td>Metodolog\u00eda De La Investigaci\u00f3n Cient\u00edfica<\/td><td>Maestr\u00eda<\/td><td>Instituto Mexicano de Seguro Social IMSS<\/td><\/tr><tr><td><strong>2019<\/strong><\/td><td>Entomolog\u00eda<\/td><td>Licenciatura<\/td><td>UBBJ. Escuela Universitaria De Agronom\u00eda Y Agricultura De Zaachila<\/td><\/tr><tr><td><strong>2019<\/strong><strong><\/strong><\/td><td>Metodolog\u00eda De La Investigaci\u00f3n<\/td><td>Maestr\u00eda PNPC<\/td><td>Universidad Aut\u00f3noma De Campeche<\/td><\/tr><tr><td><strong>2019<\/strong><\/td><td>Entomolog\u00eda<\/td><td>Licenciatura<\/td><td>Tecnol\u00f3gico Nacional De M\u00e9xico Campus Chin\u00e1, Campeche<\/td><\/tr><tr><td><strong>2018<\/strong><strong><\/strong><\/td><td>Entomolog\u00eda<\/td><td>Licenciatura<\/td><td>UBBJ. Escuela Universitaria De Agronom\u00eda Y Agricultura De Zaachila<\/td><\/tr><tr><td><strong>2018<\/strong><strong><\/strong><\/td><td>Diagn\u00f3stico de plagas de importancia fitosanitaria: alternativas biotecnol\u00f3gicas de aprovechamiento, manejo y control<\/td><td>Maestr\u00eda<\/td><td>Universidad nacional de Ingenier\u00eda, Managua, Nicaragua.<\/td><\/tr><tr><td><strong>2017<\/strong><strong><\/strong><\/td><td>Bioestad\u00edstica Y Dise\u00f1o De Experimentos<\/td><td>Maestr\u00eda PNPC<\/td><td>Universidad Aut\u00f3noma De Campeche<\/td><\/tr><tr><td><strong>2017<\/strong><strong><\/strong><\/td><td>Manejo Integrado de Plagas<\/td><td>Maestr\u00eda<\/td><td>Instituto Polit\u00e9cnico Nacional. CIIDIR Oaxaca. PNPC<\/td><\/tr><tr><td><strong>2017<\/strong><strong><\/strong><\/td><td>Fitopatolog\u00eda: Extracci\u00f3n de metabolitos secundarios de macromicetos para el control de hongos fitopat\u00f3genos<\/td><td>Maestr\u00eda<\/td><td>Instituto Polit\u00e9cnico Nacional. CIIDIR Oaxaca. PNPC<\/td><\/tr><tr><td><strong>2015<\/strong><\/td><td>Bioqu\u00edmica Edafolog\u00eda Qu\u00edmica Inorg\u00e1nica Producci\u00f3n Agropecuaria<\/td><td>Licenciatura<\/td><td>Novauniversitas. Sistema de Universidades del estado de Oaxaca SUNEO<\/td><\/tr><tr><td><strong>2015<\/strong><strong><\/strong><\/td><td>Fitopatolog\u00eda Entomolog\u00eda Seminario De Investigaci\u00f3n Qu\u00edmica Inorg\u00e1nica<\/td><td>Licenciatura<\/td><td>Novauniversitas. Sistema de Universidades del estado de Oaxaca SUNEO<\/td><\/tr><tr><td><strong>2015<\/strong><\/td><td>Qu\u00edmica Org\u00e1nica Manejo Integrado De Plagas Y Enfermedades Seminario De Investigaci\u00f3n Ii Cultivos B\u00e1sicos Transferencia De Tecnolog\u00eda<\/td><td>Licenciatura<\/td><td>Novauniversitas. Sistema de Universidades del estado de Oaxaca SUNEO<\/td><\/tr><tr><td><strong>2014<\/strong><strong><\/strong><\/td><td>Qu\u00edmica Inorg\u00e1nica Bioqu\u00edmica Edafolog\u00eda Producci\u00f3n Agropecuaria<\/td><td>Licenciatura<\/td><td>Novauniversitas. Sistema de Universidades del estado de Oaxaca SUNEO<\/td><\/tr><\/tbody><\/table><\/figure>\n","protected":false},"excerpt":{"rendered":"<p>Se presenta la carga docente desempe\u00f1ada por el proponente e el periodo 2014-2022, la cual re\u00fane 32 cursos impartidos en los niveles de licenciatura y posgrado. De estos 23 de ellos son para asignaturas a carreras universitarias, mientras que nueve (n=9) son para posgrado, de los cuales cuatro(n=4) son PNPC-CONACYT, y de ellos dos (n=2) [&hellip;]<\/p>\n","protected":false},"author":62,"featured_media":0,"parent":0,"menu_order":0,"comment_status":"closed","ping_status":"closed","template":"","meta":{"_swt_meta_header_display":false,"_swt_meta_footer_display":false,"_swt_meta_site_title_display":false,"_swt_meta_sticky_header":false,"_swt_meta_transparent_header":false,"footnotes":""},"class_list":["post-8","page","type-page","status-publish","hentry"],"_links":{"self":[{"href":"https:\/\/web.ciidiroaxaca.ipn.mx\/cgranadose\/wp-json\/wp\/v2\/pages\/8","targetHints":{"allow":["GET"]}}],"collection":[{"href":"https:\/\/web.ciidiroaxaca.ipn.mx\/cgranadose\/wp-json\/wp\/v2\/pages"}],"about":[{"href":"https:\/\/web.ciidiroaxaca.ipn.mx\/cgranadose\/wp-json\/wp\/v2\/types\/page"}],"author":[{"embeddable":true,"href":"https:\/\/web.ciidiroaxaca.ipn.mx\/cgranadose\/wp-json\/wp\/v2\/users\/62"}],"replies":[{"embeddable":true,"href":"https:\/\/web.ciidiroaxaca.ipn.mx\/cgranadose\/wp-json\/wp\/v2\/comments?post=8"}],"version-history":[{"count":4,"href":"https:\/\/web.ciidiroaxaca.ipn.mx\/cgranadose\/wp-json\/wp\/v2\/pages\/8\/revisions"}],"predecessor-version":[{"id":62,"href":"https:\/\/web.ciidiroaxaca.ipn.mx\/cgranadose\/wp-json\/wp\/v2\/pages\/8\/revisions\/62"}],"wp:attachment":[{"href":"https:\/\/web.ciidiroaxaca.ipn.mx\/cgranadose\/wp-json\/wp\/v2\/media?parent=8"}],"curies":[{"name":"wp","href":"https:\/\/api.w.org\/{rel}","templated":true}]}}