{"id":4,"date":"2024-06-05T16:28:45","date_gmt":"2024-06-05T16:28:45","guid":{"rendered":"https:\/\/web.ciidiroaxaca.ipn.mx\/cgranadose\/dr-carlos-alejandro-granados-echegoyen\/"},"modified":"2025-09-02T18:04:42","modified_gmt":"2025-09-02T18:04:42","slug":"dr-carlos-alejandro-granados-echegoyen","status":"publish","type":"page","link":"https:\/\/web.ciidiroaxaca.ipn.mx\/cgranadose\/","title":{"rendered":"Dr. Carlos Alejandro Granados Echegoyen"},"content":{"rendered":"\n<h4 class=\"wp-block-heading has-text-align-center\"><strong>Miembro del Sistema Nacional de Investigadores (SNI): Nivel II\u00a0 \u00a0 \u00a0 \u00a0<\/strong><\/h4>\n\n\n\n<p class=\"has-text-align-center\">Investigador por M\u00e9xico SECIHTI adscrito al IPN CIIDIR Unidad Oaxaca&nbsp;<\/p>\n\n\n\n<p class=\"has-text-align-center\">Dr. en Ciencias en Conservaci\u00f3n y Aprovechamiento de Recursos Naturales por el Instituto Polit\u00e9cnico Nacional<\/p>\n\n\n\n<p class=\"has-text-align-center\">&nbsp;M. en C.&nbsp;en Conservaci\u00f3n y Aprovechamiento de Recursos Naturales por el Instituto Polit\u00e9cnico Nacional.<\/p>\n\n\n\n<p class=\"has-text-align-center\">&nbsp;Ingeniero Agr\u00edcola. Universidad Nacional de Ingenier\u00eda (UNI). Managua, Nicaragua.&nbsp; &nbsp; &nbsp; &nbsp; &nbsp; &nbsp; &nbsp; &nbsp; &nbsp; &nbsp; &nbsp; &nbsp; &nbsp; &nbsp;<\/p>\n\n\n\n<p><\/p>\n\n\n\n<p>&nbsp;<\/p>\n","protected":false},"excerpt":{"rendered":"<p>Miembro del Sistema Nacional de Investigadores (SNI): Nivel II\u00a0 \u00a0 \u00a0 \u00a0 Investigador por M\u00e9xico SECIHTI adscrito al IPN CIIDIR Unidad Oaxaca&nbsp; Dr. en Ciencias en Conservaci\u00f3n y Aprovechamiento de Recursos Naturales por el Instituto Polit\u00e9cnico Nacional &nbsp;M. en C.&nbsp;en Conservaci\u00f3n y Aprovechamiento de Recursos Naturales por el Instituto Polit\u00e9cnico Nacional. &nbsp;Ingeniero Agr\u00edcola. Universidad Nacional [&hellip;]<\/p>\n","protected":false},"author":62,"featured_media":0,"parent":0,"menu_order":0,"comment_status":"closed","ping_status":"closed","template":"","meta":{"_swt_meta_header_display":false,"_swt_meta_footer_display":false,"_swt_meta_site_title_display":false,"_swt_meta_sticky_header":false,"_swt_meta_transparent_header":false,"footnotes":""},"class_list":["post-4","page","type-page","status-publish","hentry"],"_links":{"self":[{"href":"https:\/\/web.ciidiroaxaca.ipn.mx\/cgranadose\/wp-json\/wp\/v2\/pages\/4","targetHints":{"allow":["GET"]}}],"collection":[{"href":"https:\/\/web.ciidiroaxaca.ipn.mx\/cgranadose\/wp-json\/wp\/v2\/pages"}],"about":[{"href":"https:\/\/web.ciidiroaxaca.ipn.mx\/cgranadose\/wp-json\/wp\/v2\/types\/page"}],"author":[{"embeddable":true,"href":"https:\/\/web.ciidiroaxaca.ipn.mx\/cgranadose\/wp-json\/wp\/v2\/users\/62"}],"replies":[{"embeddable":true,"href":"https:\/\/web.ciidiroaxaca.ipn.mx\/cgranadose\/wp-json\/wp\/v2\/comments?post=4"}],"version-history":[{"count":4,"href":"https:\/\/web.ciidiroaxaca.ipn.mx\/cgranadose\/wp-json\/wp\/v2\/pages\/4\/revisions"}],"predecessor-version":[{"id":35,"href":"https:\/\/web.ciidiroaxaca.ipn.mx\/cgranadose\/wp-json\/wp\/v2\/pages\/4\/revisions\/35"}],"wp:attachment":[{"href":"https:\/\/web.ciidiroaxaca.ipn.mx\/cgranadose\/wp-json\/wp\/v2\/media?parent=4"}],"curies":[{"name":"wp","href":"https:\/\/api.w.org\/{rel}","templated":true}]}}