{"id":8,"date":"2016-10-19T15:56:26","date_gmt":"2016-10-19T15:56:26","guid":{"rendered":"https:\/\/web.ciidiroaxaca.ipn.mx\/cescamirosa\/tesis\/"},"modified":"2025-10-20T14:48:08","modified_gmt":"2025-10-20T20:48:08","slug":"tesis","status":"publish","type":"page","link":"https:\/\/web.ciidiroaxaca.ipn.mx\/cescamirosa\/tesis\/","title":{"rendered":"Tesis"},"content":{"rendered":"\n<ol class=\"wp-block-list\">\n<li>Tesis de Maestr\u00eda. \u00abIntegraci\u00f3n de una red de colaboraci\u00f3n para el abasto de alimentos familiar, Caso de estudio San Juan de Dios, Reyes Etla y Viguera Oaxaca\u00bb. Autor: Cintia Mendez Santiago.Fecha de Titulaci\u00f3n 03 de mayo 2017.<\/li>\n\n\n\n<li>Tesis de licenciatura: \u00abSistema Web para el analisis estad\u00edstico de monitoreo ambiental\u00bb autor: Jaime Arag\u00f3n Parada. Fecha de Titulaci\u00f3n: 23 de marzo 2016&nbsp;<\/li>\n\n\n\n<li>Tesis de licenciatura: \u00abSistema Web para el analisis de monitoreo ambiental\u00bb Autor: Ithai Virgen Garc\u00eda L\u00f3pez. Fecha de Titulaci\u00f3n: 19 de julio 2017<\/li>\n\n\n\n<li>\u200bTesis de licenciatura \u00abDelimitaci\u00f3n de espacios naturales con aptitud para el cultivo de agave potatorum zucc, en la regi\u00f3n mixteca de Oaxaca, Mexico. Autor: Ana Luz Mart\u00ednez Jimenez. Fecha de titulaci\u00f3n: 11 de septiembre 2017.<\/li>\n\n\n\n<li>Tesis de Maestr\u00eda. \u00abFortalecimiento de unidades de producci\u00f3n familiar de mezcal ancestral en localidades de la Mixteca de Oaxaca\u00bb. Autor. Eduardo Elias G\u00f3mez Agust\u00edn. Fecha de titulaci\u00f3n: 31 de julio de 2018.<\/li>\n\n\n\n<li>Tesis de Maestr\u00eda. Estudios preliminares para el establecimiento de un signo distintivo de protecci\u00f3n para los mezcales proveniente de agaves silvestres de la Mixteca Alta de Oaxaca, M\u00e9xico. Autora: Karina Marbella Yescas Baz\u00e1n. Fecha de titulaci\u00f3n 9 de septiembre de 2020.<\/li>\n\n\n\n<li>Tesis de Maestr\u00eda. Fortalecimiento de unidades de producci\u00f3n familiar para el cultivo de hongos setas bajo ambiente controlado, como contribuci\u00f3n a la econom\u00eda familiar en el municipio de San Pablo Huitzo, en el estado de Oaxaca, M\u00e9xico, Autora: Gabriela Morales Nava, Fecha de titulaci\u00f3n 10de septiembre de 2020.&nbsp; &nbsp;&nbsp;<\/li>\n\n\n\n<li>Tesis de Maestr\u00eda. Mejorar el funcionamiento de una consultora ambiental sin fines de lucro en apoyo a la comunidad de el \u00abMazunte\u00bb, en Santa Mar\u00eda Tonameca, en el estado de Oaxaca, M\u00e9xico. Autor: Natan Tishman Gracida, Fecha de titulaci\u00f3n 13 de diciembre de 2023.<\/li>\n\n\n\n<li>Tesis de Maestr\u00eda. Cultivo de hongo seta (Pleurotus ostreatus), como impulso para la seguridad alimentaria de un grupo de mujeres de Santa Cruz Lachixolana Etla, Oaxaca. Autora: Alicia L\u00f3pez Mart\u00ednez, Fecha de titulaci\u00f3n: 12 de febrero de 2024.<\/li>\n\n\n\n<li>Tesis de Maestr\u00eda. Evaluaci\u00f3n de variedades del cultivo de pepino en diferentes estructuras de protecci\u00f3n. Autora: Gabriela Bautista Bautista. Fecha de titulaci\u00f3n: 15 de enero de 2025.<\/li>\n\n\n\n<li>Tesis de Maestr\u00eda. Estudios sensoriales como ventaja competitiva para peque\u00f1os productores de mezcal. Autora: Denise Eugenia Chagoya Jacinto. Fecha de Titulaci\u00f3n: 21 de agosto de 2025.<\/li>\n<\/ol>\n\n\n\n<p><\/p>\n","protected":false},"excerpt":{"rendered":"","protected":false},"author":57,"featured_media":0,"parent":0,"menu_order":0,"comment_status":"closed","ping_status":"closed","template":"","meta":{"_swt_meta_header_display":false,"_swt_meta_footer_display":false,"_swt_meta_site_title_display":false,"_swt_meta_sticky_header":false,"_swt_meta_transparent_header":false,"footnotes":""},"class_list":["post-8","page","type-page","status-publish","hentry"],"_links":{"self":[{"href":"https:\/\/web.ciidiroaxaca.ipn.mx\/cescamirosa\/wp-json\/wp\/v2\/pages\/8","targetHints":{"allow":["GET"]}}],"collection":[{"href":"https:\/\/web.ciidiroaxaca.ipn.mx\/cescamirosa\/wp-json\/wp\/v2\/pages"}],"about":[{"href":"https:\/\/web.ciidiroaxaca.ipn.mx\/cescamirosa\/wp-json\/wp\/v2\/types\/page"}],"author":[{"embeddable":true,"href":"https:\/\/web.ciidiroaxaca.ipn.mx\/cescamirosa\/wp-json\/wp\/v2\/users\/57"}],"replies":[{"embeddable":true,"href":"https:\/\/web.ciidiroaxaca.ipn.mx\/cescamirosa\/wp-json\/wp\/v2\/comments?post=8"}],"version-history":[{"count":7,"href":"https:\/\/web.ciidiroaxaca.ipn.mx\/cescamirosa\/wp-json\/wp\/v2\/pages\/8\/revisions"}],"predecessor-version":[{"id":93,"href":"https:\/\/web.ciidiroaxaca.ipn.mx\/cescamirosa\/wp-json\/wp\/v2\/pages\/8\/revisions\/93"}],"wp:attachment":[{"href":"https:\/\/web.ciidiroaxaca.ipn.mx\/cescamirosa\/wp-json\/wp\/v2\/media?parent=8"}],"curies":[{"name":"wp","href":"https:\/\/api.w.org\/{rel}","templated":true}]}}